{"id":4355,"date":"2023-04-29T22:40:25","date_gmt":"2023-04-29T20:40:25","guid":{"rendered":"https:\/\/simoni.com\/cookie-richtlinie\/"},"modified":"2023-12-30T21:47:01","modified_gmt":"2023-12-30T20:47:01","slug":"cookie-richtlinie","status":"publish","type":"page","link":"https:\/\/simoni.com\/de\/cookie-richtlinie\/","title":{"rendered":"Cookie-Richtlinie"},"content":{"rendered":"<section class=\"wpb-content-wrapper\"><p>[vc_row][vc_column][vc_column_text]<\/p>\n<div class=\"wpb_text_column wpb_content_element vc_custom_1653647857740\">\n<div class=\"wpb_wrapper\">\n<h2>Cookie-Richtlinie<\/h2>\n<hr>\n<h4>INDEX<\/h4>\n<ol>\n<li>Verantwortlicher f\u00fcr die Datenverarbeitung<\/li>\n<li>Was sind Cookies?<\/li>\n<li>Woher die Kekse kommen<\/li>\n<li>Dauer der Cookies<\/li>\n<li>Zweck der Cookies<\/li>\n<li>Rechtsgrundlagen f\u00fcr die Verarbeitung<\/li>\n<li>Verpflichtung zur Bereitstellung von Daten<\/li>\n<li>Von dieser Website verwendete Cookies<\/li>\n<li>Verwaltung von Cookies<\/li>\n<li>Empf\u00e4nger der Daten<\/li>\n<li>Verbreitung und Weitergabe von Daten<\/li>\n<li>Rechte der betroffenen Personen<\/li>\n<li>Beschwerde bei der Aufsichtsbeh\u00f6rde<\/li>\n<li>Profilierung<\/li>\n<\/ol>\n<p>&nbsp;<\/p>\n<h3><strong>1. DATENKONTROLLEUR<\/strong><\/h3>\n<p>Der Inhaber der Datenverarbeitung ist Simoni Srl. Die Rolle des Datenverarbeiters wurde <strong>Franco Simoni<\/strong> zugewiesen, an den sich die betroffene Person jederzeit \u00fcber eine der auf den Seiten der Website beschriebenen Methoden (z.B. per E-Mail an <a href=\"mailto:simoni1@simoni.com\">simoni1@simoni.com<\/a>) wenden kann, um die in Artikel 13.2 Buchstaben b, c, d genannten Rechte auszu\u00fcben.<\/p>\n<p>&nbsp;<\/p>\n<p><strong>1.1 Name des Unternehmens<\/strong><\/p>\n<p>Simoni Srl<\/p>\n<p>&nbsp;<\/p>\n<p><strong>1.2 Eingetragener Sitz<\/strong><\/p>\n<p><strong><a href=\"https:\/\/goo.gl\/maps\/7rK6GXzZAEu1M29fA\" target=\"_blank\" rel=\"noreferrer noopener\">Via Lazio n\u00b0 2, 40069 Zola Predosa (BO) Italien<\/a><\/strong><\/p>\n<p>&nbsp;<\/p>\n<p><strong>1.3 Telefonnummer und E-Mail Adresse<\/strong><\/p>\n<p><strong>Telefon<\/strong> <a href=\"tel:+39%20051%20751249\" target=\"_blank\" rel=\"noreferrer noopener\">+39 051 751249<\/a><br \/>\n<strong>Fax<\/strong> +39 051 752572<br \/>\n<strong>E-mail<\/strong> <a href=\"mailto:simoni1@simoni.com\" target=\"_blank\" rel=\"noreferrer noopener\">simoni1@simoni.com<\/a><\/p>\n<p>&nbsp;<\/p>\n<p><strong>1.4 Datenschutzbeauftragter<\/strong><\/p>\n<p><a href=\"mailto:simoni1@simoni.com\" target=\"_blank\" rel=\"noreferrer noopener\">simoni1@simoni.com<\/a><\/p>\n<p>&nbsp;<\/p>\n<h3><strong>2. WAS SIND COOKIES?<\/strong><\/h3>\n<p><strong>2.1 Betrieb<\/strong><\/p>\n<p>Cookies sind Informationspakete, die von einem Webserver (z. B. der Website) an den Internetbrowser des Nutzers gesendet, von diesem automatisch auf dem Computer gespeichert und bei jedem Zugriff auf die Website automatisch an den Server zur\u00fcckgesendet werden.<\/p>\n<p>&nbsp;<\/p>\n<p><strong>2.2 Verarbeitete Daten<\/strong><\/p>\n<p>Navigationsdaten (siehe Abschnitt 8).<\/p>\n<p>&nbsp;<\/p>\n<h3><strong>3. HERKUNFT DER COOKIES<\/strong><\/h3>\n<p><strong>3.1 Erstanbieter-Cookies<\/strong><\/p>\n<p>Cookies sind kleine Textdateien, die von den Nutzern besuchte Websites an ihre Endger\u00e4te senden, wo sie gespeichert und bei ihrem n\u00e4chsten Besuch an dieselben Websites zur\u00fcckgesendet werden.<\/p>\n<p>&nbsp;<\/p>\n<p><strong>3.2 Cookies von Dritten<\/strong><\/p>\n<p>Diese Cookies werden stattdessen von einer anderen Website als derjenigen, die der Nutzer gerade besucht, gesetzt. Dies liegt daran, dass auf jeder Website Elemente (Bilder, Karten, T\u00f6ne, spezifische Links zu Webseiten anderer Domains usw.) vorhanden sein k\u00f6nnen, die sich auf anderen Servern als dem der besuchten Website befinden.<\/p>\n<p>&nbsp;<\/p>\n<h3><strong>4. DAUER DER COOKIES<\/strong><\/h3>\n<p><strong>4.1 Sitzungs-Cookies<\/strong><\/p>\n<p>Sie laufen am Ende einer Browsersitzung ab (normalerweise, wenn der Browser geschlossen wird).<\/p>\n<p>&nbsp;<\/p>\n<p><strong>4.2 Dauerhafte Cookies<\/strong><\/p>\n<p>L\u00e4ngerfristige Speicherung, die eine variable Anzahl von Sitzungen umfasst.<\/p>\n<p>&nbsp;<\/p>\n<h3><strong>5. ZWECK DER COOKIES<\/strong><\/h3>\n<p><strong>5.1 Technische Cookies<\/strong><\/p>\n<p>Sie sind f\u00fcr das Funktionieren der Website notwendig, da sie Funktionen erm\u00f6glichen, die dem Nutzer die Navigation erleichtern, z. B. die Auswahl der Sprache, in der er auf der Website navigieren m\u00f6chte, ohne dass er sie jedes Mal neu einstellen muss.<\/p>\n<p>&nbsp;<\/p>\n<p><strong>5.2 Cookies analitici<\/strong><\/p>\n<p>Sie werden installiert, um Informationen \u00fcber die Nutzung der Website zu sammeln. Sie dienen insbesondere der statistischen Analyse der Zugriffe oder Besuche auf der Website selbst und erm\u00f6glichen es dem Eigent\u00fcmer, die Struktur, die Navigationslogik und den Inhalt der Website zu verbessern.<\/p>\n<p>&nbsp;<\/p>\n<p><strong>5.3 Profilierungs-Cookies<\/strong><\/p>\n<p>Sie dienen dazu, die Navigation des Nutzers zu verfolgen, sein Verhalten zu Marketingzwecken zu analysieren und Profile \u00fcber seine Vorlieben, Gewohnheiten, Entscheidungen usw. zu erstellen. Auf diese Weise k\u00f6nnen beispielsweise gezielte Werbebotschaften \u00fcbermittelt werden, die auf die Interessen des Nutzers abgestimmt sind und den Vorlieben entsprechen, die der Nutzer beim Surfen im Internet ge\u00e4u\u00dfert hat. Zu diesen Cookies geh\u00f6ren auch soziale Cookies.<\/p>\n<p>&nbsp;<\/p>\n<h3><strong>6. RECHTSGRUNDLAGEN DER VERARBEITUNG<\/strong><\/h3>\n<p><strong>6.1 Technische Cookies<\/strong><\/p>\n<p>Legitimes Interesse des f\u00fcr die Datenverarbeitung Verantwortlichen.<\/p>\n<p>&nbsp;<\/p>\n<p><strong>6.2 Analytische Cookies (mit maskierter IP-Adresse)<\/strong><\/p>\n<p>Legitimes Interesse des f\u00fcr die Datenverarbeitung Verantwortlichen.<\/p>\n<p>&nbsp;<\/p>\n<p><strong>6.3 Analytische Cookies (mit unmaskierter IP-Adresse)<\/strong><\/p>\n<p><strong>Zustimmung<\/strong> (fakultativ und immer widerrufbar)<\/p>\n<p>&nbsp;<\/p>\n<p><strong>6.4 Profilierungs-Cookies<\/strong><\/p>\n<p>Zustimmung (fakultativ und immer widerrufbar)<\/p>\n<p>&nbsp;<\/p>\n<h3><strong>7. VERPFLICHTUNG ZUR BEREITSTELLUNG VON DATEN<\/strong><\/h3>\n<p><strong>7.1 Technische Cookies<\/strong><\/p>\n<p>Die Bereitstellung der Daten ist obligatorisch. Ohne sie ist es jedoch nicht m\u00f6glich, das Auskunftsersuchen zu bearbeiten.<\/p>\n<p>&nbsp;<\/p>\n<p><strong>7.2 Analytische Cookies (mit maskierter IP-Adresse)<\/strong><\/p>\n<p>Die Bereitstellung der Daten ist obligatorisch. Ohne sie ist es jedoch nicht m\u00f6glich, das Auskunftsersuchen zu bearbeiten.<\/p>\n<p>&nbsp;<\/p>\n<p><strong>7.3 Analytische Cookies (mit unmaskierter IP-Adresse)<\/strong><\/p>\n<p>Die Bereitstellung der Daten ist fakultativ. Andernfalls werden die analytischen Daten, die sich auf die jeweilige IP-Adresse beziehen, nicht ausgewertet.<\/p>\n<p>&nbsp;<\/p>\n<p><strong>7.4 Profilierung von Cookies<\/strong><\/p>\n<p>Die Bereitstellung der Daten ist fakultativ. Ist dies nicht der Fall, werden die pers\u00f6nlichen Pr\u00e4ferenzen nicht analysiert.<\/p>\n<p>&nbsp;<\/p>\n<h3><strong>8. VON DIESER WEBSITE VERWENDETE COOKIES<\/strong><\/h3>\n<p>Die in dieser Richtlinie enthaltenen Informationen \u00fcber Cookies m\u00fcssen sich auf die von dieser Website tats\u00e4chlich verwendeten Cookies beziehen, die nachstehend aufgef\u00fchrt sind.<\/p>\n<p>&nbsp;<\/p>\n<table width=\"725\">\n<thead>\n<tr>\n<th>Name<\/th>\n<th>Wert<\/th>\n<th>Bereich<\/th>\n<\/tr>\n<\/thead>\n<tbody>\n<tr>\n<td>wp-wpml_current_language<\/td>\n<td>it<\/td>\n<td>simoni.com<\/td>\n<\/tr>\n<\/tbody>\n<\/table>\n<\/div>\n<\/div>\n<div class=\"wpb_text_column wpb_content_element vc_custom_1653574620334\">\n<div class=\"wpb_wrapper\">\n<h3><strong>9. COOKIE-VERWALTUNG<\/strong><\/h3>\n<p><strong>9.1 Browser<\/strong><\/p>\n<p>Es ist m\u00f6glich, die installierten Cookies direkt \u00fcber den Browser zu l\u00f6schen, der zum Surfen verwendet wird.<br \/>\n\u2013 Microsoft Edge <a href=\"https:\/\/support.microsoft.com\/it-it\/microsoft-edge\/eliminare-i-cookie-in-microsoft-edge-63947406-40ac-c3b8-57b9-2a946a29ae09\">https:\/\/support.microsoft.com\/de-de\/microsoft-edge\/cookies-in-microsoft-edge-l%C3%B6schen-63947406-40ac-c3b8-57b9-2a946a29ae09<\/a><br \/>\n\u2013 Google Chrome <a href=\"https:\/\/support.google.com\/chrome\/answer\/95647?hl=it&amp;p=cpn_cookies%20https:\/\/support.google.com\/accounts\/answer\/61416?hl=it\">https:\/\/support.google.com\/chrome\/answer\/95647?hl=de&amp;p=cpn_cookies%20https%3A%2F%2Fsupport.google.com%2Faccounts%2Fanswer%2F61416%3Fhl&amp;sjid=9471372506256454430-EU<\/a><br \/>\n\u2013 Mozilla Firefox <a href=\"https:\/\/support.mozilla.org\/it\/kb\/Attivare%20e%20disattivare%20i%20cookie\">https:\/\/support.mozilla.org\/it\/kb\/Attivare%20e%20disattivare%20i%20cookie<\/a><br \/>\n\u2013 Apple Safari <a href=\"https:\/\/support.apple.com\/it-it\/guide\/safari\/sfri11471\/mac\">https:\/\/support.apple.com\/de-de\/guide\/safari\/sfri11471\/mac<\/a><br \/>\n\u2013 Opera <a href=\"https:\/\/help.opera.com\/en\/latest\/web-preferences\/#cookies\">https:\/\/help.opera.com\/de\/latest\/web-preferences\/<\/a><br \/>\nBei anderen als den oben genannten Browsern m\u00fcssen Sie die entsprechende Anleitung konsultieren, um herauszufinden, wie Sie Cookies verwalten k\u00f6nnen.<\/p>\n<p>&nbsp;<\/p>\n<h3><strong>10. EMPF\u00c4NGER DER DATEN<\/strong><\/h3>\n<p><strong>10.1 Berechtigt zur Bearbeitung<\/strong><\/p>\n<p>Soweit es f\u00fcr die vorgenannten Verarbeitungszwecke erforderlich ist, k\u00f6nnen die Daten an interne Mitarbeiter weitergegeben werden, die ausdr\u00fccklich zur Verarbeitung der Daten erm\u00e4chtigt und beauftragt sind.<\/p>\n<p>&nbsp;<\/p>\n<p><strong>10.2 Datenverarbeiter<\/strong><\/p>\n<p>In dem Ma\u00dfe, wie es f\u00fcr die oben genannten Verarbeitungszwecke erforderlich ist, k\u00f6nnen die Daten an Dienstleister weitergegeben werden, die f\u00fcr die Verarbeitung zust\u00e4ndig sind, die als Datenverarbeiter benannt und entsprechend angewiesen werden, wie z. B.<\/p>\n<ul>\n<li>den IT-Support-Dienstleister,<\/li>\n<li>der Webagentur-Dienstleister.<\/li>\n<\/ul>\n<p>&nbsp;<\/p>\n<p><strong>10.3 F\u00fcr die Datenverarbeitung Verantwortliche<\/strong><\/p>\n<p>Die Daten k\u00f6nnen nach Ma\u00dfgabe der geltenden Rechtsvorschriften an <strong>\u00f6ffentliche Stellen<\/strong> weitergegeben werden.<\/p>\n<p>Die Daten k\u00f6nnen an externe Plattformen (z. B. YouTube, Facebook) weitergegeben werden, wenn der Nutzer mit den von diesen auf der Website bereitgestellten Inhalten interagiert.<\/p>\n<p>&nbsp;<\/p>\n<h3><strong>11. VERBREITUNG UND WEITERGABE VON DATEN<\/strong><\/h3>\n<p><strong>11.1 Verbreitung von Daten<\/strong><\/p>\n<p>Sie wird nicht durchgef\u00fchrt.<\/p>\n<p>&nbsp;<\/p>\n<p><strong>11.2 \u00dcbermittlung an Drittl\u00e4nder<\/strong><\/p>\n<p>Sie wird nicht von der Simoni Srl durchgef\u00fchrt. Es ist jedoch nach wie vor m\u00f6glich, dass soziale Netzwerkplattformen, die Inhalte f\u00fcr die Website bereitstellen (z. B. Facebook, YouTube, LinkedIn), Daten in die Vereinigten Staaten \u00fcbermitteln. Bitte beachten Sie die Datenschutzrichtlinien der letzteren, die auf den jeweiligen Plattformen verf\u00fcgbar sind.<\/p>\n<p>&nbsp;<\/p>\n<p><strong>11.3 \u00dcbertragung auf internationale Organisationen<\/strong><\/p>\n<p>Sie wird nicht durchgef\u00fchrt.<\/p>\n<p>&nbsp;<\/p>\n<h3><strong>12. RECHTE DER BETROFFENEN PERSONEN BEI DER VERARBEITUNG PERSONENBEZOGENER DATEN<\/strong><\/h3>\n<p><strong>12.1 Recht auf Auskunft<\/strong> <em>(Art. 15 GDPR)<\/em><\/p>\n<p>Sie k\u00f6nnen eine Best\u00e4tigung dar\u00fcber verlangen, ob Sie betreffende Daten verarbeitet werden oder nicht, sowie weitere Erl\u00e4uterungen zu den in dieser Mitteilung enthaltenen Informationen und die Herausgabe der Daten selbst, es sei denn, die Herausgabe w\u00fcrde die Rechte und Freiheiten anderer verletzen.<\/p>\n<p>&nbsp;<\/p>\n<p><strong>12.2 Recht auf Berichtigung<\/strong> <em>(Art. 16 GDPR)<\/em><\/p>\n<p>Sie k\u00f6nnen uns auffordern, die von Ihnen zur Verf\u00fcgung gestellten oder anderweitig in unserem Besitz befindlichen Daten zu berichtigen oder zu erg\u00e4nzen, wenn sie unzutreffend sind.<\/p>\n<p>&nbsp;<\/p>\n<p><strong>12.3 Recht auf Widerruf<\/strong> <em>(Art. 17 GDPR)<\/em><\/p>\n<p>Sie k\u00f6nnen verlangen, dass die erhobenen oder verarbeiteten Daten gel\u00f6scht werden.<\/p>\n<p>&nbsp;<\/p>\n<p><strong>12.4 Recht auf Einschr\u00e4nkung<\/strong> <em>(Art. 18 G.P.R.)<\/em><\/p>\n<p>Sie k\u00f6nnen die Einschr\u00e4nkung der Verarbeitung personenbezogener Daten beantragen; in diesem Fall werden die Daten, abgesehen von der Speicherung, nicht ohne Ihre Zustimmung verarbeitet, es sei denn, dies ist in demselben Artikel in Abschnitt 2 ausdr\u00fccklich vorgesehen.<\/p>\n<p>&nbsp;<\/p>\n<p><strong>12.5 Recht auf \u00dcbertragbarkeit<\/strong> <em>(Art. 20 GDPR)<\/em><\/p>\n<p>Sie k\u00f6nnen beantragen, die Daten in einem strukturierten, g\u00e4ngigen und maschinenlesbaren Format zu erhalten oder sie an einen anderen namentlich genannten f\u00fcr die Datenverarbeitung Verantwortlichen zu \u00fcbermitteln.<\/p>\n<p>&nbsp;<\/p>\n<p><strong>12.6 Einspruchsrecht<\/strong> <em>(Art. 21 G.P.R.)<\/em><\/p>\n<p>Sie k\u00f6nnen der Verarbeitung Ihrer Daten auf der Grundlage eines berechtigten Interesses jederzeit widersprechen, es sei denn, es liegen berechtigte Gr\u00fcnde f\u00fcr die Verarbeitung vor, die Ihre Rechte \u00fcberwiegen, z. B. zur Aus\u00fcbung oder Verteidigung unserer Rechte vor Gericht; der Widerspruch hat stets Vorrang vor unserem berechtigten Interesse an der Verarbeitung der Daten zu Marketingzwecken.<\/p>\n<p>&nbsp;<\/p>\n<p><strong>12.7 Recht, keiner automatisierten Entscheidungsfindung unterworfen zu werden<\/strong> <em>(Art. 22 GDPR)<\/em><\/p>\n<p>Sie k\u00f6nnen beantragen, nicht einer automatisierten Entscheidungsfindung oder gar einem Profiling unterworfen zu werden.<\/p>\n<p>&nbsp;<\/p>\n<h3><strong>13. BESCHWERDE BEI DER AUFSICHTSBEH\u00d6RDE<\/strong><\/h3>\n<p><strong>13.1 Recht auf Beschwerde<\/strong> <em>(Art. 77 GDPR)<\/em><\/p>\n<p>Sie k\u00f6nnen eine Beschwerde bei der Aufsichtsbeh\u00f6rde des Mitgliedstaats einreichen, in dem Sie Ihren gew\u00f6hnlichen Aufenthalt haben, arbeiten oder in dem der mutma\u00dfliche Versto\u00df stattgefunden hat<\/p>\n<p>&nbsp;<\/p>\n<p><strong>13.2 Italienische Kontrollbeh\u00f6rde<\/strong><\/p>\n<p>Datenschutzbeh\u00f6rde<\/p>\n<p>&nbsp;<\/p>\n<p><strong>13.3 Postanschrift und E-Mail Adresse<\/strong><\/p>\n<p>Piazza Venezia, 11 &#8211; 00187 Rom (RM) &#8211; <a href=\"mailto:protocollo@pec.gdpd.it\">protocollo@pec.gdpd.it<\/a><\/p>\n<p>&nbsp;<\/p>\n<h3><strong>14. PROFILING<\/strong><\/h3>\n<p><strong>14.1 Technische Cookies<\/strong><\/p>\n<p>Sie wird nur nach vorheriger Zustimmung zu den entsprechenden Cookies durchgef\u00fchrt. So wird beispielsweise auf der Website das WPML-Plugin verwendet, das mit Hilfe technischer Hilfsmittel die Sprache des Nutzers erkennt, der die Website besucht, und so die Navigation auf der Website erleichtert.<\/p>\n<p>&nbsp;<\/p>\n<p><strong>14.2 Analytische Cookies (mit maskierter IP-Adresse)<\/strong><\/p>\n<p>Sie wird nur nach vorheriger Zustimmung zu den entsprechenden Cookies durchgef\u00fchrt.<\/p>\n<p>&nbsp;<\/p>\n<p><strong>14.3 Analytische Cookies (mit unmaskierter IP-Adresse)<\/strong><\/p>\n<p>Sie wird nur nach vorheriger Zustimmung zu den entsprechenden Cookies durchgef\u00fchrt.<\/p>\n<p>&nbsp;<\/p>\n<p><strong>14.4 Profilierung von Cookies<\/strong><\/p>\n<p>Sie wird nur nach vorheriger Zustimmung zu den entsprechenden Cookies durchgef\u00fchrt.<\/p>\n<\/div>\n<\/div>\n<p>&nbsp;<\/p>\n<hr>\n<h3><\/h3>\n<p>&nbsp;<\/p>\n<div class=\"wpb_text_column wpb_content_element vc_custom_1653574620334\">\n<h4>Facebook<\/h4>\n<p>Wenn Sie auf das Facebook-Symbol (nachfolgend FB) klicken, werden Sie auf die FB-Website weitergeleitet und ben\u00f6tigen m\u00f6glicherweise bestimmte Berechtigungen, die es dem Browser erlauben, Aktionen mit dem FB-Konto des Benutzers durchzuf\u00fchren und Informationen, einschlie\u00dflich einiger pers\u00f6nlicher Daten, zu sammeln.<br \/>\nWeitere Informationen finden Sie in den Unterlagen zur EB-Genehmigung:<\/p>\n<p><a href=\"https:\/\/developers.facebook.com\/docs\/authentication\/permissions\/\">https:\/\/developers.facebook.com\/docs\/authentication\/permissions\/<\/a><\/p>\n<p>&nbsp;<\/p>\n<h4>Youtube<\/h4>\n<p><a href=\"https:\/\/www.facebook.com\/about\/privacy\/\">https:\/\/www.facebook.com\/about\/privacy\/<\/a><\/p>\n<p>Wenn man auf das Youtube-Symbol klickt, gelangt man auf die Youtube-Website, und dann k\u00f6nnen bestimmte Genehmigungen angefordert werden, die es dem Browser erlauben, Aktionen mit dem Youtube-Konto des Benutzers durchzuf\u00fchren und Informationen zu sammeln, einschlie\u00dflich einiger pers\u00f6nlicher Daten.<br \/>\nWeitere Informationen finden Sie in der Datenschutzrichtlinie von Youtube:<\/p>\n<p><a href=\"https:\/\/www.google.it\/intl\/it\/policies\/privacy\/\">https:\/\/www.google.it\/intl\/it\/policies\/privacy\/<\/a><\/p>\n<p>&nbsp;<\/p>\n<h4>Google<\/h4>\n<p>Die Website verwendet &#8222;Google Analytics-Cookies mit anonymisierter IP&#8220;.<br \/>\nInformationen \u00fcber den Google-Analytics-Dienst finden Sie auf der Website:<\/p>\n<p><a href=\"http:\/\/www.google.com\/intl\/en\/analytics\/privacyoverview.html\">http:\/\/www.google.com\/intl\/en\/analytics\/privacyoverview.html<\/a><\/p>\n<p>&nbsp;<\/p>\n<h4>Shinystat<\/h4>\n<p>Die Website verwendet anonyme Statistiken, die vom Dienst Shinystat angeboten werden. Informationen zu diesem Dienst finden Sie auf dieser Website:<\/p>\n<p><a href=\"http:\/\/www.shinystat.com\/it\/informativa_sito.html\">http:\/\/www.shinystat.com\/it\/informativa_sito.html<\/a><\/p>\n<\/div>\n<p>&nbsp;<\/p>\n<p>&nbsp;<\/p>\n<div class=\"wpb_text_column wpb_content_element vc_custom_1653574620334\">\n<div class=\"wpb_wrapper\">\n<p>Alle Informationen \u00fcber die Verarbeitung personenbezogener Daten \u00fcber diese Website finden Sie in der entsprechenden <a href=\"https:\/\/simoni.com\/privacy-policy\/\">Datenschutzrichtlinie<\/a>.<\/p>\n<\/div>\n<\/div>\n<p>[\/vc_column_text][\/vc_column][\/vc_row]<\/p>\n<\/section>","protected":false},"excerpt":{"rendered":"<p>[vc_row][vc_column][vc_column_text] Cookie-Richtlinie INDEX Verantwortlicher f\u00fcr die Datenverarbeitung Was sind Cookies? Woher die Kekse kommen Dauer der Cookies Zweck der Cookies Rechtsgrundlagen f\u00fcr die Verarbeitung Verpflichtung zur<span class=\"excerpt-hellip\"> [\u2026]<\/span><\/p>\n","protected":false},"author":1,"featured_media":0,"parent":0,"menu_order":0,"comment_status":"closed","ping_status":"closed","template":"","meta":{"footnotes":""},"class_list":["post-4355","page","type-page","status-publish","hentry"],"yoast_head":"<!-- This site is optimized with the Yoast SEO plugin v25.6 - https:\/\/yoast.com\/wordpress\/plugins\/seo\/ -->\n<title>Cookie-Richtlinie - Simoni s.r.l.<\/title>\n<meta name=\"robots\" content=\"index, follow, max-snippet:-1, max-image-preview:large, max-video-preview:-1\" \/>\n<link rel=\"canonical\" href=\"https:\/\/simoni.com\/cookie-policy\/\" \/>\n<meta property=\"og:locale\" content=\"de_DE\" \/>\n<meta property=\"og:type\" content=\"article\" \/>\n<meta property=\"og:title\" content=\"Cookie-Richtlinie - Simoni s.r.l.\" \/>\n<meta property=\"og:description\" content=\"[vc_row][vc_column][vc_column_text] Cookie-Richtlinie INDEX Verantwortlicher f\u00fcr die Datenverarbeitung Was sind Cookies? Woher die Kekse kommen Dauer der Cookies Zweck der Cookies Rechtsgrundlagen f\u00fcr die Verarbeitung Verpflichtung zur [\u2026]\" \/>\n<meta property=\"og:url\" content=\"https:\/\/simoni.com\/cookie-policy\/\" \/>\n<meta property=\"og:site_name\" content=\"Simoni s.r.l.\" \/>\n<meta property=\"article:publisher\" content=\"https:\/\/www.facebook.com\/people\/Simoni-srl\/100049145208660\/?ref=tn_tnmn\" \/>\n<meta property=\"article:modified_time\" content=\"2023-12-30T20:47:01+00:00\" \/>\n<meta name=\"twitter:card\" content=\"summary_large_image\" \/>\n<meta name=\"twitter:label1\" content=\"Gesch\u00e4tzte Lesezeit\" \/>\n\t<meta name=\"twitter:data1\" content=\"8\u00a0Minuten\" \/>\n<script type=\"application\/ld+json\" class=\"yoast-schema-graph\">{\"@context\":\"https:\/\/schema.org\",\"@graph\":[{\"@type\":\"WebPage\",\"@id\":\"https:\/\/simoni.com\/cookie-policy\/\",\"url\":\"https:\/\/simoni.com\/cookie-policy\/\",\"name\":\"Cookie-Richtlinie - Simoni s.r.l.\",\"isPartOf\":{\"@id\":\"https:\/\/simoni.com\/#website\"},\"datePublished\":\"2023-04-29T20:40:25+00:00\",\"dateModified\":\"2023-12-30T20:47:01+00:00\",\"breadcrumb\":{\"@id\":\"https:\/\/simoni.com\/cookie-policy\/#breadcrumb\"},\"inLanguage\":\"de\",\"potentialAction\":[{\"@type\":\"ReadAction\",\"target\":[\"https:\/\/simoni.com\/cookie-policy\/\"]}]},{\"@type\":\"BreadcrumbList\",\"@id\":\"https:\/\/simoni.com\/cookie-policy\/#breadcrumb\",\"itemListElement\":[{\"@type\":\"ListItem\",\"position\":1,\"name\":\"Home\",\"item\":\"https:\/\/simoni.com\/de\/\"},{\"@type\":\"ListItem\",\"position\":2,\"name\":\"Cookie-Richtlinie\"}]},{\"@type\":\"WebSite\",\"@id\":\"https:\/\/simoni.com\/#website\",\"url\":\"https:\/\/simoni.com\/\",\"name\":\"Simoni s.r.l.\",\"description\":\"From brushes to cleaning systems since 1830\",\"publisher\":{\"@id\":\"https:\/\/simoni.com\/#organization\"},\"potentialAction\":[{\"@type\":\"SearchAction\",\"target\":{\"@type\":\"EntryPoint\",\"urlTemplate\":\"https:\/\/simoni.com\/?s={search_term_string}\"},\"query-input\":{\"@type\":\"PropertyValueSpecification\",\"valueRequired\":true,\"valueName\":\"search_term_string\"}}],\"inLanguage\":\"de\"},{\"@type\":\"Organization\",\"@id\":\"https:\/\/simoni.com\/#organization\",\"name\":\"Simoni s.r.l.\",\"url\":\"https:\/\/simoni.com\/\",\"logo\":{\"@type\":\"ImageObject\",\"inLanguage\":\"de\",\"@id\":\"https:\/\/simoni.com\/#\/schema\/logo\/image\/\",\"url\":\"https:\/\/simoni.com\/wp-content\/uploads\/2023\/05\/logo-completo-300x93-1.png\",\"contentUrl\":\"https:\/\/simoni.com\/wp-content\/uploads\/2023\/05\/logo-completo-300x93-1.png\",\"width\":300,\"height\":93,\"caption\":\"Simoni s.r.l.\"},\"image\":{\"@id\":\"https:\/\/simoni.com\/#\/schema\/logo\/image\/\"},\"sameAs\":[\"https:\/\/www.facebook.com\/people\/Simoni-srl\/100049145208660\/?ref=tn_tnmn\",\"https:\/\/www.youtube.com\/channel\/UCme_poqaWKouYeYnmn0csOg\",\"https:\/\/www.linkedin.com\/company\/simonispazzoleindustriali\/\"]}]}<\/script>\n<!-- \/ Yoast SEO plugin. -->","yoast_head_json":{"title":"Cookie-Richtlinie - Simoni s.r.l.","robots":{"index":"index","follow":"follow","max-snippet":"max-snippet:-1","max-image-preview":"max-image-preview:large","max-video-preview":"max-video-preview:-1"},"canonical":"https:\/\/simoni.com\/cookie-policy\/","og_locale":"de_DE","og_type":"article","og_title":"Cookie-Richtlinie - Simoni s.r.l.","og_description":"[vc_row][vc_column][vc_column_text] Cookie-Richtlinie INDEX Verantwortlicher f\u00fcr die Datenverarbeitung Was sind Cookies? Woher die Kekse kommen Dauer der Cookies Zweck der Cookies Rechtsgrundlagen f\u00fcr die Verarbeitung Verpflichtung zur [\u2026]","og_url":"https:\/\/simoni.com\/cookie-policy\/","og_site_name":"Simoni s.r.l.","article_publisher":"https:\/\/www.facebook.com\/people\/Simoni-srl\/100049145208660\/?ref=tn_tnmn","article_modified_time":"2023-12-30T20:47:01+00:00","twitter_card":"summary_large_image","twitter_misc":{"Gesch\u00e4tzte Lesezeit":"8\u00a0Minuten"},"schema":{"@context":"https:\/\/schema.org","@graph":[{"@type":"WebPage","@id":"https:\/\/simoni.com\/cookie-policy\/","url":"https:\/\/simoni.com\/cookie-policy\/","name":"Cookie-Richtlinie - Simoni s.r.l.","isPartOf":{"@id":"https:\/\/simoni.com\/#website"},"datePublished":"2023-04-29T20:40:25+00:00","dateModified":"2023-12-30T20:47:01+00:00","breadcrumb":{"@id":"https:\/\/simoni.com\/cookie-policy\/#breadcrumb"},"inLanguage":"de","potentialAction":[{"@type":"ReadAction","target":["https:\/\/simoni.com\/cookie-policy\/"]}]},{"@type":"BreadcrumbList","@id":"https:\/\/simoni.com\/cookie-policy\/#breadcrumb","itemListElement":[{"@type":"ListItem","position":1,"name":"Home","item":"https:\/\/simoni.com\/de\/"},{"@type":"ListItem","position":2,"name":"Cookie-Richtlinie"}]},{"@type":"WebSite","@id":"https:\/\/simoni.com\/#website","url":"https:\/\/simoni.com\/","name":"Simoni s.r.l.","description":"From brushes to cleaning systems since 1830","publisher":{"@id":"https:\/\/simoni.com\/#organization"},"potentialAction":[{"@type":"SearchAction","target":{"@type":"EntryPoint","urlTemplate":"https:\/\/simoni.com\/?s={search_term_string}"},"query-input":{"@type":"PropertyValueSpecification","valueRequired":true,"valueName":"search_term_string"}}],"inLanguage":"de"},{"@type":"Organization","@id":"https:\/\/simoni.com\/#organization","name":"Simoni s.r.l.","url":"https:\/\/simoni.com\/","logo":{"@type":"ImageObject","inLanguage":"de","@id":"https:\/\/simoni.com\/#\/schema\/logo\/image\/","url":"https:\/\/simoni.com\/wp-content\/uploads\/2023\/05\/logo-completo-300x93-1.png","contentUrl":"https:\/\/simoni.com\/wp-content\/uploads\/2023\/05\/logo-completo-300x93-1.png","width":300,"height":93,"caption":"Simoni s.r.l."},"image":{"@id":"https:\/\/simoni.com\/#\/schema\/logo\/image\/"},"sameAs":["https:\/\/www.facebook.com\/people\/Simoni-srl\/100049145208660\/?ref=tn_tnmn","https:\/\/www.youtube.com\/channel\/UCme_poqaWKouYeYnmn0csOg","https:\/\/www.linkedin.com\/company\/simonispazzoleindustriali\/"]}]}},"_links":{"self":[{"href":"https:\/\/simoni.com\/de\/wp-json\/wp\/v2\/pages\/4355","targetHints":{"allow":["GET"]}}],"collection":[{"href":"https:\/\/simoni.com\/de\/wp-json\/wp\/v2\/pages"}],"about":[{"href":"https:\/\/simoni.com\/de\/wp-json\/wp\/v2\/types\/page"}],"author":[{"embeddable":true,"href":"https:\/\/simoni.com\/de\/wp-json\/wp\/v2\/users\/1"}],"replies":[{"embeddable":true,"href":"https:\/\/simoni.com\/de\/wp-json\/wp\/v2\/comments?post=4355"}],"version-history":[{"count":2,"href":"https:\/\/simoni.com\/de\/wp-json\/wp\/v2\/pages\/4355\/revisions"}],"predecessor-version":[{"id":4357,"href":"https:\/\/simoni.com\/de\/wp-json\/wp\/v2\/pages\/4355\/revisions\/4357"}],"wp:attachment":[{"href":"https:\/\/simoni.com\/de\/wp-json\/wp\/v2\/media?parent=4355"}],"curies":[{"name":"wp","href":"https:\/\/api.w.org\/{rel}","templated":true}]}}