{"id":4358,"date":"2023-04-29T22:42:34","date_gmt":"2023-04-29T20:42:34","guid":{"rendered":"https:\/\/simoni.com\/datenschutzbestimmungen\/"},"modified":"2023-12-30T22:03:33","modified_gmt":"2023-12-30T21:03:33","slug":"datenschutzbestimmungen","status":"publish","type":"page","link":"https:\/\/simoni.com\/de\/datenschutzbestimmungen\/","title":{"rendered":"Datenschutzbestimmungen"},"content":{"rendered":"<section class=\"wpb-content-wrapper\"><p>[vc_row][vc_column][vc_column_text]<\/p>\n&#13;\n<h2 class=\"wp-block-heading\">Datenschutzbestimmungen<\/h2>&#13;\n<hr\/>&#13;\n<h4>Index<\/h4>&#13;\n<ol>&#13;\n<li><em>Titolare del trattamento<\/em><\/li>&#13;\n<li><em>Finalit\u00e0 del trattamento<\/em><\/li>&#13;\n<li><em>Basi giuridiche dei trattamenti<\/em><\/li>&#13;\n<li>Periodo di conservazione dei dati personali<\/li>&#13;\n<li><em>Dati personali oggetto di trattamento<\/em><\/li>&#13;\n<li><em>Obbligatoriet\u00e0 del conferimento dei dati<\/em><\/li>&#13;\n<li><em>Destinatari dei dati<\/em><\/li>&#13;\n<li><em>Diffusione e trasferimento dei dati<\/em><\/li>&#13;\n<li><em>Interazioni con social networks e piattaforme esterne<\/em><\/li>&#13;\n<li><em>Diritti degli interessati al trattamento di dati personali<\/em><\/li>&#13;\n<li><em>Reclamo all\u2019autorit\u00e0 di controllo<\/em><\/li>&#13;\n<li><em>Profilazione<\/em><\/li>&#13;\n<\/ol>&#13;\n<p>\u00a0<\/p>&#13;\n<h5><em>(Art. 13 der EU-Verordnung 679\/2016)<\/em><\/h5>&#13;\n<p><em><\/em><\/p><p><\/em> <em><\/p>\nAi sensi dell\u2019art. 13 del Regolamento UE 679\/2016 (in seguito chiamato GDPR) in materia di protezione dei dati personali, Simoni Srl la informa che i dati personali raccolti, con riferimento ai rapporti contrattuali instaurati o alle semplici richieste di informazioni, formeranno oggetto di trattamento nel rispetto della normativa sopra citata.\r\n&#13;\n<p>Im Zusammenhang mit der oben genannten Verarbeitung stellt die Simoni Srl auch die folgenden Informationen zur Verf\u00fcgung: <\/p>&#13;\n<h3><strong>1. TITOLARE DEL TRATTAMENTO<\/strong><\/h3>&#13;\n<p>Der Inhaber der Datenverarbeitung ist Simoni Srl. Die Rolle des Datenverarbeiters wurde <strong>Franco Simoni<\/strong> zugewiesen, an den sich die betroffene Person jederzeit \u00fcber eine der auf den Seiten der Website beschriebenen Methoden (z.B. per E-Mail an <a href=\"mailto:simoni1@simoni.com\">simoni1@simoni.com<\/a>) wenden kann, um die in Artikel 13.2 Buchstaben b, c, d genannten Rechte auszu\u00fcben. <strong>1.1 Firmenname<\/strong> Simoni Srl <strong>1.2 Firmensitz<\/strong> <strong><a href=\"https:\/\/goo.gl\/maps\/7rK6GXzZAEu1M29fA\" target=\"_blank\" rel=\"noreferrer noopener\">Via Lazio n\u00b0 2, 40069 Zola Predosa (BO) Italien<\/a><\/strong> <strong>1.3 Telefonnummer und E-Mail-Adresse<\/strong> <strong>Telefon<\/strong> <a href=\"tel:+39%20051%20751249\" target=\"_blank\" rel=\"noreferrer noopener\">+39 051 75124<\/a> <strong>Fax<\/strong> +39 051 752572 <strong>E-mail<\/strong> <a href=\"mailto:simoni1@simoni.com\" target=\"_blank\" rel=\"noreferrer noopener\">simoni1@simoni.com<\/a> <strong>1.4 Datenschutzbeauftragter<\/strong> <a href=\"mailto:simoni1@simoni.com\" target=\"_blank\" rel=\"noreferrer noopener\">simoni1@simoni.com<\/a>  <\/p>&#13;\n<h3><strong>2. FINALIT\u00c0 DEL TRATTAMENTO<\/strong><\/h3>&#13;\n<p>Die Verarbeitung der personenbezogenen Daten erfolgt zu folgenden Zwecken 1) Erf\u00fcllung der rechtlichen Verpflichtungen aus dem Vertragsverh\u00e4ltnis; 2) Organisatorische Verwaltung des Vertragsverh\u00e4ltnisses; 3) dem eingegangenen Ersuchen nachzukommen; die personenbezogenen Daten werden in Papierform, in elektronischer und telematischer Form verarbeitet und in die entsprechenden Datenbanken eingegeben, zu denen nur der f\u00fcr die Verarbeitung Verantwortliche und seine Beauftragten Zugang haben. In Bezug auf die in elektronischer Form verarbeiteten Daten wird betont, dass alle geeigneten Sicherheitsma\u00dfnahmen ergriffen wurden, um die Rechte, Freiheiten und berechtigten Interessen der betroffenen Person gem\u00e4\u00df Artikel 22 Absatz 3 der DSGVO zu sch\u00fctzen. <strong>2.1 Statistiken<\/strong> \u00dcberwachen Sie mit Hilfe von Cookies die Interaktion der Nutzer mit der Website, um den Betrieb der Website zu verbessern und ihr ordnungsgem\u00e4\u00dfes Funktionieren zu gew\u00e4hrleisten. <strong>2.2 Betrieb der Website<\/strong> Der Zugriff auf die Website beinhaltet die \u00dcbertragung von Daten, die bei der Verwendung von Kommunikationsprotokollen im Internet implizit sind und die Identifizierung des Nutzers erm\u00f6glichen k\u00f6nnen. Diese Daten werden nur f\u00fcr den unbedingt erforderlichen Zeitraum und ausschlie\u00dflich zum Zweck der Erstellung von Statistiken \u00fcber die Nutzung der Website und zur \u00dcberpr\u00fcfung ihres ordnungsgem\u00e4\u00dfen Funktionierens verarbeitet. Die Bereitstellung dieser Daten ist notwendig, da sie in direktem Zusammenhang mit dem Surfen im Internet stehen. <\/p>&#13;\n<h3><strong>3. BASI GIURIDICHE DEI TRATTAMENTI<\/strong><\/h3>&#13;\n<p><strong>3.1 Statistik<\/strong> <strong>Zustimmung<\/strong> (fakultativ und jederzeit widerrufbar) zu den entsprechenden Cookies. <strong>3.2 Betrieb der Website<\/strong> <strong>Legitimes Interesse des f\u00fcr die Datenverarbeitung Verantwortlichen.<\/strong>  <\/p>&#13;\n<h3><strong>4. PERIODO DI CONSERVAZIONE DEI DATI PERSONALI<\/strong><\/h3>&#13;\n<p>Nach Beendigung der Leistung, der Erbringung der Dienstleistung oder der Beantwortung werden die personenbezogenen Daten ausschlie\u00dflich zu historischen oder statistischen Zwecken in \u00dcbereinstimmung mit den Gesetzen, Verordnungen, EU-Rechtsvorschriften und den gem\u00e4\u00df Artikel 40 der Datenschutz-Grundverordnung unterzeichneten Ethik- und Verhaltenskodizes f\u00fcr einen Zeitraum gem\u00e4\u00df der geltenden Gesetzgebung (in der Regel 10 Jahre) oder, wenn sie keinem Gesetz unterliegen, f\u00fcr einen Zeitraum von nicht mehr als f\u00fcnf Jahren gespeichert. Nach Ablauf dieses Zeitraums werden die personenbezogenen Daten anonymisiert gespeichert oder vernichtet. <strong>4.1 Statistik<\/strong> Die Daten werden f\u00fcr einen Zeitraum aufbewahrt, der die Erreichung des in Abschnitt <strong>2.1<\/strong> genannten Zwecks nicht \u00fcbersteigt, und dann nach den folgenden Kriterien:<\/p>&#13;\n<ul>&#13;\n<li>allo<strong>\u00a0scadere dei cookies<\/strong>, secondo quanto previsto nella cookie policy;<\/li>&#13;\n<li>in ogni caso, al momento della\u00a0<strong>revoca del consenso all\u2019installazione di cookies di statistica<\/strong>.<\/li>&#13;\n<\/ul>&#13;\n<p>  <strong>4.2 Betrieb der Website<\/strong> Die Daten werden f\u00fcr einen Zeitraum aufbewahrt, der die Erreichung des in Absatz <strong>2.2<\/strong> genannten Zwecks nicht \u00fcbersteigt, und zwar nach den folgenden Kriterien:<\/p>&#13;\n<ul>&#13;\n<li>allo<strong>\u00a0scadere dei cookies<\/strong>, secondo quanto previsto nella cookie policy;<\/li>&#13;\n<li>per tutta la\u00a0<strong>durata della sessione di navigazione<\/strong>\u00a0sul sito.<\/li>&#13;\n<\/ul>&#13;\n<p>\u00a0<\/p>&#13;\n<h3><strong>5. DATI PERSONALI OGGETTO DI TRATTAMENTO<\/strong><\/h3>&#13;\n<p><strong>5.1 Statistik<\/strong> Daten, die durch <strong>installierte Cookies<\/strong> gesammelt werden. <strong>5.2 Betrieb der Website<\/strong> <strong>Der Zugriff auf die Website beinhaltet die \u00dcbertragung von Daten als implizit in der Verwendung von Kommunikationsprotokollen im Web, k\u00f6nnen diese Daten die Identifizierung des Benutzers erm\u00f6glichen<\/strong>; Dazu geh\u00f6ren die IP-Adresse und die Dom\u00e4nennamen der f\u00fcr die Verbindung verwendeten Computer, die URL-Adressen (Uniform Resource Identifier) der Anfragen, die Zeiten der Anfragen, die zur \u00dcbermittlung der Anfrage an den Server verwendete Methode, die Gr\u00f6\u00dfe der als Antwort erhaltenen Dateien, der numerische Code, der den Status der Antwort angibt, und andere Parameter, die das Betriebssystem, den Browser und die vom Benutzer verwendete Computerumgebung betreffen. Die personenbezogenen Daten, die mit Ihrer freien und ausdr\u00fccklichen Zustimmung erhoben werden, betreffen &#8211; Identifizierungsdaten (z. B. Vorname, Nachname, Adresse, Telefon, Fax, E-Mail usw.) &#8211; Steuerdaten (sofern gesetzlich vorgeschrieben &#8211; z. B. Steuernummer, MwSt.-Nummer usw.) <\/p>&#13;\n<h3><strong>6. OBBLIGATORIET\u00c0 DEL CONFERIMENTO DEI DATI<\/strong><\/h3>&#13;\n<p>Die Bereitstellung der Daten und ihre Verarbeitung sind im Zusammenhang mit den steuerlichen Verpflichtungen obligatorisch; eine Verweigerung der Bereitstellung der Daten f\u00fcr diese Zwecke kann daher dazu f\u00fchren, dass der f\u00fcr die Verarbeitung Verantwortliche die betreffenden beruflichen Beziehungen und rechtlichen Verpflichtungen nicht mehr erf\u00fcllen kann. In allen anderen F\u00e4llen ist die Bereitstellung der Daten und ihre Verarbeitung fakultativ und hat keine Folgen. <strong>6.1 Statistik<\/strong> Die Bereitstellung von Daten ist fakultativ. Andernfalls werden die statistischen Daten nicht ausgewertet. <strong>6.2 Betrieb des Standorts<\/strong> <em>Die Bereitstellung von Daten ist <strong>obligatorisch<\/strong> und implizit in der Verwendung von Webprotokollen enthalten. Ohne sie ist es nicht m\u00f6glich, die Website zu betreiben.<\/em>  <\/p>&#13;\n<h3><strong>7. DESTINATARI DEI DATI<\/strong><\/h3>&#13;\n<p>Im Zusammenhang mit den in den Punkten 1, 2 und 3 des Abschnitts &#8222;2. Zwecke der Verarbeitung&#8220; genannten Zwecken k\u00f6nnen die Daten an die nachstehend aufgef\u00fchrten Personen oder Personengruppen weitergegeben werden:<\/p>&#13;\n<ul>&#13;\n<li>Studi di commercialisti riconosciuti relativi alla professione di assistenza alle aziende quando la comunicazione \u00e8 dovuta per legge, oppure \u00e8 nell&#8217;interesse del soggetto (persona fisica o giuridica);<\/li>&#13;\n<li>Studi di avvocati riconosciuti relativi alla professione di assistenza alle aziende quando la comunicazione \u00e8 dovuta per legge, regolarmente incaricati a tale forma di trattamento nel pieno rispetto delle misure vigenti, o quando la comunicazione \u00e8 nell&#8217;interesse del soggetto.<\/li>&#13;\n<\/ul>&#13;\n<p>Der Inhaber erkl\u00e4rt au\u00dferdem, dass er nicht beabsichtigt, die Daten in ein Drittland au\u00dferhalb der EU oder an eine internationale Organisation au\u00dferhalb der EU zu \u00fcbermitteln. <strong>7.1 Zul\u00e4ssige Verarbeitung<\/strong> In den Grenzen der oben genannten Verarbeitungszwecke k\u00f6nnen die Daten an <strong>interne Mitarbeiter<\/strong> weitergegeben werden, die ausdr\u00fccklich zur Verarbeitung der Daten erm\u00e4chtigt und beauftragt sind. <strong>7.2 Datenverarbeiter Innerhalb der Grenzen<\/strong> der oben genannten Verarbeitungszwecke k\u00f6nnen die Daten \u00fcbermittelt werden an <strong>Erbringer von Dienstleistungen<\/strong>, die f\u00fcr die Verarbeitung funktional sind, die als Datenverarbeiter benannt und konsequent angewiesen werden, wie z. B.<\/p>&#13;\n<ul>&#13;\n<li>il fornitore del servizio di assistenza informatica,<\/li>&#13;\n<li>il fornitore del servizio di web agency.<\/li>&#13;\n<\/ul>&#13;\n<p>  <strong>7.3 Verantwortliche f\u00fcr die Datenverarbeitung<\/strong> Die Daten k\u00f6nnen gem\u00e4\u00df den geltenden Rechtsvorschriften an <strong>\u00f6ffentliche Stellen<\/strong> weitergegeben werden. <\/p>&#13;\n<h3><strong>8. DIFFUSIONE E TRASFERIMENTO DEI DATI<\/strong><\/h3>&#13;\n<p><strong>8.1 Eine Weitergabe der Daten<\/strong> findet nicht statt. <strong>8.2 Die \u00dcbermittlung an Drittl\u00e4nder wird<\/strong> von Simoni Srl nicht durchgef\u00fchrt. Es ist jedoch nach wie vor m\u00f6glich, dass soziale Netzwerkplattformen, die Inhalte f\u00fcr die Website bereitstellen (z. B. Facebook, YouTube), Daten in die Vereinigten Staaten \u00fcbermitteln. Bitte beachten Sie die Datenschutzrichtlinien der letzteren, die auf deren jeweiligen Plattformen verf\u00fcgbar sind. <strong>8.3 Die \u00dcbermittlung an internationale Organisationen<\/strong> wird nicht vorgenommen. <\/p>&#13;\n<h3><strong>9. INTERAZIONI CON SOCIAL NETWORKS E PIATTAFORME ESTERNE<\/strong><\/h3>&#13;\n<p><strong>9.1 Social Plug-ins<\/strong> Diese Art von Tools erm\u00f6glicht die Interaktion mit sozialen Netzwerken oder anderen externen Plattformen direkt von den Seiten dieser Website aus (z.B. die Schaltfl\u00e4che mit dem Facebook-Symbol). <strong>9.2 Daten\u00fcbermittlung Wenn Sie<\/strong> eine Seite unseres Internetauftritts besuchen und mit dem Plugin interagieren (z.B. durch Anklicken des Facebook-Symbols) oder sich ein Video ansehen, wird die entsprechende Information von Ihrem Browser direkt an das soziale Netzwerk \u00fcbermittelt und dort gespeichert. <strong>9.3 Informationen und Rechte<\/strong> Informationen \u00fcber den Zweck, die Art und Weise der Erhebung, Verarbeitung, Nutzung und Speicherung personenbezogener Daten durch die Plattform des sozialen Netzwerks sowie \u00fcber die Aus\u00fcbung Ihrer Rechte finden Sie in den Datenschutzbestimmungen des jeweiligen sozialen Netzwerks oder einer anderen externen Plattform. <\/p>&#13;\n<h3><strong>10. DIRITTI DEGLI INTERESSATI AL TRATTAMENTO DI DATI PERSONALI<\/strong><\/h3>&#13;\n<p><strong>10.1 Recht auf Zugang<\/strong> <em>(Art. 15 R.G.P.D.)<\/em> Sie k\u00f6nnen eine Best\u00e4tigung dar\u00fcber verlangen, ob Sie betreffende Daten verarbeitet werden oder nicht, sowie weitere Erl\u00e4uterungen zu den in dieser Mitteilung enthaltenen Informationen und die Herausgabe der Daten selbst, es sei denn, die Herausgabe w\u00fcrde die Rechte und Freiheiten anderer verletzen. <strong>10.2 Recht auf Berichtigung<\/strong> <em>(Art. 16 G.P.R.)<\/em> Sie k\u00f6nnen uns auffordern, die von Ihnen zur Verf\u00fcgung gestellten oder anderweitig in unserem Besitz befindlichen Daten zu berichtigen oder zu erg\u00e4nzen, wenn diese unrichtig sind. <strong>10.3 Recht auf L\u00f6schung<\/strong> <em>(Art. 17 G.P.R.)<\/em> Sie k\u00f6nnen verlangen, dass die erhobenen oder verarbeiteten Daten gel\u00f6scht werden. <strong>10.4 Recht auf Einschr\u00e4nkung der Verarbeitung<\/strong> <em>(Art. 18 R.G.P.D.)<\/em> Sie k\u00f6nnen die Einschr\u00e4nkung der Verarbeitung Ihrer personenbezogenen Daten verlangen; in diesem Fall d\u00fcrfen die Daten, abgesehen von der Speicherung, nicht ohne Ihre Einwilligung verarbeitet werden, es sei denn, dies ist im selben Artikel in Absatz 2 vorgesehen. <strong>10.5 Recht auf \u00dcbertragbarkeit<\/strong> <em>(Art. 20 G.R.P.D.)<\/em> Sie k\u00f6nnen beantragen, Ihre Daten in einem strukturierten, g\u00e4ngigen und maschinenlesbaren Format zu erhalten oder sie an einen anderen namentlich genannten f\u00fcr die Verarbeitung Verantwortlichen zu \u00fcbermitteln. <strong>10.6 Recht auf Einspruch<\/strong> <em>(Art. 21 G.P.R.)<\/em> Sie k\u00f6nnen der Verarbeitung Ihrer Daten auf der Grundlage eines berechtigten Interesses jederzeit widersprechen, es sei denn, es liegen berechtigte Gr\u00fcnde f\u00fcr die Verarbeitung vor, die Ihre Rechte \u00fcberwiegen, z. B. zur Aus\u00fcbung oder Verteidigung unserer Rechte vor Gericht; der Widerspruch hat stets Vorrang vor unserem berechtigten Interesse an der Verarbeitung der Daten zu Marketingzwecken. <strong>10.7 Recht, keiner automatisierten Entscheidungsfindung unterworfen zu werden<\/strong> <em>(Art. 22 GDPR)<\/em> Sie k\u00f6nnen beantragen, keiner automatisierten Entscheidungsfindung oder einem Profiling unterworfen zu werden. <\/p>&#13;\n<h3><strong>11. RECLAMO ALL\u2019AUTORIT\u00c0 DI CONTROLLO<\/strong><\/h3>&#13;\n<p><strong>11.1 Beschwerderecht<\/strong> <em>(Art. 77 GDPR)<\/em> Sie k\u00f6nnen eine Beschwerde bei der Aufsichtsbeh\u00f6rde des Mitgliedstaats einreichen, in dem Sie Ihren gew\u00f6hnlichen Aufenthalt haben oder arbeiten oder in dem der mutma\u00dfliche Versto\u00df stattgefunden hat. <strong>11.2 Italienische Datenschutzbeh\u00f6rde Garante<\/strong> per la Protezione dei Dati Personali. <strong>11.3 Postanschrift und E-Mail<\/strong> Adresse Piazza Venezia, 11 &#8211; 00187 Roma (RM) <a href=\"mailto:protocollo@pec.gdpd.it\">protocollo@pec.gdpd.it<\/a>  <\/p>&#13;\n<h3><strong>12. PROFILAZIONE<\/strong><\/h3>&#13;\n<p><strong>12.1 Statistiken<\/strong> <strong>werden nur mit<\/strong> vorheriger Zustimmung zu den entsprechenden Cookies durchgef\u00fchrt. <strong>12.2 Der Betrieb der Website<\/strong> <strong>wird nicht durchgef\u00fchrt.<\/strong> Alle Informationen zu Cookies und anderen Tracking-Tools finden Sie in der entsprechenden <a href=\"https:\/\/simoni.com\/cookie-policy\/\">Cookie-Richtlinie<\/a>. [\/vc_column_text][\/vc_column][\/vc_row][vc_row][vc_column][\/vc_column][\/vc_row]<\/p><\/section>","protected":false},"excerpt":{"rendered":"<p>[vc_row][vc_column][vc_column_text] &#13; Datenschutzbestimmungen &#13; &#13; Index &#13; &#13; Titolare del trattamento &#13; Finalit\u00e0 del trattamento &#13; Basi giuridiche dei trattamenti &#13; Periodo di conservazione dei dati<span class=\"excerpt-hellip\"> [\u2026]<\/span><\/p>\n","protected":false},"author":1,"featured_media":0,"parent":0,"menu_order":0,"comment_status":"closed","ping_status":"closed","template":"","meta":{"footnotes":""},"class_list":["post-4358","page","type-page","status-publish","hentry"],"yoast_head":"<!-- This site is optimized with the Yoast SEO plugin v25.6 - https:\/\/yoast.com\/wordpress\/plugins\/seo\/ -->\n<title>Datenschutzbestimmungen - Simoni s.r.l.<\/title>\n<meta name=\"robots\" content=\"index, follow, max-snippet:-1, max-image-preview:large, max-video-preview:-1\" \/>\n<link rel=\"canonical\" href=\"https:\/\/simoni.com\/privacy-policy\/\" \/>\n<meta property=\"og:locale\" content=\"de_DE\" \/>\n<meta property=\"og:type\" content=\"article\" \/>\n<meta property=\"og:title\" content=\"Datenschutzbestimmungen - Simoni s.r.l.\" \/>\n<meta property=\"og:description\" content=\"[vc_row][vc_column][vc_column_text] &#013; Datenschutzbestimmungen &#013; &#013; Index &#013; &#013; Titolare del trattamento &#013; Finalit\u00e0 del trattamento &#013; Basi giuridiche dei trattamenti &#013; Periodo di conservazione dei dati [\u2026]\" \/>\n<meta property=\"og:url\" content=\"https:\/\/simoni.com\/privacy-policy\/\" \/>\n<meta property=\"og:site_name\" content=\"Simoni s.r.l.\" \/>\n<meta property=\"article:publisher\" content=\"https:\/\/www.facebook.com\/people\/Simoni-srl\/100049145208660\/?ref=tn_tnmn\" \/>\n<meta property=\"article:modified_time\" content=\"2023-12-30T21:03:33+00:00\" \/>\n<meta name=\"twitter:card\" content=\"summary_large_image\" \/>\n<meta name=\"twitter:label1\" content=\"Gesch\u00e4tzte Lesezeit\" \/>\n\t<meta name=\"twitter:data1\" content=\"9\u00a0Minuten\" \/>\n<script type=\"application\/ld+json\" class=\"yoast-schema-graph\">{\"@context\":\"https:\/\/schema.org\",\"@graph\":[{\"@type\":\"WebPage\",\"@id\":\"https:\/\/simoni.com\/privacy-policy\/\",\"url\":\"https:\/\/simoni.com\/privacy-policy\/\",\"name\":\"Datenschutzbestimmungen - Simoni s.r.l.\",\"isPartOf\":{\"@id\":\"https:\/\/simoni.com\/#website\"},\"datePublished\":\"2023-04-29T20:42:34+00:00\",\"dateModified\":\"2023-12-30T21:03:33+00:00\",\"breadcrumb\":{\"@id\":\"https:\/\/simoni.com\/privacy-policy\/#breadcrumb\"},\"inLanguage\":\"de\",\"potentialAction\":[{\"@type\":\"ReadAction\",\"target\":[\"https:\/\/simoni.com\/privacy-policy\/\"]}]},{\"@type\":\"BreadcrumbList\",\"@id\":\"https:\/\/simoni.com\/privacy-policy\/#breadcrumb\",\"itemListElement\":[{\"@type\":\"ListItem\",\"position\":1,\"name\":\"Home\",\"item\":\"https:\/\/simoni.com\/de\/\"},{\"@type\":\"ListItem\",\"position\":2,\"name\":\"Datenschutzbestimmungen\"}]},{\"@type\":\"WebSite\",\"@id\":\"https:\/\/simoni.com\/#website\",\"url\":\"https:\/\/simoni.com\/\",\"name\":\"Simoni s.r.l.\",\"description\":\"From brushes to cleaning systems since 1830\",\"publisher\":{\"@id\":\"https:\/\/simoni.com\/#organization\"},\"potentialAction\":[{\"@type\":\"SearchAction\",\"target\":{\"@type\":\"EntryPoint\",\"urlTemplate\":\"https:\/\/simoni.com\/?s={search_term_string}\"},\"query-input\":{\"@type\":\"PropertyValueSpecification\",\"valueRequired\":true,\"valueName\":\"search_term_string\"}}],\"inLanguage\":\"de\"},{\"@type\":\"Organization\",\"@id\":\"https:\/\/simoni.com\/#organization\",\"name\":\"Simoni s.r.l.\",\"url\":\"https:\/\/simoni.com\/\",\"logo\":{\"@type\":\"ImageObject\",\"inLanguage\":\"de\",\"@id\":\"https:\/\/simoni.com\/#\/schema\/logo\/image\/\",\"url\":\"https:\/\/simoni.com\/wp-content\/uploads\/2023\/05\/logo-completo-300x93-1.png\",\"contentUrl\":\"https:\/\/simoni.com\/wp-content\/uploads\/2023\/05\/logo-completo-300x93-1.png\",\"width\":300,\"height\":93,\"caption\":\"Simoni s.r.l.\"},\"image\":{\"@id\":\"https:\/\/simoni.com\/#\/schema\/logo\/image\/\"},\"sameAs\":[\"https:\/\/www.facebook.com\/people\/Simoni-srl\/100049145208660\/?ref=tn_tnmn\",\"https:\/\/www.youtube.com\/channel\/UCme_poqaWKouYeYnmn0csOg\",\"https:\/\/www.linkedin.com\/company\/simonispazzoleindustriali\/\"]}]}<\/script>\n<!-- \/ Yoast SEO plugin. -->","yoast_head_json":{"title":"Datenschutzbestimmungen - Simoni s.r.l.","robots":{"index":"index","follow":"follow","max-snippet":"max-snippet:-1","max-image-preview":"max-image-preview:large","max-video-preview":"max-video-preview:-1"},"canonical":"https:\/\/simoni.com\/privacy-policy\/","og_locale":"de_DE","og_type":"article","og_title":"Datenschutzbestimmungen - Simoni s.r.l.","og_description":"[vc_row][vc_column][vc_column_text] &#13; Datenschutzbestimmungen &#13; &#13; Index &#13; &#13; Titolare del trattamento &#13; Finalit\u00e0 del trattamento &#13; Basi giuridiche dei trattamenti &#13; Periodo di conservazione dei dati [\u2026]","og_url":"https:\/\/simoni.com\/privacy-policy\/","og_site_name":"Simoni s.r.l.","article_publisher":"https:\/\/www.facebook.com\/people\/Simoni-srl\/100049145208660\/?ref=tn_tnmn","article_modified_time":"2023-12-30T21:03:33+00:00","twitter_card":"summary_large_image","twitter_misc":{"Gesch\u00e4tzte Lesezeit":"9\u00a0Minuten"},"schema":{"@context":"https:\/\/schema.org","@graph":[{"@type":"WebPage","@id":"https:\/\/simoni.com\/privacy-policy\/","url":"https:\/\/simoni.com\/privacy-policy\/","name":"Datenschutzbestimmungen - Simoni s.r.l.","isPartOf":{"@id":"https:\/\/simoni.com\/#website"},"datePublished":"2023-04-29T20:42:34+00:00","dateModified":"2023-12-30T21:03:33+00:00","breadcrumb":{"@id":"https:\/\/simoni.com\/privacy-policy\/#breadcrumb"},"inLanguage":"de","potentialAction":[{"@type":"ReadAction","target":["https:\/\/simoni.com\/privacy-policy\/"]}]},{"@type":"BreadcrumbList","@id":"https:\/\/simoni.com\/privacy-policy\/#breadcrumb","itemListElement":[{"@type":"ListItem","position":1,"name":"Home","item":"https:\/\/simoni.com\/de\/"},{"@type":"ListItem","position":2,"name":"Datenschutzbestimmungen"}]},{"@type":"WebSite","@id":"https:\/\/simoni.com\/#website","url":"https:\/\/simoni.com\/","name":"Simoni s.r.l.","description":"From brushes to cleaning systems since 1830","publisher":{"@id":"https:\/\/simoni.com\/#organization"},"potentialAction":[{"@type":"SearchAction","target":{"@type":"EntryPoint","urlTemplate":"https:\/\/simoni.com\/?s={search_term_string}"},"query-input":{"@type":"PropertyValueSpecification","valueRequired":true,"valueName":"search_term_string"}}],"inLanguage":"de"},{"@type":"Organization","@id":"https:\/\/simoni.com\/#organization","name":"Simoni s.r.l.","url":"https:\/\/simoni.com\/","logo":{"@type":"ImageObject","inLanguage":"de","@id":"https:\/\/simoni.com\/#\/schema\/logo\/image\/","url":"https:\/\/simoni.com\/wp-content\/uploads\/2023\/05\/logo-completo-300x93-1.png","contentUrl":"https:\/\/simoni.com\/wp-content\/uploads\/2023\/05\/logo-completo-300x93-1.png","width":300,"height":93,"caption":"Simoni s.r.l."},"image":{"@id":"https:\/\/simoni.com\/#\/schema\/logo\/image\/"},"sameAs":["https:\/\/www.facebook.com\/people\/Simoni-srl\/100049145208660\/?ref=tn_tnmn","https:\/\/www.youtube.com\/channel\/UCme_poqaWKouYeYnmn0csOg","https:\/\/www.linkedin.com\/company\/simonispazzoleindustriali\/"]}]}},"_links":{"self":[{"href":"https:\/\/simoni.com\/de\/wp-json\/wp\/v2\/pages\/4358","targetHints":{"allow":["GET"]}}],"collection":[{"href":"https:\/\/simoni.com\/de\/wp-json\/wp\/v2\/pages"}],"about":[{"href":"https:\/\/simoni.com\/de\/wp-json\/wp\/v2\/types\/page"}],"author":[{"embeddable":true,"href":"https:\/\/simoni.com\/de\/wp-json\/wp\/v2\/users\/1"}],"replies":[{"embeddable":true,"href":"https:\/\/simoni.com\/de\/wp-json\/wp\/v2\/comments?post=4358"}],"version-history":[{"count":1,"href":"https:\/\/simoni.com\/de\/wp-json\/wp\/v2\/pages\/4358\/revisions"}],"predecessor-version":[{"id":4359,"href":"https:\/\/simoni.com\/de\/wp-json\/wp\/v2\/pages\/4358\/revisions\/4359"}],"wp:attachment":[{"href":"https:\/\/simoni.com\/de\/wp-json\/wp\/v2\/media?parent=4358"}],"curies":[{"name":"wp","href":"https:\/\/api.w.org\/{rel}","templated":true}]}}