{"id":4435,"date":"2023-06-04T17:03:46","date_gmt":"2023-06-04T15:03:46","guid":{"rendered":"https:\/\/simoni.com\/staubabscheider\/"},"modified":"2025-07-23T16:45:57","modified_gmt":"2025-07-23T14:45:57","slug":"industrielle-staubabscheider","status":"publish","type":"page","link":"https:\/\/simoni.com\/de\/industrielle-staubabscheider\/","title":{"rendered":"Industrielle Staubabscheider"},"content":{"rendered":"<section class=\"wpb-content-wrapper\"><p>[vc_section][vc_row css=&#8220;.vc_custom_1644004969154{margin-top: 15px !important;margin-bottom: 0px !important;}&#8220;][vc_column width=&#8220;1\/2&#8243; offset=&#8220;vc_hidden-sm&#8220;][vc_column_text css=&#8220;.vc_custom_1649064985554{margin-top: 40px !important;}&#8220;]<\/p>\n<h1>Industrielle Staubabscheider<\/h1>\n<p>[\/vc_column_text][vc_column_text]<\/p>\n<h3 class=\"p1\">Feel the clean side of it<\/h3>\n<p><span style=\"font-weight: 400;\">F\u00fcr alle Unternehmen, die eine <strong>pr\u00e4zise, professionelle und effiziente Reinigung<\/strong> Die Oberfl\u00e4chenreinigungssysteme von Simoni sind leistungsf\u00e4higer und zuverl\u00e4ssiger als andere Marken, da sie die besten Technologien in einer einzigen Reinigungsmaschine kombinieren. <strong>ma\u00dfgeschneidert auf die spezifischen Bed\u00fcrfnisse des Kunden<\/strong>und werden nach den historischen Qualit\u00e4tsstandards von Simoni entworfen und hergestellt.<\/span>[\/vc_column_text][vc_btn title=&#8220;Entdecken Sie die Arten von Staubabscheidern&#8220; style=&#8220;outline-custom&#8220; outline_custom_color=&#8220;#001240&#8243; outline_custom_hover_background=&#8220;#001240&#8243; outline_custom_hover_text=&#8220;#ffffff&#8220; shape=&#8220;round&#8220; align=&#8220;left&#8220; i_icon_fontawesome=&#8220;fas fa-chevron-down&#8220; add_icon=&#8220;true&#8220; link=&#8220;url:%23Link_typen|&#8220;][\/vc_column][vc_column width=&#8220;1\/2&#8243; css=&#8220;.vc_custom_1644005205679{margin-top: 20px !important;}&#8220; offset=&#8220;vc_hidden-sm&#8220;][vc_column_text]<\/p>\n<p style=\"text-align: center;\"><div id=\"metaslider-id-2213\" style=\"width: 100%;\" class=\"ml-slider-3-100-1 metaslider metaslider-flex metaslider-2213 ml-slider ms-theme-default\" role=\"region\" aria-label=\"Prodotti-macchine-depolveratori\" data-height=\"1000\" data-width=\"1000\">\n    <div id=\"metaslider_container_2213\">\n        <div id=\"metaslider_2213\">\n            <ul class='slides'>\n                <li style=\"display: block; width: 100%;\" class=\"slide-2244 ms-image \" aria-roledescription=\"slide\" data-date=\"2023-06-04 17:08:39\"><img decoding=\"async\" src=\"https:\/\/simoni.com\/wp-content\/uploads\/2024\/07\/DEPAIR-mod-1000x1000.png\" height=\"1000\" width=\"1000\" alt=\"\" class=\"slider-2213 slide-2244 msDefaultImage\" title=\"DEP AIR\" \/><\/li>\n                <li style=\"display: none; width: 100%;\" class=\"slide-2245 ms-image \" aria-roledescription=\"slide\" data-date=\"2023-06-04 17:08:39\"><img decoding=\"async\" src=\"https:\/\/simoni.com\/wp-content\/uploads\/2023\/06\/DEP120-959x960-1-959x959.png\" height=\"1000\" width=\"1000\" alt=\"\" class=\"slider-2213 slide-2245 msDefaultImage\" title=\"DEP120-959x960\" \/><\/li>\n                <li style=\"display: none; width: 100%;\" class=\"slide-2246 ms-image \" aria-roledescription=\"slide\" data-date=\"2023-06-04 17:08:40\"><img decoding=\"async\" src=\"https:\/\/simoni.com\/wp-content\/uploads\/2024\/07\/20240704_114458_resized_1-1000x1000.jpg\" height=\"1000\" width=\"1000\" alt=\"\" class=\"slider-2213 slide-2246 msDefaultImage\" title=\"20240704_114458_resized_1\" \/><\/li>\n                <li style=\"display: none; width: 100%;\" class=\"slide-2247 ms-image \" aria-roledescription=\"slide\" data-date=\"2023-06-04 17:08:40\"><img decoding=\"async\" src=\"https:\/\/simoni.com\/wp-content\/uploads\/2023\/06\/DSC00284-scaled-1000x1000-1.jpg\" height=\"1000\" width=\"1000\" alt=\"\" class=\"slider-2213 slide-2247 msDefaultImage\" title=\"DSC00284-scaled-1000x1000\" \/><\/li>\n                <li style=\"display: none; width: 100%;\" class=\"slide-2248 ms-image \" aria-roledescription=\"slide\" data-date=\"2023-06-04 17:08:40\"><img decoding=\"async\" src=\"https:\/\/simoni.com\/wp-content\/uploads\/2024\/07\/DEP070-b-scaled-1000x1000.jpg\" height=\"1000\" width=\"1000\" alt=\"\" class=\"slider-2213 slide-2248 msDefaultImage\" title=\"DEP070 b\" \/><\/li>\n                <li style=\"display: none; width: 100%;\" class=\"slide-2249 ms-image \" aria-roledescription=\"slide\" data-date=\"2023-06-04 17:08:40\"><img decoding=\"async\" src=\"https:\/\/simoni.com\/wp-content\/uploads\/2023\/06\/Micro-cleaner-Gun_2-1000x1000-1.jpg\" height=\"1000\" width=\"1000\" alt=\"\" class=\"slider-2213 slide-2249 msDefaultImage\" title=\"Micro-cleaner-Gun_2-1000x1000\" \/><\/li>\n            <\/ul>\n        <\/div>\n        \n    <\/div>\n<\/div>\n<p>[\/vc_column_text][\/vc_column][\/vc_row][vc_row css=&#8220;.vc_custom_1644005277886{margin-top: 0px !important;margin-bottom: 0px !important;}&#8220;][vc_column offset=&#8220;vc_hidden-lg vc_hidden-md vc_hidden-xs&#8220;][vc_column_text css=&#8220;.vc_custom_1649065030665{margin-top: 20px !important;}&#8220;]<\/p>\n<h1><strong>Industrielle Staubabscheider<\/strong><\/h1>\n<p>[\/vc_column_text][vc_column_text]<\/p>\n<h3 class=\"p1\">Feel the clean side of it.<\/h3>\n<p><span style=\"font-weight: 400;\">F\u00fcr alle Unternehmen, die eine <strong>pr\u00e4zise, professionelle und effiziente Reinigung<\/strong> Die Oberfl\u00e4chenreinigungssysteme von Simoni sind leistungsf\u00e4higer und zuverl\u00e4ssiger als andere Marken, da sie die besten Technologien in einer einzigen Reinigungsmaschine kombinieren. <strong>ma\u00dfgeschneidert auf die spezifischen Bed\u00fcrfnisse des Kunden<\/strong>und werden nach den historischen Qualit\u00e4tsstandards von Simoni entworfen und hergestellt.<\/span>[\/vc_column_text][vc_btn title=&#8220;Entdecken Sie die Arten von Staubabscheidern&#8220; style=&#8220;outline-custom&#8220; outline_custom_color=&#8220;#001240&#8243; outline_custom_hover_background=&#8220;#001240&#8243; outline_custom_hover_text=&#8220;#ffffff&#8220; shape=&#8220;round&#8220; align=&#8220;left&#8220; i_icon_fontawesome=&#8220;fas fa-chevron-down&#8220; add_icon=&#8220;true&#8220; link=&#8220;url:%23Link_typen|&#8220;][vc_images_carousel images=&#8220;2219,2214,2224,2229,2239,2234&#8243; img_size=&#8220;650&#215;400&#8243; autoplay=&#8220;yes&#8220; el_class=&#8220;immagine-slider&#8220; css=&#8220;.vc_custom_1685891397366{border-radius: 15px !important;}&#8220;][\/vc_column][\/vc_row][\/vc_section][vc_section][vc_row css=&#8220;.vc_custom_1643577249152{margin-bottom: 0px !important;}&#8220;][vc_column][vc_column_text]<\/p>\n<h3 class=\"p1\"><span style=\"color: #001240;\">Spezifikationen<\/span><\/h3>\n<p>[\/vc_column_text][vc_separator css=&#8220;.vc_custom_1643577660031{margin-top: 0px !important;margin-bottom: 16px !important;padding-top: 0px !important;padding-bottom: 0px !important;}&#8220;][vc_column_text]<\/p>\n<h4><b>Allgemeine Informationen<\/b><\/h4>\n<p><span style=\"font-weight: 400;\">In Produktionsprozessen ist es sehr h\u00e4ufig erforderlich, Staub und andere R\u00fcckst\u00e4nde von Arbeitsfl\u00e4chen, insbesondere von ebenen Fl\u00e4chen, zu entfernen. <\/span><\/p>\n<p><span style=\"font-weight: 400;\">Staub, insbesondere Feinstaub, kann sowohl mechanisch als auch elektrostatisch an der Oberfl\u00e4che haften. Im ersten Fall gen\u00fcgt die Wirkung einer B\u00fcrste, w\u00e4hrend im zweiten Fall zus\u00e4tzlich ein Ionisierungssystem erforderlich ist, das elektrostatische Ladungen beseitigt. <strong>Wir haben<\/strong> daher <strong>verschiedene Arten von Staubabscheidern entwickelt<\/strong>, die f\u00fcr unterschiedliche Bed\u00fcrfnisse geeignet sind und alle die M\u00f6glichkeit bieten, <strong>Ionisatoren von Haug<\/strong> zu verwenden, einem f\u00fchrenden deutschen Unternehmen auf dem Gebiet der Antistatik, dessen Exklusivh\u00e4ndler f\u00fcr ganz Italien wir sind. <\/span>[\/vc_column_text][\/vc_column][\/vc_row][\/vc_section][vc_section][vc_row][vc_column][vc_column_text]<\/p>\n<h3 id=\"Link_tipologie\"><\/h3>\n<p>[\/vc_column_text][vc_column_text]<\/p>\n<h3><strong>Arten von Staubabscheidern:<\/strong><\/h3>\n<p>[\/vc_column_text][vc_separator css=&#8220;.vc_custom_1643577647580{margin-top: 0px !important;margin-bottom: 16px !important;padding-top: 0px !important;padding-bottom: 0px !important;}&#8220;][\/vc_column][\/vc_row][vc_row content_placement=&#8220;top&#8220;][vc_column offset=&#8220;vc_hidden-sm&#8220;][vc_basic_grid post_type=&#8220;ids&#8220; item=&#8220;806&#8243; grid_id=&#8220;vc_gid:1685897856798-a6ecbffbaff4adde5efb6bca1e6be40e-1&#8243; include=&#8220;2251, 2294, 2346, 2365, 2386, 2422, 2432&#8243;][\/vc_column][\/vc_row][vc_row][vc_column offset=&#8220;vc_hidden-lg vc_hidden-md vc_hidden-xs&#8220;][vc_basic_grid post_type=&#8220;ids&#8220; element_width=&#8220;6&#8243; item=&#8220;806&#8243; grid_id=&#8220;vc_gid:1685897856809-782557abd7cc2d575ea8998537921d2d-3&#8243; include=&#8220;2251, 2294, 2346, 2365, 2386, 2422, 2432&#8243;][\/vc_column][\/vc_row][\/vc_section][vc_section content_placement=&#8220;middle&#8220; parallax=&#8220;content-moving&#8220; css_animation=&#8220;fadeIn&#8220; css=&#8220;.vc_custom_1644267394219{margin-top: 0px !important;margin-right: 0px !important;margin-bottom: 0px !important;margin-left: 0px !important;padding-top: 10px !important;padding-right: 40px !important;padding-bottom: 10px !important;padding-left: 40px !important;background-color: #fbf3b8 !important;border-radius: 15px !important;}&#8220;][vc_row gap=&#8220;20&#8243; equal_height=&#8220;yes&#8220; content_placement=&#8220;middle&#8220; css=&#8220;.vc_custom_1644267110047{margin-bottom: 0px !important;padding-bottom: 0px !important;}&#8220;][vc_column width=&#8220;2\/3&#8243; css=&#8220;.vc_custom_1644957306598{margin-bottom: 0px !important;padding-bottom: 0px !important;}&#8220; offset=&#8220;vc_hidden-xs&#8220;][vc_column_text]<\/p>\n<h3 id=\"Link_quote\"><span style=\"color: #001240;\">M\u00f6chten Sie ein Angebot anfordern?<\/span><\/h3>\n<p><span style=\"color: #001240;\">Sind Sie an weiteren Informationen interessiert und m\u00f6chten Sie von einem unserer spezialisierten Mitarbeiter kontaktiert werden? <\/span><br \/>\n<span style=\"color: #001240;\">Fordern Sie jetzt Ihr Angebot an<\/span>[\/vc_column_text][vc_btn title=&#8220;F\u00fcllen Sie das Formular aus&#8220; style=&#8220;custom&#8220; custom_background=&#8220;#e30713&#8243; custom_text=&#8220;#ffffff&#8220; shape=&#8220;round&#8220; css=&#8220;.vc_custom_1662926219800{margin-bottom: 0px !important;padding-bottom: 0px !important;}&#8220; link=&#8220;url:https%3A%2F%2Fsimoni.com%2Fdepolveratori%2Frichiesta-offerta%2F|title:Angebot%20anfordern|target:_blank|&#8220;][\/vc_column][vc_column width=&#8220;1\/3&#8243; offset=&#8220;vc_hidden-xs&#8220;][vc_single_image image=&#8220;3&#8243; img_size=&#8220;200&#215;200&#8243; alignment=&#8220;center&#8220; css=&#8220;.vc_custom_1685891175999{padding-top: 35px !important;}&#8220;][\/vc_column][\/vc_row][vc_row gap=&#8220;20&#8243; equal_height=&#8220;yes&#8220; content_placement=&#8220;middle&#8220; css=&#8220;.vc_custom_1644957346659{margin-top: 15px !important;margin-bottom: 15px !important;padding-bottom: 0px !important;}&#8220;][vc_column css=&#8220;.vc_custom_1644957291453{margin-bottom: 0px !important;padding-bottom: 0px !important;}&#8220; offset=&#8220;vc_hidden-lg vc_hidden-md vc_hidden-sm&#8220;][vc_column_text]<\/p>\n<h3 id=\"Link_quote\"><span style=\"color: #001240;\">M\u00f6chten Sie ein Angebot anfordern?<\/span><\/h3>\n<p><span style=\"color: #001240;\">Sind Sie an weiteren Informationen interessiert und m\u00f6chten Sie von einem unserer spezialisierten Mitarbeiter kontaktiert werden? <\/span><br \/>\n<span style=\"color: #001240;\">Fordern Sie jetzt Ihr Angebot an<\/span>[\/vc_column_text][vc_btn title=&#8220;F\u00fcllen Sie das Formular aus&#8220; style=&#8220;custom&#8220; custom_background=&#8220;#e30713&#8243; custom_text=&#8220;#ffffff&#8220; shape=&#8220;round&#8220; css=&#8220;.vc_custom_1662926234982{margin-bottom: 0px !important;padding-bottom: 0px !important;}&#8220; link=&#8220;url:https%3A%2F%2Fsimoni.com%2Fdepolveratori%2Frichiesta-offerta%2F|title:Staubabscheider|target:_blank|&#8220;][\/vc_column][\/vc_row][\/vc_section][vc_row][vc_column][vc_empty_space height=&#8220;50px&#8220;][\/vc_column][\/vc_row]<\/p>\n<\/section>","protected":false},"excerpt":{"rendered":"<p>[vc_section][vc_row css=&#8220;.vc_custom_1644004969154{margin-top: 15px !important;margin-bottom: 0px !important;}&#8220;][vc_column width=&#8220;1\/2&#8243; offset=&#8220;vc_hidden-sm&#8220;][vc_column_text css=&#8220;.vc_custom_1649064985554{margin-top: 40px !important;}&#8220;] Industrielle Staubabscheider [\/vc_column_text][vc_column_text] Feel the clean side of it F\u00fcr alle Unternehmen, die eine pr\u00e4zise,<span class=\"excerpt-hellip\"> [\u2026]<\/span><\/p>\n","protected":false},"author":1,"featured_media":0,"parent":0,"menu_order":0,"comment_status":"closed","ping_status":"closed","template":"","meta":{"footnotes":""},"class_list":["post-4435","page","type-page","status-publish","hentry"],"yoast_head":"<!-- This site is optimized with the Yoast SEO plugin v25.6 - https:\/\/yoast.com\/wordpress\/plugins\/seo\/ -->\n<title>Industrielle Staubabscheider - Simoni s.r.l.<\/title>\n<meta name=\"robots\" content=\"index, follow, max-snippet:-1, max-image-preview:large, max-video-preview:-1\" \/>\n<link rel=\"canonical\" href=\"https:\/\/simoni.com\/de\/industrielle-staubabscheider\/\" \/>\n<meta property=\"og:locale\" content=\"de_DE\" \/>\n<meta property=\"og:type\" content=\"article\" \/>\n<meta property=\"og:title\" content=\"Industrielle Staubabscheider - Simoni s.r.l.\" \/>\n<meta property=\"og:description\" content=\"[vc_section][vc_row css=&#8220;.vc_custom_1644004969154{margin-top: 15px !important;margin-bottom: 0px !important;}&#8220;][vc_column width=&#8220;1\/2&#8243; offset=&#8220;vc_hidden-sm&#8220;][vc_column_text css=&#8220;.vc_custom_1649064985554{margin-top: 40px !important;}&#8220;] Industrielle Staubabscheider [\/vc_column_text][vc_column_text] Feel the clean side of it F\u00fcr alle Unternehmen, die eine pr\u00e4zise, [\u2026]\" \/>\n<meta property=\"og:url\" content=\"https:\/\/simoni.com\/de\/industrielle-staubabscheider\/\" \/>\n<meta property=\"og:site_name\" content=\"Simoni s.r.l.\" \/>\n<meta property=\"article:publisher\" content=\"https:\/\/www.facebook.com\/people\/Simoni-srl\/100049145208660\/?ref=tn_tnmn\" \/>\n<meta property=\"article:modified_time\" content=\"2025-07-23T14:45:57+00:00\" \/>\n<meta name=\"twitter:card\" content=\"summary_large_image\" \/>\n<meta name=\"twitter:label1\" content=\"Gesch\u00e4tzte Lesezeit\" \/>\n\t<meta name=\"twitter:data1\" content=\"3\u00a0Minuten\" \/>\n<script type=\"application\/ld+json\" class=\"yoast-schema-graph\">{\"@context\":\"https:\/\/schema.org\",\"@graph\":[{\"@type\":\"WebPage\",\"@id\":\"https:\/\/simoni.com\/de\/industrielle-staubabscheider\/\",\"url\":\"https:\/\/simoni.com\/de\/industrielle-staubabscheider\/\",\"name\":\"Industrielle Staubabscheider - Simoni s.r.l.\",\"isPartOf\":{\"@id\":\"https:\/\/simoni.com\/#website\"},\"datePublished\":\"2023-06-04T15:03:46+00:00\",\"dateModified\":\"2025-07-23T14:45:57+00:00\",\"breadcrumb\":{\"@id\":\"https:\/\/simoni.com\/de\/industrielle-staubabscheider\/#breadcrumb\"},\"inLanguage\":\"de\",\"potentialAction\":[{\"@type\":\"ReadAction\",\"target\":[\"https:\/\/simoni.com\/de\/industrielle-staubabscheider\/\"]}]},{\"@type\":\"BreadcrumbList\",\"@id\":\"https:\/\/simoni.com\/de\/industrielle-staubabscheider\/#breadcrumb\",\"itemListElement\":[{\"@type\":\"ListItem\",\"position\":1,\"name\":\"Home\",\"item\":\"https:\/\/simoni.com\/de\/\"},{\"@type\":\"ListItem\",\"position\":2,\"name\":\"Industrielle Staubabscheider\"}]},{\"@type\":\"WebSite\",\"@id\":\"https:\/\/simoni.com\/#website\",\"url\":\"https:\/\/simoni.com\/\",\"name\":\"Simoni s.r.l.\",\"description\":\"From brushes to cleaning systems since 1830\",\"publisher\":{\"@id\":\"https:\/\/simoni.com\/#organization\"},\"potentialAction\":[{\"@type\":\"SearchAction\",\"target\":{\"@type\":\"EntryPoint\",\"urlTemplate\":\"https:\/\/simoni.com\/?s={search_term_string}\"},\"query-input\":{\"@type\":\"PropertyValueSpecification\",\"valueRequired\":true,\"valueName\":\"search_term_string\"}}],\"inLanguage\":\"de\"},{\"@type\":\"Organization\",\"@id\":\"https:\/\/simoni.com\/#organization\",\"name\":\"Simoni s.r.l.\",\"url\":\"https:\/\/simoni.com\/\",\"logo\":{\"@type\":\"ImageObject\",\"inLanguage\":\"de\",\"@id\":\"https:\/\/simoni.com\/#\/schema\/logo\/image\/\",\"url\":\"https:\/\/simoni.com\/wp-content\/uploads\/2023\/05\/logo-completo-300x93-1.png\",\"contentUrl\":\"https:\/\/simoni.com\/wp-content\/uploads\/2023\/05\/logo-completo-300x93-1.png\",\"width\":300,\"height\":93,\"caption\":\"Simoni s.r.l.\"},\"image\":{\"@id\":\"https:\/\/simoni.com\/#\/schema\/logo\/image\/\"},\"sameAs\":[\"https:\/\/www.facebook.com\/people\/Simoni-srl\/100049145208660\/?ref=tn_tnmn\",\"https:\/\/www.youtube.com\/channel\/UCme_poqaWKouYeYnmn0csOg\",\"https:\/\/www.linkedin.com\/company\/simonispazzoleindustriali\/\"]}]}<\/script>\n<!-- \/ Yoast SEO plugin. -->","yoast_head_json":{"title":"Industrielle Staubabscheider - Simoni s.r.l.","robots":{"index":"index","follow":"follow","max-snippet":"max-snippet:-1","max-image-preview":"max-image-preview:large","max-video-preview":"max-video-preview:-1"},"canonical":"https:\/\/simoni.com\/de\/industrielle-staubabscheider\/","og_locale":"de_DE","og_type":"article","og_title":"Industrielle Staubabscheider - Simoni s.r.l.","og_description":"[vc_section][vc_row css=&#8220;.vc_custom_1644004969154{margin-top: 15px !important;margin-bottom: 0px !important;}&#8220;][vc_column width=&#8220;1\/2&#8243; offset=&#8220;vc_hidden-sm&#8220;][vc_column_text css=&#8220;.vc_custom_1649064985554{margin-top: 40px !important;}&#8220;] Industrielle Staubabscheider [\/vc_column_text][vc_column_text] Feel the clean side of it F\u00fcr alle Unternehmen, die eine pr\u00e4zise, [\u2026]","og_url":"https:\/\/simoni.com\/de\/industrielle-staubabscheider\/","og_site_name":"Simoni s.r.l.","article_publisher":"https:\/\/www.facebook.com\/people\/Simoni-srl\/100049145208660\/?ref=tn_tnmn","article_modified_time":"2025-07-23T14:45:57+00:00","twitter_card":"summary_large_image","twitter_misc":{"Gesch\u00e4tzte Lesezeit":"3\u00a0Minuten"},"schema":{"@context":"https:\/\/schema.org","@graph":[{"@type":"WebPage","@id":"https:\/\/simoni.com\/de\/industrielle-staubabscheider\/","url":"https:\/\/simoni.com\/de\/industrielle-staubabscheider\/","name":"Industrielle Staubabscheider - Simoni s.r.l.","isPartOf":{"@id":"https:\/\/simoni.com\/#website"},"datePublished":"2023-06-04T15:03:46+00:00","dateModified":"2025-07-23T14:45:57+00:00","breadcrumb":{"@id":"https:\/\/simoni.com\/de\/industrielle-staubabscheider\/#breadcrumb"},"inLanguage":"de","potentialAction":[{"@type":"ReadAction","target":["https:\/\/simoni.com\/de\/industrielle-staubabscheider\/"]}]},{"@type":"BreadcrumbList","@id":"https:\/\/simoni.com\/de\/industrielle-staubabscheider\/#breadcrumb","itemListElement":[{"@type":"ListItem","position":1,"name":"Home","item":"https:\/\/simoni.com\/de\/"},{"@type":"ListItem","position":2,"name":"Industrielle Staubabscheider"}]},{"@type":"WebSite","@id":"https:\/\/simoni.com\/#website","url":"https:\/\/simoni.com\/","name":"Simoni s.r.l.","description":"From brushes to cleaning systems since 1830","publisher":{"@id":"https:\/\/simoni.com\/#organization"},"potentialAction":[{"@type":"SearchAction","target":{"@type":"EntryPoint","urlTemplate":"https:\/\/simoni.com\/?s={search_term_string}"},"query-input":{"@type":"PropertyValueSpecification","valueRequired":true,"valueName":"search_term_string"}}],"inLanguage":"de"},{"@type":"Organization","@id":"https:\/\/simoni.com\/#organization","name":"Simoni s.r.l.","url":"https:\/\/simoni.com\/","logo":{"@type":"ImageObject","inLanguage":"de","@id":"https:\/\/simoni.com\/#\/schema\/logo\/image\/","url":"https:\/\/simoni.com\/wp-content\/uploads\/2023\/05\/logo-completo-300x93-1.png","contentUrl":"https:\/\/simoni.com\/wp-content\/uploads\/2023\/05\/logo-completo-300x93-1.png","width":300,"height":93,"caption":"Simoni s.r.l."},"image":{"@id":"https:\/\/simoni.com\/#\/schema\/logo\/image\/"},"sameAs":["https:\/\/www.facebook.com\/people\/Simoni-srl\/100049145208660\/?ref=tn_tnmn","https:\/\/www.youtube.com\/channel\/UCme_poqaWKouYeYnmn0csOg","https:\/\/www.linkedin.com\/company\/simonispazzoleindustriali\/"]}]}},"_links":{"self":[{"href":"https:\/\/simoni.com\/de\/wp-json\/wp\/v2\/pages\/4435","targetHints":{"allow":["GET"]}}],"collection":[{"href":"https:\/\/simoni.com\/de\/wp-json\/wp\/v2\/pages"}],"about":[{"href":"https:\/\/simoni.com\/de\/wp-json\/wp\/v2\/types\/page"}],"author":[{"embeddable":true,"href":"https:\/\/simoni.com\/de\/wp-json\/wp\/v2\/users\/1"}],"replies":[{"embeddable":true,"href":"https:\/\/simoni.com\/de\/wp-json\/wp\/v2\/comments?post=4435"}],"version-history":[{"count":6,"href":"https:\/\/simoni.com\/de\/wp-json\/wp\/v2\/pages\/4435\/revisions"}],"predecessor-version":[{"id":5638,"href":"https:\/\/simoni.com\/de\/wp-json\/wp\/v2\/pages\/4435\/revisions\/5638"}],"wp:attachment":[{"href":"https:\/\/simoni.com\/de\/wp-json\/wp\/v2\/media?parent=4435"}],"curies":[{"name":"wp","href":"https:\/\/api.w.org\/{rel}","templated":true}]}}