{"id":4490,"date":"2023-06-05T21:49:53","date_gmt":"2023-06-05T19:49:53","guid":{"rendered":"https:\/\/simoni.com\/orientierungshilfen\/"},"modified":"2025-07-23T16:46:57","modified_gmt":"2025-07-23T14:46:57","slug":"mechanische-orientierungshilfen","status":"publish","type":"page","link":"https:\/\/simoni.com\/de\/mechanische-orientierungshilfen\/","title":{"rendered":"Mechanische Orientierungshilfen"},"content":{"rendered":"<section class=\"wpb-content-wrapper\"><p>[vc_section][vc_row css=&#8220;.vc_custom_1644004969154{margin-top: 15px !important;margin-bottom: 0px !important;}&#8220;][vc_column width=&#8220;1\/2&#8243; offset=&#8220;vc_hidden-sm&#8220;][vc_column_text css=&#8220;.vc_custom_1647785352170{margin-top: 40px !important;}&#8220;]<\/p>\n<h1 class=\"p1\"><span style=\"color: #001240;\">Mechanische Orientierungshilfen<\/span><\/h1>\n<p>[\/vc_column_text][vc_column_text]<\/p>\n<p class=\"p1\"><span style=\"font-weight: 400;\">Auf der Grundlage einer \u00e4u\u00dferst gr\u00fcndlichen Kenntnis der B\u00fcrsten und ihrer technischen Eigenschaften haben wir interessante Anwendungen entwickelt, mit denen Objekte wie Flaschenkappen, Kaffeekapseln, Vorformlinge, Flaschen, Filterscheiben usw. ausgerichtet werden k\u00f6nnen.<\/span><\/p>\n<p>[\/vc_column_text][vc_btn title=&#8220;Entdecken Sie die Arten von Orientierungshilfen&#8220; style=&#8220;outline-custom&#8220; outline_custom_color=&#8220;#001240&#8243; outline_custom_hover_background=&#8220;#001240&#8243; outline_custom_hover_text=&#8220;#ffffff&#8220; shape=&#8220;round&#8220; align=&#8220;left&#8220; i_icon_fontawesome=&#8220;fas fa-chevron-down&#8220; add_icon=&#8220;true&#8220; link=&#8220;url:%23Link_typen|&#8220;][\/vc_column][vc_column width=&#8220;1\/2&#8243; css=&#8220;.vc_custom_1644005205679{margin-top: 20px !important;}&#8220; offset=&#8220;vc_hidden-sm&#8220;][vc_column_text]<div id=\"metaslider-id-2673\" style=\"width: 100%;\" class=\"ml-slider-3-100-1 metaslider metaslider-flex metaslider-2673 ml-slider ms-theme-default\" role=\"region\" aria-label=\"Orientatori\" data-height=\"1000\" data-width=\"1000\">\n    <div id=\"metaslider_container_2673\">\n        <div id=\"metaslider_2673\">\n            <ul class='slides'>\n                <li style=\"display: block; width: 100%;\" class=\"slide-2680 ms-image \" aria-roledescription=\"slide\" data-date=\"2023-06-05 22:48:26\"><img decoding=\"async\" src=\"https:\/\/simoni.com\/wp-content\/uploads\/2023\/06\/SORT-RAIL-BM1-1024x640-1-640x640.jpg\" height=\"1000\" width=\"1000\" alt=\"\" class=\"slider-2673 slide-2680 msDefaultImage\" title=\"SORT-RAIL-BM1-1024x640\" \/><\/li>\n                <li style=\"display: none; width: 100%;\" class=\"slide-2681 ms-image \" aria-roledescription=\"slide\" data-date=\"2023-06-05 22:48:31\"><img decoding=\"async\" src=\"https:\/\/simoni.com\/wp-content\/uploads\/2023\/06\/SORT-RAIL_opem1mod1-762x762.jpg\" height=\"1000\" width=\"1000\" alt=\"\" class=\"slider-2673 slide-2681 msDefaultImage\" title=\"SORT-RAIL_opem1mod1\" \/><\/li>\n                <li style=\"display: none; width: 100%;\" class=\"slide-2682 ms-image \" aria-roledescription=\"slide\" data-date=\"2023-06-05 22:48:39\"><img decoding=\"async\" src=\"https:\/\/simoni.com\/wp-content\/uploads\/2023\/06\/SORT-CAP00148-1024x683-1-683x683.jpg\" height=\"1000\" width=\"1000\" alt=\"\" class=\"slider-2673 slide-2682 msDefaultImage\" title=\"SORT-CAP00148-1024x683\" \/><\/li>\n                <li style=\"display: none; width: 100%;\" class=\"slide-2683 ms-image \" aria-roledescription=\"slide\" data-date=\"2023-06-05 22:48:47\"><img decoding=\"async\" src=\"https:\/\/simoni.com\/wp-content\/uploads\/2023\/06\/SORT-R_2-1024x683-1-683x683.jpg\" height=\"1000\" width=\"1000\" alt=\"\" class=\"slider-2673 slide-2683 msDefaultImage\" title=\"SORT-R_2-1024x683\" \/><\/li>\n                <li style=\"display: none; width: 100%;\" class=\"slide-2684 ms-image \" aria-roledescription=\"slide\" data-date=\"2023-06-05 22:48:57\"><img decoding=\"async\" src=\"https:\/\/simoni.com\/wp-content\/uploads\/2023\/06\/SORT-L_-1024x683-1-683x683.jpg\" height=\"1000\" width=\"1000\" alt=\"\" class=\"slider-2673 slide-2684 msDefaultImage\" title=\"SORT-L_-1024x683\" \/><\/li>\n            <\/ul>\n        <\/div>\n        \n    <\/div>\n<\/div>[\/vc_column_text][\/vc_column][\/vc_row][vc_row css=&#8220;.vc_custom_1644005277886{margin-top: 0px !important;margin-bottom: 0px !important;}&#8220;][vc_column offset=&#8220;vc_hidden-lg vc_hidden-md vc_hidden-xs&#8220;][vc_column_text css=&#8220;.vc_custom_1647356577806{margin-top: 20px !important;}&#8220;]<\/p>\n<h1>Mechanische Orientierungshilfen<\/h1>\n<p>[\/vc_column_text][vc_column_text]<\/p>\n<p class=\"p1\"><span style=\"font-weight: 400;\">Auf der Grundlage einer \u00e4u\u00dferst gr\u00fcndlichen Kenntnis der B\u00fcrsten und ihrer technischen Eigenschaften haben wir interessante Anwendungen entwickelt, mit denen Objekte wie Flaschenkappen, Kaffeekapseln, Vorformlinge, Flaschen, Filterscheiben usw. ausgerichtet werden k\u00f6nnen.<\/span><\/p>\n<p>[\/vc_column_text][vc_btn title=&#8220;Entdecken Sie die Arten von Orientierungshilfen&#8220; style=&#8220;outline-custom&#8220; outline_custom_color=&#8220;#001240&#8243; outline_custom_hover_background=&#8220;#001240&#8243; outline_custom_hover_text=&#8220;#ffffff&#8220; shape=&#8220;round&#8220; align=&#8220;left&#8220; i_icon_fontawesome=&#8220;fas fa-chevron-down&#8220; add_icon=&#8220;true&#8220; link=&#8220;url:%23Link_typen|&#8220;][vc_images_carousel images=&#8220;2549,2539,2570,2581,2609&#8243; img_size=&#8220;650&#215;400&#8243; autoplay=&#8220;yes&#8220; el_class=&#8220;immagine-slider&#8220; css=&#8220;.vc_custom_1685998218380{border-radius: 15px !important;}&#8220;][\/vc_column][\/vc_row][\/vc_section][vc_section][vc_row css=&#8220;.vc_custom_1643577249152{margin-bottom: 0px !important;}&#8220;][vc_column][vc_column_text]<\/p>\n<h3><\/h3>\n<h3 class=\"p1\"><span style=\"color: #001240;\">Warum sollten Sie unsere Orientierungsl\u00e4ufer w\u00e4hlen?<\/span><\/h3>\n<p>[\/vc_column_text][vc_separator css=&#8220;.vc_custom_1643577660031{margin-top: 0px !important;margin-bottom: 16px !important;padding-top: 0px !important;padding-bottom: 0px !important;}&#8220;][vc_column_text]<span style=\"font-weight: 400;\">Die <strong>Vorteile<\/strong> gegen\u00fcber dem traditionellen Orientierungslauf sind: <\/span><\/p>\n<ul>\n<li><span style=\"color: #001240;\"> breiter Produktivit\u00e4tsbereich, von der niedrigsten bis zur h\u00f6chsten Stufe, mit der M\u00f6glichkeit der Produktausgabe auf mehreren Spuren <\/span><\/li>\n<li><span style=\"color: #001240;\"> mechanische Verstellung mit einfacher Gr\u00f6\u00dfenumstellung <\/span><\/li>\n<li><span style=\"color: #001240;\"> geringes Rauschen <\/span><\/li>\n<li><span style=\"color: #001240;\"> kein Verbrauch von Druckluft und keine Vibrationen <\/span><\/li>\n<li><span style=\"color: #001240;\"> extrem kompaktes Layout mit erheblicher Platzersparnis <\/span><\/li>\n<li><span style=\"color: #001240;\"> schonende Behandlung der Teile, ohne dass die Gefahr besteht, sie zu zerbrechen oder zu besch\u00e4digen. Unsere Ausrichter sind in der Regel die erste Station in einer komplexen Abf\u00fcll- und Verpackungslinie.<\/span><\/li>\n<\/ul>\n<p>[\/vc_column_text][\/vc_column][\/vc_row][\/vc_section][vc_section][vc_row][vc_column][vc_column_text]<\/p>\n<h3 id=\"Link_tipologie\"><\/h3>\n<p>[\/vc_column_text][vc_column_text]<\/p>\n<h3>Arten von Orientierungshilfen:<\/h3>\n<p>[\/vc_column_text][vc_separator css=&#8220;.vc_custom_1643577647580{margin-top: 0px !important;margin-bottom: 16px !important;padding-top: 0px !important;padding-bottom: 0px !important;}&#8220;][\/vc_column][\/vc_row][vc_row content_placement=&#8220;top&#8220;][vc_column offset=&#8220;vc_hidden-sm&#8220;][vc_basic_grid post_type=&#8220;ids&#8220; item=&#8220;806&#8243; grid_id=&#8220;vc_gid:1685997770284-87127d6395f7c0396d329ff283d98e22-10&#8243; include=&#8220;2479, 2532, 2557, 2579, 2605&#8243;][\/vc_column][\/vc_row][vc_row][vc_column offset=&#8220;vc_hidden-lg vc_hidden-md vc_hidden-xs&#8220;][vc_basic_grid post_type=&#8220;ids&#8220; element_width=&#8220;6&#8243; item=&#8220;806&#8243; grid_id=&#8220;vc_gid:1685997770295-5cda2d57cd15282c85582736c1f09ea7-3&#8243; include=&#8220;2479, 2532, 2557, 2579, 2605&#8243;][\/vc_column][\/vc_row][\/vc_section][vc_section content_placement=&#8220;middle&#8220; parallax=&#8220;content-moving&#8220; css_animation=&#8220;fadeIn&#8220; css=&#8220;.vc_custom_1644267394219{margin-top: 0px !important;margin-right: 0px !important;margin-bottom: 0px !important;margin-left: 0px !important;padding-top: 10px !important;padding-right: 40px !important;padding-bottom: 10px !important;padding-left: 40px !important;background-color: #fbf3b8 !important;border-radius: 15px !important;}&#8220;][vc_row gap=&#8220;20&#8243; equal_height=&#8220;yes&#8220; content_placement=&#8220;middle&#8220; css=&#8220;.vc_custom_1644267110047{margin-bottom: 0px !important;padding-bottom: 0px !important;}&#8220;][vc_column width=&#8220;2\/3&#8243; css=&#8220;.vc_custom_1644957306598{margin-bottom: 0px !important;padding-bottom: 0px !important;}&#8220; offset=&#8220;vc_hidden-xs&#8220;][vc_column_text]<\/p>\n<h3 id=\"Link_quote\"><span style=\"color: #001240;\">M\u00f6chten Sie ein Angebot anfordern?<\/span><\/h3>\n<p><span style=\"color: #001240;\">Sind Sie an weiteren Informationen interessiert und m\u00f6chten Sie von einem unserer spezialisierten Mitarbeiter kontaktiert werden? <\/span><br \/>\n<span style=\"color: #001240;\">Fordern Sie jetzt Ihr Angebot an<\/span>[\/vc_column_text][vc_btn title=&#8220;F\u00fcllen Sie das Formular aus&#8220; style=&#8220;custom&#8220; custom_background=&#8220;#e30713&#8243; custom_text=&#8220;#ffffff&#8220; shape=&#8220;round&#8220; css=&#8220;.vc_custom_1685997827138{margin-bottom: 0px !important;padding-bottom: 0px !important;}&#8220; link=&#8220;url:https%3A%2F%2Fsimoni.com%2Forientatori%2Frichiesta-offerta%2F|title:Angebot%20anfordern|target:_blank|&#8220;][\/vc_column][vc_column width=&#8220;1\/3&#8243; offset=&#8220;vc_hidden-xs&#8220;][vc_single_image image=&#8220;3&#8243; img_size=&#8220;200&#215;200&#8243; alignment=&#8220;center&#8220; css=&#8220;.vc_custom_1685997815106{padding-top: 35px !important;}&#8220;][\/vc_column][\/vc_row][vc_row gap=&#8220;20&#8243; equal_height=&#8220;yes&#8220; content_placement=&#8220;middle&#8220; css=&#8220;.vc_custom_1644957346659{margin-top: 15px !important;margin-bottom: 15px !important;padding-bottom: 0px !important;}&#8220;][vc_column css=&#8220;.vc_custom_1644957291453{margin-bottom: 0px !important;padding-bottom: 0px !important;}&#8220; offset=&#8220;vc_hidden-lg vc_hidden-md vc_hidden-sm&#8220;][vc_column_text]<\/p>\n<h3 id=\"Link_quote\"><span style=\"color: #001240;\">M\u00f6chten Sie ein Angebot anfordern?<\/span><\/h3>\n<p><span style=\"color: #001240;\">Sind Sie an weiteren Informationen interessiert und m\u00f6chten Sie von einem unserer spezialisierten Mitarbeiter kontaktiert werden? <\/span><br \/>\n<span style=\"color: #001240;\">Fordern Sie jetzt Ihr Angebot an<\/span>[\/vc_column_text][vc_btn title=&#8220;F\u00fcllen Sie das Formular aus&#8220; style=&#8220;custom&#8220; custom_background=&#8220;#e30713&#8243; custom_text=&#8220;#ffffff&#8220; shape=&#8220;round&#8220; css=&#8220;.vc_custom_1685997840080{margin-bottom: 0px !important;padding-bottom: 0px !important;}&#8220; link=&#8220;url:https%3A%2F%2Fsimoni.com%2Forientatori%2Frichiesta-offerta%2F|title:Angebot%20anfordern|&#8220;][\/vc_column][\/vc_row][\/vc_section][vc_row][vc_column][vc_empty_space height=&#8220;50px&#8220;][\/vc_column][\/vc_row]<\/p>\n<\/section>","protected":false},"excerpt":{"rendered":"<p>[vc_section][vc_row css=&#8220;.vc_custom_1644004969154{margin-top: 15px !important;margin-bottom: 0px !important;}&#8220;][vc_column width=&#8220;1\/2&#8243; offset=&#8220;vc_hidden-sm&#8220;][vc_column_text css=&#8220;.vc_custom_1647785352170{margin-top: 40px !important;}&#8220;] Mechanische Orientierungshilfen [\/vc_column_text][vc_column_text] Auf der Grundlage einer \u00e4u\u00dferst gr\u00fcndlichen Kenntnis der B\u00fcrsten und ihrer technischen<span class=\"excerpt-hellip\"> [\u2026]<\/span><\/p>\n","protected":false},"author":1,"featured_media":0,"parent":0,"menu_order":0,"comment_status":"closed","ping_status":"closed","template":"","meta":{"footnotes":""},"class_list":["post-4490","page","type-page","status-publish","hentry"],"yoast_head":"<!-- This site is optimized with the Yoast SEO plugin v25.6 - https:\/\/yoast.com\/wordpress\/plugins\/seo\/ -->\n<title>Mechanische Orientierungshilfen - Simoni s.r.l.<\/title>\n<meta name=\"robots\" content=\"index, follow, max-snippet:-1, max-image-preview:large, max-video-preview:-1\" \/>\n<link rel=\"canonical\" href=\"https:\/\/simoni.com\/de\/mechanische-orientierungshilfen\/\" \/>\n<meta property=\"og:locale\" content=\"de_DE\" \/>\n<meta property=\"og:type\" content=\"article\" \/>\n<meta property=\"og:title\" content=\"Mechanische Orientierungshilfen - Simoni s.r.l.\" \/>\n<meta property=\"og:description\" content=\"[vc_section][vc_row css=&#8220;.vc_custom_1644004969154{margin-top: 15px !important;margin-bottom: 0px !important;}&#8220;][vc_column width=&#8220;1\/2&#8243; offset=&#8220;vc_hidden-sm&#8220;][vc_column_text css=&#8220;.vc_custom_1647785352170{margin-top: 40px !important;}&#8220;] Mechanische Orientierungshilfen [\/vc_column_text][vc_column_text] Auf der Grundlage einer \u00e4u\u00dferst gr\u00fcndlichen Kenntnis der B\u00fcrsten und ihrer technischen [\u2026]\" \/>\n<meta property=\"og:url\" content=\"https:\/\/simoni.com\/de\/mechanische-orientierungshilfen\/\" \/>\n<meta property=\"og:site_name\" content=\"Simoni s.r.l.\" \/>\n<meta property=\"article:publisher\" content=\"https:\/\/www.facebook.com\/people\/Simoni-srl\/100049145208660\/?ref=tn_tnmn\" \/>\n<meta property=\"article:modified_time\" content=\"2025-07-23T14:46:57+00:00\" \/>\n<meta name=\"twitter:card\" content=\"summary_large_image\" \/>\n<meta name=\"twitter:label1\" content=\"Gesch\u00e4tzte Lesezeit\" \/>\n\t<meta name=\"twitter:data1\" content=\"3\u00a0Minuten\" \/>\n<script type=\"application\/ld+json\" class=\"yoast-schema-graph\">{\"@context\":\"https:\/\/schema.org\",\"@graph\":[{\"@type\":\"WebPage\",\"@id\":\"https:\/\/simoni.com\/de\/mechanische-orientierungshilfen\/\",\"url\":\"https:\/\/simoni.com\/de\/mechanische-orientierungshilfen\/\",\"name\":\"Mechanische Orientierungshilfen - Simoni s.r.l.\",\"isPartOf\":{\"@id\":\"https:\/\/simoni.com\/#website\"},\"datePublished\":\"2023-06-05T19:49:53+00:00\",\"dateModified\":\"2025-07-23T14:46:57+00:00\",\"breadcrumb\":{\"@id\":\"https:\/\/simoni.com\/de\/mechanische-orientierungshilfen\/#breadcrumb\"},\"inLanguage\":\"de\",\"potentialAction\":[{\"@type\":\"ReadAction\",\"target\":[\"https:\/\/simoni.com\/de\/mechanische-orientierungshilfen\/\"]}]},{\"@type\":\"BreadcrumbList\",\"@id\":\"https:\/\/simoni.com\/de\/mechanische-orientierungshilfen\/#breadcrumb\",\"itemListElement\":[{\"@type\":\"ListItem\",\"position\":1,\"name\":\"Home\",\"item\":\"https:\/\/simoni.com\/de\/\"},{\"@type\":\"ListItem\",\"position\":2,\"name\":\"Mechanische Orientierungshilfen\"}]},{\"@type\":\"WebSite\",\"@id\":\"https:\/\/simoni.com\/#website\",\"url\":\"https:\/\/simoni.com\/\",\"name\":\"Simoni s.r.l.\",\"description\":\"From brushes to cleaning systems since 1830\",\"publisher\":{\"@id\":\"https:\/\/simoni.com\/#organization\"},\"potentialAction\":[{\"@type\":\"SearchAction\",\"target\":{\"@type\":\"EntryPoint\",\"urlTemplate\":\"https:\/\/simoni.com\/?s={search_term_string}\"},\"query-input\":{\"@type\":\"PropertyValueSpecification\",\"valueRequired\":true,\"valueName\":\"search_term_string\"}}],\"inLanguage\":\"de\"},{\"@type\":\"Organization\",\"@id\":\"https:\/\/simoni.com\/#organization\",\"name\":\"Simoni s.r.l.\",\"url\":\"https:\/\/simoni.com\/\",\"logo\":{\"@type\":\"ImageObject\",\"inLanguage\":\"de\",\"@id\":\"https:\/\/simoni.com\/#\/schema\/logo\/image\/\",\"url\":\"https:\/\/simoni.com\/wp-content\/uploads\/2023\/05\/logo-completo-300x93-1.png\",\"contentUrl\":\"https:\/\/simoni.com\/wp-content\/uploads\/2023\/05\/logo-completo-300x93-1.png\",\"width\":300,\"height\":93,\"caption\":\"Simoni s.r.l.\"},\"image\":{\"@id\":\"https:\/\/simoni.com\/#\/schema\/logo\/image\/\"},\"sameAs\":[\"https:\/\/www.facebook.com\/people\/Simoni-srl\/100049145208660\/?ref=tn_tnmn\",\"https:\/\/www.youtube.com\/channel\/UCme_poqaWKouYeYnmn0csOg\",\"https:\/\/www.linkedin.com\/company\/simonispazzoleindustriali\/\"]}]}<\/script>\n<!-- \/ Yoast SEO plugin. -->","yoast_head_json":{"title":"Mechanische Orientierungshilfen - Simoni s.r.l.","robots":{"index":"index","follow":"follow","max-snippet":"max-snippet:-1","max-image-preview":"max-image-preview:large","max-video-preview":"max-video-preview:-1"},"canonical":"https:\/\/simoni.com\/de\/mechanische-orientierungshilfen\/","og_locale":"de_DE","og_type":"article","og_title":"Mechanische Orientierungshilfen - Simoni s.r.l.","og_description":"[vc_section][vc_row css=&#8220;.vc_custom_1644004969154{margin-top: 15px !important;margin-bottom: 0px !important;}&#8220;][vc_column width=&#8220;1\/2&#8243; offset=&#8220;vc_hidden-sm&#8220;][vc_column_text css=&#8220;.vc_custom_1647785352170{margin-top: 40px !important;}&#8220;] Mechanische Orientierungshilfen [\/vc_column_text][vc_column_text] Auf der Grundlage einer \u00e4u\u00dferst gr\u00fcndlichen Kenntnis der B\u00fcrsten und ihrer technischen [\u2026]","og_url":"https:\/\/simoni.com\/de\/mechanische-orientierungshilfen\/","og_site_name":"Simoni s.r.l.","article_publisher":"https:\/\/www.facebook.com\/people\/Simoni-srl\/100049145208660\/?ref=tn_tnmn","article_modified_time":"2025-07-23T14:46:57+00:00","twitter_card":"summary_large_image","twitter_misc":{"Gesch\u00e4tzte Lesezeit":"3\u00a0Minuten"},"schema":{"@context":"https:\/\/schema.org","@graph":[{"@type":"WebPage","@id":"https:\/\/simoni.com\/de\/mechanische-orientierungshilfen\/","url":"https:\/\/simoni.com\/de\/mechanische-orientierungshilfen\/","name":"Mechanische Orientierungshilfen - Simoni s.r.l.","isPartOf":{"@id":"https:\/\/simoni.com\/#website"},"datePublished":"2023-06-05T19:49:53+00:00","dateModified":"2025-07-23T14:46:57+00:00","breadcrumb":{"@id":"https:\/\/simoni.com\/de\/mechanische-orientierungshilfen\/#breadcrumb"},"inLanguage":"de","potentialAction":[{"@type":"ReadAction","target":["https:\/\/simoni.com\/de\/mechanische-orientierungshilfen\/"]}]},{"@type":"BreadcrumbList","@id":"https:\/\/simoni.com\/de\/mechanische-orientierungshilfen\/#breadcrumb","itemListElement":[{"@type":"ListItem","position":1,"name":"Home","item":"https:\/\/simoni.com\/de\/"},{"@type":"ListItem","position":2,"name":"Mechanische Orientierungshilfen"}]},{"@type":"WebSite","@id":"https:\/\/simoni.com\/#website","url":"https:\/\/simoni.com\/","name":"Simoni s.r.l.","description":"From brushes to cleaning systems since 1830","publisher":{"@id":"https:\/\/simoni.com\/#organization"},"potentialAction":[{"@type":"SearchAction","target":{"@type":"EntryPoint","urlTemplate":"https:\/\/simoni.com\/?s={search_term_string}"},"query-input":{"@type":"PropertyValueSpecification","valueRequired":true,"valueName":"search_term_string"}}],"inLanguage":"de"},{"@type":"Organization","@id":"https:\/\/simoni.com\/#organization","name":"Simoni s.r.l.","url":"https:\/\/simoni.com\/","logo":{"@type":"ImageObject","inLanguage":"de","@id":"https:\/\/simoni.com\/#\/schema\/logo\/image\/","url":"https:\/\/simoni.com\/wp-content\/uploads\/2023\/05\/logo-completo-300x93-1.png","contentUrl":"https:\/\/simoni.com\/wp-content\/uploads\/2023\/05\/logo-completo-300x93-1.png","width":300,"height":93,"caption":"Simoni s.r.l."},"image":{"@id":"https:\/\/simoni.com\/#\/schema\/logo\/image\/"},"sameAs":["https:\/\/www.facebook.com\/people\/Simoni-srl\/100049145208660\/?ref=tn_tnmn","https:\/\/www.youtube.com\/channel\/UCme_poqaWKouYeYnmn0csOg","https:\/\/www.linkedin.com\/company\/simonispazzoleindustriali\/"]}]}},"_links":{"self":[{"href":"https:\/\/simoni.com\/de\/wp-json\/wp\/v2\/pages\/4490","targetHints":{"allow":["GET"]}}],"collection":[{"href":"https:\/\/simoni.com\/de\/wp-json\/wp\/v2\/pages"}],"about":[{"href":"https:\/\/simoni.com\/de\/wp-json\/wp\/v2\/types\/page"}],"author":[{"embeddable":true,"href":"https:\/\/simoni.com\/de\/wp-json\/wp\/v2\/users\/1"}],"replies":[{"embeddable":true,"href":"https:\/\/simoni.com\/de\/wp-json\/wp\/v2\/comments?post=4490"}],"version-history":[{"count":7,"href":"https:\/\/simoni.com\/de\/wp-json\/wp\/v2\/pages\/4490\/revisions"}],"predecessor-version":[{"id":5640,"href":"https:\/\/simoni.com\/de\/wp-json\/wp\/v2\/pages\/4490\/revisions\/5640"}],"wp:attachment":[{"href":"https:\/\/simoni.com\/de\/wp-json\/wp\/v2\/media?parent=4490"}],"curies":[{"name":"wp","href":"https:\/\/api.w.org\/{rel}","templated":true}]}}