{"id":4562,"date":"2023-05-22T22:09:00","date_gmt":"2023-05-22T20:09:00","guid":{"rendered":"https:\/\/simoni.com\/abstreifbursten\/lineare-streifenbursten\/angebot-anfordern\/"},"modified":"2023-12-31T16:42:09","modified_gmt":"2023-12-31T15:42:09","slug":"angebot-anfordern","status":"publish","type":"page","link":"https:\/\/simoni.com\/de\/abstreifbursten\/lineare-streifenbursten\/angebot-anfordern\/","title":{"rendered":"Angebot anfordern"},"content":{"rendered":"<section class=\"wpb-content-wrapper\"><p>[vc_section full_width=&#8220;stretch_row&#8220;][vc_row css=&#8220;.vc_custom_1649596586158{margin-bottom: 0px !important;padding-bottom: 0px !important;}&#8220;][vc_column][vc_empty_space height=&#8220;1px&#8220;][vc_column_text]<\/p>\n<h1>Fordern Sie ein Angebot an f\u00fcr:<br \/>\nLineare Streifenb\u00fcrsten<\/h1>\n<p>[\/vc_column_text][vc_column_text]<\/p>\n<h5>Die <span style=\"color: #e30713;\"><a style=\"color: #e30713;\" href=\"https:\/\/simoni.com\/spazzole-strip\/spazzole-strip-lineari\/\">lineare Streifenb\u00fcrste<\/a><\/span> ist gerade und wird bei der Herstellung auf L\u00e4nge geschnitten. Sie werden verwendet f\u00fcr: Unfallverh\u00fctungsbarrieren in Werkzeugmaschinen; Sp\u00e4ne-, Staub- und Dampfbarrieren; Abstreifen von Oberfl\u00e4chen; Schalld\u00e4mmung von beweglichen Maschinenteilen.<\/h5>\n<p>[\/vc_column_text][vc_row_inner][vc_column_inner offset=&#8220;vc_hidden-lg vc_hidden-md&#8220;][vc_column_text]<\/p>\n<p style=\"text-align: center;\"><div id=\"metaslider-id-1644\" style=\"width: 100%;\" class=\"ml-slider-3-100-1 metaslider metaslider-flex metaslider-1644 ml-slider ms-theme-default\" role=\"region\" aria-label=\"Richiesta offerta - Spazzole strip lineari\" data-height=\"1080\" data-width=\"1920\">\n    <div id=\"metaslider_container_1644\">\n        <div id=\"metaslider_1644\">\n            <ul class='slides'>\n                <li style=\"display: block; width: 100%;\" class=\"slide-1645 ms-image \" aria-roledescription=\"slide\" data-date=\"2023-05-22 22:15:38\"><img decoding=\"async\" src=\"https:\/\/simoni.com\/wp-content\/uploads\/2023\/05\/Frame-154-1-1.jpg\" height=\"1080\" width=\"1920\" alt=\"\" class=\"slider-1644 slide-1645 msDefaultImage\" title=\"Frame-154-1\" \/><\/li>\n                <li style=\"display: none; width: 100%;\" class=\"slide-1646 ms-image \" aria-roledescription=\"slide\" data-date=\"2023-05-22 22:15:38\"><img decoding=\"async\" src=\"https:\/\/simoni.com\/wp-content\/uploads\/2023\/05\/Frame-156-1-1.jpg\" height=\"1080\" width=\"1920\" alt=\"\" class=\"slider-1644 slide-1646 msDefaultImage\" title=\"Frame-156-1\" \/><\/li>\n                <li style=\"display: none; width: 100%;\" class=\"slide-1647 ms-image \" aria-roledescription=\"slide\" data-date=\"2023-05-22 22:15:38\"><img decoding=\"async\" src=\"https:\/\/simoni.com\/wp-content\/uploads\/2023\/05\/Frame-157-1-1.jpg\" height=\"1080\" width=\"1920\" alt=\"\" class=\"slider-1644 slide-1647 msDefaultImage\" title=\"Frame-157-1\" \/><\/li>\n                <li style=\"display: none; width: 100%;\" class=\"slide-1648 ms-image \" aria-roledescription=\"slide\" data-date=\"2023-05-22 22:15:38\"><img decoding=\"async\" src=\"https:\/\/simoni.com\/wp-content\/uploads\/2023\/05\/Frame-155-1-1.jpg\" height=\"1080\" width=\"1920\" alt=\"\" class=\"slider-1644 slide-1648 msDefaultImage\" title=\"Frame-155-1\" \/><\/li>\n                <li style=\"display: none; width: 100%;\" class=\"slide-1649 ms-image \" aria-roledescription=\"slide\" data-date=\"2023-05-22 22:15:38\"><img decoding=\"async\" src=\"https:\/\/simoni.com\/wp-content\/uploads\/2023\/05\/Frame-158.jpg\" height=\"1080\" width=\"1920\" alt=\"\" class=\"slider-1644 slide-1649 msDefaultImage\" title=\"Frame-158\" \/><\/li>\n                <li style=\"display: none; width: 100%;\" class=\"slide-1650 ms-image \" aria-roledescription=\"slide\" data-date=\"2023-05-22 22:15:38\"><img decoding=\"async\" src=\"https:\/\/simoni.com\/wp-content\/uploads\/2023\/05\/Frame-159.jpg\" height=\"1080\" width=\"1920\" alt=\"\" class=\"slider-1644 slide-1650 msDefaultImage\" title=\"Frame-159\" \/><\/li>\n            <\/ul>\n        <\/div>\n        \n    <\/div>\n<\/div>\n<p>[\/vc_column_text][\/vc_column_inner][\/vc_row_inner][\/vc_column][\/vc_row][vc_row gap=&#8220;25&#8243;][vc_column width=&#8220;2\/3&#8243; css=&#8220;.vc_custom_1649595312921{padding-right: 30px !important;padding-left: 30px !important;background-color: #fbf3b8 !important;border-radius: 15px !important;}&#8220; offset=&#8220;vc_col-xs-12&#8243;][vc_column_text]<\/p>\n<h4>F\u00fcr eine Anfrage zu linearen B\u00e4ndern f\u00fcllen Sie bitte die Tabelle aus, deren Symbole sich auf Abb. 2.5 beziehen.<\/h4>\n<h6>F\u00fcr die Montage der Linearb\u00fcrste stehen zwei Arten von F\u00fchrungsschienen aus stabilem verzinktem Edelstahl oder Aluminium zur Verf\u00fcgung (Bild 2.6). Der Typ (a) muss mit dem Metalltr\u00e4ger verschwei\u00dft sein, w\u00e4hrend der Typ (b) m\u00fcssen mit Schrauben befestigt werden (Abbildung 2.7).<br \/>\nDie verf\u00fcgbaren Schienenabmessungen sind in Tabelle 2.5 aufgef\u00fchrt. Die Standardl\u00e4nge betr\u00e4gt 1000 mm f\u00fcr Stahlschienen und 2500 mm f\u00fcr Aluminiumschienen.<\/h6>\n<p>Alle mit einem Sternchen * gekennzeichneten Felder sind Pflichtfelder.[\/vc_column_text][vc_column_text]\n<div class=\"wpcf7 no-js\" id=\"wpcf7-f4352-o1\" lang=\"de-DE\" dir=\"ltr\" data-wpcf7-id=\"4352\">\n<div class=\"screen-reader-response\"><p role=\"status\" aria-live=\"polite\" aria-atomic=\"true\"><\/p> <ul><\/ul><\/div>\n<form action=\"\/de\/wp-json\/wp\/v2\/pages\/4562#wpcf7-f4352-o1\" method=\"post\" class=\"wpcf7-form init\" aria-label=\"Kontaktformular\" novalidate=\"novalidate\" data-status=\"init\">\n<fieldset class=\"hidden-fields-container\"><input type=\"hidden\" name=\"_wpcf7\" value=\"4352\" \/><input type=\"hidden\" name=\"_wpcf7_version\" value=\"6.1\" \/><input type=\"hidden\" name=\"_wpcf7_locale\" value=\"de_DE\" \/><input type=\"hidden\" name=\"_wpcf7_unit_tag\" value=\"wpcf7-f4352-o1\" \/><input type=\"hidden\" name=\"_wpcf7_container_post\" value=\"0\" \/><input type=\"hidden\" name=\"_wpcf7_posted_data_hash\" value=\"\" \/><input type=\"hidden\" name=\"_wpcf7_recaptcha_response\" value=\"\" \/>\n<\/fieldset>\n<h4>1. Wie viele St\u00fccke m\u00f6chten Sie anfertigen?\n<\/h4>\n<p><span class=\"wpcf7-form-control-wrap\" data-name=\"number-307\"><input class=\"wpcf7-form-control wpcf7-number wpcf7-validates-as-required wpcf7-validates-as-number\" aria-required=\"true\" aria-invalid=\"false\" placeholder=\"0\" value=\"\" type=\"number\" name=\"number-307\" \/><\/span>\n<\/p>\n<hr class=\"formlinebold\" \/>\n<h4>2. Welche Art von Basis muss sie haben?\n<\/h4>\n<p><span class=\"wpcf7-form-control-wrap\" data-name=\"Tipologiadibase\"><span class=\"wpcf7-form-control wpcf7-radio\"><span class=\"wpcf7-list-item first\"><label><input type=\"radio\" name=\"Tipologiadibase\" value=\"Base in ferro zincato\" checked=\"checked\" \/><span class=\"wpcf7-list-item-label\">Base in ferro zincato<\/span><\/label><\/span><span class=\"wpcf7-list-item last\"><label><input type=\"radio\" name=\"Tipologiadibase\" value=\"Base in acciaio inox\" \/><span class=\"wpcf7-list-item-label\">Base in acciaio inox<\/span><\/label><\/span><\/span><\/span>\n<\/p>\n<hr class=\"formlinebold\" \/>\n<h4>3. Welche Gr\u00f6\u00dfe sollte die B\u00fcrste haben?\n<\/h4>\n<p>Siehe die beigef\u00fcgten Abbildungen, Abb. 2.5\n<\/p>\n<div class=\"formbox\">\n\t<p> B (mm)<br \/>\n<span class=\"wpcf7-form-control-wrap\" data-name=\"B\"><input class=\"wpcf7-form-control wpcf7-number wpcf7-validates-as-number\" aria-invalid=\"false\" placeholder=\"mm\" value=\"\" type=\"number\" name=\"B\" \/><\/span>\n\t<\/p>\n\t<p> H (mm)<br \/>\n<span class=\"wpcf7-form-control-wrap\" data-name=\"H\"><input class=\"wpcf7-form-control wpcf7-number wpcf7-validates-as-number\" aria-invalid=\"false\" placeholder=\"mm\" value=\"\" type=\"number\" name=\"H\" \/><\/span>\n\t<\/p>\n<\/div>\n<div class=\"formbox\">\n\t<p> L (mm)<br \/>\n<span class=\"wpcf7-form-control-wrap\" data-name=\"L\"><input class=\"wpcf7-form-control wpcf7-number wpcf7-validates-as-number\" aria-invalid=\"false\" placeholder=\"mm\" value=\"\" type=\"number\" name=\"L\" \/><\/span>\n\t<\/p>\n<\/div>\n<hr class=\"formlinebold\" \/>\n<h4>4. Definieren Sie die Merkmale Ihrer B\u00fcrste\n<\/h4>\n<h5> Material des Filaments<br \/>\n<span class=\"wpcf7-form-control-wrap\" data-name=\"Materiale-filamento\"><select class=\"wpcf7-form-control wpcf7-select\" aria-invalid=\"false\" name=\"Materiale-filamento\"><option value=\"Seleziona\">Seleziona<\/option><option value=\"PA 6\">PA 6<\/option><option value=\"PA 6.6\">PA 6.6<\/option><option value=\"PA 6.12\">PA 6.12<\/option><option value=\"PA 6.12 Abrasivo\">PA 6.12 Abrasivo<\/option><option value=\"PA HT\">PA HT<\/option><option value=\"PP\">PP<\/option><option value=\"PE\">PE<\/option><option value=\"PBT\">PBT<\/option><option value=\"PEEK\">PEEK<\/option><option value=\"FIBRA DI VETRO\">FIBRA DI VETRO<\/option><option value=\"THUNDERON\">THUNDERON<\/option><option value=\"CRINE DI CAVALLO\">CRINE DI CAVALLO<\/option><option value=\"SETOLE DI MAIALE\">SETOLE DI MAIALE<\/option><option value=\"PELO DI CAPRA\">PELO DI CAPRA<\/option><option value=\"TAMPICO\">TAMPICO<\/option><option value=\"ACCIAIO AR\">ACCIAIO AR<\/option><option value=\"ACCIAIO AAR\">ACCIAIO AAR<\/option><option value=\"ACCIAIO INOX\">ACCIAIO INOX<\/option><option value=\"ACCIAIO TEMPERATO\">ACCIAIO TEMPERATO<\/option><option value=\"ACCIAIO DOLCE\">ACCIAIO DOLCE<\/option><option value=\"OTTONE\">OTTONE<\/option><option value=\"BRONZO FOSFOROSO\">BRONZO FOSFOROSO<\/option><\/select><\/span>\n<\/h5>\n<h5> Durchmesser des Fadens (mm)<br \/>\n<span class=\"wpcf7-form-control-wrap\" data-name=\"Diametro-filamento\"><input class=\"wpcf7-form-control wpcf7-number wpcf7-validates-as-number\" aria-invalid=\"false\" placeholder=\"mm\" value=\"\" type=\"number\" name=\"Diametro-filamento\" \/><\/span>\n<\/h5>\n<hr class=\"formline\" \/>\n<h5> Art des Fahrens<br \/>\n<span class=\"wpcf7-form-control-wrap\" data-name=\"Tipologia-di-guida\"><span class=\"wpcf7-form-control wpcf7-radio\"><span class=\"wpcf7-list-item first\"><label><input type=\"radio\" name=\"Tipologia-di-guida\" value=\"Guida semplice FIG 2.6 (A)\" checked=\"checked\" \/><span class=\"wpcf7-list-item-label\">Guida semplice FIG 2.6 (A)<\/span><\/label><\/span><span class=\"wpcf7-list-item\"><label><input type=\"radio\" name=\"Tipologia-di-guida\" value=\"Guida alettata FIG 2.6 (B)\" \/><span class=\"wpcf7-list-item-label\">Guida alettata FIG 2.6 (B)<\/span><\/label><\/span><span class=\"wpcf7-list-item last\"><label><input type=\"radio\" name=\"Tipologia-di-guida\" value=\"Nessuna guida richiesta\" \/><span class=\"wpcf7-list-item-label\">Nessuna guida richiesta<\/span><\/label><\/span><\/span><\/span>\n<\/h5>\n<hr class=\"formlinebold\" \/>\n<h4>5. Andere Merkmale\n<\/h4>\n<p><span class=\"wpcf7-form-control-wrap\" data-name=\"checkbox-102\"><span class=\"wpcf7-form-control wpcf7-checkbox\"><span class=\"wpcf7-list-item first\"><label><input type=\"checkbox\" name=\"checkbox-102[]\" value=\"Liscio\" checked=\"checked\" \/><span class=\"wpcf7-list-item-label\">Liscio<\/span><\/label><\/span><span class=\"wpcf7-list-item\"><label><input type=\"checkbox\" name=\"checkbox-102[]\" value=\"Ondulato\" \/><span class=\"wpcf7-list-item-label\">Ondulato<\/span><\/label><\/span><span class=\"wpcf7-list-item\"><label><input type=\"checkbox\" name=\"checkbox-102[]\" value=\"Bianco\" \/><span class=\"wpcf7-list-item-label\">Bianco<\/span><\/label><\/span><span class=\"wpcf7-list-item last\"><label><input type=\"checkbox\" name=\"checkbox-102[]\" value=\"Nero\" \/><span class=\"wpcf7-list-item-label\">Nero<\/span><\/label><\/span><\/span><\/span>\n<\/p>\n<hr class=\"formlinebold\" \/>\n<h4>6. Hinterlassen Sie Ihre Daten und wir werden uns mit Ihnen in Verbindung setzen, um Ihnen das beste Angebot f\u00fcr Ihre Bed\u00fcrfnisse zu unterbreiten\n<\/h4>\n<div class=\"formdati\">\n\t<div class=\"formbox\">\n\t\t<p> Name<br \/>\n<span class=\"wpcf7-form-control-wrap\" data-name=\"Nominativo\"><input size=\"40\" maxlength=\"400\" class=\"wpcf7-form-control wpcf7-text wpcf7-validates-as-required\" aria-required=\"true\" aria-invalid=\"false\" value=\"\" type=\"text\" name=\"Nominativo\" \/><\/span>\n\t\t<\/p>\n\t\t<p> Unternehmen<br \/>\n<span class=\"wpcf7-form-control-wrap\" data-name=\"Azienda\"><input size=\"40\" maxlength=\"400\" class=\"wpcf7-form-control wpcf7-text wpcf7-validates-as-required\" aria-required=\"true\" aria-invalid=\"false\" value=\"\" type=\"text\" name=\"Azienda\" \/><\/span>\n\t\t<\/p>\n\t<\/div>\n\t<div class=\"formbox\">\n\t\t<p> Telefonnummer:<br \/>\n<span class=\"wpcf7-form-control-wrap\" data-name=\"Numero-di-telefono\"><input size=\"40\" maxlength=\"400\" class=\"wpcf7-form-control wpcf7-tel wpcf7-text wpcf7-validates-as-tel\" aria-invalid=\"false\" value=\"\" type=\"tel\" name=\"Numero-di-telefono\" \/><\/span>\n\t\t<\/p>\n\t\t<p> FAX<br \/>\n<span class=\"wpcf7-form-control-wrap\" data-name=\"Fax\"><input class=\"wpcf7-form-control wpcf7-number wpcf7-validates-as-number\" aria-invalid=\"false\" value=\"\" type=\"number\" name=\"Fax\" \/><\/span>\n\t\t<\/p>\n\t<\/div>\n\t<p> Deine E-Mail<br \/>\n<span class=\"wpcf7-form-control-wrap\" data-name=\"your-email\"><input size=\"40\" maxlength=\"400\" class=\"wpcf7-form-control wpcf7-email wpcf7-validates-as-required wpcf7-text wpcf7-validates-as-email\" aria-required=\"true\" aria-invalid=\"false\" value=\"\" type=\"email\" name=\"your-email\" \/><\/span>\n\t<\/p>\n\t<p> Anfrage<br \/>\n<span class=\"wpcf7-form-control-wrap\" data-name=\"your-message\"><textarea cols=\"40\" rows=\"10\" maxlength=\"2000\" class=\"wpcf7-form-control wpcf7-textarea wpcf7-validates-as-required\" aria-required=\"true\" aria-invalid=\"false\" name=\"your-message\"><\/textarea><\/span>\n\t<\/p>\n\t<p><span class=\"wpcf7-form-control-wrap\" data-name=\"acceptance-68\"><span class=\"wpcf7-form-control wpcf7-acceptance\"><span class=\"wpcf7-list-item\"><label><input type=\"checkbox\" name=\"acceptance-68\" value=\"1\" aria-invalid=\"false\" \/><span class=\"wpcf7-list-item-label\">* Ich stimme der Verarbeitung meiner Daten gem\u00e4\u00df der\nEU-Datenschutzverordnung 679\/2016. Ich habe die <a href=\"https:\/\/simoni.com\/privacy-policy\/\" target=\"_blank\">Datenschutzbestimmungen<\/a> gelesen und akzeptiere sie<\/span><\/label><\/span><\/span><\/span>\n\t<\/p>\n\t<p><input class=\"wpcf7-form-control wpcf7-submit has-spinner\" type=\"submit\" value=\"Senden\" \/>\n\t<\/p>\n<\/div><div class=\"wpcf7-response-output\" aria-hidden=\"true\"><\/div>\n<\/form>\n<\/div>\n[\/vc_column_text][\/vc_column][vc_column width=&#8220;1\/3&#8243; offset=&#8220;vc_hidden-sm vc_hidden-xs&#8220;][vc_single_image image=&#8220;1638&#8243; img_size=&#8220;1920&#215;1080&#8243; onclick=&#8220;link_image&#8220;][vc_single_image image=&#8220;1633&#8243; img_size=&#8220;1920&#215;1080&#8243; onclick=&#8220;link_image&#8220;][vc_single_image image=&#8220;1628&#8243; img_size=&#8220;1920&#215;1080&#8243; onclick=&#8220;link_image&#8220;][vc_single_image image=&#8220;1623&#8243; img_size=&#8220;1920&#215;1080&#8243; onclick=&#8220;link_image&#8220;][vc_single_image image=&#8220;1618&#8243; img_size=&#8220;1920&#215;1080&#8243; onclick=&#8220;link_image&#8220;][vc_single_image image=&#8220;1613&#8243; img_size=&#8220;1920&#215;1080&#8243; onclick=&#8220;link_image&#8220;][\/vc_column][\/vc_row][\/vc_section][vc_section css=&#8220;.vc_custom_1649596552546{margin-top: 50px !important;margin-bottom: 50px !important;}&#8220;][vc_row content_placement=&#8220;middle&#8220; css=&#8220;.vc_custom_1647100903626{background-color: #e30713 !important;border-radius: 15px !important;}&#8220;][vc_column width=&#8220;2\/3&#8243; css=&#8220;.vc_custom_1647100914774{padding-right: 30px !important;padding-left: 30px !important;}&#8220;][vc_column_text]<\/p>\n<h4><span style=\"color: #ffffff;\">Brauchen Sie Hilfe?<\/span><\/h4>\n<p><span style=\"color: #ffffff;\">Wenn Sie Probleme haben, die Felder auf der Seite auszuf\u00fcllen, senden Sie uns bitte eine E-Mail mit folgenden Angaben<\/span>[\/vc_column_text][\/vc_column][vc_column width=&#8220;1\/3&#8243; css=&#8220;.vc_custom_1647100925349{padding-right: 30px !important;}&#8220;][vc_btn title=&#8220;Kontakt&#8220; shape=&#8220;round&#8220; color=&#8220;white&#8220; align=&#8220;right&#8220; link=&#8220;url:https%3A%2F%2Fsimoni.com%2Fde%2Fkontakt%2F|title:Kontakt|target:_blank|&#8220;][\/vc_column][\/vc_row][\/vc_section]<\/p>\n<\/section>","protected":false},"excerpt":{"rendered":"<p>[vc_section full_width=&#8220;stretch_row&#8220;][vc_row css=&#8220;.vc_custom_1649596586158{margin-bottom: 0px !important;padding-bottom: 0px !important;}&#8220;][vc_column][vc_empty_space height=&#8220;1px&#8220;][vc_column_text] Fordern Sie ein Angebot an f\u00fcr: Lineare Streifenb\u00fcrsten [\/vc_column_text][vc_column_text] Die lineare Streifenb\u00fcrste ist gerade und wird bei der<span class=\"excerpt-hellip\"> [\u2026]<\/span><\/p>\n","protected":false},"author":1,"featured_media":0,"parent":4393,"menu_order":0,"comment_status":"closed","ping_status":"closed","template":"","meta":{"footnotes":""},"class_list":["post-4562","page","type-page","status-publish","hentry"],"yoast_head":"<!-- This site is optimized with the Yoast SEO plugin v25.6 - https:\/\/yoast.com\/wordpress\/plugins\/seo\/ -->\n<title>Angebot anfordern - Simoni s.r.l.<\/title>\n<meta name=\"robots\" content=\"index, follow, max-snippet:-1, max-image-preview:large, max-video-preview:-1\" \/>\n<link rel=\"canonical\" href=\"https:\/\/simoni.com\/de\/abstreifbursten\/lineare-streifenbursten\/angebot-anfordern\/\" \/>\n<meta property=\"og:locale\" content=\"de_DE\" \/>\n<meta property=\"og:type\" content=\"article\" \/>\n<meta property=\"og:title\" content=\"Angebot anfordern - Simoni s.r.l.\" \/>\n<meta property=\"og:description\" content=\"[vc_section full_width=&#8220;stretch_row&#8220;][vc_row css=&#8220;.vc_custom_1649596586158{margin-bottom: 0px !important;padding-bottom: 0px !important;}&#8220;][vc_column][vc_empty_space height=&#8220;1px&#8220;][vc_column_text] Fordern Sie ein Angebot an f\u00fcr: Lineare Streifenb\u00fcrsten [\/vc_column_text][vc_column_text] Die lineare Streifenb\u00fcrste ist gerade und wird bei der [\u2026]\" \/>\n<meta property=\"og:url\" content=\"https:\/\/simoni.com\/de\/abstreifbursten\/lineare-streifenbursten\/angebot-anfordern\/\" \/>\n<meta property=\"og:site_name\" content=\"Simoni s.r.l.\" \/>\n<meta property=\"article:publisher\" content=\"https:\/\/www.facebook.com\/people\/Simoni-srl\/100049145208660\/?ref=tn_tnmn\" \/>\n<meta property=\"article:modified_time\" content=\"2023-12-31T15:42:09+00:00\" \/>\n<meta name=\"twitter:card\" content=\"summary_large_image\" \/>\n<meta name=\"twitter:label1\" content=\"Gesch\u00e4tzte Lesezeit\" \/>\n\t<meta name=\"twitter:data1\" content=\"2\u00a0Minuten\" \/>\n<script type=\"application\/ld+json\" class=\"yoast-schema-graph\">{\"@context\":\"https:\/\/schema.org\",\"@graph\":[{\"@type\":\"WebPage\",\"@id\":\"https:\/\/simoni.com\/de\/abstreifbursten\/lineare-streifenbursten\/angebot-anfordern\/\",\"url\":\"https:\/\/simoni.com\/de\/abstreifbursten\/lineare-streifenbursten\/angebot-anfordern\/\",\"name\":\"Angebot anfordern - Simoni s.r.l.\",\"isPartOf\":{\"@id\":\"https:\/\/simoni.com\/#website\"},\"datePublished\":\"2023-05-22T20:09:00+00:00\",\"dateModified\":\"2023-12-31T15:42:09+00:00\",\"breadcrumb\":{\"@id\":\"https:\/\/simoni.com\/de\/abstreifbursten\/lineare-streifenbursten\/angebot-anfordern\/#breadcrumb\"},\"inLanguage\":\"de\",\"potentialAction\":[{\"@type\":\"ReadAction\",\"target\":[\"https:\/\/simoni.com\/de\/abstreifbursten\/lineare-streifenbursten\/angebot-anfordern\/\"]}]},{\"@type\":\"BreadcrumbList\",\"@id\":\"https:\/\/simoni.com\/de\/abstreifbursten\/lineare-streifenbursten\/angebot-anfordern\/#breadcrumb\",\"itemListElement\":[{\"@type\":\"ListItem\",\"position\":1,\"name\":\"Home\",\"item\":\"https:\/\/simoni.com\/de\/\"},{\"@type\":\"ListItem\",\"position\":2,\"name\":\"Abstreifb\u00fcrsten\",\"item\":\"https:\/\/simoni.com\/de\/abstreifbursten\/\"},{\"@type\":\"ListItem\",\"position\":3,\"name\":\"Lineare Streifenb\u00fcrsten\",\"item\":\"https:\/\/simoni.com\/de\/abstreifbursten\/lineare-streifenbursten\/\"},{\"@type\":\"ListItem\",\"position\":4,\"name\":\"Angebot anfordern\"}]},{\"@type\":\"WebSite\",\"@id\":\"https:\/\/simoni.com\/#website\",\"url\":\"https:\/\/simoni.com\/\",\"name\":\"Simoni s.r.l.\",\"description\":\"From brushes to cleaning systems since 1830\",\"publisher\":{\"@id\":\"https:\/\/simoni.com\/#organization\"},\"potentialAction\":[{\"@type\":\"SearchAction\",\"target\":{\"@type\":\"EntryPoint\",\"urlTemplate\":\"https:\/\/simoni.com\/?s={search_term_string}\"},\"query-input\":{\"@type\":\"PropertyValueSpecification\",\"valueRequired\":true,\"valueName\":\"search_term_string\"}}],\"inLanguage\":\"de\"},{\"@type\":\"Organization\",\"@id\":\"https:\/\/simoni.com\/#organization\",\"name\":\"Simoni s.r.l.\",\"url\":\"https:\/\/simoni.com\/\",\"logo\":{\"@type\":\"ImageObject\",\"inLanguage\":\"de\",\"@id\":\"https:\/\/simoni.com\/#\/schema\/logo\/image\/\",\"url\":\"https:\/\/simoni.com\/wp-content\/uploads\/2023\/05\/logo-completo-300x93-1.png\",\"contentUrl\":\"https:\/\/simoni.com\/wp-content\/uploads\/2023\/05\/logo-completo-300x93-1.png\",\"width\":300,\"height\":93,\"caption\":\"Simoni s.r.l.\"},\"image\":{\"@id\":\"https:\/\/simoni.com\/#\/schema\/logo\/image\/\"},\"sameAs\":[\"https:\/\/www.facebook.com\/people\/Simoni-srl\/100049145208660\/?ref=tn_tnmn\",\"https:\/\/www.youtube.com\/channel\/UCme_poqaWKouYeYnmn0csOg\",\"https:\/\/www.linkedin.com\/company\/simonispazzoleindustriali\/\"]}]}<\/script>\n<!-- \/ Yoast SEO plugin. -->","yoast_head_json":{"title":"Angebot anfordern - Simoni s.r.l.","robots":{"index":"index","follow":"follow","max-snippet":"max-snippet:-1","max-image-preview":"max-image-preview:large","max-video-preview":"max-video-preview:-1"},"canonical":"https:\/\/simoni.com\/de\/abstreifbursten\/lineare-streifenbursten\/angebot-anfordern\/","og_locale":"de_DE","og_type":"article","og_title":"Angebot anfordern - Simoni s.r.l.","og_description":"[vc_section full_width=&#8220;stretch_row&#8220;][vc_row css=&#8220;.vc_custom_1649596586158{margin-bottom: 0px !important;padding-bottom: 0px !important;}&#8220;][vc_column][vc_empty_space height=&#8220;1px&#8220;][vc_column_text] Fordern Sie ein Angebot an f\u00fcr: Lineare Streifenb\u00fcrsten [\/vc_column_text][vc_column_text] Die lineare Streifenb\u00fcrste ist gerade und wird bei der [\u2026]","og_url":"https:\/\/simoni.com\/de\/abstreifbursten\/lineare-streifenbursten\/angebot-anfordern\/","og_site_name":"Simoni s.r.l.","article_publisher":"https:\/\/www.facebook.com\/people\/Simoni-srl\/100049145208660\/?ref=tn_tnmn","article_modified_time":"2023-12-31T15:42:09+00:00","twitter_card":"summary_large_image","twitter_misc":{"Gesch\u00e4tzte Lesezeit":"2\u00a0Minuten"},"schema":{"@context":"https:\/\/schema.org","@graph":[{"@type":"WebPage","@id":"https:\/\/simoni.com\/de\/abstreifbursten\/lineare-streifenbursten\/angebot-anfordern\/","url":"https:\/\/simoni.com\/de\/abstreifbursten\/lineare-streifenbursten\/angebot-anfordern\/","name":"Angebot anfordern - Simoni s.r.l.","isPartOf":{"@id":"https:\/\/simoni.com\/#website"},"datePublished":"2023-05-22T20:09:00+00:00","dateModified":"2023-12-31T15:42:09+00:00","breadcrumb":{"@id":"https:\/\/simoni.com\/de\/abstreifbursten\/lineare-streifenbursten\/angebot-anfordern\/#breadcrumb"},"inLanguage":"de","potentialAction":[{"@type":"ReadAction","target":["https:\/\/simoni.com\/de\/abstreifbursten\/lineare-streifenbursten\/angebot-anfordern\/"]}]},{"@type":"BreadcrumbList","@id":"https:\/\/simoni.com\/de\/abstreifbursten\/lineare-streifenbursten\/angebot-anfordern\/#breadcrumb","itemListElement":[{"@type":"ListItem","position":1,"name":"Home","item":"https:\/\/simoni.com\/de\/"},{"@type":"ListItem","position":2,"name":"Abstreifb\u00fcrsten","item":"https:\/\/simoni.com\/de\/abstreifbursten\/"},{"@type":"ListItem","position":3,"name":"Lineare Streifenb\u00fcrsten","item":"https:\/\/simoni.com\/de\/abstreifbursten\/lineare-streifenbursten\/"},{"@type":"ListItem","position":4,"name":"Angebot anfordern"}]},{"@type":"WebSite","@id":"https:\/\/simoni.com\/#website","url":"https:\/\/simoni.com\/","name":"Simoni s.r.l.","description":"From brushes to cleaning systems since 1830","publisher":{"@id":"https:\/\/simoni.com\/#organization"},"potentialAction":[{"@type":"SearchAction","target":{"@type":"EntryPoint","urlTemplate":"https:\/\/simoni.com\/?s={search_term_string}"},"query-input":{"@type":"PropertyValueSpecification","valueRequired":true,"valueName":"search_term_string"}}],"inLanguage":"de"},{"@type":"Organization","@id":"https:\/\/simoni.com\/#organization","name":"Simoni s.r.l.","url":"https:\/\/simoni.com\/","logo":{"@type":"ImageObject","inLanguage":"de","@id":"https:\/\/simoni.com\/#\/schema\/logo\/image\/","url":"https:\/\/simoni.com\/wp-content\/uploads\/2023\/05\/logo-completo-300x93-1.png","contentUrl":"https:\/\/simoni.com\/wp-content\/uploads\/2023\/05\/logo-completo-300x93-1.png","width":300,"height":93,"caption":"Simoni s.r.l."},"image":{"@id":"https:\/\/simoni.com\/#\/schema\/logo\/image\/"},"sameAs":["https:\/\/www.facebook.com\/people\/Simoni-srl\/100049145208660\/?ref=tn_tnmn","https:\/\/www.youtube.com\/channel\/UCme_poqaWKouYeYnmn0csOg","https:\/\/www.linkedin.com\/company\/simonispazzoleindustriali\/"]}]}},"_links":{"self":[{"href":"https:\/\/simoni.com\/de\/wp-json\/wp\/v2\/pages\/4562","targetHints":{"allow":["GET"]}}],"collection":[{"href":"https:\/\/simoni.com\/de\/wp-json\/wp\/v2\/pages"}],"about":[{"href":"https:\/\/simoni.com\/de\/wp-json\/wp\/v2\/types\/page"}],"author":[{"embeddable":true,"href":"https:\/\/simoni.com\/de\/wp-json\/wp\/v2\/users\/1"}],"replies":[{"embeddable":true,"href":"https:\/\/simoni.com\/de\/wp-json\/wp\/v2\/comments?post=4562"}],"version-history":[{"count":2,"href":"https:\/\/simoni.com\/de\/wp-json\/wp\/v2\/pages\/4562\/revisions"}],"predecessor-version":[{"id":4564,"href":"https:\/\/simoni.com\/de\/wp-json\/wp\/v2\/pages\/4562\/revisions\/4564"}],"up":[{"embeddable":true,"href":"https:\/\/simoni.com\/de\/wp-json\/wp\/v2\/pages\/4393"}],"wp:attachment":[{"href":"https:\/\/simoni.com\/de\/wp-json\/wp\/v2\/media?parent=4562"}],"curies":[{"name":"wp","href":"https:\/\/api.w.org\/{rel}","templated":true}]}}