{"id":4580,"date":"2023-06-02T23:22:31","date_gmt":"2023-06-02T21:22:31","guid":{"rendered":"https:\/\/simoni.com\/besen\/angebot-anfordern\/"},"modified":"2024-01-01T17:23:59","modified_gmt":"2024-01-01T16:23:59","slug":"angebot-anfordern","status":"publish","type":"page","link":"https:\/\/simoni.com\/de\/besen\/angebot-anfordern\/","title":{"rendered":"Angebot anfordern"},"content":{"rendered":"<section class=\"wpb-content-wrapper\"><p>[vc_section full_width=&#8220;stretch_row&#8220;][vc_row css=&#8220;.vc_custom_1649596586158{margin-bottom: 0px !important;padding-bottom: 0px !important;}&#8220;][vc_column][vc_empty_space height=&#8220;1px&#8220;][vc_column_text]<\/p>\n<h1>Fordern Sie ein Angebot an f\u00fcr:<br \/>\nB\u00fcrstenb\u00fcrsten<\/h1>\n<p>[\/vc_column_text][vc_column_text]<\/p>\n<h5>Sie bestehen aus verdrilltem Draht, der den Faden in Form einer Spirale h\u00e4lt. Sie sind unentbehrlich f\u00fcr die Behandlung der Innenseite von R\u00f6hrchen und Reagenzgl\u00e4sern, wo herk\u00f6mmliche Walzenb\u00fcrsten nicht hinkommen. Sie k\u00f6nnen Gewindeanschl\u00fcsse oder Sch\u00e4fte f\u00fcr die Motorisierung haben.<\/h5>\n<p>[\/vc_column_text][vc_row_inner][vc_column_inner offset=&#8220;vc_hidden-lg vc_hidden-md&#8220;][vc_single_image image=&#8220;2199&#8243; img_size=&#8220;1920&#215;1080&#8243; alignment=&#8220;center&#8220;][\/vc_column_inner][\/vc_row_inner][\/vc_column][\/vc_row][vc_row gap=&#8220;25&#8243;][vc_column width=&#8220;2\/3&#8243; css=&#8220;.vc_custom_1649595312921{padding-right: 30px !important;padding-left: 30px !important;background-color: #fbf3b8 !important;border-radius: 15px !important;}&#8220; offset=&#8220;vc_col-xs-12&#8243;][vc_column_text]<\/p>\n<h4>Wenn Sie ein Angebot f\u00fcr Rohrreiniger anfordern m\u00f6chten, f\u00fcllen Sie bitte die Tabelle in Abbildung 4.3 aus.<\/h4>\n<p>Alle mit einem Sternchen * gekennzeichneten Felder sind Pflichtfelder.[\/vc_column_text][vc_column_text]\n<div class=\"wpcf7 no-js\" id=\"wpcf7-f4327-o1\" lang=\"de-DE\" dir=\"ltr\" data-wpcf7-id=\"4327\">\n<div class=\"screen-reader-response\"><p role=\"status\" aria-live=\"polite\" aria-atomic=\"true\"><\/p> <ul><\/ul><\/div>\n<form action=\"\/de\/wp-json\/wp\/v2\/pages\/4580#wpcf7-f4327-o1\" method=\"post\" class=\"wpcf7-form init\" aria-label=\"Kontaktformular\" novalidate=\"novalidate\" data-status=\"init\">\n<fieldset class=\"hidden-fields-container\"><input type=\"hidden\" name=\"_wpcf7\" value=\"4327\" \/><input type=\"hidden\" name=\"_wpcf7_version\" value=\"6.1\" \/><input type=\"hidden\" name=\"_wpcf7_locale\" value=\"de_DE\" \/><input type=\"hidden\" name=\"_wpcf7_unit_tag\" value=\"wpcf7-f4327-o1\" \/><input type=\"hidden\" name=\"_wpcf7_container_post\" value=\"0\" \/><input type=\"hidden\" name=\"_wpcf7_posted_data_hash\" value=\"\" \/><input type=\"hidden\" name=\"_wpcf7_recaptcha_response\" value=\"\" \/>\n<\/fieldset>\n<h4>1. Wie viele St\u00fccke m\u00f6chten Sie anfertigen?\n<\/h4>\n<p><span class=\"wpcf7-form-control-wrap\" data-name=\"number-307\"><input class=\"wpcf7-form-control wpcf7-number wpcf7-validates-as-required wpcf7-validates-as-number\" aria-required=\"true\" aria-invalid=\"false\" placeholder=\"0\" value=\"\" type=\"number\" name=\"number-307\" \/><\/span>\n<\/p>\n<hr class=\"formlinebold\" \/>\n<h4>2. Typ des Terminals\n<\/h4>\n<p><span class=\"wpcf7-form-control-wrap\" data-name=\"checkbox\"><span class=\"wpcf7-form-control wpcf7-checkbox\"><span class=\"wpcf7-list-item first\"><label><input type=\"checkbox\" name=\"checkbox[]\" value=\"Rosetta terminale\" \/><span class=\"wpcf7-list-item-label\">Rosetta terminale<\/span><\/label><\/span><span class=\"wpcf7-list-item last\"><label><input type=\"checkbox\" name=\"checkbox[]\" value=\"Anello terminale\" \/><span class=\"wpcf7-list-item-label\">Anello terminale<\/span><\/label><\/span><\/span><\/span>\n<\/p>\n<h4>3. Welche Gr\u00f6\u00dfe sollte es haben?\n<\/h4>\n<p>Siehe die beigef\u00fcgten Bilder, Abb. 4.3\n<\/p>\n<div class=\"formbox\">\n\t<p> D (mm)<br \/>\n<span class=\"wpcf7-form-control-wrap\" data-name=\"D\"><input class=\"wpcf7-form-control wpcf7-number wpcf7-validates-as-number\" aria-invalid=\"false\" placeholder=\"mm\" value=\"\" type=\"number\" name=\"D\" \/><\/span>\n\t<\/p>\n\t<p> L (mm)<br \/>\n<span class=\"wpcf7-form-control-wrap\" data-name=\"L\"><input class=\"wpcf7-form-control wpcf7-number wpcf7-validates-as-number\" aria-invalid=\"false\" placeholder=\"mm\" value=\"\" type=\"number\" name=\"L\" \/><\/span>\n\t<\/p>\n<\/div>\n<div class=\"formbox\">\n\t<p> A (mm)<br \/>\n<span class=\"wpcf7-form-control-wrap\" data-name=\"A\"><input class=\"wpcf7-form-control wpcf7-number wpcf7-validates-as-number\" aria-invalid=\"false\" placeholder=\"mm\" value=\"\" type=\"number\" name=\"A\" \/><\/span>\n\t<\/p>\n\t<p> B (mm)<br \/>\n<span class=\"wpcf7-form-control-wrap\" data-name=\"B\"><input class=\"wpcf7-form-control wpcf7-number wpcf7-validates-as-number\" aria-invalid=\"false\" placeholder=\"mm\" value=\"\" type=\"number\" name=\"B\" \/><\/span>\n\t<\/p>\n<\/div>\n<hr class=\"formlinebold\" \/>\n<h4>4. Definieren Sie die Merkmale Ihrer B\u00fcrste\n<\/h4>\n<h5> Material des Filaments<br \/>\n<span class=\"wpcf7-form-control-wrap\" data-name=\"Materiale-filamento\"><select class=\"wpcf7-form-control wpcf7-select\" aria-invalid=\"false\" name=\"Materiale-filamento\"><option value=\"Seleziona\">Seleziona<\/option><option value=\"PA 6\">PA 6<\/option><option value=\"PA 6.6\">PA 6.6<\/option><option value=\"PA 6.12\">PA 6.12<\/option><option value=\"PA 6.12 Abrasivo\">PA 6.12 Abrasivo<\/option><option value=\"PA HT\">PA HT<\/option><option value=\"PP\">PP<\/option><option value=\"PE\">PE<\/option><option value=\"PBT\">PBT<\/option><option value=\"PEEK\">PEEK<\/option><option value=\"FIBRA DI VETRO\">FIBRA DI VETRO<\/option><option value=\"THUNDERON\">THUNDERON<\/option><option value=\"CRINE DI CAVALLO\">CRINE DI CAVALLO<\/option><option value=\"SETOLE DI MAIALE\">SETOLE DI MAIALE<\/option><option value=\"PELO DI CAPRA\">PELO DI CAPRA<\/option><option value=\"TAMPICO\">TAMPICO<\/option><option value=\"ACCIAIO AR\">ACCIAIO AR<\/option><option value=\"ACCIAIO AAR\">ACCIAIO AAR<\/option><option value=\"ACCIAIO INOX\">ACCIAIO INOX<\/option><option value=\"ACCIAIO TEMPERATO\">ACCIAIO TEMPERATO<\/option><option value=\"ACCIAIO DOLCE\">ACCIAIO DOLCE<\/option><option value=\"OTTONE\">OTTONE<\/option><option value=\"BRONZO FOSFOROSO\">BRONZO FOSFOROSO<\/option><\/select><\/span>\n<\/h5>\n<h5> Durchmesser des Fadens (mm)<br \/>\n<span class=\"wpcf7-form-control-wrap\" data-name=\"Diametro-filamento\"><input class=\"wpcf7-form-control wpcf7-number wpcf7-validates-as-number\" aria-invalid=\"false\" placeholder=\"mm\" value=\"\" type=\"number\" name=\"Diametro-filamento\" \/><\/span>\n<\/h5>\n<h5> Andere Merkmale<br \/>\n<span class=\"wpcf7-form-control-wrap\" data-name=\"checkbox-753\"><span class=\"wpcf7-form-control wpcf7-checkbox\"><span class=\"wpcf7-list-item first\"><label><input type=\"checkbox\" name=\"checkbox-753[]\" value=\"liscio\" \/><span class=\"wpcf7-list-item-label\">liscio<\/span><\/label><\/span><span class=\"wpcf7-list-item\"><label><input type=\"checkbox\" name=\"checkbox-753[]\" value=\"ondulato\" \/><span class=\"wpcf7-list-item-label\">ondulato<\/span><\/label><\/span><span class=\"wpcf7-list-item\"><label><input type=\"checkbox\" name=\"checkbox-753[]\" value=\"bianco\" \/><span class=\"wpcf7-list-item-label\">bianco<\/span><\/label><\/span><span class=\"wpcf7-list-item last\"><label><input type=\"checkbox\" name=\"checkbox-753[]\" value=\"nero\" \/><span class=\"wpcf7-list-item-label\">nero<\/span><\/label><\/span><\/span><\/span>\n<\/h5>\n<hr class=\"formlinebold\" \/>\n<h4>4. Hinterlassen Sie Ihre Daten und wir werden uns mit Ihnen in Verbindung setzen, um Ihnen das beste Angebot f\u00fcr Ihre Bed\u00fcrfnisse zu unterbreiten\n<\/h4>\n<div class=\"formdati\">\n\t<div class=\"formbox\">\n\t\t<p> Namen*<br \/>\n<span class=\"wpcf7-form-control-wrap\" data-name=\"Nominativo\"><input size=\"40\" maxlength=\"400\" class=\"wpcf7-form-control wpcf7-text wpcf7-validates-as-required\" aria-required=\"true\" aria-invalid=\"false\" value=\"\" type=\"text\" name=\"Nominativo\" \/><\/span>\n\t\t<\/p>\n\t\t<p> Unternehmen*<br \/>\n<span class=\"wpcf7-form-control-wrap\" data-name=\"Azienda\"><input size=\"40\" maxlength=\"400\" class=\"wpcf7-form-control wpcf7-text wpcf7-validates-as-required\" aria-required=\"true\" aria-invalid=\"false\" value=\"\" type=\"text\" name=\"Azienda\" \/><\/span>\n\t\t<\/p>\n\t<\/div>\n\t<div class=\"formbox\">\n\t\t<p> Telefonnummer:<br \/>\n<span class=\"wpcf7-form-control-wrap\" data-name=\"Numero-di-telefono\"><input size=\"40\" maxlength=\"400\" class=\"wpcf7-form-control wpcf7-tel wpcf7-text wpcf7-validates-as-tel\" aria-invalid=\"false\" value=\"\" type=\"tel\" name=\"Numero-di-telefono\" \/><\/span>\n\t\t<\/p>\n\t\t<p> FAX<br \/>\n<span class=\"wpcf7-form-control-wrap\" data-name=\"Fax\"><input class=\"wpcf7-form-control wpcf7-number wpcf7-validates-as-number\" aria-invalid=\"false\" value=\"\" type=\"number\" name=\"Fax\" \/><\/span>\n\t\t<\/p>\n\t<\/div>\n\t<p> Ihre E-Mail*<br \/>\n<span class=\"wpcf7-form-control-wrap\" data-name=\"your-email\"><input size=\"40\" maxlength=\"400\" class=\"wpcf7-form-control wpcf7-email wpcf7-validates-as-required wpcf7-text wpcf7-validates-as-email\" aria-required=\"true\" aria-invalid=\"false\" value=\"\" type=\"email\" name=\"your-email\" \/><\/span>\n\t<\/p>\n\t<p> Anfrage*<br \/>\n<span class=\"wpcf7-form-control-wrap\" data-name=\"your-message\"><textarea cols=\"40\" rows=\"10\" maxlength=\"2000\" class=\"wpcf7-form-control wpcf7-textarea wpcf7-validates-as-required\" aria-required=\"true\" aria-invalid=\"false\" name=\"your-message\"><\/textarea><\/span>\n\t<\/p>\n\t<p><span class=\"wpcf7-form-control-wrap\" data-name=\"acceptance-68\"><span class=\"wpcf7-form-control wpcf7-acceptance\"><span class=\"wpcf7-list-item\"><label><input type=\"checkbox\" name=\"acceptance-68\" value=\"1\" aria-invalid=\"false\" \/><span class=\"wpcf7-list-item-label\">* Ich stimme der Verarbeitung meiner Daten gem\u00e4\u00df der\nEU-Datenschutzverordnung 679\/2016. Ich habe die <a href=\"https:\/\/simoni.com\/privacy-policy\/\" target=\"_blank\">Datenschutzbestimmungen<\/a> gelesen und akzeptiere sie<\/span><\/label><\/span><\/span><\/span>\n\t<\/p>\n\t<p><input class=\"wpcf7-form-control wpcf7-submit has-spinner\" type=\"submit\" value=\"Senden\" \/>\n\t<\/p>\n<\/div><div class=\"wpcf7-response-output\" aria-hidden=\"true\"><\/div>\n<\/form>\n<\/div>\n[\/vc_column_text][\/vc_column][vc_column width=&#8220;1\/3&#8243; offset=&#8220;vc_hidden-sm vc_hidden-xs&#8220;][vc_single_image image=&#8220;2199&#8243; img_size=&#8220;1920&#215;1080&#8243; onclick=&#8220;link_image&#8220;][\/vc_column][\/vc_row][\/vc_section][vc_section css=&#8220;.vc_custom_1649596552546{margin-top: 50px !important;margin-bottom: 50px !important;}&#8220;][vc_row content_placement=&#8220;middle&#8220; css=&#8220;.vc_custom_1647100903626{background-color: #e30713 !important;border-radius: 15px !important;}&#8220;][vc_column width=&#8220;2\/3&#8243; css=&#8220;.vc_custom_1647100914774{padding-right: 30px !important;padding-left: 30px !important;}&#8220;][vc_column_text]<\/p>\n<h4><span style=\"color: #ffffff;\">Brauchen Sie Hilfe?<\/span><\/h4>\n<p><span style=\"color: #ffffff;\">Wenn Sie Probleme haben, die Felder auf der Seite auszuf\u00fcllen, senden Sie uns bitte eine E-Mail mit folgenden Angaben<\/span>[\/vc_column_text][\/vc_column][vc_column width=&#8220;1\/3&#8243; css=&#8220;.vc_custom_1647100925349{padding-right: 30px !important;}&#8220;][vc_btn title=&#8220;Kontakt&#8220; shape=&#8220;round&#8220; color=&#8220;white&#8220; align=&#8220;right&#8220; link=&#8220;url:https%3A%2F%2Fsimoni.com%2Fde%2Fkontakt%2F|title:Kontakt|&#8220;][\/vc_column][\/vc_row][\/vc_section]<\/p>\n<\/section>","protected":false},"excerpt":{"rendered":"<p>[vc_section full_width=&#8220;stretch_row&#8220;][vc_row css=&#8220;.vc_custom_1649596586158{margin-bottom: 0px !important;padding-bottom: 0px !important;}&#8220;][vc_column][vc_empty_space height=&#8220;1px&#8220;][vc_column_text] Fordern Sie ein Angebot an f\u00fcr: B\u00fcrstenb\u00fcrsten [\/vc_column_text][vc_column_text] Sie bestehen aus verdrilltem Draht, der den Faden in Form<span class=\"excerpt-hellip\"> [\u2026]<\/span><\/p>\n","protected":false},"author":1,"featured_media":0,"parent":4574,"menu_order":0,"comment_status":"closed","ping_status":"closed","template":"","meta":{"footnotes":""},"class_list":["post-4580","page","type-page","status-publish","hentry"],"yoast_head":"<!-- This site is optimized with the Yoast SEO plugin v25.6 - https:\/\/yoast.com\/wordpress\/plugins\/seo\/ -->\n<title>Angebot anfordern - Simoni s.r.l.<\/title>\n<meta name=\"robots\" content=\"index, follow, max-snippet:-1, max-image-preview:large, max-video-preview:-1\" \/>\n<link rel=\"canonical\" href=\"https:\/\/simoni.com\/de\/besen\/angebot-anfordern\/\" \/>\n<meta property=\"og:locale\" content=\"de_DE\" \/>\n<meta property=\"og:type\" content=\"article\" \/>\n<meta property=\"og:title\" content=\"Angebot anfordern - Simoni s.r.l.\" \/>\n<meta property=\"og:description\" content=\"[vc_section full_width=&#8220;stretch_row&#8220;][vc_row css=&#8220;.vc_custom_1649596586158{margin-bottom: 0px !important;padding-bottom: 0px !important;}&#8220;][vc_column][vc_empty_space height=&#8220;1px&#8220;][vc_column_text] Fordern Sie ein Angebot an f\u00fcr: B\u00fcrstenb\u00fcrsten [\/vc_column_text][vc_column_text] Sie bestehen aus verdrilltem Draht, der den Faden in Form [\u2026]\" \/>\n<meta property=\"og:url\" content=\"https:\/\/simoni.com\/de\/besen\/angebot-anfordern\/\" \/>\n<meta property=\"og:site_name\" content=\"Simoni s.r.l.\" \/>\n<meta property=\"article:publisher\" content=\"https:\/\/www.facebook.com\/people\/Simoni-srl\/100049145208660\/?ref=tn_tnmn\" \/>\n<meta property=\"article:modified_time\" content=\"2024-01-01T16:23:59+00:00\" \/>\n<meta name=\"twitter:card\" content=\"summary_large_image\" \/>\n<meta name=\"twitter:label1\" content=\"Gesch\u00e4tzte Lesezeit\" \/>\n\t<meta name=\"twitter:data1\" content=\"2\u00a0Minuten\" \/>\n<script type=\"application\/ld+json\" class=\"yoast-schema-graph\">{\"@context\":\"https:\/\/schema.org\",\"@graph\":[{\"@type\":\"WebPage\",\"@id\":\"https:\/\/simoni.com\/de\/besen\/angebot-anfordern\/\",\"url\":\"https:\/\/simoni.com\/de\/besen\/angebot-anfordern\/\",\"name\":\"Angebot anfordern - Simoni s.r.l.\",\"isPartOf\":{\"@id\":\"https:\/\/simoni.com\/#website\"},\"datePublished\":\"2023-06-02T21:22:31+00:00\",\"dateModified\":\"2024-01-01T16:23:59+00:00\",\"breadcrumb\":{\"@id\":\"https:\/\/simoni.com\/de\/besen\/angebot-anfordern\/#breadcrumb\"},\"inLanguage\":\"de\",\"potentialAction\":[{\"@type\":\"ReadAction\",\"target\":[\"https:\/\/simoni.com\/de\/besen\/angebot-anfordern\/\"]}]},{\"@type\":\"BreadcrumbList\",\"@id\":\"https:\/\/simoni.com\/de\/besen\/angebot-anfordern\/#breadcrumb\",\"itemListElement\":[{\"@type\":\"ListItem\",\"position\":1,\"name\":\"Home\",\"item\":\"https:\/\/simoni.com\/de\/\"},{\"@type\":\"ListItem\",\"position\":2,\"name\":\"Besen\",\"item\":\"https:\/\/simoni.com\/de\/besen\/\"},{\"@type\":\"ListItem\",\"position\":3,\"name\":\"Angebot anfordern\"}]},{\"@type\":\"WebSite\",\"@id\":\"https:\/\/simoni.com\/#website\",\"url\":\"https:\/\/simoni.com\/\",\"name\":\"Simoni s.r.l.\",\"description\":\"From brushes to cleaning systems since 1830\",\"publisher\":{\"@id\":\"https:\/\/simoni.com\/#organization\"},\"potentialAction\":[{\"@type\":\"SearchAction\",\"target\":{\"@type\":\"EntryPoint\",\"urlTemplate\":\"https:\/\/simoni.com\/?s={search_term_string}\"},\"query-input\":{\"@type\":\"PropertyValueSpecification\",\"valueRequired\":true,\"valueName\":\"search_term_string\"}}],\"inLanguage\":\"de\"},{\"@type\":\"Organization\",\"@id\":\"https:\/\/simoni.com\/#organization\",\"name\":\"Simoni s.r.l.\",\"url\":\"https:\/\/simoni.com\/\",\"logo\":{\"@type\":\"ImageObject\",\"inLanguage\":\"de\",\"@id\":\"https:\/\/simoni.com\/#\/schema\/logo\/image\/\",\"url\":\"https:\/\/simoni.com\/wp-content\/uploads\/2023\/05\/logo-completo-300x93-1.png\",\"contentUrl\":\"https:\/\/simoni.com\/wp-content\/uploads\/2023\/05\/logo-completo-300x93-1.png\",\"width\":300,\"height\":93,\"caption\":\"Simoni s.r.l.\"},\"image\":{\"@id\":\"https:\/\/simoni.com\/#\/schema\/logo\/image\/\"},\"sameAs\":[\"https:\/\/www.facebook.com\/people\/Simoni-srl\/100049145208660\/?ref=tn_tnmn\",\"https:\/\/www.youtube.com\/channel\/UCme_poqaWKouYeYnmn0csOg\",\"https:\/\/www.linkedin.com\/company\/simonispazzoleindustriali\/\"]}]}<\/script>\n<!-- \/ Yoast SEO plugin. -->","yoast_head_json":{"title":"Angebot anfordern - Simoni s.r.l.","robots":{"index":"index","follow":"follow","max-snippet":"max-snippet:-1","max-image-preview":"max-image-preview:large","max-video-preview":"max-video-preview:-1"},"canonical":"https:\/\/simoni.com\/de\/besen\/angebot-anfordern\/","og_locale":"de_DE","og_type":"article","og_title":"Angebot anfordern - Simoni s.r.l.","og_description":"[vc_section full_width=&#8220;stretch_row&#8220;][vc_row css=&#8220;.vc_custom_1649596586158{margin-bottom: 0px !important;padding-bottom: 0px !important;}&#8220;][vc_column][vc_empty_space height=&#8220;1px&#8220;][vc_column_text] Fordern Sie ein Angebot an f\u00fcr: B\u00fcrstenb\u00fcrsten [\/vc_column_text][vc_column_text] Sie bestehen aus verdrilltem Draht, der den Faden in Form [\u2026]","og_url":"https:\/\/simoni.com\/de\/besen\/angebot-anfordern\/","og_site_name":"Simoni s.r.l.","article_publisher":"https:\/\/www.facebook.com\/people\/Simoni-srl\/100049145208660\/?ref=tn_tnmn","article_modified_time":"2024-01-01T16:23:59+00:00","twitter_card":"summary_large_image","twitter_misc":{"Gesch\u00e4tzte Lesezeit":"2\u00a0Minuten"},"schema":{"@context":"https:\/\/schema.org","@graph":[{"@type":"WebPage","@id":"https:\/\/simoni.com\/de\/besen\/angebot-anfordern\/","url":"https:\/\/simoni.com\/de\/besen\/angebot-anfordern\/","name":"Angebot anfordern - Simoni s.r.l.","isPartOf":{"@id":"https:\/\/simoni.com\/#website"},"datePublished":"2023-06-02T21:22:31+00:00","dateModified":"2024-01-01T16:23:59+00:00","breadcrumb":{"@id":"https:\/\/simoni.com\/de\/besen\/angebot-anfordern\/#breadcrumb"},"inLanguage":"de","potentialAction":[{"@type":"ReadAction","target":["https:\/\/simoni.com\/de\/besen\/angebot-anfordern\/"]}]},{"@type":"BreadcrumbList","@id":"https:\/\/simoni.com\/de\/besen\/angebot-anfordern\/#breadcrumb","itemListElement":[{"@type":"ListItem","position":1,"name":"Home","item":"https:\/\/simoni.com\/de\/"},{"@type":"ListItem","position":2,"name":"Besen","item":"https:\/\/simoni.com\/de\/besen\/"},{"@type":"ListItem","position":3,"name":"Angebot anfordern"}]},{"@type":"WebSite","@id":"https:\/\/simoni.com\/#website","url":"https:\/\/simoni.com\/","name":"Simoni s.r.l.","description":"From brushes to cleaning systems since 1830","publisher":{"@id":"https:\/\/simoni.com\/#organization"},"potentialAction":[{"@type":"SearchAction","target":{"@type":"EntryPoint","urlTemplate":"https:\/\/simoni.com\/?s={search_term_string}"},"query-input":{"@type":"PropertyValueSpecification","valueRequired":true,"valueName":"search_term_string"}}],"inLanguage":"de"},{"@type":"Organization","@id":"https:\/\/simoni.com\/#organization","name":"Simoni s.r.l.","url":"https:\/\/simoni.com\/","logo":{"@type":"ImageObject","inLanguage":"de","@id":"https:\/\/simoni.com\/#\/schema\/logo\/image\/","url":"https:\/\/simoni.com\/wp-content\/uploads\/2023\/05\/logo-completo-300x93-1.png","contentUrl":"https:\/\/simoni.com\/wp-content\/uploads\/2023\/05\/logo-completo-300x93-1.png","width":300,"height":93,"caption":"Simoni s.r.l."},"image":{"@id":"https:\/\/simoni.com\/#\/schema\/logo\/image\/"},"sameAs":["https:\/\/www.facebook.com\/people\/Simoni-srl\/100049145208660\/?ref=tn_tnmn","https:\/\/www.youtube.com\/channel\/UCme_poqaWKouYeYnmn0csOg","https:\/\/www.linkedin.com\/company\/simonispazzoleindustriali\/"]}]}},"_links":{"self":[{"href":"https:\/\/simoni.com\/de\/wp-json\/wp\/v2\/pages\/4580","targetHints":{"allow":["GET"]}}],"collection":[{"href":"https:\/\/simoni.com\/de\/wp-json\/wp\/v2\/pages"}],"about":[{"href":"https:\/\/simoni.com\/de\/wp-json\/wp\/v2\/types\/page"}],"author":[{"embeddable":true,"href":"https:\/\/simoni.com\/de\/wp-json\/wp\/v2\/users\/1"}],"replies":[{"embeddable":true,"href":"https:\/\/simoni.com\/de\/wp-json\/wp\/v2\/comments?post=4580"}],"version-history":[{"count":2,"href":"https:\/\/simoni.com\/de\/wp-json\/wp\/v2\/pages\/4580\/revisions"}],"predecessor-version":[{"id":4582,"href":"https:\/\/simoni.com\/de\/wp-json\/wp\/v2\/pages\/4580\/revisions\/4582"}],"up":[{"embeddable":true,"href":"https:\/\/simoni.com\/de\/wp-json\/wp\/v2\/pages\/4574"}],"wp:attachment":[{"href":"https:\/\/simoni.com\/de\/wp-json\/wp\/v2\/media?parent=4580"}],"curies":[{"name":"wp","href":"https:\/\/api.w.org\/{rel}","templated":true}]}}