{"id":4598,"date":"2023-06-26T19:42:53","date_gmt":"2023-06-26T17:42:53","guid":{"rendered":"https:\/\/simoni.com\/forderer\/"},"modified":"2025-07-23T16:48:11","modified_gmt":"2025-07-23T14:48:11","slug":"industrielle-forderer","status":"publish","type":"page","link":"https:\/\/simoni.com\/de\/industrielle-forderer\/","title":{"rendered":"Industrielle F\u00f6rderer"},"content":{"rendered":"<section class=\"wpb-content-wrapper\"><p>[vc_section][vc_row css=&#8220;.vc_custom_1644004969154{margin-top: 15px !important;margin-bottom: 0px !important;}&#8220;][vc_column width=&#8220;1\/2&#8243; offset=&#8220;vc_hidden-sm&#8220;][vc_column_text css=&#8220;.vc_custom_1647451215886{margin-top: 40px !important;}&#8220;]<\/p>\n<h1 class=\"p1\"><span style=\"color: #001240;\">Industrielle F\u00f6rderer<\/span><\/h1>\n<p>[\/vc_column_text][vc_column_text]<\/p>\n<p class=\"p1\"><span style=\"font-weight: 400;\">Unsere Maschinen eignen sich f\u00fcr den <strong>Transport von dreidimensionalen Objekten<\/strong> wie Flaschenverschl\u00fcssen, Flaschen, Kaffeekapseln und Vorformlingen. <\/span><\/p>\n<p class=\"p1\"><span style=\"font-weight: 400;\">F\u00fcr den Transport verwenden sie Riemenb\u00fcrsten, die je nach Objekt in verschiedenen Konfigurationen erh\u00e4ltlich sind. Dank der B\u00fcrstentechnologie verwenden sie weder Druckluft noch Vibrationen und behandeln das Produkt sanft und leise. Die riemengetriebene B\u00fcrste bietet eine &#8222;Reibungslunge&#8220;, die die kostspieligen Kontrollen anderer Systeme vermeidet.<\/span><\/p>\n<p>[\/vc_column_text][vc_btn title=&#8220;Entdecken Sie die Arten von F\u00f6rderern&#8220; style=&#8220;outline-custom&#8220; outline_custom_color=&#8220;#001240&#8243; outline_custom_hover_background=&#8220;#001240&#8243; outline_custom_hover_text=&#8220;#ffffff&#8220; shape=&#8220;round&#8220; align=&#8220;left&#8220; i_icon_fontawesome=&#8220;fas fa-chevron-down&#8220; add_icon=&#8220;true&#8220; link=&#8220;url:%23Link_typen|&#8220;][\/vc_column][vc_column width=&#8220;1\/2&#8243; css=&#8220;.vc_custom_1644005205679{margin-top: 20px !important;}&#8220; offset=&#8220;vc_hidden-sm&#8220;][vc_column_text]<div id=\"metaslider-id-3159\" style=\"width: 100%;\" class=\"ml-slider-3-100-1 metaslider metaslider-flex metaslider-3159 ml-slider ms-theme-default\" role=\"region\" aria-label=\"Trasportatori\" data-height=\"540\" data-width=\"540\">\n    <div id=\"metaslider_container_3159\">\n        <div id=\"metaslider_3159\">\n            <ul class='slides'>\n                <li style=\"display: block; width: 100%;\" class=\"slide-3180 ms-image \" aria-roledescription=\"slide\" data-date=\"2023-06-26 19:46:28\"><img decoding=\"async\" src=\"https:\/\/simoni.com\/wp-content\/uploads\/2023\/06\/CONV-P_macchine_simoni-1-scaled-540x540-1.jpg\" height=\"540\" width=\"540\" alt=\"\" class=\"slider-3159 slide-3180 msDefaultImage\" title=\"CONV-P_macchine_simoni-1-scaled-540x540\" \/><\/li>\n                <li style=\"display: none; width: 100%;\" class=\"slide-3179 ms-image \" aria-roledescription=\"slide\" data-date=\"2023-06-26 19:46:28\"><img decoding=\"async\" src=\"https:\/\/simoni.com\/wp-content\/uploads\/2023\/06\/CONV-A_macchine_simoni-1-scaled-540x540-1.jpg\" height=\"540\" width=\"540\" alt=\"\" class=\"slider-3159 slide-3179 msDefaultImage\" title=\"CONV-A_macchine_simoni-1-scaled-540x540\" \/><\/li>\n                <li style=\"display: none; width: 100%;\" class=\"slide-3178 ms-image \" aria-roledescription=\"slide\" data-date=\"2023-06-26 19:46:28\"><img decoding=\"async\" src=\"https:\/\/simoni.com\/wp-content\/uploads\/2023\/06\/CONV-2000_8-scaled-540x540-1.jpg\" height=\"540\" width=\"540\" alt=\"\" class=\"slider-3159 slide-3178 msDefaultImage\" title=\"CONV-2000_8-scaled-540x540\" \/><\/li>\n            <\/ul>\n        <\/div>\n        \n    <\/div>\n<\/div>[\/vc_column_text][\/vc_column][\/vc_row][vc_row css=&#8220;.vc_custom_1644005277886{margin-top: 0px !important;margin-bottom: 0px !important;}&#8220;][vc_column offset=&#8220;vc_hidden-lg vc_hidden-md vc_hidden-xs&#8220;][vc_column_text css=&#8220;.vc_custom_1647451463711{margin-top: 20px !important;}&#8220;]<\/p>\n<h1 class=\"p1\"><span style=\"color: #001240;\">Industrielle F\u00f6rderer<\/span><\/h1>\n<p>[\/vc_column_text][vc_column_text]<\/p>\n<p class=\"p1\"><span style=\"font-weight: 400;\">Unsere Maschinen eignen sich f\u00fcr den <strong>Transport von dreidimensionalen Objekten<\/strong> wie Flaschenverschl\u00fcssen, Flaschen, Kaffeekapseln und Vorformlingen. <\/span><\/p>\n<p class=\"p1\"><span style=\"font-weight: 400;\">F\u00fcr den Transport verwenden sie Riemenb\u00fcrsten, die je nach Objekt in verschiedenen Konfigurationen erh\u00e4ltlich sind. Dank der B\u00fcrstentechnologie verwenden sie weder Druckluft noch Vibrationen und behandeln das Produkt sanft und leise. Die riemengetriebene B\u00fcrste bietet eine &#8222;Reibungslunge&#8220;, die die kostspieligen Kontrollen anderer Systeme vermeidet.<\/span><\/p>\n<p>[\/vc_column_text][vc_btn title=&#8220;Entdecken Sie die Arten von F\u00f6rderern&#8220; style=&#8220;outline-custom&#8220; outline_custom_color=&#8220;#001240&#8243; outline_custom_hover_background=&#8220;#001240&#8243; outline_custom_hover_text=&#8220;#ffffff&#8220; shape=&#8220;round&#8220; align=&#8220;left&#8220; i_icon_fontawesome=&#8220;fas fa-chevron-down&#8220; add_icon=&#8220;true&#8220; link=&#8220;url:%23Link_typen|&#8220;][vc_images_carousel images=&#8220;3173,3168,3163&#8243; img_size=&#8220;650&#215;400&#8243; autoplay=&#8220;yes&#8220; el_class=&#8220;immagine-slider&#8220; css=&#8220;.vc_custom_1687801645840{border-radius: 15px !important;}&#8220;][\/vc_column][\/vc_row][\/vc_section][vc_section][vc_row css=&#8220;.vc_custom_1643577249152{margin-bottom: 0px !important;}&#8220;][vc_column][vc_column_text]<\/p>\n<h3 class=\"p1\"><span style=\"color: #001240;\">Spezifikationen<\/span><\/h3>\n<p>[\/vc_column_text][vc_separator css=&#8220;.vc_custom_1643577660031{margin-top: 0px !important;margin-bottom: 16px !important;padding-top: 0px !important;padding-bottom: 0px !important;}&#8220;][vc_column_text]<\/p>\n<h4><strong>Warum sollten Sie unsere Transporter w\u00e4hlen?<\/strong><\/h4>\n<p><span style=\"font-weight: 400;\">Die <strong>Vorteile<\/strong> im Vergleich zu herk\u00f6mmlichen F\u00f6rderanlagen sind: <\/span><\/p>\n<ul>\n<li><span style=\"color: #001240;\">kein Verbrauch von Druckluft oder ventilierter Luft, kein Einsatz von Vibrationen <\/span><\/li>\n<li><span style=\"color: #001240;\">geringes Rauschen <\/span><\/li>\n<li><span style=\"color: #001240;\">hohe Schubkraft, durch die mechanische Wirkung der B\u00fcrsten <\/span><\/li>\n<li><span style=\"color: #001240;\">gekuppelte Lunge, mit kontinuierlichem B\u00fcrstenbetrieb <\/span><\/li>\n<li><span style=\"color: #001240;\">keine Besch\u00e4digung der Teile, die sich in einem B\u00fcrstentunnel und nicht in einer Metallschiene bewegen<\/span><\/li>\n<\/ul>\n<p><span style=\"font-weight: 400;\">Die &#8222;gekuppelte Lunge&#8220; ist ein gro\u00dfer Vorteil, denn sie macht alle Bedienelemente \u00fcberfl\u00fcssig, die man normalerweise f\u00fcr den Betrieb der Lunge vorsehen m\u00fcsste, was f\u00fcr den kontinuierlichen Betrieb der nachgeschalteten Maschine unerl\u00e4sslich ist. Unser System erm\u00f6glicht es, die Lunge zu liften, ohne die Bewegung der B\u00fcrste zu ver\u00e4ndern, die weiterhin ihre Schubkraft aus\u00fcbt, ohne die feststehenden Teile zu besch\u00e4digen. <\/span><span style=\"font-weight: 400;\">F\u00fcr Maschinen, die mit vielen Bahnen arbeiten, haben wir bel\u00fcftete Luftf\u00f6rderer, die besonders f\u00fcr hohe F\u00f6rdermengen geeignet sind.<\/span>[\/vc_column_text][\/vc_column][\/vc_row][\/vc_section][vc_section][vc_row][vc_column][vc_column_text]<\/p>\n<h3 id=\"Link_tipologie\"><\/h3>\n<p>[\/vc_column_text][vc_column_text]<\/p>\n<h3>Arten von F\u00f6rderern:<\/h3>\n<p>[\/vc_column_text][vc_separator css=&#8220;.vc_custom_1643577647580{margin-top: 0px !important;margin-bottom: 16px !important;padding-top: 0px !important;padding-bottom: 0px !important;}&#8220;][\/vc_column][\/vc_row][vc_row content_placement=&#8220;top&#8220;][vc_column offset=&#8220;vc_hidden-sm&#8220;][vc_basic_grid post_type=&#8220;ids&#8220; item=&#8220;806&#8243; grid_id=&#8220;vc_gid:1687803594067-d5dbc72a0b7b7aef92f47c12bcd27257-10&#8243; include=&#8220;3186, 3235, 3277&#8243;][\/vc_column][\/vc_row][vc_row][vc_column offset=&#8220;vc_hidden-lg vc_hidden-md vc_hidden-xs&#8220;][vc_basic_grid post_type=&#8220;ids&#8220; element_width=&#8220;6&#8243; item=&#8220;806&#8243; grid_id=&#8220;vc_gid:1687803594078-123c8315fe9a0e53b28eefc13e465d3f-8&#8243; include=&#8220;3186, 3235, 3277&#8243;][\/vc_column][\/vc_row][\/vc_section][vc_section content_placement=&#8220;middle&#8220; parallax=&#8220;content-moving&#8220; css_animation=&#8220;fadeIn&#8220; css=&#8220;.vc_custom_1644267394219{margin-top: 0px !important;margin-right: 0px !important;margin-bottom: 0px !important;margin-left: 0px !important;padding-top: 10px !important;padding-right: 40px !important;padding-bottom: 10px !important;padding-left: 40px !important;background-color: #fbf3b8 !important;border-radius: 15px !important;}&#8220;][vc_row gap=&#8220;20&#8243; equal_height=&#8220;yes&#8220; content_placement=&#8220;middle&#8220; css=&#8220;.vc_custom_1644267110047{margin-bottom: 0px !important;padding-bottom: 0px !important;}&#8220;][vc_column width=&#8220;2\/3&#8243; css=&#8220;.vc_custom_1644957306598{margin-bottom: 0px !important;padding-bottom: 0px !important;}&#8220; offset=&#8220;vc_hidden-xs&#8220;][vc_column_text]<\/p>\n<h3 id=\"Link_quote\"><span style=\"color: #001240;\">M\u00f6chten Sie ein Angebot anfordern?<\/span><\/h3>\n<p><span style=\"color: #001240;\">Sind Sie an weiteren Informationen interessiert und m\u00f6chten Sie von einem unserer spezialisierten Mitarbeiter kontaktiert werden? <\/span><br \/>\n<span style=\"color: #001240;\">Fordern Sie jetzt Ihr Angebot an<\/span>[\/vc_column_text][vc_btn title=&#8220;F\u00fcllen Sie das Formular aus&#8220; style=&#8220;custom&#8220; custom_background=&#8220;#e30713&#8243; custom_text=&#8220;#ffffff&#8220; shape=&#8220;round&#8220; css=&#8220;.vc_custom_1687803726834{margin-bottom: 0px !important;padding-bottom: 0px !important;}&#8220; link=&#8220;url:https%3A%2F%2Fsimoni.com%2Fde%2Fangebot-anfordern-7%2F|title:Angebot%20anfordern|target:_blank|&#8220;][\/vc_column][vc_column width=&#8220;1\/3&#8243; offset=&#8220;vc_hidden-xs&#8220;][vc_single_image image=&#8220;3&#8243; img_size=&#8220;200&#215;200&#8243; alignment=&#8220;center&#8220; css=&#8220;.vc_custom_1687801690023{padding-top: 35px !important;}&#8220;][\/vc_column][\/vc_row][vc_row gap=&#8220;20&#8243; equal_height=&#8220;yes&#8220; content_placement=&#8220;middle&#8220; css=&#8220;.vc_custom_1644957346659{margin-top: 15px !important;margin-bottom: 15px !important;padding-bottom: 0px !important;}&#8220;][vc_column css=&#8220;.vc_custom_1644957291453{margin-bottom: 0px !important;padding-bottom: 0px !important;}&#8220; offset=&#8220;vc_hidden-lg vc_hidden-md vc_hidden-sm&#8220;][vc_column_text]<\/p>\n<h3 id=\"Link_quote\"><span style=\"color: #001240;\">M\u00f6chten Sie ein Angebot anfordern?<\/span><\/h3>\n<p><span style=\"color: #001240;\">Sind Sie an weiteren Informationen interessiert und m\u00f6chten Sie von einem unserer spezialisierten Mitarbeiter kontaktiert werden? <\/span><br \/>\n<span style=\"color: #001240;\">Fordern Sie jetzt Ihr Angebot an<\/span>[\/vc_column_text][vc_btn title=&#8220;F\u00fcllen Sie das Formular aus&#8220; style=&#8220;custom&#8220; custom_background=&#8220;#e30713&#8243; custom_text=&#8220;#ffffff&#8220; shape=&#8220;round&#8220; css=&#8220;.vc_custom_1687803736285{margin-bottom: 0px !important;padding-bottom: 0px !important;}&#8220; link=&#8220;url:https%3A%2F%2Fsimoni.com%2Fde%2Fangebot-anfordern-7%2F|title:Angebot%20anfordern|target:_blank|&#8220;][\/vc_column][\/vc_row][\/vc_section][vc_row][vc_column][vc_empty_space height=&#8220;50px&#8220;][\/vc_column][\/vc_row]<\/p>\n<\/section>","protected":false},"excerpt":{"rendered":"<p>Unsere Maschinen eignen sich f\u00fcr den Transport von dreidimensionalen Objekten wie Flaschenverschl\u00fcssen, Flaschen, Kaffeekapseln und Vorformlingen. <\/p>\n","protected":false},"author":1,"featured_media":0,"parent":0,"menu_order":0,"comment_status":"closed","ping_status":"closed","template":"","meta":{"footnotes":""},"class_list":["post-4598","page","type-page","status-publish","hentry"],"yoast_head":"<!-- This site is optimized with the Yoast SEO plugin v25.6 - https:\/\/yoast.com\/wordpress\/plugins\/seo\/ -->\n<title>Industrielle F\u00f6rderer - Simoni s.r.l.<\/title>\n<meta name=\"robots\" content=\"index, follow, max-snippet:-1, max-image-preview:large, max-video-preview:-1\" \/>\n<link rel=\"canonical\" href=\"https:\/\/simoni.com\/de\/industrielle-forderer\/\" \/>\n<meta property=\"og:locale\" content=\"de_DE\" \/>\n<meta property=\"og:type\" content=\"article\" \/>\n<meta property=\"og:title\" content=\"Industrielle F\u00f6rderer - Simoni s.r.l.\" \/>\n<meta property=\"og:description\" content=\"Unsere Maschinen eignen sich f\u00fcr den Transport von dreidimensionalen Objekten wie Flaschenverschl\u00fcssen, Flaschen, Kaffeekapseln und Vorformlingen.\" \/>\n<meta property=\"og:url\" content=\"https:\/\/simoni.com\/de\/industrielle-forderer\/\" \/>\n<meta property=\"og:site_name\" content=\"Simoni s.r.l.\" \/>\n<meta property=\"article:publisher\" content=\"https:\/\/www.facebook.com\/people\/Simoni-srl\/100049145208660\/?ref=tn_tnmn\" \/>\n<meta property=\"article:modified_time\" content=\"2025-07-23T14:48:11+00:00\" \/>\n<meta name=\"twitter:card\" content=\"summary_large_image\" \/>\n<meta name=\"twitter:label1\" content=\"Gesch\u00e4tzte Lesezeit\" \/>\n\t<meta name=\"twitter:data1\" content=\"3\u00a0Minuten\" \/>\n<script type=\"application\/ld+json\" class=\"yoast-schema-graph\">{\"@context\":\"https:\/\/schema.org\",\"@graph\":[{\"@type\":\"WebPage\",\"@id\":\"https:\/\/simoni.com\/de\/industrielle-forderer\/\",\"url\":\"https:\/\/simoni.com\/de\/industrielle-forderer\/\",\"name\":\"Industrielle F\u00f6rderer - Simoni s.r.l.\",\"isPartOf\":{\"@id\":\"https:\/\/simoni.com\/#website\"},\"datePublished\":\"2023-06-26T17:42:53+00:00\",\"dateModified\":\"2025-07-23T14:48:11+00:00\",\"breadcrumb\":{\"@id\":\"https:\/\/simoni.com\/de\/industrielle-forderer\/#breadcrumb\"},\"inLanguage\":\"de\",\"potentialAction\":[{\"@type\":\"ReadAction\",\"target\":[\"https:\/\/simoni.com\/de\/industrielle-forderer\/\"]}]},{\"@type\":\"BreadcrumbList\",\"@id\":\"https:\/\/simoni.com\/de\/industrielle-forderer\/#breadcrumb\",\"itemListElement\":[{\"@type\":\"ListItem\",\"position\":1,\"name\":\"Home\",\"item\":\"https:\/\/simoni.com\/de\/\"},{\"@type\":\"ListItem\",\"position\":2,\"name\":\"Industrielle F\u00f6rderer\"}]},{\"@type\":\"WebSite\",\"@id\":\"https:\/\/simoni.com\/#website\",\"url\":\"https:\/\/simoni.com\/\",\"name\":\"Simoni s.r.l.\",\"description\":\"From brushes to cleaning systems since 1830\",\"publisher\":{\"@id\":\"https:\/\/simoni.com\/#organization\"},\"potentialAction\":[{\"@type\":\"SearchAction\",\"target\":{\"@type\":\"EntryPoint\",\"urlTemplate\":\"https:\/\/simoni.com\/?s={search_term_string}\"},\"query-input\":{\"@type\":\"PropertyValueSpecification\",\"valueRequired\":true,\"valueName\":\"search_term_string\"}}],\"inLanguage\":\"de\"},{\"@type\":\"Organization\",\"@id\":\"https:\/\/simoni.com\/#organization\",\"name\":\"Simoni s.r.l.\",\"url\":\"https:\/\/simoni.com\/\",\"logo\":{\"@type\":\"ImageObject\",\"inLanguage\":\"de\",\"@id\":\"https:\/\/simoni.com\/#\/schema\/logo\/image\/\",\"url\":\"https:\/\/simoni.com\/wp-content\/uploads\/2023\/05\/logo-completo-300x93-1.png\",\"contentUrl\":\"https:\/\/simoni.com\/wp-content\/uploads\/2023\/05\/logo-completo-300x93-1.png\",\"width\":300,\"height\":93,\"caption\":\"Simoni s.r.l.\"},\"image\":{\"@id\":\"https:\/\/simoni.com\/#\/schema\/logo\/image\/\"},\"sameAs\":[\"https:\/\/www.facebook.com\/people\/Simoni-srl\/100049145208660\/?ref=tn_tnmn\",\"https:\/\/www.youtube.com\/channel\/UCme_poqaWKouYeYnmn0csOg\",\"https:\/\/www.linkedin.com\/company\/simonispazzoleindustriali\/\"]}]}<\/script>\n<!-- \/ Yoast SEO plugin. -->","yoast_head_json":{"title":"Industrielle F\u00f6rderer - Simoni s.r.l.","robots":{"index":"index","follow":"follow","max-snippet":"max-snippet:-1","max-image-preview":"max-image-preview:large","max-video-preview":"max-video-preview:-1"},"canonical":"https:\/\/simoni.com\/de\/industrielle-forderer\/","og_locale":"de_DE","og_type":"article","og_title":"Industrielle F\u00f6rderer - Simoni s.r.l.","og_description":"Unsere Maschinen eignen sich f\u00fcr den Transport von dreidimensionalen Objekten wie Flaschenverschl\u00fcssen, Flaschen, Kaffeekapseln und Vorformlingen.","og_url":"https:\/\/simoni.com\/de\/industrielle-forderer\/","og_site_name":"Simoni s.r.l.","article_publisher":"https:\/\/www.facebook.com\/people\/Simoni-srl\/100049145208660\/?ref=tn_tnmn","article_modified_time":"2025-07-23T14:48:11+00:00","twitter_card":"summary_large_image","twitter_misc":{"Gesch\u00e4tzte Lesezeit":"3\u00a0Minuten"},"schema":{"@context":"https:\/\/schema.org","@graph":[{"@type":"WebPage","@id":"https:\/\/simoni.com\/de\/industrielle-forderer\/","url":"https:\/\/simoni.com\/de\/industrielle-forderer\/","name":"Industrielle F\u00f6rderer - Simoni s.r.l.","isPartOf":{"@id":"https:\/\/simoni.com\/#website"},"datePublished":"2023-06-26T17:42:53+00:00","dateModified":"2025-07-23T14:48:11+00:00","breadcrumb":{"@id":"https:\/\/simoni.com\/de\/industrielle-forderer\/#breadcrumb"},"inLanguage":"de","potentialAction":[{"@type":"ReadAction","target":["https:\/\/simoni.com\/de\/industrielle-forderer\/"]}]},{"@type":"BreadcrumbList","@id":"https:\/\/simoni.com\/de\/industrielle-forderer\/#breadcrumb","itemListElement":[{"@type":"ListItem","position":1,"name":"Home","item":"https:\/\/simoni.com\/de\/"},{"@type":"ListItem","position":2,"name":"Industrielle F\u00f6rderer"}]},{"@type":"WebSite","@id":"https:\/\/simoni.com\/#website","url":"https:\/\/simoni.com\/","name":"Simoni s.r.l.","description":"From brushes to cleaning systems since 1830","publisher":{"@id":"https:\/\/simoni.com\/#organization"},"potentialAction":[{"@type":"SearchAction","target":{"@type":"EntryPoint","urlTemplate":"https:\/\/simoni.com\/?s={search_term_string}"},"query-input":{"@type":"PropertyValueSpecification","valueRequired":true,"valueName":"search_term_string"}}],"inLanguage":"de"},{"@type":"Organization","@id":"https:\/\/simoni.com\/#organization","name":"Simoni s.r.l.","url":"https:\/\/simoni.com\/","logo":{"@type":"ImageObject","inLanguage":"de","@id":"https:\/\/simoni.com\/#\/schema\/logo\/image\/","url":"https:\/\/simoni.com\/wp-content\/uploads\/2023\/05\/logo-completo-300x93-1.png","contentUrl":"https:\/\/simoni.com\/wp-content\/uploads\/2023\/05\/logo-completo-300x93-1.png","width":300,"height":93,"caption":"Simoni s.r.l."},"image":{"@id":"https:\/\/simoni.com\/#\/schema\/logo\/image\/"},"sameAs":["https:\/\/www.facebook.com\/people\/Simoni-srl\/100049145208660\/?ref=tn_tnmn","https:\/\/www.youtube.com\/channel\/UCme_poqaWKouYeYnmn0csOg","https:\/\/www.linkedin.com\/company\/simonispazzoleindustriali\/"]}]}},"_links":{"self":[{"href":"https:\/\/simoni.com\/de\/wp-json\/wp\/v2\/pages\/4598","targetHints":{"allow":["GET"]}}],"collection":[{"href":"https:\/\/simoni.com\/de\/wp-json\/wp\/v2\/pages"}],"about":[{"href":"https:\/\/simoni.com\/de\/wp-json\/wp\/v2\/types\/page"}],"author":[{"embeddable":true,"href":"https:\/\/simoni.com\/de\/wp-json\/wp\/v2\/users\/1"}],"replies":[{"embeddable":true,"href":"https:\/\/simoni.com\/de\/wp-json\/wp\/v2\/comments?post=4598"}],"version-history":[{"count":7,"href":"https:\/\/simoni.com\/de\/wp-json\/wp\/v2\/pages\/4598\/revisions"}],"predecessor-version":[{"id":5642,"href":"https:\/\/simoni.com\/de\/wp-json\/wp\/v2\/pages\/4598\/revisions\/5642"}],"wp:attachment":[{"href":"https:\/\/simoni.com\/de\/wp-json\/wp\/v2\/media?parent=4598"}],"curies":[{"name":"wp","href":"https:\/\/api.w.org\/{rel}","templated":true}]}}