{"id":5545,"date":"2023-05-20T13:47:35","date_gmt":"2023-05-20T11:47:35","guid":{"rendered":"https:\/\/simoni.demonewlogic.it\/?page_id=5545"},"modified":"2025-07-23T12:07:09","modified_gmt":"2025-07-23T10:07:09","slug":"angebot-anfordern-geblaese","status":"publish","type":"page","link":"https:\/\/simoni.com\/de\/elektrostatische\/geblaese\/angebot-anfordern-geblaese\/","title":{"rendered":"Angebot anfordern &#8211; Gebl\u00e4se"},"content":{"rendered":"<section class=\"wpb-content-wrapper\"><p>[vc_row][vc_column][vc_column_text]<\/p>\n<h1>Angebot anfordern f\u00fcr:<br \/>\nGebl\u00e4seaustragssysteme<\/h1>\n<p>[\/vc_column_text][vc_column_text]<\/p>\n<h5>Qualit\u00e4tsminderungen und hoher Ausschuss durch Staub werden durch den Einsatz von HAUG-Gebl\u00e4seaustragssystemen vermieden. Elektrostatische Aufladungen, die durch Reibung bei Bearbeitungsprozessen entstehen, mindern die Effizienz und f\u00fchren zu erh\u00f6hten Kosten. In solchen F\u00e4llen sind HAUG-Gebl\u00e4se besonders effektiv. Sie entfernen Staubpartikel und neutralisieren elektrostatische Aufladungen.<\/h5>\n<p>[\/vc_column_text][\/vc_column][\/vc_row][vc_row gap=&#8220;25&#8243;][vc_column width=&#8220;2\/3&#8243; css=&#8220;.vc_custom_1649595312921{padding-right: 30px !important;padding-left: 30px !important;background-color: #fbf3b8 !important;border-radius: 15px !important;}&#8220; offset=&#8220;vc_col-xs-12&#8243;][vc_column_text]Alle mit einem * gekennzeichneten Felder sind Pflichtfelder.[\/vc_column_text][\/vc_column][vc_column width=&#8220;1\/3&#8243; offset=&#8220;vc_hidden-sm vc_hidden-xs&#8220;][\/vc_column][\/vc_row][vc_row][vc_column][vc_column_text][\/vc_section][\/vc_column_text][\/vc_column][\/vc_row][vc_row][vc_column width=&#8220;2\/3&#8243;][vc_column_text]\n<div class=\"wpcf7 no-js\" id=\"wpcf7-f4330-o1\" lang=\"de-DE\" dir=\"ltr\" data-wpcf7-id=\"4330\">\n<div class=\"screen-reader-response\"><p role=\"status\" aria-live=\"polite\" aria-atomic=\"true\"><\/p> <ul><\/ul><\/div>\n<form action=\"\/de\/wp-json\/wp\/v2\/pages\/5545#wpcf7-f4330-o1\" method=\"post\" class=\"wpcf7-form init\" aria-label=\"Kontaktformular\" novalidate=\"novalidate\" data-status=\"init\">\n<fieldset class=\"hidden-fields-container\"><input type=\"hidden\" name=\"_wpcf7\" value=\"4330\" \/><input type=\"hidden\" name=\"_wpcf7_version\" value=\"6.1\" \/><input type=\"hidden\" name=\"_wpcf7_locale\" value=\"de_DE\" \/><input type=\"hidden\" name=\"_wpcf7_unit_tag\" value=\"wpcf7-f4330-o1\" \/><input type=\"hidden\" name=\"_wpcf7_container_post\" value=\"0\" \/><input type=\"hidden\" name=\"_wpcf7_posted_data_hash\" value=\"\" \/><input type=\"hidden\" name=\"_wpcf7_recaptcha_response\" value=\"\" \/>\n<\/fieldset>\n<div class=\"formdati\">\n\t<p><label> Typ des Gebl\u00e4ses ausw\u00e4hlen<br \/>\n<span class=\"wpcf7-form-control-wrap\" data-name=\"elettrostatica\"><select class=\"wpcf7-form-control wpcf7-select\" aria-invalid=\"false\" name=\"elettrostatica\"><option value=\"Seleziona\">Seleziona<\/option><option value=\"Soffiante ad una barra KL-GK\">Soffiante ad una barra KL-GK<\/option><option value=\"Soffiante a due barre LS-GK\">Soffiante a due barre LS-GK<\/option><option value=\"Mini barriera soffiante LS-PLE\">Mini barriera soffiante LS-PLE<\/option><option value=\"Soffiante a lama d\u2019aria AK-GK\">Soffiante a lama d\u2019aria AK-GK<\/option><option value=\"Soffiante ad ago NI\">Soffiante ad ago NI<\/option><option value=\"Mini-spot soffiante MJ I\">Mini-spot soffiante MJ I<\/option><option value=\"Mini-spot soffiante MJ II\">Mini-spot soffiante MJ II<\/option><option value=\"Delta Blower DA-TR\">Delta Blower DA-TR<\/option><option value=\"Pistola Ionizzante RI LG \u2013 Lady Gun\">Pistola Ionizzante RI LG \u2013 Lady Gun<\/option><option value=\"Ionizzatori cilindrici EI RI\">Ionizzatori cilindrici EI RI<\/option><\/select><\/span> <\/label>\n\t<\/p>\n\t<div class=\"formbox\">\n\t\t<p> Namen*<br \/>\n<span class=\"wpcf7-form-control-wrap\" data-name=\"Nominativo\"><input size=\"40\" maxlength=\"400\" class=\"wpcf7-form-control wpcf7-text wpcf7-validates-as-required\" aria-required=\"true\" aria-invalid=\"false\" value=\"\" type=\"text\" name=\"Nominativo\" \/><\/span>\n\t\t<\/p>\n\t\t<p> Unternehmen*<br \/>\n<span class=\"wpcf7-form-control-wrap\" data-name=\"Azienda\"><input size=\"40\" maxlength=\"400\" class=\"wpcf7-form-control wpcf7-text wpcf7-validates-as-required\" aria-required=\"true\" aria-invalid=\"false\" value=\"\" type=\"text\" name=\"Azienda\" \/><\/span>\n\t\t<\/p>\n\t<\/div>\n\t<div class=\"formbox\">\n\t\t<p> Telefonnummer:<br \/>\n<span class=\"wpcf7-form-control-wrap\" data-name=\"Numero-di-telefono\"><input size=\"40\" maxlength=\"400\" class=\"wpcf7-form-control wpcf7-tel wpcf7-text wpcf7-validates-as-tel\" aria-invalid=\"false\" value=\"\" type=\"tel\" name=\"Numero-di-telefono\" \/><\/span>\n\t\t<\/p>\n\t\t<p> FAX<br \/>\n<span class=\"wpcf7-form-control-wrap\" data-name=\"Fax\"><input class=\"wpcf7-form-control wpcf7-number wpcf7-validates-as-number\" aria-invalid=\"false\" value=\"\" type=\"number\" name=\"Fax\" \/><\/span>\n\t\t<\/p>\n\t<\/div>\n\t<p> Ihre E-Mail*<br \/>\n<span class=\"wpcf7-form-control-wrap\" data-name=\"your-email\"><input size=\"40\" maxlength=\"400\" class=\"wpcf7-form-control wpcf7-email wpcf7-validates-as-required wpcf7-text wpcf7-validates-as-email\" aria-required=\"true\" aria-invalid=\"false\" value=\"\" type=\"email\" name=\"your-email\" \/><\/span>\n\t<\/p>\n\t<p> Anfrage*<br \/>\n<span class=\"wpcf7-form-control-wrap\" data-name=\"your-message\"><textarea cols=\"40\" rows=\"10\" maxlength=\"2000\" class=\"wpcf7-form-control wpcf7-textarea wpcf7-validates-as-required\" aria-required=\"true\" aria-invalid=\"false\" name=\"your-message\"><\/textarea><\/span>\n\t<\/p>\n\t<p><span class=\"wpcf7-form-control-wrap\" data-name=\"acceptance-68\"><span class=\"wpcf7-form-control wpcf7-acceptance\"><span class=\"wpcf7-list-item\"><label><input type=\"checkbox\" name=\"acceptance-68\" value=\"1\" aria-invalid=\"false\" \/><span class=\"wpcf7-list-item-label\">* Ich stimme der Verarbeitung meiner Daten gem\u00e4\u00df der\nEU-Datenschutzverordnung 679\/2016. Ich habe die <a href=\"https:\/\/simoni.com\/privacy-policy\/\" target=\"_blank\">Datenschutzbestimmungen<\/a> gelesen und akzeptiere sie<\/span><\/label><\/span><\/span><\/span>\n\t<\/p>\n\t<p><input class=\"wpcf7-form-control wpcf7-submit has-spinner\" type=\"submit\" value=\"Senden\" \/>\n\t<\/p>\n<\/div><div class=\"wpcf7-response-output\" aria-hidden=\"true\"><\/div>\n<\/form>\n<\/div>\n[\/vc_column_text][\/vc_column][vc_column width=&#8220;1\/3&#8243;][\/vc_column][\/vc_row][vc_section css=&#8220;.vc_custom_1649596552546{margin-top: 50px !important;margin-bottom: 50px !important;}&#8220;][vc_row content_placement=&#8220;middle&#8220; css=&#8220;.vc_custom_1647100903626{background-color: #e30713 !important;border-radius: 15px !important;}&#8220;][vc_column width=&#8220;2\/3&#8243; css=&#8220;.vc_custom_1647100914774{padding-right: 30px !important;padding-left: 30px !important;}&#8220;][vc_column_text]<\/p>\n<h4><span style=\"color: #ffffff;\">Brauchen Sie Hilfe?<br \/>\n<\/span><\/h4>\n<p><span style=\"color: #ffffff;\">Wenn Sie Probleme haben, die Felder auf der Seite auszuf\u00fcllen, senden Sie uns bitte eine E-Mail mit folgenden Angaben<br \/>\n<\/span>[\/vc_column_text][\/vc_column][vc_column width=&#8220;1\/3&#8243; css=&#8220;.vc_custom_1647100925349{padding-right: 30px !important;}&#8220;][vc_btn title=&#8220;Kontaktieren Sie uns&#8220; shape=&#8220;round&#8220; color=&#8220;white&#8220; align=&#8220;right&#8220; link=&#8220;url:https%3A%2F%2Fsimoni.com%2Fcontatti%2F|title:Contatti&#8220;][\/vc_column][\/vc_row][\/vc_section]<\/p>\n<\/section>","protected":false},"excerpt":{"rendered":"<p>[vc_row][vc_column][vc_column_text] Angebot anfordern f\u00fcr: Gebl\u00e4seaustragssysteme [\/vc_column_text][vc_column_text] Qualit\u00e4tsminderungen und hoher Ausschuss durch Staub werden durch den Einsatz von HAUG-Gebl\u00e4seaustragssystemen vermieden. Elektrostatische Aufladungen, die durch Reibung bei Bearbeitungsprozessen<span class=\"excerpt-hellip\"> [\u2026]<\/span><\/p>\n","protected":false},"author":6,"featured_media":0,"parent":5515,"menu_order":0,"comment_status":"closed","ping_status":"closed","template":"","meta":{"footnotes":""},"class_list":["post-5545","page","type-page","status-publish","hentry"],"yoast_head":"<!-- This site is optimized with the Yoast SEO plugin v25.6 - https:\/\/yoast.com\/wordpress\/plugins\/seo\/ -->\n<title>Angebot anfordern - Gebl\u00e4se - Simoni s.r.l.<\/title>\n<meta name=\"robots\" content=\"index, follow, max-snippet:-1, max-image-preview:large, max-video-preview:-1\" \/>\n<link rel=\"canonical\" href=\"https:\/\/simoni.com\/elettrostatica\/soffianti\/richiesta-offerta\/\" \/>\n<meta property=\"og:locale\" content=\"de_DE\" \/>\n<meta property=\"og:type\" content=\"article\" \/>\n<meta property=\"og:title\" content=\"Angebot anfordern - Gebl\u00e4se - Simoni s.r.l.\" \/>\n<meta property=\"og:description\" content=\"[vc_row][vc_column][vc_column_text] Angebot anfordern f\u00fcr: Gebl\u00e4seaustragssysteme [\/vc_column_text][vc_column_text] Qualit\u00e4tsminderungen und hoher Ausschuss durch Staub werden durch den Einsatz von HAUG-Gebl\u00e4seaustragssystemen vermieden. Elektrostatische Aufladungen, die durch Reibung bei Bearbeitungsprozessen [\u2026]\" \/>\n<meta property=\"og:url\" content=\"https:\/\/simoni.com\/elettrostatica\/soffianti\/richiesta-offerta\/\" \/>\n<meta property=\"og:site_name\" content=\"Simoni s.r.l.\" \/>\n<meta property=\"article:publisher\" content=\"https:\/\/www.facebook.com\/people\/Simoni-srl\/100049145208660\/?ref=tn_tnmn\" \/>\n<meta property=\"article:modified_time\" content=\"2025-07-23T10:07:09+00:00\" \/>\n<meta name=\"twitter:card\" content=\"summary_large_image\" \/>\n<meta name=\"twitter:label1\" content=\"Gesch\u00e4tzte Lesezeit\" \/>\n\t<meta name=\"twitter:data1\" content=\"1\u00a0Minute\" \/>\n<script type=\"application\/ld+json\" class=\"yoast-schema-graph\">{\"@context\":\"https:\/\/schema.org\",\"@graph\":[{\"@type\":\"WebPage\",\"@id\":\"https:\/\/simoni.com\/elettrostatica\/soffianti\/richiesta-offerta\/\",\"url\":\"https:\/\/simoni.com\/elettrostatica\/soffianti\/richiesta-offerta\/\",\"name\":\"Angebot anfordern - Gebl\u00e4se - Simoni s.r.l.\",\"isPartOf\":{\"@id\":\"https:\/\/simoni.com\/#website\"},\"datePublished\":\"2023-05-20T11:47:35+00:00\",\"dateModified\":\"2025-07-23T10:07:09+00:00\",\"breadcrumb\":{\"@id\":\"https:\/\/simoni.com\/elettrostatica\/soffianti\/richiesta-offerta\/#breadcrumb\"},\"inLanguage\":\"de\",\"potentialAction\":[{\"@type\":\"ReadAction\",\"target\":[\"https:\/\/simoni.com\/elettrostatica\/soffianti\/richiesta-offerta\/\"]}]},{\"@type\":\"BreadcrumbList\",\"@id\":\"https:\/\/simoni.com\/elettrostatica\/soffianti\/richiesta-offerta\/#breadcrumb\",\"itemListElement\":[{\"@type\":\"ListItem\",\"position\":1,\"name\":\"Home\",\"item\":\"https:\/\/simoni.com\/de\/\"},{\"@type\":\"ListItem\",\"position\":2,\"name\":\"Elektrostatische\",\"item\":\"https:\/\/simoni.com\/elettrostatica\/\"},{\"@type\":\"ListItem\",\"position\":3,\"name\":\"Gebl\u00e4se\",\"item\":\"https:\/\/simoni.com\/elettrostatica\/soffianti\/\"},{\"@type\":\"ListItem\",\"position\":4,\"name\":\"Angebot anfordern &#8211; Gebl\u00e4se\"}]},{\"@type\":\"WebSite\",\"@id\":\"https:\/\/simoni.com\/#website\",\"url\":\"https:\/\/simoni.com\/\",\"name\":\"Simoni s.r.l.\",\"description\":\"From brushes to cleaning systems since 1830\",\"publisher\":{\"@id\":\"https:\/\/simoni.com\/#organization\"},\"potentialAction\":[{\"@type\":\"SearchAction\",\"target\":{\"@type\":\"EntryPoint\",\"urlTemplate\":\"https:\/\/simoni.com\/?s={search_term_string}\"},\"query-input\":{\"@type\":\"PropertyValueSpecification\",\"valueRequired\":true,\"valueName\":\"search_term_string\"}}],\"inLanguage\":\"de\"},{\"@type\":\"Organization\",\"@id\":\"https:\/\/simoni.com\/#organization\",\"name\":\"Simoni s.r.l.\",\"url\":\"https:\/\/simoni.com\/\",\"logo\":{\"@type\":\"ImageObject\",\"inLanguage\":\"de\",\"@id\":\"https:\/\/simoni.com\/#\/schema\/logo\/image\/\",\"url\":\"https:\/\/simoni.com\/wp-content\/uploads\/2023\/05\/logo-completo-300x93-1.png\",\"contentUrl\":\"https:\/\/simoni.com\/wp-content\/uploads\/2023\/05\/logo-completo-300x93-1.png\",\"width\":300,\"height\":93,\"caption\":\"Simoni s.r.l.\"},\"image\":{\"@id\":\"https:\/\/simoni.com\/#\/schema\/logo\/image\/\"},\"sameAs\":[\"https:\/\/www.facebook.com\/people\/Simoni-srl\/100049145208660\/?ref=tn_tnmn\",\"https:\/\/www.youtube.com\/channel\/UCme_poqaWKouYeYnmn0csOg\",\"https:\/\/www.linkedin.com\/company\/simonispazzoleindustriali\/\"]}]}<\/script>\n<!-- \/ Yoast SEO plugin. -->","yoast_head_json":{"title":"Angebot anfordern - Gebl\u00e4se - Simoni s.r.l.","robots":{"index":"index","follow":"follow","max-snippet":"max-snippet:-1","max-image-preview":"max-image-preview:large","max-video-preview":"max-video-preview:-1"},"canonical":"https:\/\/simoni.com\/elettrostatica\/soffianti\/richiesta-offerta\/","og_locale":"de_DE","og_type":"article","og_title":"Angebot anfordern - Gebl\u00e4se - Simoni s.r.l.","og_description":"[vc_row][vc_column][vc_column_text] Angebot anfordern f\u00fcr: Gebl\u00e4seaustragssysteme [\/vc_column_text][vc_column_text] Qualit\u00e4tsminderungen und hoher Ausschuss durch Staub werden durch den Einsatz von HAUG-Gebl\u00e4seaustragssystemen vermieden. Elektrostatische Aufladungen, die durch Reibung bei Bearbeitungsprozessen [\u2026]","og_url":"https:\/\/simoni.com\/elettrostatica\/soffianti\/richiesta-offerta\/","og_site_name":"Simoni s.r.l.","article_publisher":"https:\/\/www.facebook.com\/people\/Simoni-srl\/100049145208660\/?ref=tn_tnmn","article_modified_time":"2025-07-23T10:07:09+00:00","twitter_card":"summary_large_image","twitter_misc":{"Gesch\u00e4tzte Lesezeit":"1\u00a0Minute"},"schema":{"@context":"https:\/\/schema.org","@graph":[{"@type":"WebPage","@id":"https:\/\/simoni.com\/elettrostatica\/soffianti\/richiesta-offerta\/","url":"https:\/\/simoni.com\/elettrostatica\/soffianti\/richiesta-offerta\/","name":"Angebot anfordern - Gebl\u00e4se - Simoni s.r.l.","isPartOf":{"@id":"https:\/\/simoni.com\/#website"},"datePublished":"2023-05-20T11:47:35+00:00","dateModified":"2025-07-23T10:07:09+00:00","breadcrumb":{"@id":"https:\/\/simoni.com\/elettrostatica\/soffianti\/richiesta-offerta\/#breadcrumb"},"inLanguage":"de","potentialAction":[{"@type":"ReadAction","target":["https:\/\/simoni.com\/elettrostatica\/soffianti\/richiesta-offerta\/"]}]},{"@type":"BreadcrumbList","@id":"https:\/\/simoni.com\/elettrostatica\/soffianti\/richiesta-offerta\/#breadcrumb","itemListElement":[{"@type":"ListItem","position":1,"name":"Home","item":"https:\/\/simoni.com\/de\/"},{"@type":"ListItem","position":2,"name":"Elektrostatische","item":"https:\/\/simoni.com\/elettrostatica\/"},{"@type":"ListItem","position":3,"name":"Gebl\u00e4se","item":"https:\/\/simoni.com\/elettrostatica\/soffianti\/"},{"@type":"ListItem","position":4,"name":"Angebot anfordern &#8211; Gebl\u00e4se"}]},{"@type":"WebSite","@id":"https:\/\/simoni.com\/#website","url":"https:\/\/simoni.com\/","name":"Simoni s.r.l.","description":"From brushes to cleaning systems since 1830","publisher":{"@id":"https:\/\/simoni.com\/#organization"},"potentialAction":[{"@type":"SearchAction","target":{"@type":"EntryPoint","urlTemplate":"https:\/\/simoni.com\/?s={search_term_string}"},"query-input":{"@type":"PropertyValueSpecification","valueRequired":true,"valueName":"search_term_string"}}],"inLanguage":"de"},{"@type":"Organization","@id":"https:\/\/simoni.com\/#organization","name":"Simoni s.r.l.","url":"https:\/\/simoni.com\/","logo":{"@type":"ImageObject","inLanguage":"de","@id":"https:\/\/simoni.com\/#\/schema\/logo\/image\/","url":"https:\/\/simoni.com\/wp-content\/uploads\/2023\/05\/logo-completo-300x93-1.png","contentUrl":"https:\/\/simoni.com\/wp-content\/uploads\/2023\/05\/logo-completo-300x93-1.png","width":300,"height":93,"caption":"Simoni s.r.l."},"image":{"@id":"https:\/\/simoni.com\/#\/schema\/logo\/image\/"},"sameAs":["https:\/\/www.facebook.com\/people\/Simoni-srl\/100049145208660\/?ref=tn_tnmn","https:\/\/www.youtube.com\/channel\/UCme_poqaWKouYeYnmn0csOg","https:\/\/www.linkedin.com\/company\/simonispazzoleindustriali\/"]}]}},"_links":{"self":[{"href":"https:\/\/simoni.com\/de\/wp-json\/wp\/v2\/pages\/5545","targetHints":{"allow":["GET"]}}],"collection":[{"href":"https:\/\/simoni.com\/de\/wp-json\/wp\/v2\/pages"}],"about":[{"href":"https:\/\/simoni.com\/de\/wp-json\/wp\/v2\/types\/page"}],"author":[{"embeddable":true,"href":"https:\/\/simoni.com\/de\/wp-json\/wp\/v2\/users\/6"}],"replies":[{"embeddable":true,"href":"https:\/\/simoni.com\/de\/wp-json\/wp\/v2\/comments?post=5545"}],"version-history":[{"count":5,"href":"https:\/\/simoni.com\/de\/wp-json\/wp\/v2\/pages\/5545\/revisions"}],"predecessor-version":[{"id":5550,"href":"https:\/\/simoni.com\/de\/wp-json\/wp\/v2\/pages\/5545\/revisions\/5550"}],"up":[{"embeddable":true,"href":"https:\/\/simoni.com\/de\/wp-json\/wp\/v2\/pages\/5515"}],"wp:attachment":[{"href":"https:\/\/simoni.com\/de\/wp-json\/wp\/v2\/media?parent=5545"}],"curies":[{"name":"wp","href":"https:\/\/api.w.org\/{rel}","templated":true}]}}