{"id":4780,"date":"2023-06-26T19:53:46","date_gmt":"2023-06-26T17:53:46","guid":{"rendered":"https:\/\/simoni.com\/aire-comprimido\/accesorios-para-aire-comprimido\/solicitar-presupuesto-accesorios-de-aire-comprimido\/"},"modified":"2024-02-03T22:00:08","modified_gmt":"2024-02-03T21:00:08","slug":"solicitar-presupuesto-accesorios-de-aire-comprimido","status":"publish","type":"page","link":"https:\/\/simoni.com\/es\/aire-comprimido\/accesorios-para-aire-comprimido\/solicitar-presupuesto-accesorios-de-aire-comprimido\/","title":{"rendered":"Solicitar presupuesto &#8211; Accesorios de aire comprimido"},"content":{"rendered":"<section class=\"wpb-content-wrapper\"><p>[vc_section full_width=\u00bbstretch_row\u00bb][vc_row css=\u00bb.vc_custom_1649596586158{margin-bottom: 0px !important;padding-bottom: 0px !important;}\u00bb][vc_column][vc_column_text]<\/p>\n<h1>Solicita una oferta para:<br \/>\naccesorios de aire comprimido<\/h1>\n<p>[\/vc_column_text][\/vc_column][\/vc_row][vc_row gap=\u00bb25&#8243;][vc_column width=\u00bb2\/3&#8243; css=\u00bb.vc_custom_1649595312921{padding-right: 30px !important;padding-left: 30px !important;background-color: #fbf3b8 !important;border-radius: 15px !important;}\u00bb offset=\u00bbvc_col-xs-12&#8243;][vc_column_text]Todos los campos marcados con un asterisco * son obligatorios.[\/vc_column_text][\/vc_column][vc_column width=\u00bb1\/3&#8243; offset=\u00bbvc_hidden-sm vc_hidden-xs\u00bb][\/vc_column][\/vc_row][\/vc_section][vc_row][vc_column width=\u00bb2\/3&#8243;][vc_column_text]<p class=\"wpcf7-contact-form-not-found\"><strong>Error:<\/strong> Formulario de contacto no encontrado.<\/p>[\/vc_column_text][\/vc_column][vc_column width=\u00bb1\/3&#8243;][\/vc_column][\/vc_row][vc_section css=\u00bb.vc_custom_1649596552546{margin-top: 50px !important;margin-bottom: 50px !important;}\u00bb][vc_row content_placement=\u00bbmiddle\u00bb css=\u00bb.vc_custom_1647100903626{background-color: #e30713 !important;border-radius: 15px !important;}\u00bb][vc_column width=\u00bb2\/3&#8243; css=\u00bb.vc_custom_1647100914774{padding-right: 30px !important;padding-left: 30px !important;}\u00bb][vc_column_text]<\/p>\n<h4><span style=\"color: #ffffff;\">\u00bfNecesitas ayuda?<\/span><\/h4>\n<p><span style=\"color: #ffffff;\">Si tiene problemas para rellenar los campos de la p\u00e1gina, env\u00edenos un correo electr\u00f3nico explic\u00e1ndonos<\/span>[\/vc_column_text][\/vc_column][vc_column width=\u00bb1\/3&#8243; css=\u00bb.vc_custom_1647100925349{padding-right: 30px !important;}\u00bb][vc_btn title=\u00bbP\u00f3ngase en contacto con nosotros\u00bb shape=\u00bbround\u00bb color=\u00bbwhite\u00bb align=\u00bbright\u00bb link=\u00bburl:https%3A%2F%2Fsimoni.com%2Fes%2Fcontacto%2F|title:Contacto|\u00bb][\/vc_column][\/vc_row][\/vc_section]<\/p>\n<\/section>","protected":false},"excerpt":{"rendered":"<p>[vc_section full_width=\u00bbstretch_row\u00bb][vc_row css=\u00bb.vc_custom_1649596586158{margin-bottom: 0px !important;padding-bottom: 0px !important;}\u00bb][vc_column][vc_column_text] Solicita una oferta para: accesorios de aire comprimido [\/vc_column_text][\/vc_column][\/vc_row][vc_row gap=\u00bb25&#8243;][vc_column width=\u00bb2\/3&#8243; css=\u00bb.vc_custom_1649595312921{padding-right: 30px !important;padding-left: 30px !important;background-color: #fbf3b8 !important;border-radius: 15px<span class=\"excerpt-hellip\"> [\u2026]<\/span><\/p>\n","protected":false},"author":1,"featured_media":0,"parent":4768,"menu_order":0,"comment_status":"closed","ping_status":"closed","template":"","meta":{"footnotes":""},"class_list":["post-4780","page","type-page","status-publish","hentry"],"yoast_head":"<!-- This site is optimized with the Yoast SEO plugin v25.6 - https:\/\/yoast.com\/wordpress\/plugins\/seo\/ -->\n<title>Solicitar presupuesto - Accesorios de aire comprimido - Simoni s.r.l.<\/title>\n<meta name=\"robots\" content=\"index, follow, max-snippet:-1, max-image-preview:large, max-video-preview:-1\" \/>\n<link rel=\"canonical\" href=\"https:\/\/simoni.com\/aria-compressa\/accessori-aria-compressa\/richiesta-offerta-accessori-aria-compressa\/\" \/>\n<meta property=\"og:locale\" content=\"es_ES\" \/>\n<meta property=\"og:type\" content=\"article\" \/>\n<meta property=\"og:title\" content=\"Solicitar presupuesto - Accesorios de aire comprimido - Simoni s.r.l.\" \/>\n<meta property=\"og:description\" content=\"[vc_section full_width=\u00bbstretch_row\u00bb][vc_row css=\u00bb.vc_custom_1649596586158{margin-bottom: 0px !important;padding-bottom: 0px !important;}\u00bb][vc_column][vc_column_text] Solicita una oferta para: accesorios de aire comprimido [\/vc_column_text][\/vc_column][\/vc_row][vc_row gap=\u00bb25&#8243;][vc_column width=\u00bb2\/3&#8243; css=\u00bb.vc_custom_1649595312921{padding-right: 30px !important;padding-left: 30px !important;background-color: #fbf3b8 !important;border-radius: 15px [\u2026]\" \/>\n<meta property=\"og:url\" content=\"https:\/\/simoni.com\/aria-compressa\/accessori-aria-compressa\/richiesta-offerta-accessori-aria-compressa\/\" \/>\n<meta property=\"og:site_name\" content=\"Simoni s.r.l.\" \/>\n<meta property=\"article:publisher\" content=\"https:\/\/www.facebook.com\/people\/Simoni-srl\/100049145208660\/?ref=tn_tnmn\" \/>\n<meta property=\"article:modified_time\" content=\"2024-02-03T21:00:08+00:00\" \/>\n<meta name=\"twitter:card\" content=\"summary_large_image\" \/>\n<meta name=\"twitter:label1\" content=\"Tiempo de lectura\" \/>\n\t<meta name=\"twitter:data1\" content=\"1 minuto\" \/>\n<script type=\"application\/ld+json\" class=\"yoast-schema-graph\">{\"@context\":\"https:\/\/schema.org\",\"@graph\":[{\"@type\":\"WebPage\",\"@id\":\"https:\/\/simoni.com\/aria-compressa\/accessori-aria-compressa\/richiesta-offerta-accessori-aria-compressa\/\",\"url\":\"https:\/\/simoni.com\/aria-compressa\/accessori-aria-compressa\/richiesta-offerta-accessori-aria-compressa\/\",\"name\":\"Solicitar presupuesto - Accesorios de aire comprimido - Simoni s.r.l.\",\"isPartOf\":{\"@id\":\"https:\/\/simoni.com\/#website\"},\"datePublished\":\"2023-06-26T17:53:46+00:00\",\"dateModified\":\"2024-02-03T21:00:08+00:00\",\"breadcrumb\":{\"@id\":\"https:\/\/simoni.com\/aria-compressa\/accessori-aria-compressa\/richiesta-offerta-accessori-aria-compressa\/#breadcrumb\"},\"inLanguage\":\"es\",\"potentialAction\":[{\"@type\":\"ReadAction\",\"target\":[\"https:\/\/simoni.com\/aria-compressa\/accessori-aria-compressa\/richiesta-offerta-accessori-aria-compressa\/\"]}]},{\"@type\":\"BreadcrumbList\",\"@id\":\"https:\/\/simoni.com\/aria-compressa\/accessori-aria-compressa\/richiesta-offerta-accessori-aria-compressa\/#breadcrumb\",\"itemListElement\":[{\"@type\":\"ListItem\",\"position\":1,\"name\":\"Home\",\"item\":\"https:\/\/simoni.com\/es\/\"},{\"@type\":\"ListItem\",\"position\":2,\"name\":\"Aire comprimido\",\"item\":\"https:\/\/simoni.com\/es\/aire-comprimido\/\"},{\"@type\":\"ListItem\",\"position\":3,\"name\":\"Accesorios para aire comprimido\",\"item\":\"https:\/\/simoni.com\/es\/aire-comprimido\/accesorios-para-aire-comprimido\/\"},{\"@type\":\"ListItem\",\"position\":4,\"name\":\"Solicitar presupuesto &#8211; Accesorios de aire comprimido\"}]},{\"@type\":\"WebSite\",\"@id\":\"https:\/\/simoni.com\/#website\",\"url\":\"https:\/\/simoni.com\/\",\"name\":\"Simoni s.r.l.\",\"description\":\"From brushes to cleaning systems since 1830\",\"publisher\":{\"@id\":\"https:\/\/simoni.com\/#organization\"},\"potentialAction\":[{\"@type\":\"SearchAction\",\"target\":{\"@type\":\"EntryPoint\",\"urlTemplate\":\"https:\/\/simoni.com\/?s={search_term_string}\"},\"query-input\":{\"@type\":\"PropertyValueSpecification\",\"valueRequired\":true,\"valueName\":\"search_term_string\"}}],\"inLanguage\":\"es\"},{\"@type\":\"Organization\",\"@id\":\"https:\/\/simoni.com\/#organization\",\"name\":\"Simoni s.r.l.\",\"url\":\"https:\/\/simoni.com\/\",\"logo\":{\"@type\":\"ImageObject\",\"inLanguage\":\"es\",\"@id\":\"https:\/\/simoni.com\/#\/schema\/logo\/image\/\",\"url\":\"https:\/\/simoni.com\/wp-content\/uploads\/2023\/05\/logo-completo-300x93-1.png\",\"contentUrl\":\"https:\/\/simoni.com\/wp-content\/uploads\/2023\/05\/logo-completo-300x93-1.png\",\"width\":300,\"height\":93,\"caption\":\"Simoni s.r.l.\"},\"image\":{\"@id\":\"https:\/\/simoni.com\/#\/schema\/logo\/image\/\"},\"sameAs\":[\"https:\/\/www.facebook.com\/people\/Simoni-srl\/100049145208660\/?ref=tn_tnmn\",\"https:\/\/www.youtube.com\/channel\/UCme_poqaWKouYeYnmn0csOg\",\"https:\/\/www.linkedin.com\/company\/simonispazzoleindustriali\/\"]}]}<\/script>\n<!-- \/ Yoast SEO plugin. -->","yoast_head_json":{"title":"Solicitar presupuesto - Accesorios de aire comprimido - Simoni s.r.l.","robots":{"index":"index","follow":"follow","max-snippet":"max-snippet:-1","max-image-preview":"max-image-preview:large","max-video-preview":"max-video-preview:-1"},"canonical":"https:\/\/simoni.com\/aria-compressa\/accessori-aria-compressa\/richiesta-offerta-accessori-aria-compressa\/","og_locale":"es_ES","og_type":"article","og_title":"Solicitar presupuesto - Accesorios de aire comprimido - Simoni s.r.l.","og_description":"[vc_section full_width=\u00bbstretch_row\u00bb][vc_row css=\u00bb.vc_custom_1649596586158{margin-bottom: 0px !important;padding-bottom: 0px !important;}\u00bb][vc_column][vc_column_text] Solicita una oferta para: accesorios de aire comprimido [\/vc_column_text][\/vc_column][\/vc_row][vc_row gap=\u00bb25&#8243;][vc_column width=\u00bb2\/3&#8243; css=\u00bb.vc_custom_1649595312921{padding-right: 30px !important;padding-left: 30px !important;background-color: #fbf3b8 !important;border-radius: 15px [\u2026]","og_url":"https:\/\/simoni.com\/aria-compressa\/accessori-aria-compressa\/richiesta-offerta-accessori-aria-compressa\/","og_site_name":"Simoni s.r.l.","article_publisher":"https:\/\/www.facebook.com\/people\/Simoni-srl\/100049145208660\/?ref=tn_tnmn","article_modified_time":"2024-02-03T21:00:08+00:00","twitter_card":"summary_large_image","twitter_misc":{"Tiempo de lectura":"1 minuto"},"schema":{"@context":"https:\/\/schema.org","@graph":[{"@type":"WebPage","@id":"https:\/\/simoni.com\/aria-compressa\/accessori-aria-compressa\/richiesta-offerta-accessori-aria-compressa\/","url":"https:\/\/simoni.com\/aria-compressa\/accessori-aria-compressa\/richiesta-offerta-accessori-aria-compressa\/","name":"Solicitar presupuesto - Accesorios de aire comprimido - Simoni s.r.l.","isPartOf":{"@id":"https:\/\/simoni.com\/#website"},"datePublished":"2023-06-26T17:53:46+00:00","dateModified":"2024-02-03T21:00:08+00:00","breadcrumb":{"@id":"https:\/\/simoni.com\/aria-compressa\/accessori-aria-compressa\/richiesta-offerta-accessori-aria-compressa\/#breadcrumb"},"inLanguage":"es","potentialAction":[{"@type":"ReadAction","target":["https:\/\/simoni.com\/aria-compressa\/accessori-aria-compressa\/richiesta-offerta-accessori-aria-compressa\/"]}]},{"@type":"BreadcrumbList","@id":"https:\/\/simoni.com\/aria-compressa\/accessori-aria-compressa\/richiesta-offerta-accessori-aria-compressa\/#breadcrumb","itemListElement":[{"@type":"ListItem","position":1,"name":"Home","item":"https:\/\/simoni.com\/es\/"},{"@type":"ListItem","position":2,"name":"Aire comprimido","item":"https:\/\/simoni.com\/es\/aire-comprimido\/"},{"@type":"ListItem","position":3,"name":"Accesorios para aire comprimido","item":"https:\/\/simoni.com\/es\/aire-comprimido\/accesorios-para-aire-comprimido\/"},{"@type":"ListItem","position":4,"name":"Solicitar presupuesto &#8211; Accesorios de aire comprimido"}]},{"@type":"WebSite","@id":"https:\/\/simoni.com\/#website","url":"https:\/\/simoni.com\/","name":"Simoni s.r.l.","description":"From brushes to cleaning systems since 1830","publisher":{"@id":"https:\/\/simoni.com\/#organization"},"potentialAction":[{"@type":"SearchAction","target":{"@type":"EntryPoint","urlTemplate":"https:\/\/simoni.com\/?s={search_term_string}"},"query-input":{"@type":"PropertyValueSpecification","valueRequired":true,"valueName":"search_term_string"}}],"inLanguage":"es"},{"@type":"Organization","@id":"https:\/\/simoni.com\/#organization","name":"Simoni s.r.l.","url":"https:\/\/simoni.com\/","logo":{"@type":"ImageObject","inLanguage":"es","@id":"https:\/\/simoni.com\/#\/schema\/logo\/image\/","url":"https:\/\/simoni.com\/wp-content\/uploads\/2023\/05\/logo-completo-300x93-1.png","contentUrl":"https:\/\/simoni.com\/wp-content\/uploads\/2023\/05\/logo-completo-300x93-1.png","width":300,"height":93,"caption":"Simoni s.r.l."},"image":{"@id":"https:\/\/simoni.com\/#\/schema\/logo\/image\/"},"sameAs":["https:\/\/www.facebook.com\/people\/Simoni-srl\/100049145208660\/?ref=tn_tnmn","https:\/\/www.youtube.com\/channel\/UCme_poqaWKouYeYnmn0csOg","https:\/\/www.linkedin.com\/company\/simonispazzoleindustriali\/"]}]}},"_links":{"self":[{"href":"https:\/\/simoni.com\/es\/wp-json\/wp\/v2\/pages\/4780","targetHints":{"allow":["GET"]}}],"collection":[{"href":"https:\/\/simoni.com\/es\/wp-json\/wp\/v2\/pages"}],"about":[{"href":"https:\/\/simoni.com\/es\/wp-json\/wp\/v2\/types\/page"}],"author":[{"embeddable":true,"href":"https:\/\/simoni.com\/es\/wp-json\/wp\/v2\/users\/1"}],"replies":[{"embeddable":true,"href":"https:\/\/simoni.com\/es\/wp-json\/wp\/v2\/comments?post=4780"}],"version-history":[{"count":5,"href":"https:\/\/simoni.com\/es\/wp-json\/wp\/v2\/pages\/4780\/revisions"}],"predecessor-version":[{"id":4785,"href":"https:\/\/simoni.com\/es\/wp-json\/wp\/v2\/pages\/4780\/revisions\/4785"}],"up":[{"embeddable":true,"href":"https:\/\/simoni.com\/es\/wp-json\/wp\/v2\/pages\/4768"}],"wp:attachment":[{"href":"https:\/\/simoni.com\/es\/wp-json\/wp\/v2\/media?parent=4780"}],"curies":[{"name":"wp","href":"https:\/\/api.w.org\/{rel}","templated":true}]}}