{"id":4831,"date":"2023-06-05T22:03:53","date_gmt":"2023-06-05T20:03:53","guid":{"rendered":"https:\/\/simoni.com\/solicitud-de-oferta\/"},"modified":"2024-02-03T22:12:41","modified_gmt":"2024-02-03T21:12:41","slug":"solicitud-de-oferta-2","status":"publish","type":"page","link":"https:\/\/simoni.com\/es\/orientadores-mecanicos\/solicitud-de-oferta-2\/","title":{"rendered":"Solicitud de oferta"},"content":{"rendered":"<section class=\"wpb-content-wrapper\"><p>[vc_section full_width=\u00bbstretch_row\u00bb][vc_row css=\u00bb.vc_custom_1649596586158{margin-bottom: 0px !important;padding-bottom: 0px !important;}\u00bb][vc_column][vc_empty_space height=\u00bb1px\u00bb][vc_column_text]<\/p>\n<h1>Solicita una oferta para:<br \/>\norientadores<\/h1>\n<p>[\/vc_column_text][vc_column_text]<\/p>\n<h5>Nuestras m\u00e1quinas son adecuadas para la <span style=\"color: #e30713;\"><a style=\"color: #e30713;\" href=\"https:\/\/simoni.com\/orientatori\/\">orientaci\u00f3n<\/a><\/span> de objetos tridimensionales, como tapones de botellas\/frascos y c\u00e1psulas de caf\u00e9. Gracias a la tecnolog\u00eda de cepillos, no utilizan aire comprimido ni vibraciones, y tratan el producto de forma suave y silenciosa.<br \/>\nOtra caracter\u00edstica importante de nuestras m\u00e1quinas es que la orientaci\u00f3n se basa en principios mec\u00e1nicos, lo que simplifica el ajuste y el cambio de formato.<\/h5>\n<p>[\/vc_column_text][\/vc_column][\/vc_row][vc_row gap=\u00bb25&#8243;][vc_column width=\u00bb2\/3&#8243; css=\u00bb.vc_custom_1649595312921{padding-right: 30px !important;padding-left: 30px !important;background-color: #fbf3b8 !important;border-radius: 15px !important;}\u00bb offset=\u00bbvc_col-xs-12&#8243;][vc_column_text]Todos los campos marcados con un asterisco * son obligatorios.[\/vc_column_text][\/vc_column][vc_column width=\u00bb1\/3&#8243; offset=\u00bbvc_hidden-sm vc_hidden-xs\u00bb][\/vc_column][\/vc_row][vc_row][vc_column width=\u00bb2\/3&#8243;][vc_column_text]\n<div class=\"wpcf7 no-js\" id=\"wpcf7-f4758-o1\" lang=\"es-ES\" dir=\"ltr\" data-wpcf7-id=\"4758\">\n<div class=\"screen-reader-response\"><p role=\"status\" aria-live=\"polite\" aria-atomic=\"true\"><\/p> <ul><\/ul><\/div>\n<form action=\"\/es\/wp-json\/wp\/v2\/pages\/4831#wpcf7-f4758-o1\" method=\"post\" class=\"wpcf7-form init\" aria-label=\"Formulario de contacto\" novalidate=\"novalidate\" data-status=\"init\">\n<fieldset class=\"hidden-fields-container\"><input type=\"hidden\" name=\"_wpcf7\" value=\"4758\" \/><input type=\"hidden\" name=\"_wpcf7_version\" value=\"6.1\" \/><input type=\"hidden\" name=\"_wpcf7_locale\" value=\"es_ES\" \/><input type=\"hidden\" name=\"_wpcf7_unit_tag\" value=\"wpcf7-f4758-o1\" \/><input type=\"hidden\" name=\"_wpcf7_container_post\" value=\"0\" \/><input type=\"hidden\" name=\"_wpcf7_posted_data_hash\" value=\"\" \/><input type=\"hidden\" name=\"_wpcf7_recaptcha_response\" value=\"\" \/>\n<\/fieldset>\n<div class=\"formdati\">\n\t<p><label> Seleccione el tipo de orientador<br \/>\n<span class=\"wpcf7-form-control-wrap\" data-name=\"orientatori\"><select class=\"wpcf7-form-control wpcf7-select\" aria-invalid=\"false\" name=\"orientatori\"><option value=\"Seleziona\">Seleziona<\/option><option value=\"SORT-GAP\">SORT-GAP<\/option><option value=\"SORT-RAIL\">SORT-RAIL<\/option><option value=\"SORT-CAP\">SORT-CAP<\/option><option value=\"SORT-R\">SORT-R<\/option><option value=\"SORT-L\">SORT-L<\/option><\/select><\/span> <\/label>\n\t<\/p>\n\t<div class=\"formbox\">\n\t\t<p> Nombre*<br \/>\n<span class=\"wpcf7-form-control-wrap\" data-name=\"Nominativo\"><input size=\"40\" maxlength=\"400\" class=\"wpcf7-form-control wpcf7-text wpcf7-validates-as-required\" aria-required=\"true\" aria-invalid=\"false\" value=\"\" type=\"text\" name=\"Nominativo\" \/><\/span>\n\t\t<\/p>\n\t\t<p> Empresa*<br \/>\n<span class=\"wpcf7-form-control-wrap\" data-name=\"Azienda\"><input size=\"40\" maxlength=\"400\" class=\"wpcf7-form-control wpcf7-text wpcf7-validates-as-required\" aria-required=\"true\" aria-invalid=\"false\" value=\"\" type=\"text\" name=\"Azienda\" \/><\/span>\n\t\t<\/p>\n\t<\/div>\n\t<div class=\"formbox\">\n\t\t<p> N\u00famero de tel\u00e9fono<br \/>\n<span class=\"wpcf7-form-control-wrap\" data-name=\"Numero-di-telefono\"><input size=\"40\" maxlength=\"400\" class=\"wpcf7-form-control wpcf7-tel wpcf7-text wpcf7-validates-as-tel\" aria-invalid=\"false\" value=\"\" type=\"tel\" name=\"Numero-di-telefono\" \/><\/span>\n\t\t<\/p>\n\t\t<p> FAX<br \/>\n<span class=\"wpcf7-form-control-wrap\" data-name=\"Fax\"><input class=\"wpcf7-form-control wpcf7-number wpcf7-validates-as-number\" aria-invalid=\"false\" value=\"\" type=\"number\" name=\"Fax\" \/><\/span>\n\t\t<\/p>\n\t<\/div>\n\t<p> Tu correo electr\u00f3nico*<br \/>\n<span class=\"wpcf7-form-control-wrap\" data-name=\"your-email\"><input size=\"40\" maxlength=\"400\" class=\"wpcf7-form-control wpcf7-email wpcf7-validates-as-required wpcf7-text wpcf7-validates-as-email\" aria-required=\"true\" aria-invalid=\"false\" value=\"\" type=\"email\" name=\"your-email\" \/><\/span>\n\t<\/p>\n\t<p> Solicitud*<br \/>\n<span class=\"wpcf7-form-control-wrap\" data-name=\"your-message\"><textarea cols=\"40\" rows=\"10\" maxlength=\"2000\" class=\"wpcf7-form-control wpcf7-textarea wpcf7-validates-as-required\" aria-required=\"true\" aria-invalid=\"false\" name=\"your-message\"><\/textarea><\/span>\n\t<\/p>\n\t<p><span class=\"wpcf7-form-control-wrap\" data-name=\"acceptance-68\"><span class=\"wpcf7-form-control wpcf7-acceptance\"><span class=\"wpcf7-list-item\"><label><input type=\"checkbox\" name=\"acceptance-68\" value=\"1\" aria-invalid=\"false\" \/><span class=\"wpcf7-list-item-label\">* Autorizo el tratamiento de mis datos de conformidad con el\nReglamento 679\/2016 de la UE sobre protecci\u00f3n de datos. He le\u00eddo y acepto la <a href=\"https:\/\/simoni.com\/privacy-policy\/\" target=\"_blank\">Pol\u00edtica de privacidad<\/a><\/span><\/label><\/span><\/span><\/span>\n\t<\/p>\n\t<p><input class=\"wpcf7-form-control wpcf7-submit has-spinner\" type=\"submit\" value=\"Enviar\" \/>\n\t<\/p>\n<\/div><div class=\"wpcf7-response-output\" aria-hidden=\"true\"><\/div>\n<\/form>\n<\/div>\n[\/vc_column_text][\/vc_column][vc_column width=\u00bb1\/3&#8243;][\/vc_column][\/vc_row][\/vc_section][vc_section css=\u00bb.vc_custom_1649596552546{margin-top: 50px !important;margin-bottom: 50px !important;}\u00bb][vc_row content_placement=\u00bbmiddle\u00bb css=\u00bb.vc_custom_1647100903626{background-color: #e30713 !important;border-radius: 15px !important;}\u00bb][vc_column width=\u00bb2\/3&#8243; css=\u00bb.vc_custom_1647100914774{padding-right: 30px !important;padding-left: 30px !important;}\u00bb][vc_column_text]<\/p>\n<h4><span style=\"color: #ffffff;\">\u00bfNecesitas ayuda?<\/span><\/h4>\n<p><span style=\"color: #ffffff;\">Si tiene problemas para rellenar los campos de la p\u00e1gina, env\u00edenos un correo electr\u00f3nico explic\u00e1ndonos<\/span>[\/vc_column_text][\/vc_column][vc_column width=\u00bb1\/3&#8243; css=\u00bb.vc_custom_1647100925349{padding-right: 30px !important;}\u00bb][vc_btn title=\u00bbP\u00f3ngase en contacto con nosotros\u00bb shape=\u00bbround\u00bb color=\u00bbwhite\u00bb align=\u00bbright\u00bb link=\u00bburl:https%3A%2F%2Fsimoni.com%2Fes%2Fcontacto%2F|title:Contacto|\u00bb][\/vc_column][\/vc_row][\/vc_section]<\/p>\n<\/section>","protected":false},"excerpt":{"rendered":"<p>[vc_section full_width=\u00bbstretch_row\u00bb][vc_row css=\u00bb.vc_custom_1649596586158{margin-bottom: 0px !important;padding-bottom: 0px !important;}\u00bb][vc_column][vc_empty_space height=\u00bb1px\u00bb][vc_column_text] Solicita una oferta para: orientadores [\/vc_column_text][vc_column_text] Nuestras m\u00e1quinas son adecuadas para la orientaci\u00f3n de objetos tridimensionales, como tapones<span class=\"excerpt-hellip\"> [\u2026]<\/span><\/p>\n","protected":false},"author":1,"featured_media":0,"parent":5094,"menu_order":0,"comment_status":"closed","ping_status":"closed","template":"","meta":{"footnotes":""},"class_list":["post-4831","page","type-page","status-publish","hentry"],"yoast_head":"<!-- This site is optimized with the Yoast SEO plugin v25.6 - https:\/\/yoast.com\/wordpress\/plugins\/seo\/ -->\n<title>Solicitud de oferta - Simoni s.r.l.<\/title>\n<meta name=\"robots\" content=\"index, follow, max-snippet:-1, max-image-preview:large, max-video-preview:-1\" \/>\n<link rel=\"canonical\" href=\"https:\/\/simoni.com\/orientatori-meccanici\/richiesta-offerta\/\" \/>\n<meta property=\"og:locale\" content=\"es_ES\" \/>\n<meta property=\"og:type\" content=\"article\" \/>\n<meta property=\"og:title\" content=\"Solicitud de oferta - Simoni s.r.l.\" \/>\n<meta property=\"og:description\" content=\"[vc_section full_width=\u00bbstretch_row\u00bb][vc_row css=\u00bb.vc_custom_1649596586158{margin-bottom: 0px !important;padding-bottom: 0px !important;}\u00bb][vc_column][vc_empty_space height=\u00bb1px\u00bb][vc_column_text] Solicita una oferta para: orientadores [\/vc_column_text][vc_column_text] Nuestras m\u00e1quinas son adecuadas para la orientaci\u00f3n de objetos tridimensionales, como tapones [\u2026]\" \/>\n<meta property=\"og:url\" content=\"https:\/\/simoni.com\/orientatori-meccanici\/richiesta-offerta\/\" \/>\n<meta property=\"og:site_name\" content=\"Simoni s.r.l.\" \/>\n<meta property=\"article:publisher\" content=\"https:\/\/www.facebook.com\/people\/Simoni-srl\/100049145208660\/?ref=tn_tnmn\" \/>\n<meta property=\"article:modified_time\" content=\"2024-02-03T21:12:41+00:00\" \/>\n<meta name=\"twitter:card\" content=\"summary_large_image\" \/>\n<meta name=\"twitter:label1\" content=\"Tiempo de lectura\" \/>\n\t<meta name=\"twitter:data1\" content=\"2 minutos\" \/>\n<script type=\"application\/ld+json\" class=\"yoast-schema-graph\">{\"@context\":\"https:\/\/schema.org\",\"@graph\":[{\"@type\":\"WebPage\",\"@id\":\"https:\/\/simoni.com\/orientatori-meccanici\/richiesta-offerta\/\",\"url\":\"https:\/\/simoni.com\/orientatori-meccanici\/richiesta-offerta\/\",\"name\":\"Solicitud de oferta - Simoni s.r.l.\",\"isPartOf\":{\"@id\":\"https:\/\/simoni.com\/#website\"},\"datePublished\":\"2023-06-05T20:03:53+00:00\",\"dateModified\":\"2024-02-03T21:12:41+00:00\",\"breadcrumb\":{\"@id\":\"https:\/\/simoni.com\/orientatori-meccanici\/richiesta-offerta\/#breadcrumb\"},\"inLanguage\":\"es\",\"potentialAction\":[{\"@type\":\"ReadAction\",\"target\":[\"https:\/\/simoni.com\/orientatori-meccanici\/richiesta-offerta\/\"]}]},{\"@type\":\"BreadcrumbList\",\"@id\":\"https:\/\/simoni.com\/orientatori-meccanici\/richiesta-offerta\/#breadcrumb\",\"itemListElement\":[{\"@type\":\"ListItem\",\"position\":1,\"name\":\"Home\",\"item\":\"https:\/\/simoni.com\/es\/\"},{\"@type\":\"ListItem\",\"position\":2,\"name\":\"Orientadores mec\u00e1nicos\",\"item\":\"https:\/\/simoni.com\/es\/orientadores-mecanicos\/\"},{\"@type\":\"ListItem\",\"position\":3,\"name\":\"Solicitud de oferta\"}]},{\"@type\":\"WebSite\",\"@id\":\"https:\/\/simoni.com\/#website\",\"url\":\"https:\/\/simoni.com\/\",\"name\":\"Simoni s.r.l.\",\"description\":\"From brushes to cleaning systems since 1830\",\"publisher\":{\"@id\":\"https:\/\/simoni.com\/#organization\"},\"potentialAction\":[{\"@type\":\"SearchAction\",\"target\":{\"@type\":\"EntryPoint\",\"urlTemplate\":\"https:\/\/simoni.com\/?s={search_term_string}\"},\"query-input\":{\"@type\":\"PropertyValueSpecification\",\"valueRequired\":true,\"valueName\":\"search_term_string\"}}],\"inLanguage\":\"es\"},{\"@type\":\"Organization\",\"@id\":\"https:\/\/simoni.com\/#organization\",\"name\":\"Simoni s.r.l.\",\"url\":\"https:\/\/simoni.com\/\",\"logo\":{\"@type\":\"ImageObject\",\"inLanguage\":\"es\",\"@id\":\"https:\/\/simoni.com\/#\/schema\/logo\/image\/\",\"url\":\"https:\/\/simoni.com\/wp-content\/uploads\/2023\/05\/logo-completo-300x93-1.png\",\"contentUrl\":\"https:\/\/simoni.com\/wp-content\/uploads\/2023\/05\/logo-completo-300x93-1.png\",\"width\":300,\"height\":93,\"caption\":\"Simoni s.r.l.\"},\"image\":{\"@id\":\"https:\/\/simoni.com\/#\/schema\/logo\/image\/\"},\"sameAs\":[\"https:\/\/www.facebook.com\/people\/Simoni-srl\/100049145208660\/?ref=tn_tnmn\",\"https:\/\/www.youtube.com\/channel\/UCme_poqaWKouYeYnmn0csOg\",\"https:\/\/www.linkedin.com\/company\/simonispazzoleindustriali\/\"]}]}<\/script>\n<!-- \/ Yoast SEO plugin. -->","yoast_head_json":{"title":"Solicitud de oferta - Simoni s.r.l.","robots":{"index":"index","follow":"follow","max-snippet":"max-snippet:-1","max-image-preview":"max-image-preview:large","max-video-preview":"max-video-preview:-1"},"canonical":"https:\/\/simoni.com\/orientatori-meccanici\/richiesta-offerta\/","og_locale":"es_ES","og_type":"article","og_title":"Solicitud de oferta - Simoni s.r.l.","og_description":"[vc_section full_width=\u00bbstretch_row\u00bb][vc_row css=\u00bb.vc_custom_1649596586158{margin-bottom: 0px !important;padding-bottom: 0px !important;}\u00bb][vc_column][vc_empty_space height=\u00bb1px\u00bb][vc_column_text] Solicita una oferta para: orientadores [\/vc_column_text][vc_column_text] Nuestras m\u00e1quinas son adecuadas para la orientaci\u00f3n de objetos tridimensionales, como tapones [\u2026]","og_url":"https:\/\/simoni.com\/orientatori-meccanici\/richiesta-offerta\/","og_site_name":"Simoni s.r.l.","article_publisher":"https:\/\/www.facebook.com\/people\/Simoni-srl\/100049145208660\/?ref=tn_tnmn","article_modified_time":"2024-02-03T21:12:41+00:00","twitter_card":"summary_large_image","twitter_misc":{"Tiempo de lectura":"2 minutos"},"schema":{"@context":"https:\/\/schema.org","@graph":[{"@type":"WebPage","@id":"https:\/\/simoni.com\/orientatori-meccanici\/richiesta-offerta\/","url":"https:\/\/simoni.com\/orientatori-meccanici\/richiesta-offerta\/","name":"Solicitud de oferta - Simoni s.r.l.","isPartOf":{"@id":"https:\/\/simoni.com\/#website"},"datePublished":"2023-06-05T20:03:53+00:00","dateModified":"2024-02-03T21:12:41+00:00","breadcrumb":{"@id":"https:\/\/simoni.com\/orientatori-meccanici\/richiesta-offerta\/#breadcrumb"},"inLanguage":"es","potentialAction":[{"@type":"ReadAction","target":["https:\/\/simoni.com\/orientatori-meccanici\/richiesta-offerta\/"]}]},{"@type":"BreadcrumbList","@id":"https:\/\/simoni.com\/orientatori-meccanici\/richiesta-offerta\/#breadcrumb","itemListElement":[{"@type":"ListItem","position":1,"name":"Home","item":"https:\/\/simoni.com\/es\/"},{"@type":"ListItem","position":2,"name":"Orientadores mec\u00e1nicos","item":"https:\/\/simoni.com\/es\/orientadores-mecanicos\/"},{"@type":"ListItem","position":3,"name":"Solicitud de oferta"}]},{"@type":"WebSite","@id":"https:\/\/simoni.com\/#website","url":"https:\/\/simoni.com\/","name":"Simoni s.r.l.","description":"From brushes to cleaning systems since 1830","publisher":{"@id":"https:\/\/simoni.com\/#organization"},"potentialAction":[{"@type":"SearchAction","target":{"@type":"EntryPoint","urlTemplate":"https:\/\/simoni.com\/?s={search_term_string}"},"query-input":{"@type":"PropertyValueSpecification","valueRequired":true,"valueName":"search_term_string"}}],"inLanguage":"es"},{"@type":"Organization","@id":"https:\/\/simoni.com\/#organization","name":"Simoni s.r.l.","url":"https:\/\/simoni.com\/","logo":{"@type":"ImageObject","inLanguage":"es","@id":"https:\/\/simoni.com\/#\/schema\/logo\/image\/","url":"https:\/\/simoni.com\/wp-content\/uploads\/2023\/05\/logo-completo-300x93-1.png","contentUrl":"https:\/\/simoni.com\/wp-content\/uploads\/2023\/05\/logo-completo-300x93-1.png","width":300,"height":93,"caption":"Simoni s.r.l."},"image":{"@id":"https:\/\/simoni.com\/#\/schema\/logo\/image\/"},"sameAs":["https:\/\/www.facebook.com\/people\/Simoni-srl\/100049145208660\/?ref=tn_tnmn","https:\/\/www.youtube.com\/channel\/UCme_poqaWKouYeYnmn0csOg","https:\/\/www.linkedin.com\/company\/simonispazzoleindustriali\/"]}]}},"_links":{"self":[{"href":"https:\/\/simoni.com\/es\/wp-json\/wp\/v2\/pages\/4831","targetHints":{"allow":["GET"]}}],"collection":[{"href":"https:\/\/simoni.com\/es\/wp-json\/wp\/v2\/pages"}],"about":[{"href":"https:\/\/simoni.com\/es\/wp-json\/wp\/v2\/types\/page"}],"author":[{"embeddable":true,"href":"https:\/\/simoni.com\/es\/wp-json\/wp\/v2\/users\/1"}],"replies":[{"embeddable":true,"href":"https:\/\/simoni.com\/es\/wp-json\/wp\/v2\/comments?post=4831"}],"version-history":[{"count":5,"href":"https:\/\/simoni.com\/es\/wp-json\/wp\/v2\/pages\/4831\/revisions"}],"predecessor-version":[{"id":4836,"href":"https:\/\/simoni.com\/es\/wp-json\/wp\/v2\/pages\/4831\/revisions\/4836"}],"up":[{"embeddable":true,"href":"https:\/\/simoni.com\/es\/wp-json\/wp\/v2\/pages\/5094"}],"wp:attachment":[{"href":"https:\/\/simoni.com\/es\/wp-json\/wp\/v2\/media?parent=4831"}],"curies":[{"name":"wp","href":"https:\/\/api.w.org\/{rel}","templated":true}]}}