{"id":4920,"date":"2023-06-04T17:03:46","date_gmt":"2023-06-04T15:03:46","guid":{"rendered":"https:\/\/simoni.com\/aspiradores\/"},"modified":"2025-07-23T16:53:40","modified_gmt":"2025-07-23T14:53:40","slug":"colectores-de-polvo-industriales","status":"publish","type":"page","link":"https:\/\/simoni.com\/es\/colectores-de-polvo-industriales\/","title":{"rendered":"Colectores de polvo industriales"},"content":{"rendered":"<section class=\"wpb-content-wrapper\"><p>[vc_section][vc_row css=\u00bb.vc_custom_1644004969154{margin-top: 15px !important;margin-bottom: 0px !important;}\u00bb][vc_column width=\u00bb1\/2&#8243; offset=\u00bbvc_hidden-sm\u00bb][vc_column_text css=\u00bb.vc_custom_1707599792429{margin-top: 40px !important;}\u00bb]<\/p>\n<h1>Colectores de polvo industriales<\/h1>\n<p>[\/vc_column_text][vc_column_text]<\/p>\n<h3 class=\"p1\">Siente su lado limpio<\/h3>\n<p><span style=\"font-weight: 400;\">Para todas las empresas que buscan un <strong>limpieza precisa, profesional y eficaz<\/strong> de las superficies de sus productos, los sistemas de limpieza de superficies Simoni son m\u00e1s eficaces y fiables que los de otras marcas, porque utilizan todas las mejores tecnolog\u00edas diferentes en combinaci\u00f3n dentro de la misma m\u00e1quina de limpieza, lo que es <strong>a la medida de las necesidades espec\u00edficas del cliente<\/strong>y est\u00e1n dise\u00f1ados y fabricados seg\u00fan los est\u00e1ndares de calidad hist\u00f3ricos de Simoni.<\/span>[\/vc_column_text][vc_btn title=\u00bbDescubra los tipos de aspiradores\u00bb style=\u00bboutline-custom\u00bb outline_custom_color=\u00bb#001240&#8243; outline_custom_hover_background=\u00bb#001240&#8243; outline_custom_hover_text=\u00bb#ffffff\u00bb shape=\u00bbround\u00bb align=\u00bbleft\u00bb i_icon_fontawesome=\u00bbfas fa-chevron-down\u00bb add_icon=\u00bbtrue\u00bb link=\u00bburl:%23Tipos_de_enlace|\u00bb][\/vc_column][vc_column width=\u00bb1\/2&#8243; css=\u00bb.vc_custom_1644005205679{margin-top: 20px !important;}\u00bb offset=\u00bbvc_hidden-sm\u00bb][vc_column_text]<\/p>\n<p style=\"text-align: center;\"><div id=\"metaslider-id-2213\" style=\"width: 100%;\" class=\"ml-slider-3-100-1 metaslider metaslider-flex metaslider-2213 ml-slider ms-theme-default\" role=\"region\" aria-label=\"Prodotti-macchine-depolveratori\" data-height=\"1000\" data-width=\"1000\">\n    <div id=\"metaslider_container_2213\">\n        <div id=\"metaslider_2213\">\n            <ul class='slides'>\n                <li style=\"display: block; width: 100%;\" class=\"slide-2244 ms-image \" aria-roledescription=\"slide\" data-date=\"2023-06-04 17:08:39\"><img decoding=\"async\" src=\"https:\/\/simoni.com\/wp-content\/uploads\/2024\/07\/DEPAIR-mod-1000x1000.png\" height=\"1000\" width=\"1000\" alt=\"\" class=\"slider-2213 slide-2244 msDefaultImage\" title=\"DEP AIR\" \/><\/li>\n                <li style=\"display: none; width: 100%;\" class=\"slide-2245 ms-image \" aria-roledescription=\"slide\" data-date=\"2023-06-04 17:08:39\"><img decoding=\"async\" src=\"https:\/\/simoni.com\/wp-content\/uploads\/2023\/06\/DEP120-959x960-1-959x959.png\" height=\"1000\" width=\"1000\" alt=\"\" class=\"slider-2213 slide-2245 msDefaultImage\" title=\"DEP120-959x960\" \/><\/li>\n                <li style=\"display: none; width: 100%;\" class=\"slide-2246 ms-image \" aria-roledescription=\"slide\" data-date=\"2023-06-04 17:08:40\"><img decoding=\"async\" src=\"https:\/\/simoni.com\/wp-content\/uploads\/2024\/07\/20240704_114458_resized_1-1000x1000.jpg\" height=\"1000\" width=\"1000\" alt=\"\" class=\"slider-2213 slide-2246 msDefaultImage\" title=\"20240704_114458_resized_1\" \/><\/li>\n                <li style=\"display: none; width: 100%;\" class=\"slide-2247 ms-image \" aria-roledescription=\"slide\" data-date=\"2023-06-04 17:08:40\"><img decoding=\"async\" src=\"https:\/\/simoni.com\/wp-content\/uploads\/2023\/06\/DSC00284-scaled-1000x1000-1.jpg\" height=\"1000\" width=\"1000\" alt=\"\" class=\"slider-2213 slide-2247 msDefaultImage\" title=\"DSC00284-scaled-1000x1000\" \/><\/li>\n                <li style=\"display: none; width: 100%;\" class=\"slide-2248 ms-image \" aria-roledescription=\"slide\" data-date=\"2023-06-04 17:08:40\"><img decoding=\"async\" src=\"https:\/\/simoni.com\/wp-content\/uploads\/2024\/07\/DEP070-b-scaled-1000x1000.jpg\" height=\"1000\" width=\"1000\" alt=\"\" class=\"slider-2213 slide-2248 msDefaultImage\" title=\"DEP070 b\" \/><\/li>\n                <li style=\"display: none; width: 100%;\" class=\"slide-2249 ms-image \" aria-roledescription=\"slide\" data-date=\"2023-06-04 17:08:40\"><img decoding=\"async\" src=\"https:\/\/simoni.com\/wp-content\/uploads\/2023\/06\/Micro-cleaner-Gun_2-1000x1000-1.jpg\" height=\"1000\" width=\"1000\" alt=\"\" class=\"slider-2213 slide-2249 msDefaultImage\" title=\"Micro-cleaner-Gun_2-1000x1000\" \/><\/li>\n            <\/ul>\n        <\/div>\n        \n    <\/div>\n<\/div>\n<p>[\/vc_column_text][\/vc_column][\/vc_row][vc_row css=\u00bb.vc_custom_1644005277886{margin-top: 0px !important;margin-bottom: 0px !important;}\u00bb][vc_column offset=\u00bbvc_hidden-lg vc_hidden-md vc_hidden-xs\u00bb][vc_column_text css=\u00bb.vc_custom_1707599803555{margin-top: 20px !important;}\u00bb]<\/p>\n<h1>Colectores de polvo industriales<\/h1>\n<p>[\/vc_column_text][vc_column_text]<\/p>\n<h3 class=\"p1\">Siente su lado limpio.<\/h3>\n<p><span style=\"font-weight: 400;\">Para todas las empresas que buscan un <strong>limpieza precisa, profesional y eficaz<\/strong> de las superficies de sus productos, los sistemas de limpieza de superficies Simoni son m\u00e1s eficaces y fiables que los de otras marcas, porque utilizan todas las mejores tecnolog\u00edas diferentes en combinaci\u00f3n dentro de la misma m\u00e1quina de limpieza, lo que es <strong>a la medida de las necesidades espec\u00edficas del cliente<\/strong>y est\u00e1n dise\u00f1ados y fabricados seg\u00fan los est\u00e1ndares de calidad hist\u00f3ricos de Simoni.<\/span>[\/vc_column_text][vc_btn title=\u00bbDescubra los tipos de aspiradores\u00bb style=\u00bboutline-custom\u00bb outline_custom_color=\u00bb#001240&#8243; outline_custom_hover_background=\u00bb#001240&#8243; outline_custom_hover_text=\u00bb#ffffff\u00bb shape=\u00bbround\u00bb align=\u00bbleft\u00bb i_icon_fontawesome=\u00bbfas fa-chevron-down\u00bb add_icon=\u00bbtrue\u00bb link=\u00bburl:%23Tipos_de_enlace|\u00bb][vc_images_carousel images=\u00bb2219,2214,2224,2229,2239,2234&#8243; img_size=\u00bb650&#215;400&#8243; autoplay=\u00bbyes\u00bb el_class=\u00bbimmagine-slider\u00bb css=\u00bb.vc_custom_1685891397366{border-radius: 15px !important;}\u00bb][\/vc_column][\/vc_row][\/vc_section][vc_section][vc_row css=\u00bb.vc_custom_1643577249152{margin-bottom: 0px !important;}\u00bb][vc_column][vc_column_text]<\/p>\n<h3 class=\"p1\"><span style=\"color: #001240;\">Caracter\u00edsticas t\u00e9cnicas<\/span><\/h3>\n<p>[\/vc_column_text][vc_separator css=\u00bb.vc_custom_1643577660031{margin-top: 0px !important;margin-bottom: 16px !important;padding-top: 0px !important;padding-bottom: 0px !important;}\u00bb][vc_column_text]<\/p>\n<h4><b>Generalidades<\/b><\/h4>\n<p><span style=\"font-weight: 400;\">En los procesos de producci\u00f3n, es muy frecuente la necesidad de eliminar el polvo y otros residuos de las superficies de trabajo, especialmente las planas. <\/span><\/p>\n<p><span style=\"font-weight: 400;\">El polvo, especialmente el polvo fino, puede adherirse a la superficie tanto mec\u00e1nica como electrost\u00e1ticamente. En el primer caso, basta con la acci\u00f3n de un cepillo, mientras que en el segundo se requiere adem\u00e1s un sistema ionizante que elimine las cargas electrost\u00e1ticas. Por ello, <strong>hemos<\/strong> <strong>desarrollado diferentes tipos de aspiradores, adecuados a diferentes necesidades<\/strong>, todos con la posibilidad de utilizar <strong>ionizadores de Haug<\/strong>, empresa alemana l\u00edder en el campo antiest\u00e1tico, de la que somos distribuidores exclusivos para toda Italia. <\/span>[\/vc_column_text][\/vc_column][\/vc_row][\/vc_section][vc_section][vc_row][vc_column][vc_column_text]<\/p>\n<h3 id=\"Link_tipologie\"><\/h3>\n<p>[\/vc_column_text][vc_column_text]<\/p>\n<h3><strong>Tipos de aspiradores:<\/strong><\/h3>\n<p>[\/vc_column_text][vc_separator css=\u00bb.vc_custom_1643577647580{margin-top: 0px !important;margin-bottom: 16px !important;padding-top: 0px !important;padding-bottom: 0px !important;}\u00bb][\/vc_column][\/vc_row][vc_row content_placement=\u00bbtop\u00bb][vc_column offset=\u00bbvc_hidden-sm\u00bb][vc_basic_grid post_type=\u00bbids\u00bb item=\u00bb806&#8243; grid_id=\u00bbvc_gid:1707599768885-601d35d2-6e2e-2&#8243; include=\u00bb2251, 2294, 2346, 2365, 2386, 2422, 2432&#8243;][\/vc_column][\/vc_row][vc_row][vc_column offset=\u00bbvc_hidden-lg vc_hidden-md vc_hidden-xs\u00bb][vc_basic_grid post_type=\u00bbids\u00bb element_width=\u00bb6&#8243; item=\u00bb806&#8243; grid_id=\u00bbvc_gid:1707599768886-45cadd76-287e-1&#8243; include=\u00bb2251, 2294, 2346, 2365, 2386, 2422, 2432&#8243;][\/vc_column][\/vc_row][\/vc_section][vc_section content_placement=\u00bbmiddle\u00bb parallax=\u00bbcontent-moving\u00bb css_animation=\u00bbfadeIn\u00bb css=\u00bb.vc_custom_1644267394219{margin-top: 0px !important;margin-right: 0px !important;margin-bottom: 0px !important;margin-left: 0px !important;padding-top: 10px !important;padding-right: 40px !important;padding-bottom: 10px !important;padding-left: 40px !important;background-color: #fbf3b8 !important;border-radius: 15px !important;}\u00bb][vc_row gap=\u00bb20&#8243; equal_height=\u00bbyes\u00bb content_placement=\u00bbmiddle\u00bb css=\u00bb.vc_custom_1644267110047{margin-bottom: 0px !important;padding-bottom: 0px !important;}\u00bb][vc_column width=\u00bb2\/3&#8243; css=\u00bb.vc_custom_1644957306598{margin-bottom: 0px !important;padding-bottom: 0px !important;}\u00bb offset=\u00bbvc_hidden-xs\u00bb][vc_column_text]<\/p>\n<h3 id=\"Link_quote\"><span style=\"color: #001240;\">\u00bfDesea solicitar una oferta?<\/span><\/h3>\n<p><span style=\"color: #001240;\">\u00bfLe interesa recibir m\u00e1s informaci\u00f3n y que uno de nuestros operadores especializados se ponga en contacto con usted? <\/span><br \/>\n<span style=\"color: #001240;\">Solicite su oferta ahora<\/span>[\/vc_column_text][vc_btn title=\u00bbCumplimente el formulario\u00bb style=\u00bbcustom\u00bb custom_background=\u00bb#e30713&#8243; custom_text=\u00bb#ffffff\u00bb shape=\u00bbround\u00bb css=\u00bb.vc_custom_1662926219800{margin-bottom: 0px !important;padding-bottom: 0px !important;}\u00bb link=\u00bburl:https%3A%2F%2Fsimoni.com%2Fes%2Fsolicitud-de-oferta-14%2F|title:Solicitud%20de%20oferta|target:_blank|\u00bb][\/vc_column][vc_column width=\u00bb1\/3&#8243; offset=\u00bbvc_hidden-xs\u00bb][vc_single_image image=\u00bb3&#8243; img_size=\u00bb200&#215;200&#8243; alignment=\u00bbcenter\u00bb css=\u00bb.vc_custom_1685891175999{padding-top: 35px !important;}\u00bb][\/vc_column][\/vc_row][vc_row gap=\u00bb20&#8243; equal_height=\u00bbyes\u00bb content_placement=\u00bbmiddle\u00bb css=\u00bb.vc_custom_1644957346659{margin-top: 15px !important;margin-bottom: 15px !important;padding-bottom: 0px !important;}\u00bb][vc_column css=\u00bb.vc_custom_1644957291453{margin-bottom: 0px !important;padding-bottom: 0px !important;}\u00bb offset=\u00bbvc_hidden-lg vc_hidden-md vc_hidden-sm\u00bb][vc_column_text]<\/p>\n<h3 id=\"Link_quote\"><span style=\"color: #001240;\">\u00bfDesea solicitar una oferta?<\/span><\/h3>\n<p><span style=\"color: #001240;\">\u00bfLe interesa recibir m\u00e1s informaci\u00f3n y que uno de nuestros operadores especializados se ponga en contacto con usted? <\/span><br \/>\n<span style=\"color: #001240;\">Solicite su oferta ahora<\/span>[\/vc_column_text][vc_btn title=\u00bbCumplimente el formulario\u00bb style=\u00bbcustom\u00bb custom_background=\u00bb#e30713&#8243; custom_text=\u00bb#ffffff\u00bb shape=\u00bbround\u00bb css=\u00bb.vc_custom_1662926234982{margin-bottom: 0px !important;padding-bottom: 0px !important;}\u00bb link=\u00bburl:https%3A%2F%2Fsimoni.com%2Fes%2Fsolicitud-de-oferta-14%2F|title:Aspiradores|target:_blank|\u00bb][\/vc_column][\/vc_row][\/vc_section][vc_row][vc_column][vc_empty_space height=\u00bb50px\u00bb][\/vc_column][\/vc_row]<\/p>\n<\/section>","protected":false},"excerpt":{"rendered":"<p>[vc_section][vc_row css=\u00bb.vc_custom_1644004969154{margin-top: 15px !important;margin-bottom: 0px !important;}\u00bb][vc_column width=\u00bb1\/2&#8243; offset=\u00bbvc_hidden-sm\u00bb][vc_column_text css=\u00bb.vc_custom_1707599792429{margin-top: 40px !important;}\u00bb] Colectores de polvo industriales [\/vc_column_text][vc_column_text] Siente su lado limpio Para todas las empresas que buscan<span class=\"excerpt-hellip\"> [\u2026]<\/span><\/p>\n","protected":false},"author":1,"featured_media":0,"parent":0,"menu_order":0,"comment_status":"closed","ping_status":"closed","template":"","meta":{"footnotes":""},"class_list":["post-4920","page","type-page","status-publish","hentry"],"yoast_head":"<!-- This site is optimized with the Yoast SEO plugin v25.6 - https:\/\/yoast.com\/wordpress\/plugins\/seo\/ -->\n<title>Colectores de polvo industriales - Simoni s.r.l.<\/title>\n<meta name=\"robots\" content=\"index, follow, max-snippet:-1, max-image-preview:large, max-video-preview:-1\" \/>\n<link rel=\"canonical\" href=\"https:\/\/simoni.com\/es\/colectores-de-polvo-industriales\/\" \/>\n<meta property=\"og:locale\" content=\"es_ES\" \/>\n<meta property=\"og:type\" content=\"article\" \/>\n<meta property=\"og:title\" content=\"Colectores de polvo industriales - Simoni s.r.l.\" \/>\n<meta property=\"og:description\" content=\"[vc_section][vc_row css=\u00bb.vc_custom_1644004969154{margin-top: 15px !important;margin-bottom: 0px !important;}\u00bb][vc_column width=\u00bb1\/2&#8243; offset=\u00bbvc_hidden-sm\u00bb][vc_column_text css=\u00bb.vc_custom_1707599792429{margin-top: 40px !important;}\u00bb] Colectores de polvo industriales [\/vc_column_text][vc_column_text] Siente su lado limpio Para todas las empresas que buscan [\u2026]\" \/>\n<meta property=\"og:url\" content=\"https:\/\/simoni.com\/es\/colectores-de-polvo-industriales\/\" \/>\n<meta property=\"og:site_name\" content=\"Simoni s.r.l.\" \/>\n<meta property=\"article:publisher\" content=\"https:\/\/www.facebook.com\/people\/Simoni-srl\/100049145208660\/?ref=tn_tnmn\" \/>\n<meta property=\"article:modified_time\" content=\"2025-07-23T14:53:40+00:00\" \/>\n<meta name=\"twitter:card\" content=\"summary_large_image\" \/>\n<meta name=\"twitter:label1\" content=\"Tiempo de lectura\" \/>\n\t<meta name=\"twitter:data1\" content=\"5 minutos\" \/>\n<script type=\"application\/ld+json\" class=\"yoast-schema-graph\">{\"@context\":\"https:\/\/schema.org\",\"@graph\":[{\"@type\":\"WebPage\",\"@id\":\"https:\/\/simoni.com\/es\/colectores-de-polvo-industriales\/\",\"url\":\"https:\/\/simoni.com\/es\/colectores-de-polvo-industriales\/\",\"name\":\"Colectores de polvo industriales - Simoni s.r.l.\",\"isPartOf\":{\"@id\":\"https:\/\/simoni.com\/#website\"},\"datePublished\":\"2023-06-04T15:03:46+00:00\",\"dateModified\":\"2025-07-23T14:53:40+00:00\",\"breadcrumb\":{\"@id\":\"https:\/\/simoni.com\/es\/colectores-de-polvo-industriales\/#breadcrumb\"},\"inLanguage\":\"es\",\"potentialAction\":[{\"@type\":\"ReadAction\",\"target\":[\"https:\/\/simoni.com\/es\/colectores-de-polvo-industriales\/\"]}]},{\"@type\":\"BreadcrumbList\",\"@id\":\"https:\/\/simoni.com\/es\/colectores-de-polvo-industriales\/#breadcrumb\",\"itemListElement\":[{\"@type\":\"ListItem\",\"position\":1,\"name\":\"Home\",\"item\":\"https:\/\/simoni.com\/es\/\"},{\"@type\":\"ListItem\",\"position\":2,\"name\":\"Colectores de polvo industriales\"}]},{\"@type\":\"WebSite\",\"@id\":\"https:\/\/simoni.com\/#website\",\"url\":\"https:\/\/simoni.com\/\",\"name\":\"Simoni s.r.l.\",\"description\":\"From brushes to cleaning systems since 1830\",\"publisher\":{\"@id\":\"https:\/\/simoni.com\/#organization\"},\"potentialAction\":[{\"@type\":\"SearchAction\",\"target\":{\"@type\":\"EntryPoint\",\"urlTemplate\":\"https:\/\/simoni.com\/?s={search_term_string}\"},\"query-input\":{\"@type\":\"PropertyValueSpecification\",\"valueRequired\":true,\"valueName\":\"search_term_string\"}}],\"inLanguage\":\"es\"},{\"@type\":\"Organization\",\"@id\":\"https:\/\/simoni.com\/#organization\",\"name\":\"Simoni s.r.l.\",\"url\":\"https:\/\/simoni.com\/\",\"logo\":{\"@type\":\"ImageObject\",\"inLanguage\":\"es\",\"@id\":\"https:\/\/simoni.com\/#\/schema\/logo\/image\/\",\"url\":\"https:\/\/simoni.com\/wp-content\/uploads\/2023\/05\/logo-completo-300x93-1.png\",\"contentUrl\":\"https:\/\/simoni.com\/wp-content\/uploads\/2023\/05\/logo-completo-300x93-1.png\",\"width\":300,\"height\":93,\"caption\":\"Simoni s.r.l.\"},\"image\":{\"@id\":\"https:\/\/simoni.com\/#\/schema\/logo\/image\/\"},\"sameAs\":[\"https:\/\/www.facebook.com\/people\/Simoni-srl\/100049145208660\/?ref=tn_tnmn\",\"https:\/\/www.youtube.com\/channel\/UCme_poqaWKouYeYnmn0csOg\",\"https:\/\/www.linkedin.com\/company\/simonispazzoleindustriali\/\"]}]}<\/script>\n<!-- \/ Yoast SEO plugin. -->","yoast_head_json":{"title":"Colectores de polvo industriales - Simoni s.r.l.","robots":{"index":"index","follow":"follow","max-snippet":"max-snippet:-1","max-image-preview":"max-image-preview:large","max-video-preview":"max-video-preview:-1"},"canonical":"https:\/\/simoni.com\/es\/colectores-de-polvo-industriales\/","og_locale":"es_ES","og_type":"article","og_title":"Colectores de polvo industriales - Simoni s.r.l.","og_description":"[vc_section][vc_row css=\u00bb.vc_custom_1644004969154{margin-top: 15px !important;margin-bottom: 0px !important;}\u00bb][vc_column width=\u00bb1\/2&#8243; offset=\u00bbvc_hidden-sm\u00bb][vc_column_text css=\u00bb.vc_custom_1707599792429{margin-top: 40px !important;}\u00bb] Colectores de polvo industriales [\/vc_column_text][vc_column_text] Siente su lado limpio Para todas las empresas que buscan [\u2026]","og_url":"https:\/\/simoni.com\/es\/colectores-de-polvo-industriales\/","og_site_name":"Simoni s.r.l.","article_publisher":"https:\/\/www.facebook.com\/people\/Simoni-srl\/100049145208660\/?ref=tn_tnmn","article_modified_time":"2025-07-23T14:53:40+00:00","twitter_card":"summary_large_image","twitter_misc":{"Tiempo de lectura":"5 minutos"},"schema":{"@context":"https:\/\/schema.org","@graph":[{"@type":"WebPage","@id":"https:\/\/simoni.com\/es\/colectores-de-polvo-industriales\/","url":"https:\/\/simoni.com\/es\/colectores-de-polvo-industriales\/","name":"Colectores de polvo industriales - Simoni s.r.l.","isPartOf":{"@id":"https:\/\/simoni.com\/#website"},"datePublished":"2023-06-04T15:03:46+00:00","dateModified":"2025-07-23T14:53:40+00:00","breadcrumb":{"@id":"https:\/\/simoni.com\/es\/colectores-de-polvo-industriales\/#breadcrumb"},"inLanguage":"es","potentialAction":[{"@type":"ReadAction","target":["https:\/\/simoni.com\/es\/colectores-de-polvo-industriales\/"]}]},{"@type":"BreadcrumbList","@id":"https:\/\/simoni.com\/es\/colectores-de-polvo-industriales\/#breadcrumb","itemListElement":[{"@type":"ListItem","position":1,"name":"Home","item":"https:\/\/simoni.com\/es\/"},{"@type":"ListItem","position":2,"name":"Colectores de polvo industriales"}]},{"@type":"WebSite","@id":"https:\/\/simoni.com\/#website","url":"https:\/\/simoni.com\/","name":"Simoni s.r.l.","description":"From brushes to cleaning systems since 1830","publisher":{"@id":"https:\/\/simoni.com\/#organization"},"potentialAction":[{"@type":"SearchAction","target":{"@type":"EntryPoint","urlTemplate":"https:\/\/simoni.com\/?s={search_term_string}"},"query-input":{"@type":"PropertyValueSpecification","valueRequired":true,"valueName":"search_term_string"}}],"inLanguage":"es"},{"@type":"Organization","@id":"https:\/\/simoni.com\/#organization","name":"Simoni s.r.l.","url":"https:\/\/simoni.com\/","logo":{"@type":"ImageObject","inLanguage":"es","@id":"https:\/\/simoni.com\/#\/schema\/logo\/image\/","url":"https:\/\/simoni.com\/wp-content\/uploads\/2023\/05\/logo-completo-300x93-1.png","contentUrl":"https:\/\/simoni.com\/wp-content\/uploads\/2023\/05\/logo-completo-300x93-1.png","width":300,"height":93,"caption":"Simoni s.r.l."},"image":{"@id":"https:\/\/simoni.com\/#\/schema\/logo\/image\/"},"sameAs":["https:\/\/www.facebook.com\/people\/Simoni-srl\/100049145208660\/?ref=tn_tnmn","https:\/\/www.youtube.com\/channel\/UCme_poqaWKouYeYnmn0csOg","https:\/\/www.linkedin.com\/company\/simonispazzoleindustriali\/"]}]}},"_links":{"self":[{"href":"https:\/\/simoni.com\/es\/wp-json\/wp\/v2\/pages\/4920","targetHints":{"allow":["GET"]}}],"collection":[{"href":"https:\/\/simoni.com\/es\/wp-json\/wp\/v2\/pages"}],"about":[{"href":"https:\/\/simoni.com\/es\/wp-json\/wp\/v2\/types\/page"}],"author":[{"embeddable":true,"href":"https:\/\/simoni.com\/es\/wp-json\/wp\/v2\/users\/1"}],"replies":[{"embeddable":true,"href":"https:\/\/simoni.com\/es\/wp-json\/wp\/v2\/comments?post=4920"}],"version-history":[{"count":7,"href":"https:\/\/simoni.com\/es\/wp-json\/wp\/v2\/pages\/4920\/revisions"}],"predecessor-version":[{"id":5645,"href":"https:\/\/simoni.com\/es\/wp-json\/wp\/v2\/pages\/4920\/revisions\/5645"}],"wp:attachment":[{"href":"https:\/\/simoni.com\/es\/wp-json\/wp\/v2\/media?parent=4920"}],"curies":[{"name":"wp","href":"https:\/\/api.w.org\/{rel}","templated":true}]}}