{"id":5035,"date":"2023-04-29T22:40:25","date_gmt":"2023-04-29T20:40:25","guid":{"rendered":"https:\/\/simoni.com\/cookie-policy-2\/"},"modified":"2024-02-04T20:07:05","modified_gmt":"2024-02-04T19:07:05","slug":"cookie-policy-2","status":"publish","type":"page","link":"https:\/\/simoni.com\/es\/cookie-policy-2\/","title":{"rendered":"Cookie Policy"},"content":{"rendered":"<section class=\"wpb-content-wrapper\"><p>[vc_row][vc_column][vc_column_text]<\/p>\n<div class=\"wpb_text_column wpb_content_element vc_custom_1653647857740\">\n<div class=\"wpb_wrapper\">\n<h2>Cookie Policy<\/h2>\n<hr>\n<h4>\u00cdNDICE<\/h4>\n<ol>\n<li>Controlador de datos<\/li>\n<li>\u00bfQu\u00e9 son las cookies?<\/li>\n<li>De d\u00f3nde vienen las cookies<\/li>\n<li>Duraci\u00f3n de cookies<\/li>\n<li>prop\u00f3sito de cookies<\/li>\n<li>Bases jur\u00eddicas del tratamiento<\/li>\n<li>Obligaci\u00f3n de facilitar datos<\/li>\n<li>Cookies utilizadas por este sitio<\/li>\n<li>Gesti\u00f3n de cookies<\/li>\n<li>Destinatarios de los datos<\/li>\n<li>Difusi\u00f3n y transferencia de datos<\/li>\n<li>Derechos de los interesados<\/li>\n<li>Denuncia ante la autoridad de control<\/li>\n<li>Perfil<\/li>\n<\/ol>\n<p>&nbsp;<\/p>\n<h3><strong>1. CONTROLADOR DE DATOS<\/strong><\/h3>\n<p>El responsable del tratamiento de los datos es Simoni Srl. La funci\u00f3n de Encargado del Tratamiento ha sido asignada a <strong>Franco Simoni<\/strong>, con quien el interesado podr\u00e1 ponerse en contacto en cualquier momento, utilizando uno de los m\u00e9todos descritos en las p\u00e1ginas del sitio (por ejemplo, correo electr\u00f3nico <a href=\"mailto:simoni1@simoni.com\">simoni1@simoni.com)<\/a>, para ejercer los derechos establecidos en el art\u00edculo 13.2 letras b, c, d.<\/p>\n<p>&nbsp;<\/p>\n<p><strong>1.1 Nombre de la empresa<\/strong><\/p>\n<p>Simoni Srl<\/p>\n<p>&nbsp;<\/p>\n<p><strong>1.2 Domicilio social<\/strong><\/p>\n<p><strong><a href=\"https:\/\/goo.gl\/maps\/7rK6GXzZAEu1M29fA\" target=\"_blank\" rel=\"noreferrer noopener\">Via Lazio n\u00b0 2, 40069 Zola Predosa (BO) Italia<\/a><\/strong><\/p>\n<p>&nbsp;<\/p>\n<p><strong>1.3 N\u00famero de tel\u00e9fono y direcci\u00f3n de correo electr\u00f3nico<\/strong><\/p>\n<p><strong>Tel\u00e9fono<\/strong> <a href=\"tel:+39%20051%20751249\" target=\"_blank\" rel=\"noreferrer noopener\">+39 051 751249<\/a><br \/>\n<strong>Fax<\/strong> +39 051 752572<br \/>\n<strong>E-mail<\/strong> <a href=\"mailto:simoni1@simoni.com\" target=\"_blank\" rel=\"noreferrer noopener\">simoni1@simoni.com<\/a><\/p>\n<p>&nbsp;<\/p>\n<p><strong>1.4 Responsable de protecci\u00f3n de datos<\/strong><\/p>\n<p><a href=\"mailto:simoni1@simoni.com\" target=\"_blank\" rel=\"noreferrer noopener\">simoni1@simoni.com<\/a><\/p>\n<p>&nbsp;<\/p>\n<h3><strong>2. \u00bfQU\u00c9 SON LAS COOKIES?<\/strong><\/h3>\n<p><strong>2.1 Operaci\u00f3n<\/strong><\/p>\n<p>Las cookies son paquetes de informaci\u00f3n enviados por un servidor web (por ejemplo, el sitio) al navegador de Internet del usuario, almacenados autom\u00e1ticamente por este \u00faltimo en el ordenador y devueltos autom\u00e1ticamente al servidor cada vez que se accede al sitio.<\/p>\n<p>&nbsp;<\/p>\n<p><strong>2.2 Datos procesados<\/strong><\/p>\n<p>Datos de navegaci\u00f3n (v\u00e9ase el apartado 8).<\/p>\n<p>&nbsp;<\/p>\n<h3><strong>3. ORIGEN DE LAS COOKIES<\/strong><\/h3>\n<p><strong>3.1 Cookies de origen<\/strong><\/p>\n<p>Las cookies son peque\u00f1os archivos de texto que los sitios visitados por los usuarios env\u00edan a sus terminales, donde se almacenan y vuelven a transmitirse a los mismos sitios en la siguiente visita.<\/p>\n<p>&nbsp;<\/p>\n<p><strong>3.2 Cookies de terceros<\/strong><\/p>\n<p>En cambio, estas cookies las instala un sitio web distinto del que est\u00e1 visitando el usuario. Esto se debe a que en cada sitio puede haber elementos (im\u00e1genes, mapas, sonidos, enlaces espec\u00edficos a p\u00e1ginas web de otros dominios, etc.) que residan en servidores distintos al del sitio visitado.<\/p>\n<p>&nbsp;<\/p>\n<h3><strong>4. DURATDURACI\u00d3N DE LAS COOKIES<\/strong><\/h3>\n<p><strong>4.1 Sesi\u00f3n Cookies<\/strong><\/p>\n<p>Caducan al final de la sesi\u00f3n del navegador (normalmente cuando se cierra el navegador).<\/p>\n<p>&nbsp;<\/p>\n<p><strong>4.2 Cookies persistentes<\/strong><\/p>\n<p>Almacenado durante m\u00e1s tiempo, con un n\u00famero variable de sesiones.<\/p>\n<p>&nbsp;<\/p>\n<h3><strong>5. FINALIDAD DE LAS COOKIES<\/strong><\/h3>\n<p><strong>5.1 Cookies t\u00e9cnicas<\/strong><\/p>\n<p>Son necesarias para el funcionamiento del sitio web porque permiten funciones para facilitar la navegaci\u00f3n del usuario, que puede, por ejemplo, seleccionar el idioma con el que desea navegar por el sitio sin tener que configurarlo cada vez.<\/p>\n<p>&nbsp;<\/p>\n<p><strong>5.2 Cookies anal\u00edticas<\/strong><\/p>\n<p>Se instalan para recoger informaci\u00f3n sobre el uso del sitio web. En particular, son \u00fatiles para analizar estad\u00edsticamente los accesos o visitas al propio sitio y para permitir al propietario mejorar su estructura, l\u00f3gica de navegaci\u00f3n y contenido.<\/p>\n<p>&nbsp;<\/p>\n<p><strong>5.3 Cookies de perfiles<\/strong><\/p>\n<p>Sirven para rastrear la navegaci\u00f3n del usuario, analizar su comportamiento con fines de marketing y crear perfiles sobre sus gustos, h\u00e1bitos, elecciones, etc. Esto permite, por ejemplo, transmitir mensajes publicitarios espec\u00edficos en relaci\u00f3n con los intereses del usuario y en consonancia con las preferencias expresadas por \u00e9ste al navegar en l\u00ednea. Estas cookies tambi\u00e9n incluyen cookies sociales.<\/p>\n<p>&nbsp;<\/p>\n<h3><strong>6. BASES JUR\u00cdDICAS DEL TRATAMIENTO<\/strong><\/h3>\n<p><strong>6.1 Cookies t\u00e9cnicas<\/strong><\/p>\n<p>Inter\u00e9s leg\u00edtimo del responsable del tratamiento.<\/p>\n<p>&nbsp;<\/p>\n<p><strong>6.2 Cookies anal\u00edticas (con direcci\u00f3n IP enmascarada)<\/strong><\/p>\n<p>Inter\u00e9s leg\u00edtimo del responsable del tratamiento.<\/p>\n<p>&nbsp;<\/p>\n<p><strong>6.3 Cookies anal\u00edticas (con direcci\u00f3n IP no enmascarada)<\/strong><\/p>\n<p><strong>Consentimiento<\/strong> (opcional y siempre revocable)<\/p>\n<p>&nbsp;<\/p>\n<p><strong>6.4 Cookies de perfiles<\/strong><\/p>\n<p>Consentimiento (opcional y siempre revocable)<\/p>\n<p>&nbsp;<\/p>\n<h3><strong>7. OBLIGACI\u00d3N DE FACILITAR DATOS<\/strong><\/h3>\n<p><strong>7.1 Cookies t\u00e9cnicas<\/strong><\/p>\n<p>El suministro de datos es obligatorio. Sin ella, sin embargo, no ser\u00e1 posible tramitar la solicitud de informaci\u00f3n.<\/p>\n<p>&nbsp;<\/p>\n<p><strong>7.2 Cookies anal\u00edticas (con direcci\u00f3n IP enmascarada)<\/strong><\/p>\n<p>El suministro de datos es obligatorio. Sin ella, sin embargo, no ser\u00e1 posible tramitar la solicitud de informaci\u00f3n.<\/p>\n<p>&nbsp;<\/p>\n<p><strong>7.3 Cookies anal\u00edticas (con direcci\u00f3n IP non enmascarada)<\/strong><\/p>\n<p>El suministro de datos es opcional. De lo contrario, no se analizar\u00e1n los datos anal\u00edticos referidos a la direcci\u00f3n IP concreta.<\/p>\n<p>&nbsp;<\/p>\n<p><strong>7.4 Cookies de perfiles<\/strong><\/p>\n<p>El suministro de datos es opcional. En caso contrario, no se analizar\u00e1n las preferencias personales.<\/p>\n<p>&nbsp;<\/p>\n<h3><strong>8. COOKIES UTILIZADAS POR ESTE SITIO<\/strong><\/h3>\n<p>La informaci\u00f3n proporcionada en esta pol\u00edtica sobre cookies debe estar relacionada con las cookies utilizadas realmente por este sitio, que se enumeran a continuaci\u00f3n.<\/p>\n<p>&nbsp;<\/p>\n<table width=\"725\">\n<thead>\n<tr>\n<th>Nombre<\/th>\n<th>Valor<\/th>\n<th>Dominio<\/th>\n<\/tr>\n<\/thead>\n<tbody>\n<tr>\n<td>wp-wpml_current_language<\/td>\n<td>it<\/td>\n<td>simoni.com<\/td>\n<\/tr>\n<\/tbody>\n<\/table>\n<\/div>\n<\/div>\n<div class=\"wpb_text_column wpb_content_element vc_custom_1653574620334\">\n<div class=\"wpb_wrapper\">\n<h3><strong>9. GESTI\u00d3N DE COOKIES<\/strong><\/h3>\n<p><strong>9.1 Browser<\/strong><\/p>\n<p>Es posible eliminar las cookies instaladas directamente a trav\u00e9s del navegador utilizado para la navegaci\u00f3n.<br \/>\n\u2013 Microsoft Edge <a href=\"https:\/\/support.microsoft.com\/it-it\/microsoft-edge\/eliminare-i-cookie-in-microsoft-edge-63947406-40ac-c3b8-57b9-2a946a29ae09\">https:\/\/support.microsoft.com\/it-it\/microsoft-edge\/eliminare-i-cookie-in-microsoft-edge-63947406-40ac-c3b8-57b9-2a946a29ae09<\/a><br \/>\n\u2013 Google Chrome <a href=\"https:\/\/support.google.com\/chrome\/answer\/95647?hl=it&amp;p=cpn_cookies%20https:\/\/support.google.com\/accounts\/answer\/61416?hl=it\">https:\/\/support.google.com\/chrome\/answer\/95647?hl=it&amp;p=cpn_cookies%20https:\/\/support.google.com\/accounts\/answer\/61416?hl=it<\/a><br \/>\n\u2013 Mozilla Firefox <a href=\"https:\/\/support.mozilla.org\/it\/kb\/Attivare%20e%20disattivare%20i%20cookie\">https:\/\/support.mozilla.org\/it\/kb\/Attivare%20e%20disattivare%20i%20cookie<\/a><br \/>\n\u2013 Apple Safari <a href=\"https:\/\/support.apple.com\/it-it\/guide\/safari\/sfri11471\/mac\">https:\/\/support.apple.com\/it-it\/guide\/safari\/sfri11471\/mac<\/a><br \/>\n\u2013 Opera <a href=\"https:\/\/help.opera.com\/en\/latest\/web-preferences\/#cookies\">https:\/\/help.opera.com\/en\/latest\/web-preferences\/#cookies<\/a><br \/>\nPara los navegadores distintos de los mencionados anteriormente, es necesario consultar la gu\u00eda correspondiente para saber c\u00f3mo gestionar las cookies.<\/p>\n<p>&nbsp;<\/p>\n<h3><strong>10. DESTINATARIOS DE LOS DATOS<\/strong><\/h3>\n<p><strong>10.1 Autorizado para tratamiento<\/strong><\/p>\n<p>En la medida en que sea pertinente para los fines de tratamiento antes mencionados, los datos podr\u00e1n comunicarse al personal interno expresamente autorizado e instruido para tratarlos.<\/p>\n<p>&nbsp;<\/p>\n<p><strong>10.2 Procesadores de datos<\/strong><\/p>\n<p>En la medida en que sea pertinente para los fines de tratamiento antes mencionados, los datos podr\u00e1n ser comunicados a proveedores de servicios funcionales al tratamiento, designados como Encargados del Tratamiento y con instrucciones coherentes, como por ejemplo<\/p>\n<ul>\n<li>el proveedor de servicios de soporte inform\u00e1tico,<\/li>\n<li>el proveedor de servicios de la agencia web<\/li>\n<\/ul>\n<p>&nbsp;<\/p>\n<p><strong>10.3 Controladores de datos<\/strong><\/p>\n<p>Los datos podr\u00e1n comunicarse a las <strong>autoridades p\u00fablicas<\/strong> de conformidad con la legislaci\u00f3n aplicable.<\/p>\n<p>Los datos podr\u00e1n ser comunicados a plataformas externas (por ejemplo, YouTube, Facebook) en caso de interacci\u00f3n del usuario con contenidos proporcionados por \u00e9stas en el sitio web.<\/p>\n<p>&nbsp;<\/p>\n<h3><strong>11. DIFUSI\u00d3N Y TRANSFERENCIA DE DATOS<\/strong><\/h3>\n<p><strong>11.1 Difusi\u00f3n de datos<\/strong><\/p>\n<p>No se llevar\u00e1 a cabo.<\/p>\n<p>&nbsp;<\/p>\n<p><strong>11.2 Transferencia a terceros pa\u00edses<\/strong><\/p>\n<p>No se llevar\u00e1 a cabo por Simoni Srl. Sin embargo, sigue siendo posible que las plataformas de redes sociales que proporcionan contenidos al sitio (por ejemplo, Facebook, YouTube, LinkedIn) transfieran datos a Estados Unidos. Consulte las pol\u00edticas de privacidad de estas \u00faltimas, disponibles en sus respectivas plataformas.<\/p>\n<p>&nbsp;<\/p>\n<p><strong>11.3 Transferencia a organizaciones internacionales<\/strong><\/p>\n<p>No se llevar\u00e1 a cabo.<\/p>\n<p>&nbsp;<\/p>\n<h3><strong>12. DERECHOS DE LOS INTERESADOS EN EL TRATAMIENTO DE DATOS PERSONALES<\/strong><\/h3>\n<p><strong>12.1 Derecho de acceso<\/strong> <em>(Art. 15 R.G.P.D.)<\/em><\/p>\n<p>Puede solicitar confirmaci\u00f3n sobre si se est\u00e1n tratando o no datos que le conciernen, as\u00ed como m\u00e1s aclaraciones sobre la informaci\u00f3n expuesta en este aviso, y recibir los datos propiamente dichos, a menos que la devoluci\u00f3n vulnere los derechos y libertades de terceros.<\/p>\n<p>&nbsp;<\/p>\n<p><strong>12.2 Derecho de rectificaci\u00f3n<\/strong> <em>(Art. 16 R.G.P.D.)<\/em><\/p>\n<p>Puede pedirnos que rectifiquemos o completemos los datos que nos ha facilitado o que obran en nuestro poder si son inexactos.<\/p>\n<p>&nbsp;<\/p>\n<p><strong>12.3 Derecho de anulaci\u00f3n<\/strong> <em>(Art. 17 R.G.P.D.)<\/em><\/p>\n<p>Puede solicitar la supresi\u00f3n de los datos adquiridos o tratados.<\/p>\n<p>&nbsp;<\/p>\n<p><strong>12.4 Derecho de limitaci\u00f3n<\/strong><em> (Art. 18 R.G.P.D.)<\/em><\/p>\n<p>Podr\u00e1 solicitar la limitaci\u00f3n del tratamiento de sus datos personales; en ese caso, los datos no se tratar\u00e1n, salvo para su conservaci\u00f3n, sin su consentimiento, salvo en los casos expl\u00edcitamente indicados en el mismo art\u00edculo en la secci\u00f3n 2.<\/p>\n<p>&nbsp;<\/p>\n<p><strong>12.5Derecho de portabilidad<\/strong> <em>(Art. 20 R.G.P.D.)<\/em><\/p>\n<p>Puede solicitar recibir los datos, o que se transmitan a otro responsable del tratamiento de datos designado, en un formato estructurado, de uso com\u00fan y lectura mec\u00e1nica.<\/p>\n<p>&nbsp;<\/p>\n<p><strong>12.6 Derecho de oposici\u00f3n<\/strong> <em>(Art. 21 R.G.P.D.)<\/em><\/p>\n<p>Puede oponerse en cualquier momento al tratamiento de sus datos sobre la base de un inter\u00e9s leg\u00edtimo, a menos que existan motivos leg\u00edtimos para el tratamiento que prevalezcan sobre sus derechos, por ejemplo, para el ejercicio o la defensa de nuestros derechos ante los tribunales; la oposici\u00f3n siempre prevalecer\u00e1 sobre nuestro inter\u00e9s leg\u00edtimo en el tratamiento de los datos con fines de comercializaci\u00f3n.<\/p>\n<p>&nbsp;<\/p>\n<p>12.7<strong>Derecho a no ser sometido a procesos automatizados de toma de decisiones<\/strong><em>(Art. 22 R.G.P.D.)<\/em><\/p>\n<p>Puede solicitar que no se le someta a un proceso automatizado de toma de decisiones o incluso a uno basado en la elaboraci\u00f3n de perfiles.v<\/p>\n<p>&nbsp;<\/p>\n<h3><strong>13. RECLAMACI\u00d3N ANTE LA AUTORIDAD DE CONTROL<\/strong><\/h3>\n<p><strong>13.1 Derecho a reclamar<\/strong> <em>(Art. 77 GDPR)<\/em><\/p>\n<p>Puede presentar una reclamaci\u00f3n ante la autoridad de control del Estado miembro en el que reside o trabaja habitualmente o en el que se ha producido la presunta infracci\u00f3n.<\/p>\n<p>&nbsp;<\/p>\n<p><strong>Autoridad de control italiana<\/strong><\/p>\n<p>Autoridad de Protecci\u00f3n de Datos<\/p>\n<p>&nbsp;<\/p>\n<p><strong>13.3 Direcci\u00f3n postal y direcci\u00f3n de correo electr\u00f3nico<\/strong><\/p>\n<p>Piazza Venezia, 11 \u2013 00187 Roma (RM) \u2013 <a href=\"mailto:protocollo@pec.gdpd.it\">protocollo@pec.gdpd.it<\/a><\/p>\n<p>&nbsp;<\/p>\n<h3><strong>14. PERFILAR<\/strong><\/h3>\n<p><strong>14.1 Cookies t\u00e9cnicas<\/strong><\/p>\n<p>S\u00f3lo se llevar\u00e1 a cabo con el consentimiento previo de las cookies correspondientes. Por ejemplo, dentro del sitio, se hace uso del plugin WPML, que utiliza cookies t\u00e9cnicas para reconocer el idioma del usuario que navega por el sitio, facilitando as\u00ed la navegaci\u00f3n dentro del mismo.<\/p>\n<p>&nbsp;<\/p>\n<p><strong>14.2 Cookies anal\u00edticas (con direcci\u00f3n IP enmascarada)<\/strong><\/p>\n<p>S\u00f3lo se llevar\u00e1 a cabo con el consentimiento previo de las cookies correspondientes.<\/p>\n<p>&nbsp;<\/p>\n<p><strong>14.3 Cookies anal\u00edticas (con direcci\u00f3n IP no enmascarada)<\/strong><\/p>\n<p>S\u00f3lo se llevar\u00e1 a cabo con el consentimiento previo de las cookies correspondientes.<\/p>\n<p>&nbsp;<\/p>\n<p><strong>14.4 Cookie analitici (con indirizzo IP non mascherato)<\/strong><\/p>\n<p>S\u00f3lo se llevar\u00e1 a cabo con el consentimiento previo de las cookies correspondientes.<\/p>\n<\/div>\n<\/div>\n<p>&nbsp;<\/p>\n<hr>\n<h3><\/h3>\n<p>&nbsp;<\/p>\n<div class=\"wpb_text_column wpb_content_element vc_custom_1653574620334\">\n<h4>Facebook<\/h4>\n<p>Al hacer clic en el icono de Facebook (en adelante FB), el usuario acceder\u00e1 al sitio de FB y es posible que se requieran determinados permisos que permitan al navegador realizar acciones con la cuenta de FB del usuario y recopilar informaci\u00f3n, incluidos algunos datos personales.<br \/>\nPara m\u00e1s informaci\u00f3n, consulte la documentaci\u00f3n del permiso FB:<\/p>\n<p><a href=\"https:\/\/developers.facebook.com\/docs\/authentication\/permissions\/\">https:\/\/developers.facebook.com\/docs\/authentication\/permissions\/<\/a><\/p>\n<p>&nbsp;<\/p>\n<h4>Youtube<\/h4>\n<p><a href=\"https:\/\/www.facebook.com\/about\/privacy\/\">https:\/\/www.facebook.com\/about\/privacy\/<\/a><\/p>\n<p>Al hacer clic en el icono de Youtube, se entra en el sitio de Youtube y, a continuaci\u00f3n, se pueden solicitar determinados permisos que permiten al navegador realizar acciones con la cuenta de Youtube del usuario y recopilar informaci\u00f3n, incluidos algunos datos personales.<br \/>\nPara m\u00e1s informaci\u00f3n, consulte la pol\u00edtica de privacidad de Youtube:<\/p>\n<p><a href=\"https:\/\/www.google.it\/intl\/it\/policies\/privacy\/\">https:\/\/www.google.it\/intl\/it\/policies\/privacy\/<\/a><\/p>\n<p>&nbsp;<\/p>\n<h4>Google<\/h4>\n<p>El sitio utiliza \u00abcookies de Google Analytics con IP an\u00f3nima\u00bb.<br \/>\nPara obtener informaci\u00f3n sobre el servicio Google Analytics, visite el sitio:<\/p>\n<p><a href=\"http:\/\/www.google.com\/intl\/en\/analytics\/privacyoverview.html\">http:\/\/www.google.com\/intl\/en\/analytics\/privacyoverview.html<\/a><\/p>\n<p>&nbsp;<\/p>\n<h4>Shinystat<\/h4>\n<p>El sitio utiliza estad\u00edsticas an\u00f3nimas ofrecidas por el servicio Shinystat. Para obtener informaci\u00f3n sobre este servicio, visite el sitio web:<\/p>\n<p><a href=\"http:\/\/www.shinystat.com\/it\/informativa_sito.html\">http:\/\/www.shinystat.com\/it\/informativa_sito.html<\/a><\/p>\n<\/div>\n<p>&nbsp;<\/p>\n<p>&nbsp;<\/p>\n<div class=\"wpb_text_column wpb_content_element vc_custom_1653574620334\">\n<div class=\"wpb_wrapper\">\n<p>Para toda la informaci\u00f3n sobre el tratamiento de datos personales realizado a trav\u00e9s de este sitio web, consulte la <a href=\"https:\/\/simoni.com\/privacy-policy\/\">Pol\u00edtica de Privacidad<\/a> correspondiente.<\/p>\n<\/div>\n<\/div>\n<p>[\/vc_column_text][\/vc_column][\/vc_row]<\/p>\n<\/section>","protected":false},"excerpt":{"rendered":"<p>[vc_row][vc_column][vc_column_text] Cookie Policy \u00cdNDICE Controlador de datos \u00bfQu\u00e9 son las cookies? De d\u00f3nde vienen las cookies Duraci\u00f3n de cookies prop\u00f3sito de cookies Bases jur\u00eddicas del tratamiento<span class=\"excerpt-hellip\"> [\u2026]<\/span><\/p>\n","protected":false},"author":1,"featured_media":0,"parent":0,"menu_order":0,"comment_status":"closed","ping_status":"closed","template":"","meta":{"footnotes":""},"class_list":["post-5035","page","type-page","status-publish","hentry"],"yoast_head":"<!-- This site is optimized with the Yoast SEO plugin v25.6 - https:\/\/yoast.com\/wordpress\/plugins\/seo\/ -->\n<title>Cookie Policy - Simoni s.r.l.<\/title>\n<meta name=\"robots\" content=\"index, follow, max-snippet:-1, max-image-preview:large, max-video-preview:-1\" \/>\n<link rel=\"canonical\" href=\"https:\/\/simoni.com\/cookie-policy\/\" \/>\n<meta property=\"og:locale\" content=\"es_ES\" \/>\n<meta property=\"og:type\" content=\"article\" \/>\n<meta property=\"og:title\" content=\"Cookie Policy - Simoni s.r.l.\" \/>\n<meta property=\"og:description\" content=\"[vc_row][vc_column][vc_column_text] Cookie Policy \u00cdNDICE Controlador de datos \u00bfQu\u00e9 son las cookies? De d\u00f3nde vienen las cookies Duraci\u00f3n de cookies prop\u00f3sito de cookies Bases jur\u00eddicas del tratamiento [\u2026]\" \/>\n<meta property=\"og:url\" content=\"https:\/\/simoni.com\/cookie-policy\/\" \/>\n<meta property=\"og:site_name\" content=\"Simoni s.r.l.\" \/>\n<meta property=\"article:publisher\" content=\"https:\/\/www.facebook.com\/people\/Simoni-srl\/100049145208660\/?ref=tn_tnmn\" \/>\n<meta property=\"article:modified_time\" content=\"2024-02-04T19:07:05+00:00\" \/>\n<meta name=\"twitter:card\" content=\"summary_large_image\" \/>\n<meta name=\"twitter:label1\" content=\"Tiempo de lectura\" \/>\n\t<meta name=\"twitter:data1\" content=\"9 minutos\" \/>\n<script type=\"application\/ld+json\" class=\"yoast-schema-graph\">{\"@context\":\"https:\/\/schema.org\",\"@graph\":[{\"@type\":\"WebPage\",\"@id\":\"https:\/\/simoni.com\/cookie-policy\/\",\"url\":\"https:\/\/simoni.com\/cookie-policy\/\",\"name\":\"Cookie Policy - Simoni s.r.l.\",\"isPartOf\":{\"@id\":\"https:\/\/simoni.com\/#website\"},\"datePublished\":\"2023-04-29T20:40:25+00:00\",\"dateModified\":\"2024-02-04T19:07:05+00:00\",\"breadcrumb\":{\"@id\":\"https:\/\/simoni.com\/cookie-policy\/#breadcrumb\"},\"inLanguage\":\"es\",\"potentialAction\":[{\"@type\":\"ReadAction\",\"target\":[\"https:\/\/simoni.com\/cookie-policy\/\"]}]},{\"@type\":\"BreadcrumbList\",\"@id\":\"https:\/\/simoni.com\/cookie-policy\/#breadcrumb\",\"itemListElement\":[{\"@type\":\"ListItem\",\"position\":1,\"name\":\"Home\",\"item\":\"https:\/\/simoni.com\/es\/\"},{\"@type\":\"ListItem\",\"position\":2,\"name\":\"Cookie Policy\"}]},{\"@type\":\"WebSite\",\"@id\":\"https:\/\/simoni.com\/#website\",\"url\":\"https:\/\/simoni.com\/\",\"name\":\"Simoni s.r.l.\",\"description\":\"From brushes to cleaning systems since 1830\",\"publisher\":{\"@id\":\"https:\/\/simoni.com\/#organization\"},\"potentialAction\":[{\"@type\":\"SearchAction\",\"target\":{\"@type\":\"EntryPoint\",\"urlTemplate\":\"https:\/\/simoni.com\/?s={search_term_string}\"},\"query-input\":{\"@type\":\"PropertyValueSpecification\",\"valueRequired\":true,\"valueName\":\"search_term_string\"}}],\"inLanguage\":\"es\"},{\"@type\":\"Organization\",\"@id\":\"https:\/\/simoni.com\/#organization\",\"name\":\"Simoni s.r.l.\",\"url\":\"https:\/\/simoni.com\/\",\"logo\":{\"@type\":\"ImageObject\",\"inLanguage\":\"es\",\"@id\":\"https:\/\/simoni.com\/#\/schema\/logo\/image\/\",\"url\":\"https:\/\/simoni.com\/wp-content\/uploads\/2023\/05\/logo-completo-300x93-1.png\",\"contentUrl\":\"https:\/\/simoni.com\/wp-content\/uploads\/2023\/05\/logo-completo-300x93-1.png\",\"width\":300,\"height\":93,\"caption\":\"Simoni s.r.l.\"},\"image\":{\"@id\":\"https:\/\/simoni.com\/#\/schema\/logo\/image\/\"},\"sameAs\":[\"https:\/\/www.facebook.com\/people\/Simoni-srl\/100049145208660\/?ref=tn_tnmn\",\"https:\/\/www.youtube.com\/channel\/UCme_poqaWKouYeYnmn0csOg\",\"https:\/\/www.linkedin.com\/company\/simonispazzoleindustriali\/\"]}]}<\/script>\n<!-- \/ Yoast SEO plugin. -->","yoast_head_json":{"title":"Cookie Policy - Simoni s.r.l.","robots":{"index":"index","follow":"follow","max-snippet":"max-snippet:-1","max-image-preview":"max-image-preview:large","max-video-preview":"max-video-preview:-1"},"canonical":"https:\/\/simoni.com\/cookie-policy\/","og_locale":"es_ES","og_type":"article","og_title":"Cookie Policy - Simoni s.r.l.","og_description":"[vc_row][vc_column][vc_column_text] Cookie Policy \u00cdNDICE Controlador de datos \u00bfQu\u00e9 son las cookies? De d\u00f3nde vienen las cookies Duraci\u00f3n de cookies prop\u00f3sito de cookies Bases jur\u00eddicas del tratamiento [\u2026]","og_url":"https:\/\/simoni.com\/cookie-policy\/","og_site_name":"Simoni s.r.l.","article_publisher":"https:\/\/www.facebook.com\/people\/Simoni-srl\/100049145208660\/?ref=tn_tnmn","article_modified_time":"2024-02-04T19:07:05+00:00","twitter_card":"summary_large_image","twitter_misc":{"Tiempo de lectura":"9 minutos"},"schema":{"@context":"https:\/\/schema.org","@graph":[{"@type":"WebPage","@id":"https:\/\/simoni.com\/cookie-policy\/","url":"https:\/\/simoni.com\/cookie-policy\/","name":"Cookie Policy - Simoni s.r.l.","isPartOf":{"@id":"https:\/\/simoni.com\/#website"},"datePublished":"2023-04-29T20:40:25+00:00","dateModified":"2024-02-04T19:07:05+00:00","breadcrumb":{"@id":"https:\/\/simoni.com\/cookie-policy\/#breadcrumb"},"inLanguage":"es","potentialAction":[{"@type":"ReadAction","target":["https:\/\/simoni.com\/cookie-policy\/"]}]},{"@type":"BreadcrumbList","@id":"https:\/\/simoni.com\/cookie-policy\/#breadcrumb","itemListElement":[{"@type":"ListItem","position":1,"name":"Home","item":"https:\/\/simoni.com\/es\/"},{"@type":"ListItem","position":2,"name":"Cookie Policy"}]},{"@type":"WebSite","@id":"https:\/\/simoni.com\/#website","url":"https:\/\/simoni.com\/","name":"Simoni s.r.l.","description":"From brushes to cleaning systems since 1830","publisher":{"@id":"https:\/\/simoni.com\/#organization"},"potentialAction":[{"@type":"SearchAction","target":{"@type":"EntryPoint","urlTemplate":"https:\/\/simoni.com\/?s={search_term_string}"},"query-input":{"@type":"PropertyValueSpecification","valueRequired":true,"valueName":"search_term_string"}}],"inLanguage":"es"},{"@type":"Organization","@id":"https:\/\/simoni.com\/#organization","name":"Simoni s.r.l.","url":"https:\/\/simoni.com\/","logo":{"@type":"ImageObject","inLanguage":"es","@id":"https:\/\/simoni.com\/#\/schema\/logo\/image\/","url":"https:\/\/simoni.com\/wp-content\/uploads\/2023\/05\/logo-completo-300x93-1.png","contentUrl":"https:\/\/simoni.com\/wp-content\/uploads\/2023\/05\/logo-completo-300x93-1.png","width":300,"height":93,"caption":"Simoni s.r.l."},"image":{"@id":"https:\/\/simoni.com\/#\/schema\/logo\/image\/"},"sameAs":["https:\/\/www.facebook.com\/people\/Simoni-srl\/100049145208660\/?ref=tn_tnmn","https:\/\/www.youtube.com\/channel\/UCme_poqaWKouYeYnmn0csOg","https:\/\/www.linkedin.com\/company\/simonispazzoleindustriali\/"]}]}},"_links":{"self":[{"href":"https:\/\/simoni.com\/es\/wp-json\/wp\/v2\/pages\/5035","targetHints":{"allow":["GET"]}}],"collection":[{"href":"https:\/\/simoni.com\/es\/wp-json\/wp\/v2\/pages"}],"about":[{"href":"https:\/\/simoni.com\/es\/wp-json\/wp\/v2\/types\/page"}],"author":[{"embeddable":true,"href":"https:\/\/simoni.com\/es\/wp-json\/wp\/v2\/users\/1"}],"replies":[{"embeddable":true,"href":"https:\/\/simoni.com\/es\/wp-json\/wp\/v2\/comments?post=5035"}],"version-history":[{"count":5,"href":"https:\/\/simoni.com\/es\/wp-json\/wp\/v2\/pages\/5035\/revisions"}],"predecessor-version":[{"id":5040,"href":"https:\/\/simoni.com\/es\/wp-json\/wp\/v2\/pages\/5035\/revisions\/5040"}],"wp:attachment":[{"href":"https:\/\/simoni.com\/es\/wp-json\/wp\/v2\/media?parent=5035"}],"curies":[{"name":"wp","href":"https:\/\/api.w.org\/{rel}","templated":true}]}}