{"id":5094,"date":"2023-06-05T21:49:53","date_gmt":"2023-06-05T19:49:53","guid":{"rendered":"https:\/\/simoni.com\/orientadores\/"},"modified":"2025-07-23T16:54:45","modified_gmt":"2025-07-23T14:54:45","slug":"orientadores-mecanicos","status":"publish","type":"page","link":"https:\/\/simoni.com\/es\/orientadores-mecanicos\/","title":{"rendered":"Orientadores mec\u00e1nicos"},"content":{"rendered":"<section class=\"wpb-content-wrapper\"><p>[vc_section][vc_row css=\u00bb.vc_custom_1644004969154{margin-top: 15px !important;margin-bottom: 0px !important;}\u00bb][vc_column width=\u00bb1\/2&#8243; offset=\u00bbvc_hidden-sm\u00bb][vc_column_text css=\u00bb.vc_custom_1647785352170{margin-top: 40px !important;}\u00bb]<\/p>\n<h1 class=\"p1\"><span style=\"color: #001240;\">Orientadores mec\u00e1nicos<\/span><\/h1>\n<p>[\/vc_column_text][vc_column_text]<\/p>\n<p class=\"p1\"><span style=\"font-weight: 400;\">Aprovechando un conocimiento extremadamente profundo de los cepillos y sus caracter\u00edsticas t\u00e9cnicas, hemos desarrollado interesantes aplicaciones que permiten orientar objetos como tapones de botella, c\u00e1psulas de caf\u00e9, preformas, botellas, discos de filtro, etc.<\/span><\/p>\n<p>[\/vc_column_text][vc_btn title=\u00bbDescubra los tipos de orientadores\u00bb style=\u00bboutline-custom\u00bb outline_custom_color=\u00bb#001240&#8243; outline_custom_hover_background=\u00bb#001240&#8243; outline_custom_hover_text=\u00bb#ffffff\u00bb shape=\u00bbround\u00bb align=\u00bbleft\u00bb i_icon_fontawesome=\u00bbfas fa-chevron-down\u00bb add_icon=\u00bbtrue\u00bb link=\u00bburl:%23Tipos_de_enlace|\u00bb][\/vc_column][vc_column width=\u00bb1\/2&#8243; css=\u00bb.vc_custom_1644005205679{margin-top: 20px !important;}\u00bb offset=\u00bbvc_hidden-sm\u00bb][vc_column_text]<div id=\"metaslider-id-2673\" style=\"width: 100%;\" class=\"ml-slider-3-100-1 metaslider metaslider-flex metaslider-2673 ml-slider ms-theme-default\" role=\"region\" aria-label=\"Orientatori\" data-height=\"1000\" data-width=\"1000\">\n    <div id=\"metaslider_container_2673\">\n        <div id=\"metaslider_2673\">\n            <ul class='slides'>\n                <li style=\"display: block; width: 100%;\" class=\"slide-2680 ms-image \" aria-roledescription=\"slide\" data-date=\"2023-06-05 22:48:26\"><img decoding=\"async\" src=\"https:\/\/simoni.com\/wp-content\/uploads\/2023\/06\/SORT-RAIL-BM1-1024x640-1-640x640.jpg\" height=\"1000\" width=\"1000\" alt=\"\" class=\"slider-2673 slide-2680 msDefaultImage\" title=\"SORT-RAIL-BM1-1024x640\" \/><\/li>\n                <li style=\"display: none; width: 100%;\" class=\"slide-2681 ms-image \" aria-roledescription=\"slide\" data-date=\"2023-06-05 22:48:31\"><img decoding=\"async\" src=\"https:\/\/simoni.com\/wp-content\/uploads\/2023\/06\/SORT-RAIL_opem1mod1-762x762.jpg\" height=\"1000\" width=\"1000\" alt=\"\" class=\"slider-2673 slide-2681 msDefaultImage\" title=\"SORT-RAIL_opem1mod1\" \/><\/li>\n                <li style=\"display: none; width: 100%;\" class=\"slide-2682 ms-image \" aria-roledescription=\"slide\" data-date=\"2023-06-05 22:48:39\"><img decoding=\"async\" src=\"https:\/\/simoni.com\/wp-content\/uploads\/2023\/06\/SORT-CAP00148-1024x683-1-683x683.jpg\" height=\"1000\" width=\"1000\" alt=\"\" class=\"slider-2673 slide-2682 msDefaultImage\" title=\"SORT-CAP00148-1024x683\" \/><\/li>\n                <li style=\"display: none; width: 100%;\" class=\"slide-2683 ms-image \" aria-roledescription=\"slide\" data-date=\"2023-06-05 22:48:47\"><img decoding=\"async\" src=\"https:\/\/simoni.com\/wp-content\/uploads\/2023\/06\/SORT-R_2-1024x683-1-683x683.jpg\" height=\"1000\" width=\"1000\" alt=\"\" class=\"slider-2673 slide-2683 msDefaultImage\" title=\"SORT-R_2-1024x683\" \/><\/li>\n                <li style=\"display: none; width: 100%;\" class=\"slide-2684 ms-image \" aria-roledescription=\"slide\" data-date=\"2023-06-05 22:48:57\"><img decoding=\"async\" src=\"https:\/\/simoni.com\/wp-content\/uploads\/2023\/06\/SORT-L_-1024x683-1-683x683.jpg\" height=\"1000\" width=\"1000\" alt=\"\" class=\"slider-2673 slide-2684 msDefaultImage\" title=\"SORT-L_-1024x683\" \/><\/li>\n            <\/ul>\n        <\/div>\n        \n    <\/div>\n<\/div>[\/vc_column_text][\/vc_column][\/vc_row][vc_row css=\u00bb.vc_custom_1644005277886{margin-top: 0px !important;margin-bottom: 0px !important;}\u00bb][vc_column offset=\u00bbvc_hidden-lg vc_hidden-md vc_hidden-xs\u00bb][vc_column_text css=\u00bb.vc_custom_1647356577806{margin-top: 20px !important;}\u00bb]<\/p>\n<h1>Orientadores mec\u00e1nicos<\/h1>\n<p>[\/vc_column_text][vc_column_text]<\/p>\n<p class=\"p1\"><span style=\"font-weight: 400;\">Aprovechando un conocimiento extremadamente profundo de los cepillos y sus caracter\u00edsticas t\u00e9cnicas, hemos desarrollado interesantes aplicaciones que permiten orientar objetos como tapones de botella, c\u00e1psulas de caf\u00e9, preformas, botellas, discos de filtro, etc.<\/span><\/p>\n<p>[\/vc_column_text][vc_btn title=\u00bbDescubra los tipos de orientadores\u00bb style=\u00bboutline-custom\u00bb outline_custom_color=\u00bb#001240&#8243; outline_custom_hover_background=\u00bb#001240&#8243; outline_custom_hover_text=\u00bb#ffffff\u00bb shape=\u00bbround\u00bb align=\u00bbleft\u00bb i_icon_fontawesome=\u00bbfas fa-chevron-down\u00bb add_icon=\u00bbtrue\u00bb link=\u00bburl:%23Tipos_de_enlace|\u00bb][vc_images_carousel images=\u00bb2549,2539,2570,2581,2609&#8243; img_size=\u00bb650&#215;400&#8243; autoplay=\u00bbyes\u00bb el_class=\u00bbimmagine-slider\u00bb css=\u00bb.vc_custom_1685998218380{border-radius: 15px !important;}\u00bb][\/vc_column][\/vc_row][\/vc_section][vc_section][vc_row css=\u00bb.vc_custom_1643577249152{margin-bottom: 0px !important;}\u00bb][vc_column][vc_column_text]<\/p>\n<h3><\/h3>\n<h3 class=\"p1\"><span style=\"color: #001240;\">\u00bfPor qu\u00e9 elegir a nuestros orientadores?<\/span><\/h3>\n<p>[\/vc_column_text][vc_separator css=\u00bb.vc_custom_1643577660031{margin-top: 0px !important;margin-bottom: 16px !important;padding-top: 0px !important;padding-bottom: 0px !important;}\u00bb][vc_column_text]<span style=\"font-weight: 400;\">En comparaci\u00f3n con los orientadores tradicionales, las <strong>ventajas<\/strong> son: <\/span><\/p>\n<ul>\n<li><span style=\"color: #001240;\"> amplia gama de productividad, de la m\u00e1s baja a la m\u00e1s alta, con posibilidad de salida del producto por muchas v\u00edas <\/span><\/li>\n<li><span style=\"color: #001240;\"> ajustes mec\u00e1nicos con f\u00e1cil cambio de tama\u00f1o <\/span><\/li>\n<li><span style=\"color: #001240;\"> poco ruido <\/span><\/li>\n<li><span style=\"color: #001240;\"> sin consumo de aire comprimido ni vibraciones <\/span><\/li>\n<li><span style=\"color: #001240;\"> disposici\u00f3n extremadamente compacta con un considerable ahorro de espacio <\/span><\/li>\n<li><span style=\"color: #001240;\"> tratamiento cuidadoso de las piezas, sin riesgo de romperlas o estropearlas. Nuestros orientadores suelen ser la primera estaci\u00f3n de una l\u00ednea compleja de llenado (o embotellado) y envasado<\/span><\/li>\n<\/ul>\n<p>[\/vc_column_text][\/vc_column][\/vc_row][\/vc_section][vc_section][vc_row][vc_column][vc_column_text]<\/p>\n<h3 id=\"Link_tipologie\"><\/h3>\n<p>[\/vc_column_text][vc_column_text]<\/p>\n<h3>Tipos de orientadores:<\/h3>\n<p>[\/vc_column_text][vc_separator css=\u00bb.vc_custom_1643577647580{margin-top: 0px !important;margin-bottom: 16px !important;padding-top: 0px !important;padding-bottom: 0px !important;}\u00bb][\/vc_column][\/vc_row][vc_row content_placement=\u00bbtop\u00bb][vc_column offset=\u00bbvc_hidden-sm\u00bb][vc_basic_grid post_type=\u00bbids\u00bb item=\u00bb806&#8243; grid_id=\u00bbvc_gid:1685997770284-87127d6395f7c0396d329ff283d98e22-10&#8243; include=\u00bb2479, 2532, 2557, 2579, 2605&#8243;][\/vc_column][\/vc_row][vc_row][vc_column offset=\u00bbvc_hidden-lg vc_hidden-md vc_hidden-xs\u00bb][vc_basic_grid post_type=\u00bbids\u00bb element_width=\u00bb6&#8243; item=\u00bb806&#8243; grid_id=\u00bbvc_gid:1685997770295-5cda2d57cd15282c85582736c1f09ea7-3&#8243; include=\u00bb2479, 2532, 2557, 2579, 2605&#8243;][\/vc_column][\/vc_row][\/vc_section][vc_section content_placement=\u00bbmiddle\u00bb parallax=\u00bbcontent-moving\u00bb css_animation=\u00bbfadeIn\u00bb css=\u00bb.vc_custom_1644267394219{margin-top: 0px !important;margin-right: 0px !important;margin-bottom: 0px !important;margin-left: 0px !important;padding-top: 10px !important;padding-right: 40px !important;padding-bottom: 10px !important;padding-left: 40px !important;background-color: #fbf3b8 !important;border-radius: 15px !important;}\u00bb][vc_row gap=\u00bb20&#8243; equal_height=\u00bbyes\u00bb content_placement=\u00bbmiddle\u00bb css=\u00bb.vc_custom_1644267110047{margin-bottom: 0px !important;padding-bottom: 0px !important;}\u00bb][vc_column width=\u00bb2\/3&#8243; css=\u00bb.vc_custom_1644957306598{margin-bottom: 0px !important;padding-bottom: 0px !important;}\u00bb offset=\u00bbvc_hidden-xs\u00bb][vc_column_text]<\/p>\n<h3 id=\"Link_quote\"><span style=\"color: #001240;\">\u00bfDesea solicitar una oferta?<\/span><\/h3>\n<p><span style=\"color: #001240;\">\u00bfLe interesa recibir m\u00e1s informaci\u00f3n y que uno de nuestros operadores especializados se ponga en contacto con usted? <\/span><br \/>\n<span style=\"color: #001240;\">Solicite su oferta ahora<\/span>[\/vc_column_text][vc_btn title=\u00bbCumplimente el formulario\u00bb style=\u00bbcustom\u00bb custom_background=\u00bb#e30713&#8243; custom_text=\u00bb#ffffff\u00bb shape=\u00bbround\u00bb css=\u00bb.vc_custom_1685997827138{margin-bottom: 0px !important;padding-bottom: 0px !important;}\u00bb link=\u00bburl:https%3A%2F%2Fsimoni.com%2Fes%2Fsolicitud-de-oferta-2%2F|title:Solicitud%20de%20oferta|target:_blank|\u00bb][\/vc_column][vc_column width=\u00bb1\/3&#8243; offset=\u00bbvc_hidden-xs\u00bb][vc_single_image image=\u00bb3&#8243; img_size=\u00bb200&#215;200&#8243; alignment=\u00bbcenter\u00bb css=\u00bb.vc_custom_1685997815106{padding-top: 35px !important;}\u00bb][\/vc_column][\/vc_row][vc_row gap=\u00bb20&#8243; equal_height=\u00bbyes\u00bb content_placement=\u00bbmiddle\u00bb css=\u00bb.vc_custom_1644957346659{margin-top: 15px !important;margin-bottom: 15px !important;padding-bottom: 0px !important;}\u00bb][vc_column css=\u00bb.vc_custom_1644957291453{margin-bottom: 0px !important;padding-bottom: 0px !important;}\u00bb offset=\u00bbvc_hidden-lg vc_hidden-md vc_hidden-sm\u00bb][vc_column_text]<\/p>\n<h3 id=\"Link_quote\"><span style=\"color: #001240;\">\u00bfDesea solicitar una oferta?<\/span><\/h3>\n<p><span style=\"color: #001240;\">\u00bfLe interesa recibir m\u00e1s informaci\u00f3n y que uno de nuestros operadores especializados se ponga en contacto con usted? <\/span><br \/>\n<span style=\"color: #001240;\">Solicite su oferta ahora<\/span>[\/vc_column_text][vc_btn title=\u00bbCumplimente el formulario\u00bb style=\u00bbcustom\u00bb custom_background=\u00bb#e30713&#8243; custom_text=\u00bb#ffffff\u00bb shape=\u00bbround\u00bb css=\u00bb.vc_custom_1685997840080{margin-bottom: 0px !important;padding-bottom: 0px !important;}\u00bb link=\u00bburl:https%3A%2F%2Fsimoni.com%2Fes%2Fsolicitud-de-oferta-2%2F|title:Solicitud%20de%20oferta|\u00bb][\/vc_column][\/vc_row][\/vc_section][vc_row][vc_column][vc_empty_space height=\u00bb50px\u00bb][\/vc_column][\/vc_row]<\/p>\n<\/section>","protected":false},"excerpt":{"rendered":"<p>[vc_section][vc_row css=\u00bb.vc_custom_1644004969154{margin-top: 15px !important;margin-bottom: 0px !important;}\u00bb][vc_column width=\u00bb1\/2&#8243; offset=\u00bbvc_hidden-sm\u00bb][vc_column_text css=\u00bb.vc_custom_1647785352170{margin-top: 40px !important;}\u00bb] Orientadores mec\u00e1nicos [\/vc_column_text][vc_column_text] Aprovechando un conocimiento extremadamente profundo de los cepillos y sus caracter\u00edsticas t\u00e9cnicas,<span class=\"excerpt-hellip\"> [\u2026]<\/span><\/p>\n","protected":false},"author":1,"featured_media":0,"parent":0,"menu_order":0,"comment_status":"closed","ping_status":"closed","template":"","meta":{"footnotes":""},"class_list":["post-5094","page","type-page","status-publish","hentry"],"yoast_head":"<!-- This site is optimized with the Yoast SEO plugin v25.6 - https:\/\/yoast.com\/wordpress\/plugins\/seo\/ -->\n<title>Orientadores mec\u00e1nicos - Simoni s.r.l.<\/title>\n<meta name=\"robots\" content=\"index, follow, max-snippet:-1, max-image-preview:large, max-video-preview:-1\" \/>\n<link rel=\"canonical\" href=\"https:\/\/simoni.com\/es\/orientadores-mecanicos\/\" \/>\n<meta property=\"og:locale\" content=\"es_ES\" \/>\n<meta property=\"og:type\" content=\"article\" \/>\n<meta property=\"og:title\" content=\"Orientadores mec\u00e1nicos - Simoni s.r.l.\" \/>\n<meta property=\"og:description\" content=\"[vc_section][vc_row css=\u00bb.vc_custom_1644004969154{margin-top: 15px !important;margin-bottom: 0px !important;}\u00bb][vc_column width=\u00bb1\/2&#8243; offset=\u00bbvc_hidden-sm\u00bb][vc_column_text css=\u00bb.vc_custom_1647785352170{margin-top: 40px !important;}\u00bb] Orientadores mec\u00e1nicos [\/vc_column_text][vc_column_text] Aprovechando un conocimiento extremadamente profundo de los cepillos y sus caracter\u00edsticas t\u00e9cnicas, [\u2026]\" \/>\n<meta property=\"og:url\" content=\"https:\/\/simoni.com\/es\/orientadores-mecanicos\/\" \/>\n<meta property=\"og:site_name\" content=\"Simoni s.r.l.\" \/>\n<meta property=\"article:publisher\" content=\"https:\/\/www.facebook.com\/people\/Simoni-srl\/100049145208660\/?ref=tn_tnmn\" \/>\n<meta property=\"article:modified_time\" content=\"2025-07-23T14:54:45+00:00\" \/>\n<meta name=\"twitter:card\" content=\"summary_large_image\" \/>\n<meta name=\"twitter:label1\" content=\"Tiempo de lectura\" \/>\n\t<meta name=\"twitter:data1\" content=\"3 minutos\" \/>\n<script type=\"application\/ld+json\" class=\"yoast-schema-graph\">{\"@context\":\"https:\/\/schema.org\",\"@graph\":[{\"@type\":\"WebPage\",\"@id\":\"https:\/\/simoni.com\/es\/orientadores-mecanicos\/\",\"url\":\"https:\/\/simoni.com\/es\/orientadores-mecanicos\/\",\"name\":\"Orientadores mec\u00e1nicos - Simoni s.r.l.\",\"isPartOf\":{\"@id\":\"https:\/\/simoni.com\/#website\"},\"datePublished\":\"2023-06-05T19:49:53+00:00\",\"dateModified\":\"2025-07-23T14:54:45+00:00\",\"breadcrumb\":{\"@id\":\"https:\/\/simoni.com\/es\/orientadores-mecanicos\/#breadcrumb\"},\"inLanguage\":\"es\",\"potentialAction\":[{\"@type\":\"ReadAction\",\"target\":[\"https:\/\/simoni.com\/es\/orientadores-mecanicos\/\"]}]},{\"@type\":\"BreadcrumbList\",\"@id\":\"https:\/\/simoni.com\/es\/orientadores-mecanicos\/#breadcrumb\",\"itemListElement\":[{\"@type\":\"ListItem\",\"position\":1,\"name\":\"Home\",\"item\":\"https:\/\/simoni.com\/es\/\"},{\"@type\":\"ListItem\",\"position\":2,\"name\":\"Orientadores mec\u00e1nicos\"}]},{\"@type\":\"WebSite\",\"@id\":\"https:\/\/simoni.com\/#website\",\"url\":\"https:\/\/simoni.com\/\",\"name\":\"Simoni s.r.l.\",\"description\":\"From brushes to cleaning systems since 1830\",\"publisher\":{\"@id\":\"https:\/\/simoni.com\/#organization\"},\"potentialAction\":[{\"@type\":\"SearchAction\",\"target\":{\"@type\":\"EntryPoint\",\"urlTemplate\":\"https:\/\/simoni.com\/?s={search_term_string}\"},\"query-input\":{\"@type\":\"PropertyValueSpecification\",\"valueRequired\":true,\"valueName\":\"search_term_string\"}}],\"inLanguage\":\"es\"},{\"@type\":\"Organization\",\"@id\":\"https:\/\/simoni.com\/#organization\",\"name\":\"Simoni s.r.l.\",\"url\":\"https:\/\/simoni.com\/\",\"logo\":{\"@type\":\"ImageObject\",\"inLanguage\":\"es\",\"@id\":\"https:\/\/simoni.com\/#\/schema\/logo\/image\/\",\"url\":\"https:\/\/simoni.com\/wp-content\/uploads\/2023\/05\/logo-completo-300x93-1.png\",\"contentUrl\":\"https:\/\/simoni.com\/wp-content\/uploads\/2023\/05\/logo-completo-300x93-1.png\",\"width\":300,\"height\":93,\"caption\":\"Simoni s.r.l.\"},\"image\":{\"@id\":\"https:\/\/simoni.com\/#\/schema\/logo\/image\/\"},\"sameAs\":[\"https:\/\/www.facebook.com\/people\/Simoni-srl\/100049145208660\/?ref=tn_tnmn\",\"https:\/\/www.youtube.com\/channel\/UCme_poqaWKouYeYnmn0csOg\",\"https:\/\/www.linkedin.com\/company\/simonispazzoleindustriali\/\"]}]}<\/script>\n<!-- \/ Yoast SEO plugin. -->","yoast_head_json":{"title":"Orientadores mec\u00e1nicos - Simoni s.r.l.","robots":{"index":"index","follow":"follow","max-snippet":"max-snippet:-1","max-image-preview":"max-image-preview:large","max-video-preview":"max-video-preview:-1"},"canonical":"https:\/\/simoni.com\/es\/orientadores-mecanicos\/","og_locale":"es_ES","og_type":"article","og_title":"Orientadores mec\u00e1nicos - Simoni s.r.l.","og_description":"[vc_section][vc_row css=\u00bb.vc_custom_1644004969154{margin-top: 15px !important;margin-bottom: 0px !important;}\u00bb][vc_column width=\u00bb1\/2&#8243; offset=\u00bbvc_hidden-sm\u00bb][vc_column_text css=\u00bb.vc_custom_1647785352170{margin-top: 40px !important;}\u00bb] Orientadores mec\u00e1nicos [\/vc_column_text][vc_column_text] Aprovechando un conocimiento extremadamente profundo de los cepillos y sus caracter\u00edsticas t\u00e9cnicas, [\u2026]","og_url":"https:\/\/simoni.com\/es\/orientadores-mecanicos\/","og_site_name":"Simoni s.r.l.","article_publisher":"https:\/\/www.facebook.com\/people\/Simoni-srl\/100049145208660\/?ref=tn_tnmn","article_modified_time":"2025-07-23T14:54:45+00:00","twitter_card":"summary_large_image","twitter_misc":{"Tiempo de lectura":"3 minutos"},"schema":{"@context":"https:\/\/schema.org","@graph":[{"@type":"WebPage","@id":"https:\/\/simoni.com\/es\/orientadores-mecanicos\/","url":"https:\/\/simoni.com\/es\/orientadores-mecanicos\/","name":"Orientadores mec\u00e1nicos - Simoni s.r.l.","isPartOf":{"@id":"https:\/\/simoni.com\/#website"},"datePublished":"2023-06-05T19:49:53+00:00","dateModified":"2025-07-23T14:54:45+00:00","breadcrumb":{"@id":"https:\/\/simoni.com\/es\/orientadores-mecanicos\/#breadcrumb"},"inLanguage":"es","potentialAction":[{"@type":"ReadAction","target":["https:\/\/simoni.com\/es\/orientadores-mecanicos\/"]}]},{"@type":"BreadcrumbList","@id":"https:\/\/simoni.com\/es\/orientadores-mecanicos\/#breadcrumb","itemListElement":[{"@type":"ListItem","position":1,"name":"Home","item":"https:\/\/simoni.com\/es\/"},{"@type":"ListItem","position":2,"name":"Orientadores mec\u00e1nicos"}]},{"@type":"WebSite","@id":"https:\/\/simoni.com\/#website","url":"https:\/\/simoni.com\/","name":"Simoni s.r.l.","description":"From brushes to cleaning systems since 1830","publisher":{"@id":"https:\/\/simoni.com\/#organization"},"potentialAction":[{"@type":"SearchAction","target":{"@type":"EntryPoint","urlTemplate":"https:\/\/simoni.com\/?s={search_term_string}"},"query-input":{"@type":"PropertyValueSpecification","valueRequired":true,"valueName":"search_term_string"}}],"inLanguage":"es"},{"@type":"Organization","@id":"https:\/\/simoni.com\/#organization","name":"Simoni s.r.l.","url":"https:\/\/simoni.com\/","logo":{"@type":"ImageObject","inLanguage":"es","@id":"https:\/\/simoni.com\/#\/schema\/logo\/image\/","url":"https:\/\/simoni.com\/wp-content\/uploads\/2023\/05\/logo-completo-300x93-1.png","contentUrl":"https:\/\/simoni.com\/wp-content\/uploads\/2023\/05\/logo-completo-300x93-1.png","width":300,"height":93,"caption":"Simoni s.r.l."},"image":{"@id":"https:\/\/simoni.com\/#\/schema\/logo\/image\/"},"sameAs":["https:\/\/www.facebook.com\/people\/Simoni-srl\/100049145208660\/?ref=tn_tnmn","https:\/\/www.youtube.com\/channel\/UCme_poqaWKouYeYnmn0csOg","https:\/\/www.linkedin.com\/company\/simonispazzoleindustriali\/"]}]}},"_links":{"self":[{"href":"https:\/\/simoni.com\/es\/wp-json\/wp\/v2\/pages\/5094","targetHints":{"allow":["GET"]}}],"collection":[{"href":"https:\/\/simoni.com\/es\/wp-json\/wp\/v2\/pages"}],"about":[{"href":"https:\/\/simoni.com\/es\/wp-json\/wp\/v2\/types\/page"}],"author":[{"embeddable":true,"href":"https:\/\/simoni.com\/es\/wp-json\/wp\/v2\/users\/1"}],"replies":[{"embeddable":true,"href":"https:\/\/simoni.com\/es\/wp-json\/wp\/v2\/comments?post=5094"}],"version-history":[{"count":6,"href":"https:\/\/simoni.com\/es\/wp-json\/wp\/v2\/pages\/5094\/revisions"}],"predecessor-version":[{"id":5646,"href":"https:\/\/simoni.com\/es\/wp-json\/wp\/v2\/pages\/5094\/revisions\/5646"}],"wp:attachment":[{"href":"https:\/\/simoni.com\/es\/wp-json\/wp\/v2\/media?parent=5094"}],"curies":[{"name":"wp","href":"https:\/\/api.w.org\/{rel}","templated":true}]}}