{"id":5162,"date":"2023-06-26T19:42:53","date_gmt":"2023-06-26T17:42:53","guid":{"rendered":"https:\/\/simoni.com\/transportadores\/"},"modified":"2025-07-23T16:55:46","modified_gmt":"2025-07-23T14:55:46","slug":"transportadores-industriales","status":"publish","type":"page","link":"https:\/\/simoni.com\/es\/transportadores-industriales\/","title":{"rendered":"Transportadores industriales"},"content":{"rendered":"<section class=\"wpb-content-wrapper\"><p>[vc_section][vc_row css=\u00bb.vc_custom_1644004969154{margin-top: 15px !important;margin-bottom: 0px !important;}\u00bb][vc_column width=\u00bb1\/2&#8243; offset=\u00bbvc_hidden-sm\u00bb][vc_column_text css=\u00bb.vc_custom_1647451215886{margin-top: 40px !important;}\u00bb]<\/p>\n<h1 class=\"p1\"><span style=\"color: #001240;\">Transportadores industriales<\/span><\/h1>\n<p>[\/vc_column_text][vc_column_text]<\/p>\n<p class=\"p1\"><span style=\"font-weight: 400;\">Nuestras m\u00e1quinas son adecuadas para <strong>transportar objetos tridimensionales,<\/strong> como tapones de botellas, botellas, c\u00e1psulas de caf\u00e9 y preformas. <\/span><\/p>\n<p class=\"p1\"><span style=\"font-weight: 400;\">Para el transporte utilizan cepillos de correa, disponibles en distintas configuraciones seg\u00fan el objeto. Gracias a la tecnolog\u00eda de cepillos, no utilizan aire comprimido ni vibraciones y tratan el producto de forma suave y silenciosa. El cepillo accionado por correa proporciona un \u00abpulm\u00f3n de fricci\u00f3n\u00bb que evita los costosos controles de otros sistemas.<\/span><\/p>\n<p>[\/vc_column_text][vc_btn title=\u00bbDescubra los tipos de transportadores\u00bb style=\u00bboutline-custom\u00bb outline_custom_color=\u00bb#001240&#8243; outline_custom_hover_background=\u00bb#001240&#8243; outline_custom_hover_text=\u00bb#ffffff\u00bb shape=\u00bbround\u00bb align=\u00bbleft\u00bb i_icon_fontawesome=\u00bbfas fa-chevron-down\u00bb add_icon=\u00bbtrue\u00bb link=\u00bburl:%23Tipos_de_enlace|\u00bb][\/vc_column][vc_column width=\u00bb1\/2&#8243; css=\u00bb.vc_custom_1644005205679{margin-top: 20px !important;}\u00bb offset=\u00bbvc_hidden-sm\u00bb][vc_column_text]<div id=\"metaslider-id-3159\" style=\"width: 100%;\" class=\"ml-slider-3-100-1 metaslider metaslider-flex metaslider-3159 ml-slider ms-theme-default\" role=\"region\" aria-label=\"Trasportatori\" data-height=\"540\" data-width=\"540\">\n    <div id=\"metaslider_container_3159\">\n        <div id=\"metaslider_3159\">\n            <ul class='slides'>\n                <li style=\"display: block; width: 100%;\" class=\"slide-3180 ms-image \" aria-roledescription=\"slide\" data-date=\"2023-06-26 19:46:28\"><img decoding=\"async\" src=\"https:\/\/simoni.com\/wp-content\/uploads\/2023\/06\/CONV-P_macchine_simoni-1-scaled-540x540-1.jpg\" height=\"540\" width=\"540\" alt=\"\" class=\"slider-3159 slide-3180 msDefaultImage\" title=\"CONV-P_macchine_simoni-1-scaled-540x540\" \/><\/li>\n                <li style=\"display: none; width: 100%;\" class=\"slide-3179 ms-image \" aria-roledescription=\"slide\" data-date=\"2023-06-26 19:46:28\"><img decoding=\"async\" src=\"https:\/\/simoni.com\/wp-content\/uploads\/2023\/06\/CONV-A_macchine_simoni-1-scaled-540x540-1.jpg\" height=\"540\" width=\"540\" alt=\"\" class=\"slider-3159 slide-3179 msDefaultImage\" title=\"CONV-A_macchine_simoni-1-scaled-540x540\" \/><\/li>\n                <li style=\"display: none; width: 100%;\" class=\"slide-3178 ms-image \" aria-roledescription=\"slide\" data-date=\"2023-06-26 19:46:28\"><img decoding=\"async\" src=\"https:\/\/simoni.com\/wp-content\/uploads\/2023\/06\/CONV-2000_8-scaled-540x540-1.jpg\" height=\"540\" width=\"540\" alt=\"\" class=\"slider-3159 slide-3178 msDefaultImage\" title=\"CONV-2000_8-scaled-540x540\" \/><\/li>\n            <\/ul>\n        <\/div>\n        \n    <\/div>\n<\/div>[\/vc_column_text][\/vc_column][\/vc_row][vc_row css=\u00bb.vc_custom_1644005277886{margin-top: 0px !important;margin-bottom: 0px !important;}\u00bb][vc_column offset=\u00bbvc_hidden-lg vc_hidden-md vc_hidden-xs\u00bb][vc_column_text css=\u00bb.vc_custom_1647451463711{margin-top: 20px !important;}\u00bb]<\/p>\n<h1 class=\"p1\"><span style=\"color: #001240;\">Transportadores industriales<\/span><\/h1>\n<p>[\/vc_column_text][vc_column_text]<\/p>\n<p class=\"p1\"><span style=\"font-weight: 400;\">Nuestras m\u00e1quinas son adecuadas para <strong>transportar objetos tridimensionales,<\/strong> como tapones de botellas, botellas, c\u00e1psulas de caf\u00e9 y preformas. <\/span><\/p>\n<p class=\"p1\"><span style=\"font-weight: 400;\">Para el transporte utilizan cepillos de correa, disponibles en distintas configuraciones seg\u00fan el objeto. Gracias a la tecnolog\u00eda de cepillos, no utilizan aire comprimido ni vibraciones y tratan el producto de forma suave y silenciosa. El cepillo accionado por correa proporciona un \u00abpulm\u00f3n de fricci\u00f3n\u00bb que evita los costosos controles de otros sistemas.<\/span><\/p>\n<p>[\/vc_column_text][vc_btn title=\u00bbDescubra los tipos de transportadores\u00bb style=\u00bboutline-custom\u00bb outline_custom_color=\u00bb#001240&#8243; outline_custom_hover_background=\u00bb#001240&#8243; outline_custom_hover_text=\u00bb#ffffff\u00bb shape=\u00bbround\u00bb align=\u00bbleft\u00bb i_icon_fontawesome=\u00bbfas fa-chevron-down\u00bb add_icon=\u00bbtrue\u00bb link=\u00bburl:%23Tipos_de_enlace|\u00bb][vc_images_carousel images=\u00bb3173,3168,3163&#8243; img_size=\u00bb650&#215;400&#8243; autoplay=\u00bbyes\u00bb el_class=\u00bbimmagine-slider\u00bb css=\u00bb.vc_custom_1687801645840{border-radius: 15px !important;}\u00bb][\/vc_column][\/vc_row][\/vc_section][vc_section][vc_row css=\u00bb.vc_custom_1643577249152{margin-bottom: 0px !important;}\u00bb][vc_column][vc_column_text]<\/p>\n<h3 class=\"p1\"><span style=\"color: #001240;\">Caracter\u00edsticas t\u00e9cnicas<\/span><\/h3>\n<p>[\/vc_column_text][vc_separator css=\u00bb.vc_custom_1643577660031{margin-top: 0px !important;margin-bottom: 16px !important;padding-top: 0px !important;padding-bottom: 0px !important;}\u00bb][vc_column_text]<\/p>\n<h4><strong>\u00bfPor qu\u00e9 elegir nuestros transportistas?<\/strong><\/h4>\n<p><span style=\"font-weight: 400;\">En comparaci\u00f3n con los transportadores tradicionales, las <strong>ventajas<\/strong> son: <\/span><\/p>\n<ul>\n<li><span style=\"color: #001240;\">sin consumo de aire comprimido o ventilado, sin uso de vibraci\u00f3n <\/span><\/li>\n<li><span style=\"color: #001240;\">poco ruido <\/span><\/li>\n<li><span style=\"color: #001240;\">gran empuje, mediante la acci\u00f3n mec\u00e1nica de las escobillas <\/span><\/li>\n<li><span style=\"color: #001240;\">pulm\u00f3n embragado, con funcionamiento continuo del cepillo <\/span><\/li>\n<li><span style=\"color: #001240;\">no se da\u00f1an las piezas, que se mueven en un t\u00fanel de escobillas y no en un ra\u00edl met\u00e1lico<\/span><\/li>\n<\/ul>\n<p><span style=\"font-weight: 400;\">El \u00abpulm\u00f3n embragado\u00bb supone una gran ventaja, ya que elimina todos los controles que normalmente habr\u00eda que prever para accionar el pulm\u00f3n, lo que es indispensable para el funcionamiento continuo de la m\u00e1quina aguas abajo. Nuestro sistema permite realizar el pulm\u00f3n sin modificar el movimiento del cepillo, que sigue ejerciendo su empuje sin da\u00f1ar las piezas fijas. <\/span><span style=\"font-weight: 400;\">Para las m\u00e1quinas que trabajan con muchas orugas, disponemos de transportadores de aire ventilados, especialmente adecuados para caudales elevados.<\/span>[\/vc_column_text][\/vc_column][\/vc_row][\/vc_section][vc_section][vc_row][vc_column][vc_column_text]<\/p>\n<h3 id=\"Tipos_de_enlace\"><\/h3>\n<p>[\/vc_column_text][vc_column_text]<\/p>\n<h3>Tipos de transportadores:<\/h3>\n<p>[\/vc_column_text][vc_separator css=\u00bb.vc_custom_1643577647580{margin-top: 0px !important;margin-bottom: 16px !important;padding-top: 0px !important;padding-bottom: 0px !important;}\u00bb][\/vc_column][\/vc_row][vc_row content_placement=\u00bbtop\u00bb][vc_column offset=\u00bbvc_hidden-sm\u00bb][vc_basic_grid post_type=\u00bbids\u00bb item=\u00bb806&#8243; grid_id=\u00bbvc_gid:1707599909122-6522d0f78d820033b7e30d259d18d1e8-6&#8243; include=\u00bb3186, 3235, 3277&#8243;][\/vc_column][\/vc_row][vc_row][vc_column offset=\u00bbvc_hidden-lg vc_hidden-md vc_hidden-xs\u00bb][vc_basic_grid post_type=\u00bbids\u00bb element_width=\u00bb6&#8243; item=\u00bb806&#8243; grid_id=\u00bbvc_gid:1707599909134-b61a153b8c7180a3ba72a9111381cb90-7&#8243; include=\u00bb3186, 3235, 3277&#8243;][\/vc_column][\/vc_row][\/vc_section][vc_section content_placement=\u00bbmiddle\u00bb parallax=\u00bbcontent-moving\u00bb css_animation=\u00bbfadeIn\u00bb css=\u00bb.vc_custom_1644267394219{margin-top: 0px !important;margin-right: 0px !important;margin-bottom: 0px !important;margin-left: 0px !important;padding-top: 10px !important;padding-right: 40px !important;padding-bottom: 10px !important;padding-left: 40px !important;background-color: #fbf3b8 !important;border-radius: 15px !important;}\u00bb][vc_row gap=\u00bb20&#8243; equal_height=\u00bbyes\u00bb content_placement=\u00bbmiddle\u00bb css=\u00bb.vc_custom_1644267110047{margin-bottom: 0px !important;padding-bottom: 0px !important;}\u00bb][vc_column width=\u00bb2\/3&#8243; css=\u00bb.vc_custom_1644957306598{margin-bottom: 0px !important;padding-bottom: 0px !important;}\u00bb offset=\u00bbvc_hidden-xs\u00bb][vc_column_text]<\/p>\n<h3 id=\"Link_quote\"><span style=\"color: #001240;\">\u00bfDesea solicitar una oferta?<\/span><\/h3>\n<p><span style=\"color: #001240;\">\u00bfLe interesa recibir m\u00e1s informaci\u00f3n y que uno de nuestros operadores especializados se ponga en contacto con usted? <\/span><br \/>\n<span style=\"color: #001240;\">Solicite su oferta ahora<\/span>[\/vc_column_text][vc_btn title=\u00bbCumplimente el formulario\u00bb style=\u00bbcustom\u00bb custom_background=\u00bb#e30713&#8243; custom_text=\u00bb#ffffff\u00bb shape=\u00bbround\u00bb css=\u00bb.vc_custom_1687803726834{margin-bottom: 0px !important;padding-bottom: 0px !important;}\u00bb link=\u00bburl:https%3A%2F%2Fsimoni.com%2Fes%2Fsolicitud-de-oferta-13%2F|title:Solicitud%20de%20oferta|target:_blank|\u00bb][\/vc_column][vc_column width=\u00bb1\/3&#8243; offset=\u00bbvc_hidden-xs\u00bb][vc_single_image image=\u00bb3&#8243; img_size=\u00bb200&#215;200&#8243; alignment=\u00bbcenter\u00bb css=\u00bb.vc_custom_1687801690023{padding-top: 35px !important;}\u00bb][\/vc_column][\/vc_row][vc_row gap=\u00bb20&#8243; equal_height=\u00bbyes\u00bb content_placement=\u00bbmiddle\u00bb css=\u00bb.vc_custom_1644957346659{margin-top: 15px !important;margin-bottom: 15px !important;padding-bottom: 0px !important;}\u00bb][vc_column css=\u00bb.vc_custom_1644957291453{margin-bottom: 0px !important;padding-bottom: 0px !important;}\u00bb offset=\u00bbvc_hidden-lg vc_hidden-md vc_hidden-sm\u00bb][vc_column_text]<\/p>\n<h3 id=\"Link_quote\"><span style=\"color: #001240;\">\u00bfDesea solicitar una oferta?<\/span><\/h3>\n<p><span style=\"color: #001240;\">\u00bfLe interesa recibir m\u00e1s informaci\u00f3n y que uno de nuestros operadores especializados se ponga en contacto con usted? <\/span><br \/>\n<span style=\"color: #001240;\">Solicite su oferta ahora<\/span>[\/vc_column_text][vc_btn title=\u00bbCumplimente el formulario\u00bb style=\u00bbcustom\u00bb custom_background=\u00bb#e30713&#8243; custom_text=\u00bb#ffffff\u00bb shape=\u00bbround\u00bb css=\u00bb.vc_custom_1687803736285{margin-bottom: 0px !important;padding-bottom: 0px !important;}\u00bb link=\u00bburl:https%3A%2F%2Fsimoni.com%2Fes%2Fsolicitud-de-oferta-13%2F|title:Solicitud%20de%20oferta|target:_blank|\u00bb][\/vc_column][\/vc_row][\/vc_section][vc_row][vc_column][vc_empty_space height=\u00bb50px\u00bb][\/vc_column][\/vc_row]<\/p>\n<\/section>","protected":false},"excerpt":{"rendered":"<p>Nuestras m\u00e1quinas son adecuadas para transportar objetos tridimensionales, como tapones de botellas, botellas, c\u00e1psulas de caf\u00e9 y preformas. <\/p>\n","protected":false},"author":1,"featured_media":0,"parent":0,"menu_order":0,"comment_status":"closed","ping_status":"closed","template":"","meta":{"footnotes":""},"class_list":["post-5162","page","type-page","status-publish","hentry"],"yoast_head":"<!-- This site is optimized with the Yoast SEO plugin v25.6 - https:\/\/yoast.com\/wordpress\/plugins\/seo\/ -->\n<title>Transportadores industriales - Simoni s.r.l.<\/title>\n<meta name=\"robots\" content=\"index, follow, max-snippet:-1, max-image-preview:large, max-video-preview:-1\" \/>\n<link rel=\"canonical\" href=\"https:\/\/simoni.com\/es\/transportadores-industriales\/\" \/>\n<meta property=\"og:locale\" content=\"es_ES\" \/>\n<meta property=\"og:type\" content=\"article\" \/>\n<meta property=\"og:title\" content=\"Transportadores industriales - Simoni s.r.l.\" \/>\n<meta property=\"og:description\" content=\"Nuestras m\u00e1quinas son adecuadas para transportar objetos tridimensionales, como tapones de botellas, botellas, c\u00e1psulas de caf\u00e9 y preformas.\" \/>\n<meta property=\"og:url\" content=\"https:\/\/simoni.com\/es\/transportadores-industriales\/\" \/>\n<meta property=\"og:site_name\" content=\"Simoni s.r.l.\" \/>\n<meta property=\"article:publisher\" content=\"https:\/\/www.facebook.com\/people\/Simoni-srl\/100049145208660\/?ref=tn_tnmn\" \/>\n<meta property=\"article:modified_time\" content=\"2025-07-23T14:55:46+00:00\" \/>\n<meta name=\"twitter:card\" content=\"summary_large_image\" \/>\n<meta name=\"twitter:label1\" content=\"Tiempo de lectura\" \/>\n\t<meta name=\"twitter:data1\" content=\"3 minutos\" \/>\n<script type=\"application\/ld+json\" class=\"yoast-schema-graph\">{\"@context\":\"https:\/\/schema.org\",\"@graph\":[{\"@type\":\"WebPage\",\"@id\":\"https:\/\/simoni.com\/es\/transportadores-industriales\/\",\"url\":\"https:\/\/simoni.com\/es\/transportadores-industriales\/\",\"name\":\"Transportadores industriales - Simoni s.r.l.\",\"isPartOf\":{\"@id\":\"https:\/\/simoni.com\/#website\"},\"datePublished\":\"2023-06-26T17:42:53+00:00\",\"dateModified\":\"2025-07-23T14:55:46+00:00\",\"breadcrumb\":{\"@id\":\"https:\/\/simoni.com\/es\/transportadores-industriales\/#breadcrumb\"},\"inLanguage\":\"es\",\"potentialAction\":[{\"@type\":\"ReadAction\",\"target\":[\"https:\/\/simoni.com\/es\/transportadores-industriales\/\"]}]},{\"@type\":\"BreadcrumbList\",\"@id\":\"https:\/\/simoni.com\/es\/transportadores-industriales\/#breadcrumb\",\"itemListElement\":[{\"@type\":\"ListItem\",\"position\":1,\"name\":\"Home\",\"item\":\"https:\/\/simoni.com\/es\/\"},{\"@type\":\"ListItem\",\"position\":2,\"name\":\"Transportadores industriales\"}]},{\"@type\":\"WebSite\",\"@id\":\"https:\/\/simoni.com\/#website\",\"url\":\"https:\/\/simoni.com\/\",\"name\":\"Simoni s.r.l.\",\"description\":\"From brushes to cleaning systems since 1830\",\"publisher\":{\"@id\":\"https:\/\/simoni.com\/#organization\"},\"potentialAction\":[{\"@type\":\"SearchAction\",\"target\":{\"@type\":\"EntryPoint\",\"urlTemplate\":\"https:\/\/simoni.com\/?s={search_term_string}\"},\"query-input\":{\"@type\":\"PropertyValueSpecification\",\"valueRequired\":true,\"valueName\":\"search_term_string\"}}],\"inLanguage\":\"es\"},{\"@type\":\"Organization\",\"@id\":\"https:\/\/simoni.com\/#organization\",\"name\":\"Simoni s.r.l.\",\"url\":\"https:\/\/simoni.com\/\",\"logo\":{\"@type\":\"ImageObject\",\"inLanguage\":\"es\",\"@id\":\"https:\/\/simoni.com\/#\/schema\/logo\/image\/\",\"url\":\"https:\/\/simoni.com\/wp-content\/uploads\/2023\/05\/logo-completo-300x93-1.png\",\"contentUrl\":\"https:\/\/simoni.com\/wp-content\/uploads\/2023\/05\/logo-completo-300x93-1.png\",\"width\":300,\"height\":93,\"caption\":\"Simoni s.r.l.\"},\"image\":{\"@id\":\"https:\/\/simoni.com\/#\/schema\/logo\/image\/\"},\"sameAs\":[\"https:\/\/www.facebook.com\/people\/Simoni-srl\/100049145208660\/?ref=tn_tnmn\",\"https:\/\/www.youtube.com\/channel\/UCme_poqaWKouYeYnmn0csOg\",\"https:\/\/www.linkedin.com\/company\/simonispazzoleindustriali\/\"]}]}<\/script>\n<!-- \/ Yoast SEO plugin. -->","yoast_head_json":{"title":"Transportadores industriales - Simoni s.r.l.","robots":{"index":"index","follow":"follow","max-snippet":"max-snippet:-1","max-image-preview":"max-image-preview:large","max-video-preview":"max-video-preview:-1"},"canonical":"https:\/\/simoni.com\/es\/transportadores-industriales\/","og_locale":"es_ES","og_type":"article","og_title":"Transportadores industriales - Simoni s.r.l.","og_description":"Nuestras m\u00e1quinas son adecuadas para transportar objetos tridimensionales, como tapones de botellas, botellas, c\u00e1psulas de caf\u00e9 y preformas.","og_url":"https:\/\/simoni.com\/es\/transportadores-industriales\/","og_site_name":"Simoni s.r.l.","article_publisher":"https:\/\/www.facebook.com\/people\/Simoni-srl\/100049145208660\/?ref=tn_tnmn","article_modified_time":"2025-07-23T14:55:46+00:00","twitter_card":"summary_large_image","twitter_misc":{"Tiempo de lectura":"3 minutos"},"schema":{"@context":"https:\/\/schema.org","@graph":[{"@type":"WebPage","@id":"https:\/\/simoni.com\/es\/transportadores-industriales\/","url":"https:\/\/simoni.com\/es\/transportadores-industriales\/","name":"Transportadores industriales - Simoni s.r.l.","isPartOf":{"@id":"https:\/\/simoni.com\/#website"},"datePublished":"2023-06-26T17:42:53+00:00","dateModified":"2025-07-23T14:55:46+00:00","breadcrumb":{"@id":"https:\/\/simoni.com\/es\/transportadores-industriales\/#breadcrumb"},"inLanguage":"es","potentialAction":[{"@type":"ReadAction","target":["https:\/\/simoni.com\/es\/transportadores-industriales\/"]}]},{"@type":"BreadcrumbList","@id":"https:\/\/simoni.com\/es\/transportadores-industriales\/#breadcrumb","itemListElement":[{"@type":"ListItem","position":1,"name":"Home","item":"https:\/\/simoni.com\/es\/"},{"@type":"ListItem","position":2,"name":"Transportadores industriales"}]},{"@type":"WebSite","@id":"https:\/\/simoni.com\/#website","url":"https:\/\/simoni.com\/","name":"Simoni s.r.l.","description":"From brushes to cleaning systems since 1830","publisher":{"@id":"https:\/\/simoni.com\/#organization"},"potentialAction":[{"@type":"SearchAction","target":{"@type":"EntryPoint","urlTemplate":"https:\/\/simoni.com\/?s={search_term_string}"},"query-input":{"@type":"PropertyValueSpecification","valueRequired":true,"valueName":"search_term_string"}}],"inLanguage":"es"},{"@type":"Organization","@id":"https:\/\/simoni.com\/#organization","name":"Simoni s.r.l.","url":"https:\/\/simoni.com\/","logo":{"@type":"ImageObject","inLanguage":"es","@id":"https:\/\/simoni.com\/#\/schema\/logo\/image\/","url":"https:\/\/simoni.com\/wp-content\/uploads\/2023\/05\/logo-completo-300x93-1.png","contentUrl":"https:\/\/simoni.com\/wp-content\/uploads\/2023\/05\/logo-completo-300x93-1.png","width":300,"height":93,"caption":"Simoni s.r.l."},"image":{"@id":"https:\/\/simoni.com\/#\/schema\/logo\/image\/"},"sameAs":["https:\/\/www.facebook.com\/people\/Simoni-srl\/100049145208660\/?ref=tn_tnmn","https:\/\/www.youtube.com\/channel\/UCme_poqaWKouYeYnmn0csOg","https:\/\/www.linkedin.com\/company\/simonispazzoleindustriali\/"]}]}},"_links":{"self":[{"href":"https:\/\/simoni.com\/es\/wp-json\/wp\/v2\/pages\/5162","targetHints":{"allow":["GET"]}}],"collection":[{"href":"https:\/\/simoni.com\/es\/wp-json\/wp\/v2\/pages"}],"about":[{"href":"https:\/\/simoni.com\/es\/wp-json\/wp\/v2\/types\/page"}],"author":[{"embeddable":true,"href":"https:\/\/simoni.com\/es\/wp-json\/wp\/v2\/users\/1"}],"replies":[{"embeddable":true,"href":"https:\/\/simoni.com\/es\/wp-json\/wp\/v2\/comments?post=5162"}],"version-history":[{"count":7,"href":"https:\/\/simoni.com\/es\/wp-json\/wp\/v2\/pages\/5162\/revisions"}],"predecessor-version":[{"id":5647,"href":"https:\/\/simoni.com\/es\/wp-json\/wp\/v2\/pages\/5162\/revisions\/5647"}],"wp:attachment":[{"href":"https:\/\/simoni.com\/es\/wp-json\/wp\/v2\/media?parent=5162"}],"curies":[{"name":"wp","href":"https:\/\/api.w.org\/{rel}","templated":true}]}}