{"id":3975,"date":"2023-04-29T22:42:34","date_gmt":"2023-04-29T20:42:34","guid":{"rendered":"https:\/\/simoni.com\/politique-de-confidentialite\/"},"modified":"2023-10-28T22:26:06","modified_gmt":"2023-10-28T20:26:06","slug":"politique-de-confidentialite","status":"publish","type":"page","link":"https:\/\/simoni.com\/fr\/politique-de-confidentialite\/","title":{"rendered":"Politique de confidentialit\u00e9"},"content":{"rendered":"<section class=\"wpb-content-wrapper\"><p>[vc_row][vc_column][vc_column_text]<\/p>\n&#13;\n<h2 class=\"wp-block-heading\">Politique de confidentialit\u00e9<\/h2>&#13;\n<hr\/><h4>Index<\/h4>&#13;\n<ol><li><em>Titolare del trattamento<\/em><\/li>&#13;\n<li><em>Finalit\u00e0 del trattamento<\/em><\/li>&#13;\n<li><em>Basi giuridiche dei trattamenti<\/em><\/li>&#13;\n<li>Periodo di conservazione dei dati personali<\/li>&#13;\n<li><em>Dati personali oggetto di trattamento<\/em><\/li>&#13;\n<li><em>Obbligatoriet\u00e0 del conferimento dei dati<\/em><\/li>&#13;\n<li><em>Destinatari dei dati<\/em><\/li>&#13;\n<li><em>Diffusione e trasferimento dei dati<\/em><\/li>&#13;\n<li><em>Interazioni con social networks e piattaforme esterne<\/em><\/li>&#13;\n<li><em>Diritti degli interessati al trattamento di dati personali<\/em><\/li>&#13;\n<li><em>Reclamo all\u2019autorit\u00e0 di controllo<\/em><\/li>&#13;\n<li><em>Profilazione<\/em><\/li>&#13;\n<\/ol><p>\u00a0<\/p>&#13;\n<h5><em>(art. 13 du r\u00e8glement (UE) n\u00b0 679\/2016)<\/em><\/h5>&#13;\n<p><em><\/em><\/p><p><\/em> <em><\/p>\nAi sensi dell\u2019art. 13 del Regolamento UE 679\/2016 (in seguito chiamato GDPR) in materia di protezione dei dati personali, Simoni Srl la informa che i dati personali raccolti, con riferimento ai rapporti contrattuali instaurati o alle semplici richieste di informazioni, formeranno oggetto di trattamento nel rispetto della normativa sopra citata.\r\n&#13;\n<p>Dans le cadre du traitement susmentionn\u00e9, Simoni Srl fournit \u00e9galement les informations suivantes: <\/p>&#13;\n<h3><strong>1. TITOLARE DEL TRATTAMENTO<\/strong><\/h3>&#13;\n<p>Le contr\u00f4leur des donn\u00e9es est Simoni Srl. Le r\u00f4le de responsable du traitement a \u00e9t\u00e9 attribu\u00e9 \u00e0 <strong>Franco Simoni<\/strong>, que l&rsquo;int\u00e9ress\u00e9 peut contacter \u00e0 tout moment, en utilisant l&rsquo;une des m\u00e9thodes d\u00e9crites dans les pages du site (par exemple, l&rsquo;e-mail <a href=\"mailto:simoni1@simoni.com\">simoni1@simoni.com<\/a>), pour exercer les droits vis\u00e9s \u00e0 l&rsquo;article 13, paragraphe 2, lettres b, c et d. <strong>1.1 Nom de la soci\u00e9t\u00e9<\/strong> Simoni Srl <strong>1.2 Si\u00e8ge social<\/strong> <strong><a href=\"https:\/\/goo.gl\/maps\/7rK6GXzZAEu1M29fA\" target=\"_blank\" rel=\"noreferrer noopener\">Via Lazio n\u00b0 2, 40069 Zola Predosa (BO) Italie<\/a><\/strong> <strong>1.3 Num\u00e9ro de t\u00e9l\u00e9phone et adresse \u00e9lectronique<\/strong> <strong>T\u00e9l\u00e9phone<\/strong> <a href=\"tel:+39%20051%20751249\" target=\"_blank\" rel=\"noreferrer noopener\">+39 051 75124<\/a> <strong>Fax<\/strong> +39 051 752572 <strong>E-mail<\/strong> <a href=\"mailto:simoni1@simoni.com\" target=\"_blank\" rel=\"noreferrer noopener\">simoni1@simoni.com<\/a> <strong>1.4 D\u00e9l\u00e9gu\u00e9 \u00e0 la protection des donn\u00e9es<\/strong> <a href=\"mailto:simoni1@simoni.com\" target=\"_blank\" rel=\"noreferrer noopener\">simoni1@simoni.com<\/a>  <\/p>&#13;\n<h3><strong>2. FINALIT\u00c0 DEL TRATTAMENTO<\/strong><\/h3>&#13;\n<p>Les finalit\u00e9s du traitement des donn\u00e9es \u00e0 caract\u00e8re personnel sont les suivantes: 1) Respect des obligations l\u00e9gales li\u00e9es \u00e0 la relation contractuelle; 2) Gestion organisationnelle de la relation contractuelle; 3) r\u00e9pondre \u00e0 la demande re\u00e7ue ; Les donn\u00e9es \u00e0 caract\u00e8re personnel sont trait\u00e9es sur support papier, informatis\u00e9 et t\u00e9l\u00e9matique, et introduites dans les bases de donn\u00e9es pertinentes, auxquelles seuls le responsable du traitement et ses mandataires ont acc\u00e8s. En ce qui concerne les donn\u00e9es trait\u00e9es sous forme \u00e9lectronique, il est soulign\u00e9 que toutes les mesures de s\u00e9curit\u00e9 appropri\u00e9es ont \u00e9t\u00e9 prises pour prot\u00e9ger les droits, les libert\u00e9s et les int\u00e9r\u00eats l\u00e9gitimes de la personne concern\u00e9e, conform\u00e9ment \u00e0 l&rsquo;article 22, paragraphe 3, du RGPD. <strong>2.1 Statistiques<\/strong> Suivre, au moyen de cookies, l&rsquo;interaction des utilisateurs avec le site, afin d&rsquo;am\u00e9liorer l&rsquo;exploitation du site et d&rsquo;en assurer le bon fonctionnement. <strong>2.2 Fonctionnement du site<\/strong> L&rsquo;acc\u00e8s au site implique la transmission de donn\u00e9es implicites dans l&rsquo;utilisation des protocoles de communication sur le web, ces donn\u00e9es peuvent permettre d&rsquo;identifier l&rsquo;utilisateur. Ces donn\u00e9es sont trait\u00e9es pour la dur\u00e9e strictement n\u00e9cessaire et dans le seul but d&rsquo;\u00e9tablir des statistiques sur l&rsquo;utilisation du site et d&rsquo;en v\u00e9rifier le bon fonctionnement. La fourniture de ces donn\u00e9es est n\u00e9cessaire car elles sont directement li\u00e9es \u00e0 la navigation sur le web. <\/p>&#13;\n<h3><strong>3. BASI GIURIDICHE DEI TRATTAMENTI<\/strong><\/h3>&#13;\n<p><strong>3.1 Statistiques<\/strong> <strong>Consentement<\/strong> (facultatif et toujours r\u00e9vocable) aux cookies pertinents. <strong>3.2 Fonctionnement du site<\/strong> <strong>Int\u00e9r\u00eat l\u00e9gitime du responsable du traitement<\/strong>.  <\/p>&#13;\n<h3><strong>4. PERIODO DI CONSERVAZIONE DEI DATI PERSONALI<\/strong><\/h3>&#13;\n<p>\u00c0 la fin de l&rsquo;ex\u00e9cution, de la fourniture du service ou de la r\u00e9ponse, les donn\u00e9es \u00e0 caract\u00e8re personnel seront conserv\u00e9es uniquement \u00e0 des fins historiques ou statistiques, conform\u00e9ment \u00e0 la loi, aux r\u00e8glements, \u00e0 la l\u00e9gislation de l&rsquo;UE et aux codes d&rsquo;\u00e9thique et de bonne conduite sign\u00e9s conform\u00e9ment \u00e0 l&rsquo;article 40 du GDPR, pour une p\u00e9riode conforme \u00e0 la l\u00e9gislation en vigueur (g\u00e9n\u00e9ralement 10 ans), ou, si elles ne sont soumises \u00e0 aucune loi, pour une p\u00e9riode n&rsquo;exc\u00e9dant pas cinq ans. Au-del\u00e0 de cette p\u00e9riode, les donn\u00e9es personnelles seront conserv\u00e9es de mani\u00e8re anonyme ou d\u00e9truites. <strong>4.1 Statistiques<\/strong> Les donn\u00e9es statistiques seront conserv\u00e9es pendant une p\u00e9riode n&rsquo;exc\u00e9dant pas la r\u00e9alisation de l&rsquo;objectif d\u00e9fini au point <strong>2.1<\/strong>, puis selon les crit\u00e8res suivants :<\/p>&#13;\n<ul><li>allo<strong>\u00a0scadere dei cookies<\/strong>, secondo quanto previsto nella cookie policy;<\/li>&#13;\n<li>in ogni caso, al momento della\u00a0<strong>revoca del consenso all\u2019installazione di cookies di statistica<\/strong>.<\/li>&#13;\n<\/ul><p>  <strong>4.2 Fonctionnement du site<\/strong> Les donn\u00e9es seront conserv\u00e9es pendant une p\u00e9riode n&rsquo;exc\u00e9dant pas la r\u00e9alisation de l&rsquo;objectif d\u00e9fini au point <strong>2.2<\/strong>, et donc selon les crit\u00e8res suivants:<\/p>&#13;\n<ul><li>allo<strong>\u00a0scadere dei cookies<\/strong>, secondo quanto previsto nella cookie policy;<\/li>&#13;\n<li>per tutta la\u00a0<strong>durata della sessione di navigazione<\/strong>\u00a0sul sito.<\/li>&#13;\n<\/ul><p>\u00a0<\/p>&#13;\n<h3><strong>5. DATI PERSONALI OGGETTO DI TRATTAMENTO<\/strong><\/h3>&#13;\n<p><strong>5.1 Statistiques<\/strong> <strong>Donn\u00e9es collect\u00e9es<\/strong> par les cookies install\u00e9s. <strong>5.2 Fonctionnement du site<\/strong> <strong>L&rsquo;acc\u00e8s au site implique la transmission de donn\u00e9es telle qu&rsquo;implicite dans l&rsquo;utilisation des protocoles de communication sur le web, ces donn\u00e9es peuvent permettre l&rsquo;identification de l&rsquo;utilisateur.<\/strong>; Il s&rsquo;agit notamment de l&rsquo;adresse IP et des noms de domaine des ordinateurs utilis\u00e9s pour la connexion, des adresses URL (Uniform Resource Identifier) des requ\u00eates, de l&rsquo;heure des requ\u00eates, de la m\u00e9thode utilis\u00e9e pour soumettre la requ\u00eate au serveur, de la taille des fichiers obtenus en r\u00e9ponse, du code num\u00e9rique indiquant l&rsquo;\u00e9tat de la r\u00e9ponse, et d&rsquo;autres param\u00e8tres concernant le syst\u00e8me d&rsquo;exploitation, le navigateur et l&rsquo;environnement informatique utilis\u00e9s par l&rsquo;utilisateur. Les donn\u00e9es personnelles collect\u00e9es, avec votre consentement libre et expr\u00e8s, sont relatives \u00e0 &#8211; donn\u00e9es d&rsquo;identification (par exemple, nom, pr\u00e9nom, adresse, t\u00e9l\u00e9phone, fax, e-mail, etc.) &#8211; donn\u00e9es fiscales (si la loi l&rsquo;exige &#8211; par exemple, code fiscal, num\u00e9ro de TVA, etc.) <\/p>&#13;\n<h3><strong>6. OBBLIGATORIET\u00c0 DEL CONFERIMENTO DEI DATI<\/strong><\/h3>&#13;\n<p>La fourniture des donn\u00e9es et leur traitement sont obligatoires au regard des finalit\u00e9s li\u00e9es aux obligations fiscales ; il s&rsquo;ensuit que tout refus de fournir des donn\u00e9es \u00e0 ces fins peut entra\u00eener l&rsquo;impossibilit\u00e9 pour le responsable du traitement de mener \u00e0 bien les relations professionnelles et les obligations l\u00e9gales en question. La fourniture de donn\u00e9es et leur traitement sont facultatifs dans les autres cas, sans aucune cons\u00e9quence. <strong>6.1 Statistiques<\/strong> La fourniture de donn\u00e9es est facultative. A d\u00e9faut, les donn\u00e9es statistiques ne seront pas analys\u00e9es. <strong>6.2 Fonctionnement du site<\/strong> <em>La fourniture de donn\u00e9es est <strong>obligatoire<\/strong> et implicite dans l&rsquo;utilisation des protocoles web. Sans cela, il ne sera pas possible de faire fonctionner le site.<\/em>  <\/p>&#13;\n<h3><strong>7. DESTINATARI DEI DATI<\/strong><\/h3>&#13;\n<p>En relation avec les finalit\u00e9s indiqu\u00e9es aux points 1, 2 et 3 du paragraphe \u00ab\u00a02. Finalit\u00e9s du traitement\u00a0\u00bb, les donn\u00e9es peuvent \u00eatre communiqu\u00e9es aux parties ou cat\u00e9gories de parties indiqu\u00e9es ci-dessous :<\/p>&#13;\n<ul><li>Studi di commercialisti riconosciuti relativi alla professione di assistenza alle aziende quando la comunicazione \u00e8 dovuta per legge, oppure \u00e8 nell&rsquo;interesse del soggetto (persona fisica o giuridica);<\/li>&#13;\n<li>Studi di avvocati riconosciuti relativi alla professione di assistenza alle aziende quando la comunicazione \u00e8 dovuta per legge, regolarmente incaricati a tale forma di trattamento nel pieno rispetto delle misure vigenti, o quando la comunicazione \u00e8 nell&rsquo;interesse del soggetto.<\/li>&#13;\n<\/ul><p>Le titulaire d\u00e9clare \u00e9galement qu&rsquo;il n&rsquo;a pas l&rsquo;intention de transf\u00e9rer les donn\u00e9es \u00e0 un pays tiers en dehors de l&rsquo;UE ou \u00e0 une organisation internationale en dehors de l&rsquo;UE. <strong>7.1 Traitement autoris\u00e9<\/strong> Dans les limites des finalit\u00e9s de traitement susmentionn\u00e9es, les donn\u00e9es peuvent \u00eatre communiqu\u00e9es au <strong>personnel interne<\/strong> express\u00e9ment autoris\u00e9 et charg\u00e9 de traiter les donn\u00e9es. <strong>7.2 Responsables du traitement<\/strong> Dans les limites des finalit\u00e9s de traitement mentionn\u00e9es ci-dessus, les donn\u00e9es peuvent \u00eatre communiqu\u00e9es \u00e0 <strong>les fournisseurs de services fonctionnels pour le traitement<\/strong>, d\u00e9sign\u00e9s comme responsables du traitement des donn\u00e9es et ayant re\u00e7u des instructions coh\u00e9rentes, comme par exemple<\/p>&#13;\n<ul><li>il fornitore del servizio di assistenza informatica,<\/li>&#13;\n<li>il fornitore del servizio di web agency.<\/li>&#13;\n<\/ul><p>  <strong>7.3 Contr\u00f4leurs de donn\u00e9es<\/strong> Les donn\u00e9es peuvent \u00eatre divulgu\u00e9es aux <strong>autorit\u00e9s publiques<\/strong> conform\u00e9ment \u00e0 la l\u00e9gislation applicable. <\/p>&#13;\n<h3><strong>8. DIFFUSIONE E TRASFERIMENTO DEI DATI<\/strong><\/h3>&#13;\n<p><strong>8.1 La diffusion des donn\u00e9es<\/strong> ne sera pas effectu\u00e9e. <strong>8.2 Le transfert \u00e0 des pays tiers<\/strong> ne sera pas effectu\u00e9 par Simoni Srl. Toutefois, il reste possible que les plateformes de r\u00e9seaux sociaux qui fournissent du contenu au site (par exemple Facebook, YouTube) transf\u00e8rent des donn\u00e9es aux \u00c9tats-Unis. Veuillez vous r\u00e9f\u00e9rer aux politiques de confidentialit\u00e9 de ces derniers, disponibles sur leurs plateformes respectives. <strong>8.3 Transfert \u00e0 des organisations internationales<\/strong> Aucun transfert ne sera effectu\u00e9. <\/p>&#13;\n<h3><strong>9. INTERAZIONI CON SOCIAL NETWORKS E PIATTAFORME ESTERNE<\/strong><\/h3>&#13;\n<p><strong>9.1 Plug-ins sociaux<\/strong> Ce type d&rsquo;outil permet d&rsquo;interagir avec les r\u00e9seaux sociaux, ou d&rsquo;autres plateformes externes, directement \u00e0 partir des pages de ce site web (par exemple, le bouton avec le symbole Facebook). <strong>9.2 Transmission des donn\u00e9es<\/strong> Lorsque vous visitez une page de notre site web et que vous interagissez avec le plug-in (par exemple en cliquant sur le symbole Facebook) ou que vous d\u00e9cidez de regarder une vid\u00e9o, les informations correspondantes sont transmises par votre navigateur directement \u00e0 la plateforme de r\u00e9seau social et y sont stock\u00e9es. <strong>9.3 Information et droits<\/strong> Pour obtenir des informations sur les objectifs, le type et le mode de collecte, de traitement, d&rsquo;utilisation et de stockage des donn\u00e9es \u00e0 caract\u00e8re personnel par la plateforme de r\u00e9seau social, ainsi que sur la mani\u00e8re d&rsquo;exercer vos droits, veuillez consulter la politique de confidentialit\u00e9 adopt\u00e9e par le r\u00e9seau social concern\u00e9 ou par une autre plateforme externe. <\/p>&#13;\n<h3><strong>10. DIRITTI DEGLI INTERESSATI AL TRATTAMENTO DI DATI PERSONALI<\/strong><\/h3>&#13;\n<p><strong>10.1 Droit d&rsquo;acc\u00e8s<\/strong> <em>(Art. 15 R.G.P.D.)<\/em> Vous pouvez demander la confirmation que des donn\u00e9es vous concernant sont ou ne sont pas trait\u00e9es, ainsi que des pr\u00e9cisions sur les informations contenues dans le pr\u00e9sent avis, et recevoir les donn\u00e9es elles-m\u00eames, \u00e0 moins que leur restitution ne porte atteinte aux droits et libert\u00e9s d&rsquo;autrui. <strong>10.2 Droit de rectification<\/strong> <em>(art. 16 RGPD)<\/em> Vous pouvez nous demander de rectifier ou de compl\u00e9ter les donn\u00e9es que vous nous avez fournies ou qui sont en notre possession, si elles sont inexactes. <strong>10.3 Droit d&rsquo;effacement<\/strong> <em>(art. 17 du RGPD)<\/em> Vous pouvez demander l&rsquo;effacement des donn\u00e9es acquises ou trait\u00e9es. <strong>10.4 Droit de limitatio<\/strong><em>n (article 18 du RGPD)<\/em> Vous pouvez demander la limitation du traitement de vos donn\u00e9es \u00e0 caract\u00e8re personnel ; dans ce cas, les donn\u00e9es ne seront pas trait\u00e9es, \u00e0 l&rsquo;exception de leur stockage, sans votre consentement, sauf dans les cas pr\u00e9vus au paragraphe 2 du m\u00eame article. <strong>10.5 Droit \u00e0 la portabilit\u00e9<\/strong> <em>(art. 20 RGPD)<\/em> Vous pouvez demander \u00e0 recevoir vos donn\u00e9es, ou \u00e0 ce qu&rsquo;elles soient transmises \u00e0 un autre responsable du traitement d\u00e9sign\u00e9, dans un format structur\u00e9, couramment utilis\u00e9 et lisible par machine. <strong>10.6 Droit d&rsquo;opposition<\/strong> <em>(Art. 21 G.P.R.)<\/em> Vous pouvez vous opposer \u00e0 tout moment au traitement de vos donn\u00e9es sur la base d&rsquo;un int\u00e9r\u00eat l\u00e9gitime, \u00e0 moins qu&rsquo;il existe des motifs l\u00e9gitimes de traitement qui pr\u00e9valent sur vos droits, par exemple pour l&rsquo;exercice ou la d\u00e9fense de nos droits en justice ; l&rsquo;objection pr\u00e9vaudra toujours sur notre int\u00e9r\u00eat l\u00e9gitime \u00e0 traiter les donn\u00e9es \u00e0 des fins de marketing. <strong>10.7 Droit de ne pas \u00eatre soumis \u00e0 un processus de prise de d\u00e9cision automatis\u00e9<\/strong><em>(article 22 du RGPD)<\/em> Vous pouvez demander \u00e0 ne pas \u00eatre soumis \u00e0 un processus de prise de d\u00e9cision automatis\u00e9 ou fond\u00e9 sur le profilage. <\/p>&#13;\n<h3><strong>11. RECLAMO ALL\u2019AUTORIT\u00c0 DI CONTROLLO<\/strong><\/h3>&#13;\n<p><strong>11.1 Droit d&rsquo;introduire une r\u00e9clamation<\/strong> <em>(article 77 du RGPD)<\/em> Vous pouvez introduire une r\u00e9clamation aupr\u00e8s de l&rsquo;autorit\u00e9 de contr\u00f4le de l&rsquo;\u00c9tat membre dans lequel vous r\u00e9sidez ou travaillez habituellement ou du lieu o\u00f9 la violation pr\u00e9sum\u00e9e a \u00e9t\u00e9 commise. <strong>11.2 Autorit\u00e9 italienne de protection<\/strong> des donn\u00e9es Garante per la Protezione dei Dati Personali. <strong>11.3 Adresse postale et adresse \u00e9lectronique<\/strong> Piazza Venezia, 11 &#8211; 00187 Roma (RM) <a href=\"mailto:protocollo@pec.gdpd.it\">protocollo@pec.gdpd.it<\/a>  <\/p>&#13;\n<h3><strong>12. PROFILAZIONE<\/strong><\/h3>&#13;\n<p><strong>12.1 Les statistiques<\/strong> <strong>ne seront effectu\u00e9es<\/strong> qu&rsquo;avec le consentement pr\u00e9alable des cookies concern\u00e9s. <strong>12.2 Le fonctionnement du site<\/strong> <strong>ne sera pas assur\u00e9<\/strong>. Pour toute information sur les cookies et autres outils de suivi, veuillez vous r\u00e9f\u00e9rer \u00e0 la politique en mati\u00e8re de <a href=\"https:\/\/simoni.com\/cookie-policy\/\">cookies<\/a>. [\/vc_column_text][\/vc_column][\/vc_row][vc_row][vc_column][\/vc_column][\/vc_row]<\/p><\/section>","protected":false},"excerpt":{"rendered":"<p>[vc_row][vc_column][vc_column_text] &#13; Politique de confidentialit\u00e9 &#13; Index &#13; Titolare del trattamento &#13; Finalit\u00e0 del trattamento &#13; Basi giuridiche dei trattamenti &#13; Periodo di conservazione dei dati<span class=\"excerpt-hellip\"> [\u2026]<\/span><\/p>\n","protected":false},"author":1,"featured_media":0,"parent":0,"menu_order":0,"comment_status":"closed","ping_status":"closed","template":"","meta":{"footnotes":""},"class_list":["post-3975","page","type-page","status-publish","hentry"],"yoast_head":"<!-- This site is optimized with the Yoast SEO plugin v25.6 - https:\/\/yoast.com\/wordpress\/plugins\/seo\/ -->\n<title>Politique de confidentialit\u00e9 - Simoni s.r.l.<\/title>\n<meta name=\"robots\" content=\"index, follow, max-snippet:-1, max-image-preview:large, max-video-preview:-1\" \/>\n<link rel=\"canonical\" href=\"https:\/\/simoni.com\/privacy-policy\/\" \/>\n<meta property=\"og:locale\" content=\"fr_FR\" \/>\n<meta property=\"og:type\" content=\"article\" \/>\n<meta property=\"og:title\" content=\"Politique de confidentialit\u00e9 - Simoni s.r.l.\" \/>\n<meta property=\"og:description\" content=\"[vc_row][vc_column][vc_column_text] &#013; Politique de confidentialit\u00e9 &#013; Index &#013; Titolare del trattamento &#013; Finalit\u00e0 del trattamento &#013; Basi giuridiche dei trattamenti &#013; Periodo di conservazione dei dati [\u2026]\" \/>\n<meta property=\"og:url\" content=\"https:\/\/simoni.com\/privacy-policy\/\" \/>\n<meta property=\"og:site_name\" content=\"Simoni s.r.l.\" \/>\n<meta property=\"article:publisher\" content=\"https:\/\/www.facebook.com\/people\/Simoni-srl\/100049145208660\/?ref=tn_tnmn\" \/>\n<meta property=\"article:modified_time\" content=\"2023-10-28T20:26:06+00:00\" \/>\n<meta name=\"twitter:card\" content=\"summary_large_image\" \/>\n<meta name=\"twitter:label1\" content=\"Dur\u00e9e de lecture estim\u00e9e\" \/>\n\t<meta name=\"twitter:data1\" content=\"10 minutes\" \/>\n<script type=\"application\/ld+json\" class=\"yoast-schema-graph\">{\"@context\":\"https:\/\/schema.org\",\"@graph\":[{\"@type\":\"WebPage\",\"@id\":\"https:\/\/simoni.com\/privacy-policy\/\",\"url\":\"https:\/\/simoni.com\/privacy-policy\/\",\"name\":\"Politique de confidentialit\u00e9 - Simoni s.r.l.\",\"isPartOf\":{\"@id\":\"https:\/\/simoni.com\/#website\"},\"datePublished\":\"2023-04-29T20:42:34+00:00\",\"dateModified\":\"2023-10-28T20:26:06+00:00\",\"breadcrumb\":{\"@id\":\"https:\/\/simoni.com\/privacy-policy\/#breadcrumb\"},\"inLanguage\":\"fr-FR\",\"potentialAction\":[{\"@type\":\"ReadAction\",\"target\":[\"https:\/\/simoni.com\/privacy-policy\/\"]}]},{\"@type\":\"BreadcrumbList\",\"@id\":\"https:\/\/simoni.com\/privacy-policy\/#breadcrumb\",\"itemListElement\":[{\"@type\":\"ListItem\",\"position\":1,\"name\":\"Home\",\"item\":\"https:\/\/simoni.com\/fr\/\"},{\"@type\":\"ListItem\",\"position\":2,\"name\":\"Politique de confidentialit\u00e9\"}]},{\"@type\":\"WebSite\",\"@id\":\"https:\/\/simoni.com\/#website\",\"url\":\"https:\/\/simoni.com\/\",\"name\":\"Simoni s.r.l.\",\"description\":\"From brushes to cleaning systems since 1830\",\"publisher\":{\"@id\":\"https:\/\/simoni.com\/#organization\"},\"potentialAction\":[{\"@type\":\"SearchAction\",\"target\":{\"@type\":\"EntryPoint\",\"urlTemplate\":\"https:\/\/simoni.com\/?s={search_term_string}\"},\"query-input\":{\"@type\":\"PropertyValueSpecification\",\"valueRequired\":true,\"valueName\":\"search_term_string\"}}],\"inLanguage\":\"fr-FR\"},{\"@type\":\"Organization\",\"@id\":\"https:\/\/simoni.com\/#organization\",\"name\":\"Simoni s.r.l.\",\"url\":\"https:\/\/simoni.com\/\",\"logo\":{\"@type\":\"ImageObject\",\"inLanguage\":\"fr-FR\",\"@id\":\"https:\/\/simoni.com\/#\/schema\/logo\/image\/\",\"url\":\"https:\/\/simoni.com\/wp-content\/uploads\/2023\/05\/logo-completo-300x93-1.png\",\"contentUrl\":\"https:\/\/simoni.com\/wp-content\/uploads\/2023\/05\/logo-completo-300x93-1.png\",\"width\":300,\"height\":93,\"caption\":\"Simoni s.r.l.\"},\"image\":{\"@id\":\"https:\/\/simoni.com\/#\/schema\/logo\/image\/\"},\"sameAs\":[\"https:\/\/www.facebook.com\/people\/Simoni-srl\/100049145208660\/?ref=tn_tnmn\",\"https:\/\/www.youtube.com\/channel\/UCme_poqaWKouYeYnmn0csOg\",\"https:\/\/www.linkedin.com\/company\/simonispazzoleindustriali\/\"]}]}<\/script>\n<!-- \/ Yoast SEO plugin. -->","yoast_head_json":{"title":"Politique de confidentialit\u00e9 - Simoni s.r.l.","robots":{"index":"index","follow":"follow","max-snippet":"max-snippet:-1","max-image-preview":"max-image-preview:large","max-video-preview":"max-video-preview:-1"},"canonical":"https:\/\/simoni.com\/privacy-policy\/","og_locale":"fr_FR","og_type":"article","og_title":"Politique de confidentialit\u00e9 - Simoni s.r.l.","og_description":"[vc_row][vc_column][vc_column_text] &#13; Politique de confidentialit\u00e9 &#13; Index &#13; Titolare del trattamento &#13; Finalit\u00e0 del trattamento &#13; Basi giuridiche dei trattamenti &#13; Periodo di conservazione dei dati [\u2026]","og_url":"https:\/\/simoni.com\/privacy-policy\/","og_site_name":"Simoni s.r.l.","article_publisher":"https:\/\/www.facebook.com\/people\/Simoni-srl\/100049145208660\/?ref=tn_tnmn","article_modified_time":"2023-10-28T20:26:06+00:00","twitter_card":"summary_large_image","twitter_misc":{"Dur\u00e9e de lecture estim\u00e9e":"10 minutes"},"schema":{"@context":"https:\/\/schema.org","@graph":[{"@type":"WebPage","@id":"https:\/\/simoni.com\/privacy-policy\/","url":"https:\/\/simoni.com\/privacy-policy\/","name":"Politique de confidentialit\u00e9 - Simoni s.r.l.","isPartOf":{"@id":"https:\/\/simoni.com\/#website"},"datePublished":"2023-04-29T20:42:34+00:00","dateModified":"2023-10-28T20:26:06+00:00","breadcrumb":{"@id":"https:\/\/simoni.com\/privacy-policy\/#breadcrumb"},"inLanguage":"fr-FR","potentialAction":[{"@type":"ReadAction","target":["https:\/\/simoni.com\/privacy-policy\/"]}]},{"@type":"BreadcrumbList","@id":"https:\/\/simoni.com\/privacy-policy\/#breadcrumb","itemListElement":[{"@type":"ListItem","position":1,"name":"Home","item":"https:\/\/simoni.com\/fr\/"},{"@type":"ListItem","position":2,"name":"Politique de confidentialit\u00e9"}]},{"@type":"WebSite","@id":"https:\/\/simoni.com\/#website","url":"https:\/\/simoni.com\/","name":"Simoni s.r.l.","description":"From brushes to cleaning systems since 1830","publisher":{"@id":"https:\/\/simoni.com\/#organization"},"potentialAction":[{"@type":"SearchAction","target":{"@type":"EntryPoint","urlTemplate":"https:\/\/simoni.com\/?s={search_term_string}"},"query-input":{"@type":"PropertyValueSpecification","valueRequired":true,"valueName":"search_term_string"}}],"inLanguage":"fr-FR"},{"@type":"Organization","@id":"https:\/\/simoni.com\/#organization","name":"Simoni s.r.l.","url":"https:\/\/simoni.com\/","logo":{"@type":"ImageObject","inLanguage":"fr-FR","@id":"https:\/\/simoni.com\/#\/schema\/logo\/image\/","url":"https:\/\/simoni.com\/wp-content\/uploads\/2023\/05\/logo-completo-300x93-1.png","contentUrl":"https:\/\/simoni.com\/wp-content\/uploads\/2023\/05\/logo-completo-300x93-1.png","width":300,"height":93,"caption":"Simoni s.r.l."},"image":{"@id":"https:\/\/simoni.com\/#\/schema\/logo\/image\/"},"sameAs":["https:\/\/www.facebook.com\/people\/Simoni-srl\/100049145208660\/?ref=tn_tnmn","https:\/\/www.youtube.com\/channel\/UCme_poqaWKouYeYnmn0csOg","https:\/\/www.linkedin.com\/company\/simonispazzoleindustriali\/"]}]}},"_links":{"self":[{"href":"https:\/\/simoni.com\/fr\/wp-json\/wp\/v2\/pages\/3975","targetHints":{"allow":["GET"]}}],"collection":[{"href":"https:\/\/simoni.com\/fr\/wp-json\/wp\/v2\/pages"}],"about":[{"href":"https:\/\/simoni.com\/fr\/wp-json\/wp\/v2\/types\/page"}],"author":[{"embeddable":true,"href":"https:\/\/simoni.com\/fr\/wp-json\/wp\/v2\/users\/1"}],"replies":[{"embeddable":true,"href":"https:\/\/simoni.com\/fr\/wp-json\/wp\/v2\/comments?post=3975"}],"version-history":[{"count":3,"href":"https:\/\/simoni.com\/fr\/wp-json\/wp\/v2\/pages\/3975\/revisions"}],"predecessor-version":[{"id":3978,"href":"https:\/\/simoni.com\/fr\/wp-json\/wp\/v2\/pages\/3975\/revisions\/3978"}],"wp:attachment":[{"href":"https:\/\/simoni.com\/fr\/wp-json\/wp\/v2\/media?parent=3975"}],"curies":[{"name":"wp","href":"https:\/\/api.w.org\/{rel}","templated":true}]}}