{"id":4069,"date":"2023-06-04T17:03:46","date_gmt":"2023-06-04T15:03:46","guid":{"rendered":"https:\/\/simoni.com\/depoussiereurs\/"},"modified":"2025-07-23T16:36:40","modified_gmt":"2025-07-23T14:36:40","slug":"depoussiereurs-industriels","status":"publish","type":"page","link":"https:\/\/simoni.com\/fr\/depoussiereurs-industriels\/","title":{"rendered":"D\u00e9poussi\u00e9reurs industriels"},"content":{"rendered":"<section class=\"wpb-content-wrapper\"><p>[vc_section][vc_row css=\u00a0\u00bb.vc_custom_1644004969154{margin-top: 15px !important;margin-bottom: 0px !important;}\u00a0\u00bb][vc_column width=\u00a0\u00bb1\/2&Prime; offset=\u00a0\u00bbvc_hidden-sm\u00a0\u00bb][vc_column_text css=\u00a0\u00bb.vc_custom_1649064985554{margin-top: 40px !important;}\u00a0\u00bb]<\/p>\n<h1>D\u00e9poussi\u00e9reurs industriels<\/h1>\n<p>[\/vc_column_text][vc_column_text]<\/p>\n<h3 class=\"p1\">Feel the clean side of it<\/h3>\n<p><span style=\"font-weight: 400;\">Pour toutes les entreprises \u00e0 la recherche d&rsquo;un <strong>un nettoyage pr\u00e9cis, professionnel et efficace<\/strong> des surfaces de leurs produits, les syst\u00e8mes de nettoyage de surface Simoni sont plus performants et plus fiables que les autres marques, car ils utilisent toutes les meilleures technologies diff\u00e9rentes en combinaison dans la m\u00eame machine de nettoyage, ce qui permet de r\u00e9duire les co\u00fbts. <strong>sur mesure pour r\u00e9pondre aux besoins sp\u00e9cifiques du client<\/strong>et sont con\u00e7us et fabriqu\u00e9s selon les normes de qualit\u00e9 historiques de Simoni.<\/span>[\/vc_column_text][vc_btn title=\u00a0\u00bbD\u00e9couvrez les types de d\u00e9poussi\u00e9reurs\u00a0\u00bb style=\u00a0\u00bboutline-custom\u00a0\u00bb outline_custom_color=\u00a0\u00bb#001240&Prime; outline_custom_hover_background=\u00a0\u00bb#001240&Prime; outline_custom_hover_text=\u00a0\u00bb#ffffff\u00a0\u00bb shape=\u00a0\u00bbround\u00a0\u00bb align=\u00a0\u00bbleft\u00a0\u00bb i_icon_fontawesome=\u00a0\u00bbfas fa-chevron-down\u00a0\u00bb add_icon=\u00a0\u00bbtrue\u00a0\u00bb link=\u00a0\u00bburl:%23Link_types|\u00a0\u00bb][\/vc_column][vc_column width=\u00a0\u00bb1\/2&Prime; css=\u00a0\u00bb.vc_custom_1644005205679{margin-top: 20px !important;}\u00a0\u00bb offset=\u00a0\u00bbvc_hidden-sm\u00a0\u00bb][vc_column_text]<\/p>\n<p style=\"text-align: center;\"><div id=\"metaslider-id-2213\" style=\"width: 100%;\" class=\"ml-slider-3-100-1 metaslider metaslider-flex metaslider-2213 ml-slider ms-theme-default\" role=\"region\" aria-label=\"Prodotti-macchine-depolveratori\" data-height=\"1000\" data-width=\"1000\">\n    <div id=\"metaslider_container_2213\">\n        <div id=\"metaslider_2213\">\n            <ul class='slides'>\n                <li style=\"display: block; width: 100%;\" class=\"slide-2244 ms-image \" aria-roledescription=\"slide\" data-date=\"2023-06-04 17:08:39\"><img decoding=\"async\" src=\"https:\/\/simoni.com\/wp-content\/uploads\/2024\/07\/DEPAIR-mod-1000x1000.png\" height=\"1000\" width=\"1000\" alt=\"\" class=\"slider-2213 slide-2244 msDefaultImage\" title=\"DEP AIR\" \/><\/li>\n                <li style=\"display: none; width: 100%;\" class=\"slide-2245 ms-image \" aria-roledescription=\"slide\" data-date=\"2023-06-04 17:08:39\"><img decoding=\"async\" src=\"https:\/\/simoni.com\/wp-content\/uploads\/2023\/06\/DEP120-959x960-1-959x959.png\" height=\"1000\" width=\"1000\" alt=\"\" class=\"slider-2213 slide-2245 msDefaultImage\" title=\"DEP120-959x960\" \/><\/li>\n                <li style=\"display: none; width: 100%;\" class=\"slide-2246 ms-image \" aria-roledescription=\"slide\" data-date=\"2023-06-04 17:08:40\"><img decoding=\"async\" src=\"https:\/\/simoni.com\/wp-content\/uploads\/2024\/07\/20240704_114458_resized_1-1000x1000.jpg\" height=\"1000\" width=\"1000\" alt=\"\" class=\"slider-2213 slide-2246 msDefaultImage\" title=\"20240704_114458_resized_1\" \/><\/li>\n                <li style=\"display: none; width: 100%;\" class=\"slide-2247 ms-image \" aria-roledescription=\"slide\" data-date=\"2023-06-04 17:08:40\"><img decoding=\"async\" src=\"https:\/\/simoni.com\/wp-content\/uploads\/2023\/06\/DSC00284-scaled-1000x1000-1.jpg\" height=\"1000\" width=\"1000\" alt=\"\" class=\"slider-2213 slide-2247 msDefaultImage\" title=\"DSC00284-scaled-1000x1000\" \/><\/li>\n                <li style=\"display: none; width: 100%;\" class=\"slide-2248 ms-image \" aria-roledescription=\"slide\" data-date=\"2023-06-04 17:08:40\"><img decoding=\"async\" src=\"https:\/\/simoni.com\/wp-content\/uploads\/2024\/07\/DEP070-b-scaled-1000x1000.jpg\" height=\"1000\" width=\"1000\" alt=\"\" class=\"slider-2213 slide-2248 msDefaultImage\" title=\"DEP070 b\" \/><\/li>\n                <li style=\"display: none; width: 100%;\" class=\"slide-2249 ms-image \" aria-roledescription=\"slide\" data-date=\"2023-06-04 17:08:40\"><img decoding=\"async\" src=\"https:\/\/simoni.com\/wp-content\/uploads\/2023\/06\/Micro-cleaner-Gun_2-1000x1000-1.jpg\" height=\"1000\" width=\"1000\" alt=\"\" class=\"slider-2213 slide-2249 msDefaultImage\" title=\"Micro-cleaner-Gun_2-1000x1000\" \/><\/li>\n            <\/ul>\n        <\/div>\n        \n    <\/div>\n<\/div>\n<p>[\/vc_column_text][\/vc_column][\/vc_row][vc_row css=\u00a0\u00bb.vc_custom_1644005277886{margin-top: 0px !important;margin-bottom: 0px !important;}\u00a0\u00bb][vc_column offset=\u00a0\u00bbvc_hidden-lg vc_hidden-md vc_hidden-xs\u00a0\u00bb][vc_column_text css=\u00a0\u00bb.vc_custom_1649065030665{margin-top: 20px !important;}\u00a0\u00bb]<\/p>\n<h1><strong>D\u00e9poussi\u00e9reurs industriels<\/strong><\/h1>\n<p>[\/vc_column_text][vc_column_text]<\/p>\n<h3 class=\"p1\">Feel the clean side of it.<\/h3>\n<p><span style=\"font-weight: 400;\">Pour toutes les entreprises \u00e0 la recherche d&rsquo;un <strong>un nettoyage pr\u00e9cis, professionnel et efficace<\/strong> des surfaces de leurs produits, les syst\u00e8mes de nettoyage de surface Simoni sont plus performants et plus fiables que les autres marques, car ils utilisent toutes les meilleures technologies diff\u00e9rentes en combinaison dans la m\u00eame machine de nettoyage, ce qui permet de r\u00e9duire les co\u00fbts. <strong>sur mesure pour r\u00e9pondre aux besoins sp\u00e9cifiques du client<\/strong>et sont con\u00e7us et fabriqu\u00e9s selon les normes de qualit\u00e9 historiques de Simoni.<\/span>[\/vc_column_text][vc_btn title=\u00a0\u00bbD\u00e9couvrez les types de d\u00e9poussi\u00e9reurs\u00a0\u00bb style=\u00a0\u00bboutline-custom\u00a0\u00bb outline_custom_color=\u00a0\u00bb#001240&Prime; outline_custom_hover_background=\u00a0\u00bb#001240&Prime; outline_custom_hover_text=\u00a0\u00bb#ffffff\u00a0\u00bb shape=\u00a0\u00bbround\u00a0\u00bb align=\u00a0\u00bbleft\u00a0\u00bb i_icon_fontawesome=\u00a0\u00bbfas fa-chevron-down\u00a0\u00bb add_icon=\u00a0\u00bbtrue\u00a0\u00bb link=\u00a0\u00bburl:%23Link_types|\u00a0\u00bb][vc_images_carousel images=\u00a0\u00bb2219,2214,2224,2229,2239,2234&Prime; img_size=\u00a0\u00bb650&#215;400&Prime; autoplay=\u00a0\u00bbyes\u00a0\u00bb el_class=\u00a0\u00bbimmagine-slider\u00a0\u00bb css=\u00a0\u00bb.vc_custom_1685891397366{border-radius: 15px !important;}\u00a0\u00bb][\/vc_column][\/vc_row][\/vc_section][vc_section][vc_row css=\u00a0\u00bb.vc_custom_1643577249152{margin-bottom: 0px !important;}\u00a0\u00bb][vc_column][vc_column_text]<\/p>\n<h3 class=\"p1\"><span style=\"color: #001240;\">Sp\u00e9cifications<\/span><\/h3>\n<p>[\/vc_column_text][vc_separator css=\u00a0\u00bb.vc_custom_1643577660031{margin-top: 0px !important;margin-bottom: 16px !important;padding-top: 0px !important;padding-bottom: 0px !important;}\u00a0\u00bb][vc_column_text]<\/p>\n<h4><b>G\u00e9n\u00e9ralit\u00e9s<\/b><\/h4>\n<p><span style=\"font-weight: 400;\">Dans les processus de production, la n\u00e9cessit\u00e9 d&rsquo;\u00e9liminer la poussi\u00e8re et les autres r\u00e9sidus des surfaces de travail, en particulier des surfaces planes, est tr\u00e8s fr\u00e9quente. <\/span><\/p>\n<p><span style=\"font-weight: 400;\">La poussi\u00e8re, en particulier la poussi\u00e8re fine, peut adh\u00e9rer \u00e0 la surface \u00e0 la fois m\u00e9caniquement et \u00e9lectrostatiquement. Dans le premier cas, l&rsquo;action d&rsquo;une brosse suffit, tandis que dans le second, un syst\u00e8me d&rsquo;ionisation, qui \u00e9limine les charges \u00e9lectrostatiques, est n\u00e9cessaire en compl\u00e9ment. <strong>Nous avons<\/strong> donc <strong>d\u00e9velopp\u00e9 diff\u00e9rents types de d\u00e9poussi\u00e9reurs<\/strong>, adapt\u00e9s \u00e0 diff\u00e9rents besoins, tous avec la possibilit\u00e9 d&rsquo;utiliser des <strong>ionisateurs de Haug<\/strong>, une entreprise allemande leader dans le domaine de l&rsquo;antistatique, dont nous sommes les concessionnaires exclusifs pour toute l&rsquo;Italie. <\/span>[\/vc_column_text][\/vc_column][\/vc_row][\/vc_section][vc_section][vc_row][vc_column][vc_column_text]<\/p>\n<h3 id=\"Link_tipologie\"><\/h3>\n<p>[\/vc_column_text][vc_column_text]<\/p>\n<h3><strong>Types de d\u00e9poussi\u00e9reurs:<\/strong><\/h3>\n<p>[\/vc_column_text][vc_separator css=\u00a0\u00bb.vc_custom_1643577647580{margin-top: 0px !important;margin-bottom: 16px !important;padding-top: 0px !important;padding-bottom: 0px !important;}\u00a0\u00bb][\/vc_column][\/vc_row][vc_row content_placement=\u00a0\u00bbtop\u00a0\u00bb][vc_column offset=\u00a0\u00bbvc_hidden-sm\u00a0\u00bb][vc_basic_grid post_type=\u00a0\u00bbids\u00a0\u00bb item=\u00a0\u00bb806&Prime; grid_id=\u00a0\u00bbvc_gid:1685897856798-a6ecbffbaff4adde5efb6bca1e6be40e-1&Prime; include=\u00a0\u00bb2251, 2294, 2346, 2365, 2386, 2422, 2432&Prime;][\/vc_column][\/vc_row][vc_row][vc_column offset=\u00a0\u00bbvc_hidden-lg vc_hidden-md vc_hidden-xs\u00a0\u00bb][vc_basic_grid post_type=\u00a0\u00bbids\u00a0\u00bb element_width=\u00a0\u00bb6&Prime; item=\u00a0\u00bb806&Prime; grid_id=\u00a0\u00bbvc_gid:1685897856809-782557abd7cc2d575ea8998537921d2d-3&Prime; include=\u00a0\u00bb2251, 2294, 2346, 2365, 2386, 2422, 2432&Prime;][\/vc_column][\/vc_row][\/vc_section][vc_section content_placement=\u00a0\u00bbmiddle\u00a0\u00bb parallax=\u00a0\u00bbcontent-moving\u00a0\u00bb css_animation=\u00a0\u00bbfadeIn\u00a0\u00bb css=\u00a0\u00bb.vc_custom_1644267394219{margin-top: 0px !important;margin-right: 0px !important;margin-bottom: 0px !important;margin-left: 0px !important;padding-top: 10px !important;padding-right: 40px !important;padding-bottom: 10px !important;padding-left: 40px !important;background-color: #fbf3b8 !important;border-radius: 15px !important;}\u00a0\u00bb][vc_row gap=\u00a0\u00bb20&Prime; equal_height=\u00a0\u00bbyes\u00a0\u00bb content_placement=\u00a0\u00bbmiddle\u00a0\u00bb css=\u00a0\u00bb.vc_custom_1644267110047{margin-bottom: 0px !important;padding-bottom: 0px !important;}\u00a0\u00bb][vc_column width=\u00a0\u00bb2\/3&Prime; css=\u00a0\u00bb.vc_custom_1644957306598{margin-bottom: 0px !important;padding-bottom: 0px !important;}\u00a0\u00bb offset=\u00a0\u00bbvc_hidden-xs\u00a0\u00bb][vc_column_text]<\/p>\n<h3 id=\"Link_quote\"><span style=\"color: #001240;\">Vous souhaitez demander une offre ?<\/span><\/h3>\n<p><span style=\"color: #001240;\">Vous souhaitez recevoir plus d&rsquo;informations et \u00eatre contact\u00e9 par l&rsquo;un de nos op\u00e9rateurs sp\u00e9cialis\u00e9s ? <\/span><br \/>\n<span style=\"color: #001240;\">Demandez votre offre maintenant<\/span>[\/vc_column_text][vc_btn title=\u00a0\u00bbRemplir le formulaire\u00a0\u00bb style=\u00a0\u00bbcustom\u00a0\u00bb custom_background=\u00a0\u00bb#e30713&Prime; custom_text=\u00a0\u00bb#ffffff\u00a0\u00bb shape=\u00a0\u00bbround\u00a0\u00bb css=\u00a0\u00bb.vc_custom_1662926219800{margin-bottom: 0px !important;padding-bottom: 0px !important;}\u00a0\u00bb link=\u00a0\u00bburl:https%3A%2F%2Fsimoni.com%2Fdepolveratori%2Frichiesta-offerta%2F|title:Demande%20d%27offre|target:_blank|\u00a0\u00bb][\/vc_column][vc_column width=\u00a0\u00bb1\/3&Prime; offset=\u00a0\u00bbvc_hidden-xs\u00a0\u00bb][vc_single_image image=\u00a0\u00bb3&Prime; img_size=\u00a0\u00bb200&#215;200&Prime; alignment=\u00a0\u00bbcenter\u00a0\u00bb css=\u00a0\u00bb.vc_custom_1685891175999{padding-top: 35px !important;}\u00a0\u00bb][\/vc_column][\/vc_row][vc_row gap=\u00a0\u00bb20&Prime; equal_height=\u00a0\u00bbyes\u00a0\u00bb content_placement=\u00a0\u00bbmiddle\u00a0\u00bb css=\u00a0\u00bb.vc_custom_1644957346659{margin-top: 15px !important;margin-bottom: 15px !important;padding-bottom: 0px !important;}\u00a0\u00bb][vc_column css=\u00a0\u00bb.vc_custom_1644957291453{margin-bottom: 0px !important;padding-bottom: 0px !important;}\u00a0\u00bb offset=\u00a0\u00bbvc_hidden-lg vc_hidden-md vc_hidden-sm\u00a0\u00bb][vc_column_text]<\/p>\n<h3 id=\"Link_quote\"><span style=\"color: #001240;\">Vous souhaitez demander une offre ?<\/span><\/h3>\n<p><span style=\"color: #001240;\">Vous souhaitez recevoir plus d&rsquo;informations et \u00eatre contact\u00e9 par l&rsquo;un de nos op\u00e9rateurs sp\u00e9cialis\u00e9s ? <\/span><br \/>\n<span style=\"color: #001240;\">Demandez votre offre maintenant<\/span>[\/vc_column_text][vc_btn title=\u00a0\u00bbRemplir le formulaire\u00a0\u00bb style=\u00a0\u00bbcustom\u00a0\u00bb custom_background=\u00a0\u00bb#e30713&Prime; custom_text=\u00a0\u00bb#ffffff\u00a0\u00bb shape=\u00a0\u00bbround\u00a0\u00bb css=\u00a0\u00bb.vc_custom_1662926234982{margin-bottom: 0px !important;padding-bottom: 0px !important;}\u00a0\u00bb link=\u00a0\u00bburl:https%3A%2F%2Fsimoni.com%2Fdepolveratori%2Frichiesta-offerta%2F|title:D%C3%A9poussi%C3%A9reurs|target:_blank|\u00a0\u00bb][\/vc_column][\/vc_row][\/vc_section][vc_row][vc_column][vc_empty_space height=\u00a0\u00bb50px\u00a0\u00bb][\/vc_column][\/vc_row]<\/p>\n<\/section>","protected":false},"excerpt":{"rendered":"<p>[vc_section][vc_row css=\u00a0\u00bb.vc_custom_1644004969154{margin-top: 15px !important;margin-bottom: 0px !important;}\u00a0\u00bb][vc_column width=\u00a0\u00bb1\/2&Prime; offset=\u00a0\u00bbvc_hidden-sm\u00a0\u00bb][vc_column_text css=\u00a0\u00bb.vc_custom_1649064985554{margin-top: 40px !important;}\u00a0\u00bb] D\u00e9poussi\u00e9reurs industriels [\/vc_column_text][vc_column_text] Feel the clean side of it Pour toutes les entreprises \u00e0 la<span class=\"excerpt-hellip\"> [\u2026]<\/span><\/p>\n","protected":false},"author":1,"featured_media":0,"parent":0,"menu_order":0,"comment_status":"closed","ping_status":"closed","template":"","meta":{"footnotes":""},"class_list":["post-4069","page","type-page","status-publish","hentry"],"yoast_head":"<!-- This site is optimized with the Yoast SEO plugin v25.6 - https:\/\/yoast.com\/wordpress\/plugins\/seo\/ -->\n<title>D\u00e9poussi\u00e9reurs industriels - Simoni s.r.l.<\/title>\n<meta name=\"robots\" content=\"index, follow, max-snippet:-1, max-image-preview:large, max-video-preview:-1\" \/>\n<link rel=\"canonical\" href=\"https:\/\/simoni.com\/fr\/depoussiereurs-industriels\/\" \/>\n<meta property=\"og:locale\" content=\"fr_FR\" \/>\n<meta property=\"og:type\" content=\"article\" \/>\n<meta property=\"og:title\" content=\"D\u00e9poussi\u00e9reurs industriels - Simoni s.r.l.\" \/>\n<meta property=\"og:description\" content=\"[vc_section][vc_row css=\u00a0\u00bb.vc_custom_1644004969154{margin-top: 15px !important;margin-bottom: 0px !important;}\u00a0\u00bb][vc_column width=\u00a0\u00bb1\/2&Prime; offset=\u00a0\u00bbvc_hidden-sm\u00a0\u00bb][vc_column_text css=\u00a0\u00bb.vc_custom_1649064985554{margin-top: 40px !important;}\u00a0\u00bb] D\u00e9poussi\u00e9reurs industriels [\/vc_column_text][vc_column_text] Feel the clean side of it Pour toutes les entreprises \u00e0 la [\u2026]\" \/>\n<meta property=\"og:url\" content=\"https:\/\/simoni.com\/fr\/depoussiereurs-industriels\/\" \/>\n<meta property=\"og:site_name\" content=\"Simoni s.r.l.\" \/>\n<meta property=\"article:publisher\" content=\"https:\/\/www.facebook.com\/people\/Simoni-srl\/100049145208660\/?ref=tn_tnmn\" \/>\n<meta property=\"article:modified_time\" content=\"2025-07-23T14:36:40+00:00\" \/>\n<meta name=\"twitter:card\" content=\"summary_large_image\" \/>\n<meta name=\"twitter:label1\" content=\"Dur\u00e9e de lecture estim\u00e9e\" \/>\n\t<meta name=\"twitter:data1\" content=\"3 minutes\" \/>\n<script type=\"application\/ld+json\" class=\"yoast-schema-graph\">{\"@context\":\"https:\/\/schema.org\",\"@graph\":[{\"@type\":\"WebPage\",\"@id\":\"https:\/\/simoni.com\/fr\/depoussiereurs-industriels\/\",\"url\":\"https:\/\/simoni.com\/fr\/depoussiereurs-industriels\/\",\"name\":\"D\u00e9poussi\u00e9reurs industriels - Simoni s.r.l.\",\"isPartOf\":{\"@id\":\"https:\/\/simoni.com\/#website\"},\"datePublished\":\"2023-06-04T15:03:46+00:00\",\"dateModified\":\"2025-07-23T14:36:40+00:00\",\"breadcrumb\":{\"@id\":\"https:\/\/simoni.com\/fr\/depoussiereurs-industriels\/#breadcrumb\"},\"inLanguage\":\"fr-FR\",\"potentialAction\":[{\"@type\":\"ReadAction\",\"target\":[\"https:\/\/simoni.com\/fr\/depoussiereurs-industriels\/\"]}]},{\"@type\":\"BreadcrumbList\",\"@id\":\"https:\/\/simoni.com\/fr\/depoussiereurs-industriels\/#breadcrumb\",\"itemListElement\":[{\"@type\":\"ListItem\",\"position\":1,\"name\":\"Home\",\"item\":\"https:\/\/simoni.com\/fr\/\"},{\"@type\":\"ListItem\",\"position\":2,\"name\":\"D\u00e9poussi\u00e9reurs industriels\"}]},{\"@type\":\"WebSite\",\"@id\":\"https:\/\/simoni.com\/#website\",\"url\":\"https:\/\/simoni.com\/\",\"name\":\"Simoni s.r.l.\",\"description\":\"From brushes to cleaning systems since 1830\",\"publisher\":{\"@id\":\"https:\/\/simoni.com\/#organization\"},\"potentialAction\":[{\"@type\":\"SearchAction\",\"target\":{\"@type\":\"EntryPoint\",\"urlTemplate\":\"https:\/\/simoni.com\/?s={search_term_string}\"},\"query-input\":{\"@type\":\"PropertyValueSpecification\",\"valueRequired\":true,\"valueName\":\"search_term_string\"}}],\"inLanguage\":\"fr-FR\"},{\"@type\":\"Organization\",\"@id\":\"https:\/\/simoni.com\/#organization\",\"name\":\"Simoni s.r.l.\",\"url\":\"https:\/\/simoni.com\/\",\"logo\":{\"@type\":\"ImageObject\",\"inLanguage\":\"fr-FR\",\"@id\":\"https:\/\/simoni.com\/#\/schema\/logo\/image\/\",\"url\":\"https:\/\/simoni.com\/wp-content\/uploads\/2023\/05\/logo-completo-300x93-1.png\",\"contentUrl\":\"https:\/\/simoni.com\/wp-content\/uploads\/2023\/05\/logo-completo-300x93-1.png\",\"width\":300,\"height\":93,\"caption\":\"Simoni s.r.l.\"},\"image\":{\"@id\":\"https:\/\/simoni.com\/#\/schema\/logo\/image\/\"},\"sameAs\":[\"https:\/\/www.facebook.com\/people\/Simoni-srl\/100049145208660\/?ref=tn_tnmn\",\"https:\/\/www.youtube.com\/channel\/UCme_poqaWKouYeYnmn0csOg\",\"https:\/\/www.linkedin.com\/company\/simonispazzoleindustriali\/\"]}]}<\/script>\n<!-- \/ Yoast SEO plugin. -->","yoast_head_json":{"title":"D\u00e9poussi\u00e9reurs industriels - Simoni s.r.l.","robots":{"index":"index","follow":"follow","max-snippet":"max-snippet:-1","max-image-preview":"max-image-preview:large","max-video-preview":"max-video-preview:-1"},"canonical":"https:\/\/simoni.com\/fr\/depoussiereurs-industriels\/","og_locale":"fr_FR","og_type":"article","og_title":"D\u00e9poussi\u00e9reurs industriels - Simoni s.r.l.","og_description":"[vc_section][vc_row css=\u00a0\u00bb.vc_custom_1644004969154{margin-top: 15px !important;margin-bottom: 0px !important;}\u00a0\u00bb][vc_column width=\u00a0\u00bb1\/2&Prime; offset=\u00a0\u00bbvc_hidden-sm\u00a0\u00bb][vc_column_text css=\u00a0\u00bb.vc_custom_1649064985554{margin-top: 40px !important;}\u00a0\u00bb] D\u00e9poussi\u00e9reurs industriels [\/vc_column_text][vc_column_text] Feel the clean side of it Pour toutes les entreprises \u00e0 la [\u2026]","og_url":"https:\/\/simoni.com\/fr\/depoussiereurs-industriels\/","og_site_name":"Simoni s.r.l.","article_publisher":"https:\/\/www.facebook.com\/people\/Simoni-srl\/100049145208660\/?ref=tn_tnmn","article_modified_time":"2025-07-23T14:36:40+00:00","twitter_card":"summary_large_image","twitter_misc":{"Dur\u00e9e de lecture estim\u00e9e":"3 minutes"},"schema":{"@context":"https:\/\/schema.org","@graph":[{"@type":"WebPage","@id":"https:\/\/simoni.com\/fr\/depoussiereurs-industriels\/","url":"https:\/\/simoni.com\/fr\/depoussiereurs-industriels\/","name":"D\u00e9poussi\u00e9reurs industriels - Simoni s.r.l.","isPartOf":{"@id":"https:\/\/simoni.com\/#website"},"datePublished":"2023-06-04T15:03:46+00:00","dateModified":"2025-07-23T14:36:40+00:00","breadcrumb":{"@id":"https:\/\/simoni.com\/fr\/depoussiereurs-industriels\/#breadcrumb"},"inLanguage":"fr-FR","potentialAction":[{"@type":"ReadAction","target":["https:\/\/simoni.com\/fr\/depoussiereurs-industriels\/"]}]},{"@type":"BreadcrumbList","@id":"https:\/\/simoni.com\/fr\/depoussiereurs-industriels\/#breadcrumb","itemListElement":[{"@type":"ListItem","position":1,"name":"Home","item":"https:\/\/simoni.com\/fr\/"},{"@type":"ListItem","position":2,"name":"D\u00e9poussi\u00e9reurs industriels"}]},{"@type":"WebSite","@id":"https:\/\/simoni.com\/#website","url":"https:\/\/simoni.com\/","name":"Simoni s.r.l.","description":"From brushes to cleaning systems since 1830","publisher":{"@id":"https:\/\/simoni.com\/#organization"},"potentialAction":[{"@type":"SearchAction","target":{"@type":"EntryPoint","urlTemplate":"https:\/\/simoni.com\/?s={search_term_string}"},"query-input":{"@type":"PropertyValueSpecification","valueRequired":true,"valueName":"search_term_string"}}],"inLanguage":"fr-FR"},{"@type":"Organization","@id":"https:\/\/simoni.com\/#organization","name":"Simoni s.r.l.","url":"https:\/\/simoni.com\/","logo":{"@type":"ImageObject","inLanguage":"fr-FR","@id":"https:\/\/simoni.com\/#\/schema\/logo\/image\/","url":"https:\/\/simoni.com\/wp-content\/uploads\/2023\/05\/logo-completo-300x93-1.png","contentUrl":"https:\/\/simoni.com\/wp-content\/uploads\/2023\/05\/logo-completo-300x93-1.png","width":300,"height":93,"caption":"Simoni s.r.l."},"image":{"@id":"https:\/\/simoni.com\/#\/schema\/logo\/image\/"},"sameAs":["https:\/\/www.facebook.com\/people\/Simoni-srl\/100049145208660\/?ref=tn_tnmn","https:\/\/www.youtube.com\/channel\/UCme_poqaWKouYeYnmn0csOg","https:\/\/www.linkedin.com\/company\/simonispazzoleindustriali\/"]}]}},"_links":{"self":[{"href":"https:\/\/simoni.com\/fr\/wp-json\/wp\/v2\/pages\/4069","targetHints":{"allow":["GET"]}}],"collection":[{"href":"https:\/\/simoni.com\/fr\/wp-json\/wp\/v2\/pages"}],"about":[{"href":"https:\/\/simoni.com\/fr\/wp-json\/wp\/v2\/types\/page"}],"author":[{"embeddable":true,"href":"https:\/\/simoni.com\/fr\/wp-json\/wp\/v2\/users\/1"}],"replies":[{"embeddable":true,"href":"https:\/\/simoni.com\/fr\/wp-json\/wp\/v2\/comments?post=4069"}],"version-history":[{"count":3,"href":"https:\/\/simoni.com\/fr\/wp-json\/wp\/v2\/pages\/4069\/revisions"}],"predecessor-version":[{"id":5631,"href":"https:\/\/simoni.com\/fr\/wp-json\/wp\/v2\/pages\/4069\/revisions\/5631"}],"wp:attachment":[{"href":"https:\/\/simoni.com\/fr\/wp-json\/wp\/v2\/media?parent=4069"}],"curies":[{"name":"wp","href":"https:\/\/api.w.org\/{rel}","templated":true}]}}