{"id":4123,"date":"2023-06-08T22:16:07","date_gmt":"2023-06-08T20:16:07","guid":{"rendered":"https:\/\/simoni.com\/ascenseurs\/"},"modified":"2025-07-23T16:41:43","modified_gmt":"2025-07-23T14:41:43","slug":"ascenseurs-de-brosses","status":"publish","type":"page","link":"https:\/\/simoni.com\/fr\/ascenseurs-de-brosses\/","title":{"rendered":"Ascenseurs de brosses"},"content":{"rendered":"<section class=\"wpb-content-wrapper\"><p>[vc_section][vc_row css=\u00a0\u00bb.vc_custom_1644004969154{margin-top: 15px !important;margin-bottom: 0px !important;}\u00a0\u00bb][vc_column width=\u00a0\u00bb1\/2&Prime; offset=\u00a0\u00bbvc_hidden-sm\u00a0\u00bb][vc_column_text css=\u00a0\u00bb.vc_custom_1647620124728{margin-top: 40px !important;}\u00a0\u00bb]<\/p>\n<h1 class=\"p1\"><span style=\"color: #001240;\">Ascenseurs de brosses<\/span><\/h1>\n<p>[\/vc_column_text][vc_column_text]La technologie des brosses permet d&rsquo;\u00e9lever n&rsquo;importe quel petit objet. En exploitant la large gamme dimensionnelle des filaments, nos \u00e9l\u00e9vateurs peuvent \u00eatre adapt\u00e9s \u00e0 des objets de poids tr\u00e8s diff\u00e9rents.[\/vc_column_text][vc_btn title=\u00a0\u00bbD\u00e9couvrez les types d&rsquo;ascenseurs\u00a0\u00bb style=\u00a0\u00bboutline-custom\u00a0\u00bb outline_custom_color=\u00a0\u00bb#001240&Prime; outline_custom_hover_background=\u00a0\u00bb#001240&Prime; outline_custom_hover_text=\u00a0\u00bb#ffffff\u00a0\u00bb shape=\u00a0\u00bbround\u00a0\u00bb align=\u00a0\u00bbleft\u00a0\u00bb i_icon_fontawesome=\u00a0\u00bbfas fa-chevron-down\u00a0\u00bb add_icon=\u00a0\u00bbtrue\u00a0\u00bb link=\u00a0\u00bburl:%23Link_types|\u00a0\u00bb][\/vc_column][vc_column width=\u00a0\u00bb1\/2&Prime; css=\u00a0\u00bb.vc_custom_1644005205679{margin-top: 20px !important;}\u00a0\u00bb offset=\u00a0\u00bbvc_hidden-sm\u00a0\u00bb][vc_column_text]<div id=\"metaslider-id-2692\" style=\"width: 100%;\" class=\"ml-slider-3-100-1 metaslider metaslider-flex metaslider-2692 ml-slider ms-theme-default\" role=\"region\" aria-label=\"Elevatori\" data-height=\"540\" data-width=\"540\">\n    <div id=\"metaslider_container_2692\">\n        <div id=\"metaslider_2692\">\n            <ul class='slides'>\n                <li style=\"display: block; width: 100%;\" class=\"slide-2718 ms-image \" aria-roledescription=\"slide\" data-date=\"2023-06-08 22:25:17\"><img decoding=\"async\" src=\"https:\/\/simoni.com\/wp-content\/uploads\/2023\/06\/macchine-elevatori-LIFT-Z-simoni-scaled-540x540-1.jpg\" height=\"540\" width=\"540\" alt=\"\" class=\"slider-2692 slide-2718 msDefaultImage\" title=\"macchine-elevatori-LIFT-Z-simoni-scaled-540x540\" \/><\/li>\n                <li style=\"display: none; width: 100%;\" class=\"slide-2719 ms-image \" aria-roledescription=\"slide\" data-date=\"2023-06-08 22:25:17\"><img decoding=\"async\" src=\"https:\/\/simoni.com\/wp-content\/uploads\/2023\/06\/SORT-L_04-1-540x540-1.jpg\" height=\"540\" width=\"540\" alt=\"\" class=\"slider-2692 slide-2719 msDefaultImage\" title=\"SORT-L_04-1-540x540\" \/><\/li>\n                <li style=\"display: none; width: 100%;\" class=\"slide-2716 ms-image \" aria-roledescription=\"slide\" data-date=\"2023-06-08 22:25:17\"><img decoding=\"async\" src=\"https:\/\/simoni.com\/wp-content\/uploads\/2023\/06\/LIFT-S_2-scaled-540x540-1.jpg\" height=\"540\" width=\"540\" alt=\"\" class=\"slider-2692 slide-2716 msDefaultImage\" title=\"LIFT-S_2-scaled-540x540\" \/><\/li>\n                <li style=\"display: none; width: 100%;\" class=\"slide-2717 ms-image \" aria-roledescription=\"slide\" data-date=\"2023-06-08 22:25:17\"><img decoding=\"async\" src=\"https:\/\/simoni.com\/wp-content\/uploads\/2023\/06\/LIFT-ZPortale-540x540-1.jpg\" height=\"540\" width=\"540\" alt=\"\" class=\"slider-2692 slide-2717 msDefaultImage\" title=\"LIFT-ZPortale-540x540\" \/><\/li>\n            <\/ul>\n        <\/div>\n        \n    <\/div>\n<\/div>[\/vc_column_text][\/vc_column][\/vc_row][vc_row css=\u00a0\u00bb.vc_custom_1644005277886{margin-top: 0px !important;margin-bottom: 0px !important;}\u00a0\u00bb][vc_column offset=\u00a0\u00bbvc_hidden-lg vc_hidden-md vc_hidden-xs\u00a0\u00bb][vc_column_text css=\u00a0\u00bb.vc_custom_1647620169125{margin-top: 20px !important;}\u00a0\u00bb]<\/p>\n<h1 class=\"p1\"><span style=\"color: #001240;\">Ascenseurs de brosses<\/span><\/h1>\n<p>[\/vc_column_text][vc_column_text]La technologie des brosses permet d&rsquo;\u00e9lever n&rsquo;importe quel petit objet. En exploitant la large gamme dimensionnelle des filaments, nos \u00e9l\u00e9vateurs peuvent \u00eatre adapt\u00e9s \u00e0 des objets de poids tr\u00e8s diff\u00e9rents.[\/vc_column_text][vc_btn title=\u00a0\u00bbAscenseurs\u00a0\u00bb style=\u00a0\u00bboutline-custom\u00a0\u00bb outline_custom_color=\u00a0\u00bb#001240&Prime; outline_custom_hover_background=\u00a0\u00bb#001240&Prime; outline_custom_hover_text=\u00a0\u00bb#ffffff\u00a0\u00bb shape=\u00a0\u00bbround\u00a0\u00bb align=\u00a0\u00bbleft\u00a0\u00bb i_icon_fontawesome=\u00a0\u00bbfas fa-chevron-down\u00a0\u00bb add_icon=\u00a0\u00bbtrue\u00a0\u00bb link=\u00a0\u00bburl:%23Link_types|\u00a0\u00bb][vc_images_carousel images=\u00a0\u00bb2706,2711,2696,2701&Prime; img_size=\u00a0\u00bb650&#215;400&Prime; autoplay=\u00a0\u00bbyes\u00a0\u00bb el_class=\u00a0\u00bbimmagine-slider\u00a0\u00bb css=\u00a0\u00bb.vc_custom_1686255987861{border-radius: 15px !important;}\u00a0\u00bb][\/vc_column][\/vc_row][\/vc_section][vc_section][vc_row css=\u00a0\u00bb.vc_custom_1643577249152{margin-bottom: 0px !important;}\u00a0\u00bb][vc_column][vc_column_text]<\/p>\n<h3 class=\"p1\"><span style=\"color: #001240;\">Sp\u00e9cifications<\/span><\/h3>\n<p>[\/vc_column_text][vc_separator css=\u00a0\u00bb.vc_custom_1643577660031{margin-top: 0px !important;margin-bottom: 16px !important;padding-top: 0px !important;padding-bottom: 0px !important;}\u00a0\u00bb][vc_column_text]<\/p>\n<h4>Pourquoi choisir nos ascenseurs ?<\/h4>\n<p>Par rapport aux ascenseurs traditionnels, les <strong>avantages<\/strong> sont les suivants :<\/p>\n<ul>\n<li><span style=\"color: #001240;\"> l&rsquo;\u00e9l\u00e9vation verticale, avec une empreinte au sol minimale<\/span><\/li>\n<li><span style=\"color: #001240;\"> la possibilit\u00e9 de placer le r\u00e9servoir de stockage sous nos mangeoires, ce qui permet d&rsquo;\u00e9conomiser beaucoup d&rsquo;espace<\/span><\/li>\n<li><span style=\"color: #001240;\"> traitement en douceur des pi\u00e8ces, sans risque de les casser ou de les ab\u00eemer<\/span><\/li>\n<\/ul>\n<p>[\/vc_column_text][\/vc_column][\/vc_row][\/vc_section][vc_section][vc_row][vc_column][vc_column_text]<\/p>\n<h3 id=\"Link_tipologie\"><\/h3>\n<p>[\/vc_column_text][vc_column_text]<\/p>\n<h3>Types d&rsquo;ascenseurs:<\/h3>\n<p>[\/vc_column_text][vc_separator css=\u00a0\u00bb.vc_custom_1643577647580{margin-top: 0px !important;margin-bottom: 16px !important;padding-top: 0px !important;padding-bottom: 0px !important;}\u00a0\u00bb][\/vc_column][\/vc_row][vc_row content_placement=\u00a0\u00bbtop\u00a0\u00bb][vc_column offset=\u00a0\u00bbvc_hidden-sm\u00a0\u00bb][vc_basic_grid post_type=\u00a0\u00bbids\u00a0\u00bb item=\u00a0\u00bb806&Prime; grid_id=\u00a0\u00bbvc_gid:1686258449292-cda5417aa8e062d09227311ed958163a-4&Prime; include=\u00a0\u00bb2691, 2762, 2784&Prime;][\/vc_column][\/vc_row][vc_row][vc_column offset=\u00a0\u00bbvc_hidden-lg vc_hidden-md vc_hidden-xs\u00a0\u00bb][vc_basic_grid post_type=\u00a0\u00bbids\u00a0\u00bb element_width=\u00a0\u00bb6&Prime; item=\u00a0\u00bb806&Prime; grid_id=\u00a0\u00bbvc_gid:1686258449304-628d4f169cd45bdc0b2abd32ec4938cf-3&Prime; include=\u00a0\u00bb2691, 2762, 2784&Prime;][\/vc_column][\/vc_row][\/vc_section][vc_section content_placement=\u00a0\u00bbmiddle\u00a0\u00bb parallax=\u00a0\u00bbcontent-moving\u00a0\u00bb css_animation=\u00a0\u00bbfadeIn\u00a0\u00bb css=\u00a0\u00bb.vc_custom_1644267394219{margin-top: 0px !important;margin-right: 0px !important;margin-bottom: 0px !important;margin-left: 0px !important;padding-top: 10px !important;padding-right: 40px !important;padding-bottom: 10px !important;padding-left: 40px !important;background-color: #fbf3b8 !important;border-radius: 15px !important;}\u00a0\u00bb][vc_row gap=\u00a0\u00bb20&Prime; equal_height=\u00a0\u00bbyes\u00a0\u00bb content_placement=\u00a0\u00bbmiddle\u00a0\u00bb css=\u00a0\u00bb.vc_custom_1644267110047{margin-bottom: 0px !important;padding-bottom: 0px !important;}\u00a0\u00bb][vc_column width=\u00a0\u00bb2\/3&Prime; css=\u00a0\u00bb.vc_custom_1644957306598{margin-bottom: 0px !important;padding-bottom: 0px !important;}\u00a0\u00bb offset=\u00a0\u00bbvc_hidden-xs\u00a0\u00bb][vc_column_text]<\/p>\n<h3 id=\"Link_quote\"><span style=\"color: #001240;\">Vous souhaitez demander une offre ?<\/span><\/h3>\n<p><span style=\"color: #001240;\">Vous souhaitez recevoir plus d&rsquo;informations et \u00eatre contact\u00e9 par l&rsquo;un de nos op\u00e9rateurs sp\u00e9cialis\u00e9s ? <\/span><br \/>\n<span style=\"color: #001240;\">Demandez votre offre maintenant<\/span>[\/vc_column_text][vc_btn title=\u00a0\u00bbRemplir le formulaire\u00a0\u00bb style=\u00a0\u00bbcustom\u00a0\u00bb custom_background=\u00a0\u00bb#e30713&Prime; custom_text=\u00a0\u00bb#ffffff\u00a0\u00bb shape=\u00a0\u00bbround\u00a0\u00bb css=\u00a0\u00bb.vc_custom_1686258559716{margin-bottom: 0px !important;padding-bottom: 0px !important;}\u00a0\u00bb link=\u00a0\u00bburl:https%3A%2F%2Fsimoni.com%2Ffr%2Fdemande-doffre%2F|title:Demande%20d%27offre|target:_blank|\u00a0\u00bb][\/vc_column][vc_column width=\u00a0\u00bb1\/3&Prime; offset=\u00a0\u00bbvc_hidden-xs\u00a0\u00bb][vc_single_image image=\u00a0\u00bb3&Prime; img_size=\u00a0\u00bb200&#215;200&Prime; alignment=\u00a0\u00bbcenter\u00a0\u00bb css=\u00a0\u00bb.vc_custom_1686256077383{padding-top: 35px !important;}\u00a0\u00bb][\/vc_column][\/vc_row][vc_row gap=\u00a0\u00bb20&Prime; equal_height=\u00a0\u00bbyes\u00a0\u00bb content_placement=\u00a0\u00bbmiddle\u00a0\u00bb css=\u00a0\u00bb.vc_custom_1644957346659{margin-top: 15px !important;margin-bottom: 15px !important;padding-bottom: 0px !important;}\u00a0\u00bb][vc_column css=\u00a0\u00bb.vc_custom_1644957291453{margin-bottom: 0px !important;padding-bottom: 0px !important;}\u00a0\u00bb offset=\u00a0\u00bbvc_hidden-lg vc_hidden-md vc_hidden-sm\u00a0\u00bb][vc_column_text]<\/p>\n<h3 id=\"Link_quote\"><span style=\"color: #001240;\">Vous souhaitez demander une offre ?<\/span><\/h3>\n<p><span style=\"color: #001240;\">Vous souhaitez recevoir plus d&rsquo;informations et \u00eatre contact\u00e9 par l&rsquo;un de nos op\u00e9rateurs sp\u00e9cialis\u00e9s ? <\/span><br \/>\n<span style=\"color: #001240;\">Demandez votre offre maintenant<\/span>[\/vc_column_text][vc_btn title=\u00a0\u00bbRemplir le formulaire\u00a0\u00bb style=\u00a0\u00bbcustom\u00a0\u00bb custom_background=\u00a0\u00bb#e30713&Prime; custom_text=\u00a0\u00bb#ffffff\u00a0\u00bb shape=\u00a0\u00bbround\u00a0\u00bb css=\u00a0\u00bb.vc_custom_1686258575442{margin-bottom: 0px !important;padding-bottom: 0px !important;}\u00a0\u00bb link=\u00a0\u00bburl:https%3A%2F%2Fsimoni.com%2Ffr%2Fdemande-doffre%2F|title:Demande%20d%27offre|target:_blank|\u00a0\u00bb][\/vc_column][\/vc_row][\/vc_section][vc_row][vc_column][vc_empty_space height=\u00a0\u00bb50px\u00a0\u00bb][\/vc_column][\/vc_row]<\/p>\n<\/section>","protected":false},"excerpt":{"rendered":"<p>La technologie des brosses permet d&rsquo;\u00e9lever n&rsquo;importe quel petit objet. En exploitant la large gamme dimensionnelle des filaments, nos \u00e9l\u00e9vateurs peuvent \u00eatre adapt\u00e9s \u00e0 des objets de poids tr\u00e8s diff\u00e9rents.<\/p>\n","protected":false},"author":1,"featured_media":0,"parent":0,"menu_order":0,"comment_status":"closed","ping_status":"closed","template":"","meta":{"footnotes":""},"class_list":["post-4123","page","type-page","status-publish","hentry"],"yoast_head":"<!-- This site is optimized with the Yoast SEO plugin v25.6 - https:\/\/yoast.com\/wordpress\/plugins\/seo\/ -->\n<title>Ascenseurs de brosses - Simoni s.r.l.<\/title>\n<meta name=\"robots\" content=\"index, follow, max-snippet:-1, max-image-preview:large, max-video-preview:-1\" \/>\n<link rel=\"canonical\" href=\"https:\/\/simoni.com\/fr\/ascenseurs-de-brosses\/\" \/>\n<meta property=\"og:locale\" content=\"fr_FR\" \/>\n<meta property=\"og:type\" content=\"article\" \/>\n<meta property=\"og:title\" content=\"Ascenseurs de brosses - Simoni s.r.l.\" \/>\n<meta property=\"og:description\" content=\"La technologie des brosses permet d&#039;\u00e9lever n&#039;importe quel petit objet. En exploitant la large gamme dimensionnelle des filaments, nos \u00e9l\u00e9vateurs peuvent \u00eatre adapt\u00e9s \u00e0 des objets de poids tr\u00e8s diff\u00e9rents.\" \/>\n<meta property=\"og:url\" content=\"https:\/\/simoni.com\/fr\/ascenseurs-de-brosses\/\" \/>\n<meta property=\"og:site_name\" content=\"Simoni s.r.l.\" \/>\n<meta property=\"article:publisher\" content=\"https:\/\/www.facebook.com\/people\/Simoni-srl\/100049145208660\/?ref=tn_tnmn\" \/>\n<meta property=\"article:modified_time\" content=\"2025-07-23T14:41:43+00:00\" \/>\n<meta name=\"twitter:card\" content=\"summary_large_image\" \/>\n<meta name=\"twitter:label1\" content=\"Dur\u00e9e de lecture estim\u00e9e\" \/>\n\t<meta name=\"twitter:data1\" content=\"2 minutes\" \/>\n<script type=\"application\/ld+json\" class=\"yoast-schema-graph\">{\"@context\":\"https:\/\/schema.org\",\"@graph\":[{\"@type\":\"WebPage\",\"@id\":\"https:\/\/simoni.com\/fr\/ascenseurs-de-brosses\/\",\"url\":\"https:\/\/simoni.com\/fr\/ascenseurs-de-brosses\/\",\"name\":\"Ascenseurs de brosses - Simoni s.r.l.\",\"isPartOf\":{\"@id\":\"https:\/\/simoni.com\/#website\"},\"datePublished\":\"2023-06-08T20:16:07+00:00\",\"dateModified\":\"2025-07-23T14:41:43+00:00\",\"breadcrumb\":{\"@id\":\"https:\/\/simoni.com\/fr\/ascenseurs-de-brosses\/#breadcrumb\"},\"inLanguage\":\"fr-FR\",\"potentialAction\":[{\"@type\":\"ReadAction\",\"target\":[\"https:\/\/simoni.com\/fr\/ascenseurs-de-brosses\/\"]}]},{\"@type\":\"BreadcrumbList\",\"@id\":\"https:\/\/simoni.com\/fr\/ascenseurs-de-brosses\/#breadcrumb\",\"itemListElement\":[{\"@type\":\"ListItem\",\"position\":1,\"name\":\"Home\",\"item\":\"https:\/\/simoni.com\/fr\/\"},{\"@type\":\"ListItem\",\"position\":2,\"name\":\"Ascenseurs de brosses\"}]},{\"@type\":\"WebSite\",\"@id\":\"https:\/\/simoni.com\/#website\",\"url\":\"https:\/\/simoni.com\/\",\"name\":\"Simoni s.r.l.\",\"description\":\"From brushes to cleaning systems since 1830\",\"publisher\":{\"@id\":\"https:\/\/simoni.com\/#organization\"},\"potentialAction\":[{\"@type\":\"SearchAction\",\"target\":{\"@type\":\"EntryPoint\",\"urlTemplate\":\"https:\/\/simoni.com\/?s={search_term_string}\"},\"query-input\":{\"@type\":\"PropertyValueSpecification\",\"valueRequired\":true,\"valueName\":\"search_term_string\"}}],\"inLanguage\":\"fr-FR\"},{\"@type\":\"Organization\",\"@id\":\"https:\/\/simoni.com\/#organization\",\"name\":\"Simoni s.r.l.\",\"url\":\"https:\/\/simoni.com\/\",\"logo\":{\"@type\":\"ImageObject\",\"inLanguage\":\"fr-FR\",\"@id\":\"https:\/\/simoni.com\/#\/schema\/logo\/image\/\",\"url\":\"https:\/\/simoni.com\/wp-content\/uploads\/2023\/05\/logo-completo-300x93-1.png\",\"contentUrl\":\"https:\/\/simoni.com\/wp-content\/uploads\/2023\/05\/logo-completo-300x93-1.png\",\"width\":300,\"height\":93,\"caption\":\"Simoni s.r.l.\"},\"image\":{\"@id\":\"https:\/\/simoni.com\/#\/schema\/logo\/image\/\"},\"sameAs\":[\"https:\/\/www.facebook.com\/people\/Simoni-srl\/100049145208660\/?ref=tn_tnmn\",\"https:\/\/www.youtube.com\/channel\/UCme_poqaWKouYeYnmn0csOg\",\"https:\/\/www.linkedin.com\/company\/simonispazzoleindustriali\/\"]}]}<\/script>\n<!-- \/ Yoast SEO plugin. -->","yoast_head_json":{"title":"Ascenseurs de brosses - Simoni s.r.l.","robots":{"index":"index","follow":"follow","max-snippet":"max-snippet:-1","max-image-preview":"max-image-preview:large","max-video-preview":"max-video-preview:-1"},"canonical":"https:\/\/simoni.com\/fr\/ascenseurs-de-brosses\/","og_locale":"fr_FR","og_type":"article","og_title":"Ascenseurs de brosses - Simoni s.r.l.","og_description":"La technologie des brosses permet d'\u00e9lever n'importe quel petit objet. En exploitant la large gamme dimensionnelle des filaments, nos \u00e9l\u00e9vateurs peuvent \u00eatre adapt\u00e9s \u00e0 des objets de poids tr\u00e8s diff\u00e9rents.","og_url":"https:\/\/simoni.com\/fr\/ascenseurs-de-brosses\/","og_site_name":"Simoni s.r.l.","article_publisher":"https:\/\/www.facebook.com\/people\/Simoni-srl\/100049145208660\/?ref=tn_tnmn","article_modified_time":"2025-07-23T14:41:43+00:00","twitter_card":"summary_large_image","twitter_misc":{"Dur\u00e9e de lecture estim\u00e9e":"2 minutes"},"schema":{"@context":"https:\/\/schema.org","@graph":[{"@type":"WebPage","@id":"https:\/\/simoni.com\/fr\/ascenseurs-de-brosses\/","url":"https:\/\/simoni.com\/fr\/ascenseurs-de-brosses\/","name":"Ascenseurs de brosses - Simoni s.r.l.","isPartOf":{"@id":"https:\/\/simoni.com\/#website"},"datePublished":"2023-06-08T20:16:07+00:00","dateModified":"2025-07-23T14:41:43+00:00","breadcrumb":{"@id":"https:\/\/simoni.com\/fr\/ascenseurs-de-brosses\/#breadcrumb"},"inLanguage":"fr-FR","potentialAction":[{"@type":"ReadAction","target":["https:\/\/simoni.com\/fr\/ascenseurs-de-brosses\/"]}]},{"@type":"BreadcrumbList","@id":"https:\/\/simoni.com\/fr\/ascenseurs-de-brosses\/#breadcrumb","itemListElement":[{"@type":"ListItem","position":1,"name":"Home","item":"https:\/\/simoni.com\/fr\/"},{"@type":"ListItem","position":2,"name":"Ascenseurs de brosses"}]},{"@type":"WebSite","@id":"https:\/\/simoni.com\/#website","url":"https:\/\/simoni.com\/","name":"Simoni s.r.l.","description":"From brushes to cleaning systems since 1830","publisher":{"@id":"https:\/\/simoni.com\/#organization"},"potentialAction":[{"@type":"SearchAction","target":{"@type":"EntryPoint","urlTemplate":"https:\/\/simoni.com\/?s={search_term_string}"},"query-input":{"@type":"PropertyValueSpecification","valueRequired":true,"valueName":"search_term_string"}}],"inLanguage":"fr-FR"},{"@type":"Organization","@id":"https:\/\/simoni.com\/#organization","name":"Simoni s.r.l.","url":"https:\/\/simoni.com\/","logo":{"@type":"ImageObject","inLanguage":"fr-FR","@id":"https:\/\/simoni.com\/#\/schema\/logo\/image\/","url":"https:\/\/simoni.com\/wp-content\/uploads\/2023\/05\/logo-completo-300x93-1.png","contentUrl":"https:\/\/simoni.com\/wp-content\/uploads\/2023\/05\/logo-completo-300x93-1.png","width":300,"height":93,"caption":"Simoni s.r.l."},"image":{"@id":"https:\/\/simoni.com\/#\/schema\/logo\/image\/"},"sameAs":["https:\/\/www.facebook.com\/people\/Simoni-srl\/100049145208660\/?ref=tn_tnmn","https:\/\/www.youtube.com\/channel\/UCme_poqaWKouYeYnmn0csOg","https:\/\/www.linkedin.com\/company\/simonispazzoleindustriali\/"]}]}},"_links":{"self":[{"href":"https:\/\/simoni.com\/fr\/wp-json\/wp\/v2\/pages\/4123","targetHints":{"allow":["GET"]}}],"collection":[{"href":"https:\/\/simoni.com\/fr\/wp-json\/wp\/v2\/pages"}],"about":[{"href":"https:\/\/simoni.com\/fr\/wp-json\/wp\/v2\/types\/page"}],"author":[{"embeddable":true,"href":"https:\/\/simoni.com\/fr\/wp-json\/wp\/v2\/users\/1"}],"replies":[{"embeddable":true,"href":"https:\/\/simoni.com\/fr\/wp-json\/wp\/v2\/comments?post=4123"}],"version-history":[{"count":4,"href":"https:\/\/simoni.com\/fr\/wp-json\/wp\/v2\/pages\/4123\/revisions"}],"predecessor-version":[{"id":5635,"href":"https:\/\/simoni.com\/fr\/wp-json\/wp\/v2\/pages\/4123\/revisions\/5635"}],"wp:attachment":[{"href":"https:\/\/simoni.com\/fr\/wp-json\/wp\/v2\/media?parent=4123"}],"curies":[{"name":"wp","href":"https:\/\/api.w.org\/{rel}","templated":true}]}}