{"id":4142,"date":"2023-06-05T21:49:53","date_gmt":"2023-06-05T19:49:53","guid":{"rendered":"https:\/\/simoni.com\/orientateurs\/"},"modified":"2025-07-23T16:38:00","modified_gmt":"2025-07-23T14:38:00","slug":"orientateurs-mecaniques","status":"publish","type":"page","link":"https:\/\/simoni.com\/fr\/orientateurs-mecaniques\/","title":{"rendered":"Orientateurs m\u00e9caniques"},"content":{"rendered":"<section class=\"wpb-content-wrapper\"><p>[vc_section][vc_row css=\u00a0\u00bb.vc_custom_1644004969154{margin-top: 15px !important;margin-bottom: 0px !important;}\u00a0\u00bb][vc_column width=\u00a0\u00bb1\/2&Prime; offset=\u00a0\u00bbvc_hidden-sm\u00a0\u00bb][vc_column_text css=\u00a0\u00bb.vc_custom_1647785352170{margin-top: 40px !important;}\u00a0\u00bb]<\/p>\n<h1 class=\"p1\"><span style=\"color: #001240;\">Orientateurs m\u00e9caniques<\/span><\/h1>\n<p>[\/vc_column_text][vc_column_text]<\/p>\n<p class=\"p1\"><span style=\"font-weight: 400;\">Gr\u00e2ce \u00e0 une connaissance tr\u00e8s approfondie des brosses et de leurs caract\u00e9ristiques techniques, nous avons d\u00e9velopp\u00e9 des applications int\u00e9ressantes qui permettent d&rsquo;orienter des objets tels que des capsules de bouteilles, des capsules de caf\u00e9, des pr\u00e9formes, des bouteilles, des disques filtrants, etc.<\/span><\/p>\n<p>[\/vc_column_text][vc_btn title=\u00a0\u00bbD\u00e9couvrir les types d&rsquo;orienteurs\u00a0\u00bb style=\u00a0\u00bboutline-custom\u00a0\u00bb outline_custom_color=\u00a0\u00bb#001240&Prime; outline_custom_hover_background=\u00a0\u00bb#001240&Prime; outline_custom_hover_text=\u00a0\u00bb#ffffff\u00a0\u00bb shape=\u00a0\u00bbround\u00a0\u00bb align=\u00a0\u00bbleft\u00a0\u00bb i_icon_fontawesome=\u00a0\u00bbfas fa-chevron-down\u00a0\u00bb add_icon=\u00a0\u00bbtrue\u00a0\u00bb link=\u00a0\u00bburl:%23Link_types|\u00a0\u00bb][\/vc_column][vc_column width=\u00a0\u00bb1\/2&Prime; css=\u00a0\u00bb.vc_custom_1644005205679{margin-top: 20px !important;}\u00a0\u00bb offset=\u00a0\u00bbvc_hidden-sm\u00a0\u00bb][vc_column_text]<div id=\"metaslider-id-2673\" style=\"width: 100%;\" class=\"ml-slider-3-100-1 metaslider metaslider-flex metaslider-2673 ml-slider ms-theme-default\" role=\"region\" aria-label=\"Orientatori\" data-height=\"1000\" data-width=\"1000\">\n    <div id=\"metaslider_container_2673\">\n        <div id=\"metaslider_2673\">\n            <ul class='slides'>\n                <li style=\"display: block; width: 100%;\" class=\"slide-2680 ms-image \" aria-roledescription=\"slide\" data-date=\"2023-06-05 22:48:26\"><img decoding=\"async\" src=\"https:\/\/simoni.com\/wp-content\/uploads\/2023\/06\/SORT-RAIL-BM1-1024x640-1-640x640.jpg\" height=\"1000\" width=\"1000\" alt=\"\" class=\"slider-2673 slide-2680 msDefaultImage\" title=\"SORT-RAIL-BM1-1024x640\" \/><\/li>\n                <li style=\"display: none; width: 100%;\" class=\"slide-2681 ms-image \" aria-roledescription=\"slide\" data-date=\"2023-06-05 22:48:31\"><img decoding=\"async\" src=\"https:\/\/simoni.com\/wp-content\/uploads\/2023\/06\/SORT-RAIL_opem1mod1-762x762.jpg\" height=\"1000\" width=\"1000\" alt=\"\" class=\"slider-2673 slide-2681 msDefaultImage\" title=\"SORT-RAIL_opem1mod1\" \/><\/li>\n                <li style=\"display: none; width: 100%;\" class=\"slide-2682 ms-image \" aria-roledescription=\"slide\" data-date=\"2023-06-05 22:48:39\"><img decoding=\"async\" src=\"https:\/\/simoni.com\/wp-content\/uploads\/2023\/06\/SORT-CAP00148-1024x683-1-683x683.jpg\" height=\"1000\" width=\"1000\" alt=\"\" class=\"slider-2673 slide-2682 msDefaultImage\" title=\"SORT-CAP00148-1024x683\" \/><\/li>\n                <li style=\"display: none; width: 100%;\" class=\"slide-2683 ms-image \" aria-roledescription=\"slide\" data-date=\"2023-06-05 22:48:47\"><img decoding=\"async\" src=\"https:\/\/simoni.com\/wp-content\/uploads\/2023\/06\/SORT-R_2-1024x683-1-683x683.jpg\" height=\"1000\" width=\"1000\" alt=\"\" class=\"slider-2673 slide-2683 msDefaultImage\" title=\"SORT-R_2-1024x683\" \/><\/li>\n                <li style=\"display: none; width: 100%;\" class=\"slide-2684 ms-image \" aria-roledescription=\"slide\" data-date=\"2023-06-05 22:48:57\"><img decoding=\"async\" src=\"https:\/\/simoni.com\/wp-content\/uploads\/2023\/06\/SORT-L_-1024x683-1-683x683.jpg\" height=\"1000\" width=\"1000\" alt=\"\" class=\"slider-2673 slide-2684 msDefaultImage\" title=\"SORT-L_-1024x683\" \/><\/li>\n            <\/ul>\n        <\/div>\n        \n    <\/div>\n<\/div>[\/vc_column_text][\/vc_column][\/vc_row][vc_row css=\u00a0\u00bb.vc_custom_1644005277886{margin-top: 0px !important;margin-bottom: 0px !important;}\u00a0\u00bb][vc_column offset=\u00a0\u00bbvc_hidden-lg vc_hidden-md vc_hidden-xs\u00a0\u00bb][vc_column_text css=\u00a0\u00bb.vc_custom_1647356577806{margin-top: 20px !important;}\u00a0\u00bb]<\/p>\n<h1>Orientateurs m\u00e9caniques<\/h1>\n<p>[\/vc_column_text][vc_column_text]<\/p>\n<p class=\"p1\"><span style=\"font-weight: 400;\">Gr\u00e2ce \u00e0 une connaissance tr\u00e8s approfondie des brosses et de leurs caract\u00e9ristiques techniques, nous avons d\u00e9velopp\u00e9 des applications int\u00e9ressantes qui permettent d&rsquo;orienter des objets tels que des capsules de bouteilles, des capsules de caf\u00e9, des pr\u00e9formes, des bouteilles, des disques filtrants, etc.<\/span><\/p>\n<p>[\/vc_column_text][vc_btn title=\u00a0\u00bbD\u00e9couvrir les types d&rsquo;orienteurs\u00a0\u00bb style=\u00a0\u00bboutline-custom\u00a0\u00bb outline_custom_color=\u00a0\u00bb#001240&Prime; outline_custom_hover_background=\u00a0\u00bb#001240&Prime; outline_custom_hover_text=\u00a0\u00bb#ffffff\u00a0\u00bb shape=\u00a0\u00bbround\u00a0\u00bb align=\u00a0\u00bbleft\u00a0\u00bb i_icon_fontawesome=\u00a0\u00bbfas fa-chevron-down\u00a0\u00bb add_icon=\u00a0\u00bbtrue\u00a0\u00bb link=\u00a0\u00bburl:%23Link_types|\u00a0\u00bb][vc_images_carousel images=\u00a0\u00bb2549,2539,2570,2581,2609&Prime; img_size=\u00a0\u00bb650&#215;400&Prime; autoplay=\u00a0\u00bbyes\u00a0\u00bb el_class=\u00a0\u00bbimmagine-slider\u00a0\u00bb css=\u00a0\u00bb.vc_custom_1685998218380{border-radius: 15px !important;}\u00a0\u00bb][\/vc_column][\/vc_row][\/vc_section][vc_section][vc_row css=\u00a0\u00bb.vc_custom_1643577249152{margin-bottom: 0px !important;}\u00a0\u00bb][vc_column][vc_column_text]<\/p>\n<h3><\/h3>\n<h3 class=\"p1\"><span style=\"color: #001240;\">Pourquoi choisir nos orienteurs?<\/span><\/h3>\n<p>[\/vc_column_text][vc_separator css=\u00a0\u00bb.vc_custom_1643577660031{margin-top: 0px !important;margin-bottom: 16px !important;padding-top: 0px !important;padding-bottom: 0px !important;}\u00a0\u00bb][vc_column_text]<span style=\"font-weight: 400;\">Par rapport aux courses d&rsquo;orientation traditionnelles, les <strong>avantages<\/strong> sont les suivants : <\/span><\/p>\n<ul>\n<li><span style=\"color: #001240;\"> une large gamme de productivit\u00e9, de la plus faible \u00e0 la plus \u00e9lev\u00e9e, avec la possibilit\u00e9 de produire sur de nombreuses pistes <\/span><\/li>\n<li><span style=\"color: #001240;\"> r\u00e9glages m\u00e9caniques avec changement de taille facile <\/span><\/li>\n<li><span style=\"color: #001240;\"> faible bruit <\/span><\/li>\n<li><span style=\"color: #001240;\"> pas de consommation d&rsquo;air comprim\u00e9 ni d&rsquo;utilisation de vibrations <\/span><\/li>\n<li><span style=\"color: #001240;\"> une disposition extr\u00eamement compacte avec un gain d&rsquo;espace consid\u00e9rable <\/span><\/li>\n<li><span style=\"color: #001240;\"> traitement en douceur des pi\u00e8ces, sans risque de les casser ou de les ab\u00eemer. Nos orienteurs constituent g\u00e9n\u00e9ralement la premi\u00e8re station d&rsquo;une ligne complexe de remplissage (ou d&#8217;embouteillage) et d&#8217;emballage.<\/span><\/li>\n<\/ul>\n<p>[\/vc_column_text][\/vc_column][\/vc_row][\/vc_section][vc_section][vc_row][vc_column][vc_column_text]<\/p>\n<h3 id=\"Link_tipologie\"><\/h3>\n<p>[\/vc_column_text][vc_column_text]<\/p>\n<h3>Types d&rsquo;orienteurs:<\/h3>\n<p>[\/vc_column_text][vc_separator css=\u00a0\u00bb.vc_custom_1643577647580{margin-top: 0px !important;margin-bottom: 16px !important;padding-top: 0px !important;padding-bottom: 0px !important;}\u00a0\u00bb][\/vc_column][\/vc_row][vc_row content_placement=\u00a0\u00bbtop\u00a0\u00bb][vc_column offset=\u00a0\u00bbvc_hidden-sm\u00a0\u00bb][vc_basic_grid post_type=\u00a0\u00bbids\u00a0\u00bb item=\u00a0\u00bb806&Prime; grid_id=\u00a0\u00bbvc_gid:1685997770284-87127d6395f7c0396d329ff283d98e22-10&Prime; include=\u00a0\u00bb2479, 2532, 2557, 2579, 2605&Prime;][\/vc_column][\/vc_row][vc_row][vc_column offset=\u00a0\u00bbvc_hidden-lg vc_hidden-md vc_hidden-xs\u00a0\u00bb][vc_basic_grid post_type=\u00a0\u00bbids\u00a0\u00bb element_width=\u00a0\u00bb6&Prime; item=\u00a0\u00bb806&Prime; grid_id=\u00a0\u00bbvc_gid:1685997770295-5cda2d57cd15282c85582736c1f09ea7-3&Prime; include=\u00a0\u00bb2479, 2532, 2557, 2579, 2605&Prime;][\/vc_column][\/vc_row][\/vc_section][vc_section content_placement=\u00a0\u00bbmiddle\u00a0\u00bb parallax=\u00a0\u00bbcontent-moving\u00a0\u00bb css_animation=\u00a0\u00bbfadeIn\u00a0\u00bb css=\u00a0\u00bb.vc_custom_1644267394219{margin-top: 0px !important;margin-right: 0px !important;margin-bottom: 0px !important;margin-left: 0px !important;padding-top: 10px !important;padding-right: 40px !important;padding-bottom: 10px !important;padding-left: 40px !important;background-color: #fbf3b8 !important;border-radius: 15px !important;}\u00a0\u00bb][vc_row gap=\u00a0\u00bb20&Prime; equal_height=\u00a0\u00bbyes\u00a0\u00bb content_placement=\u00a0\u00bbmiddle\u00a0\u00bb css=\u00a0\u00bb.vc_custom_1644267110047{margin-bottom: 0px !important;padding-bottom: 0px !important;}\u00a0\u00bb][vc_column width=\u00a0\u00bb2\/3&Prime; css=\u00a0\u00bb.vc_custom_1644957306598{margin-bottom: 0px !important;padding-bottom: 0px !important;}\u00a0\u00bb offset=\u00a0\u00bbvc_hidden-xs\u00a0\u00bb][vc_column_text]<\/p>\n<h3 id=\"Link_quote\"><span style=\"color: #001240;\">Vous souhaitez demander une offre ?<\/span><\/h3>\n<p><span style=\"color: #001240;\">Vous souhaitez recevoir plus d&rsquo;informations et \u00eatre contact\u00e9 par l&rsquo;un de nos op\u00e9rateurs sp\u00e9cialis\u00e9s ? <\/span><br \/>\n<span style=\"color: #001240;\">Demandez votre offre maintenant<\/span>[\/vc_column_text][vc_btn title=\u00a0\u00bbRemplir le formulaire\u00a0\u00bb style=\u00a0\u00bbcustom\u00a0\u00bb custom_background=\u00a0\u00bb#e30713&Prime; custom_text=\u00a0\u00bb#ffffff\u00a0\u00bb shape=\u00a0\u00bbround\u00a0\u00bb css=\u00a0\u00bb.vc_custom_1685997827138{margin-bottom: 0px !important;padding-bottom: 0px !important;}\u00a0\u00bb link=\u00a0\u00bburl:https%3A%2F%2Fsimoni.com%2Ffr%2Fdemande-doffre-2%2F|title:Demande%20d%27offre|target:_blank|\u00a0\u00bb][\/vc_column][vc_column width=\u00a0\u00bb1\/3&Prime; offset=\u00a0\u00bbvc_hidden-xs\u00a0\u00bb][vc_single_image image=\u00a0\u00bb3&Prime; img_size=\u00a0\u00bb200&#215;200&Prime; alignment=\u00a0\u00bbcenter\u00a0\u00bb css=\u00a0\u00bb.vc_custom_1685997815106{padding-top: 35px !important;}\u00a0\u00bb][\/vc_column][\/vc_row][vc_row gap=\u00a0\u00bb20&Prime; equal_height=\u00a0\u00bbyes\u00a0\u00bb content_placement=\u00a0\u00bbmiddle\u00a0\u00bb css=\u00a0\u00bb.vc_custom_1644957346659{margin-top: 15px !important;margin-bottom: 15px !important;padding-bottom: 0px !important;}\u00a0\u00bb][vc_column css=\u00a0\u00bb.vc_custom_1644957291453{margin-bottom: 0px !important;padding-bottom: 0px !important;}\u00a0\u00bb offset=\u00a0\u00bbvc_hidden-lg vc_hidden-md vc_hidden-sm\u00a0\u00bb][vc_column_text]<\/p>\n<h3 id=\"Link_quote\"><span style=\"color: #001240;\">Vous souhaitez demander une offre ?<\/span><\/h3>\n<p><span style=\"color: #001240;\">Vous souhaitez recevoir plus d&rsquo;informations et \u00eatre contact\u00e9 par l&rsquo;un de nos op\u00e9rateurs sp\u00e9cialis\u00e9s ? <\/span><br \/>\n<span style=\"color: #001240;\">Demandez votre offre maintenant<\/span>[\/vc_column_text][vc_btn title=\u00a0\u00bbRemplir le formulaire\u00a0\u00bb style=\u00a0\u00bbcustom\u00a0\u00bb custom_background=\u00a0\u00bb#e30713&Prime; custom_text=\u00a0\u00bb#ffffff\u00a0\u00bb shape=\u00a0\u00bbround\u00a0\u00bb css=\u00a0\u00bb.vc_custom_1685997840080{margin-bottom: 0px !important;padding-bottom: 0px !important;}\u00a0\u00bb link=\u00a0\u00bburl:https%3A%2F%2Fsimoni.com%2Ffr%2Fdemande-doffre-2%2F|title:Demande%20d%27offre|\u00a0\u00bb][\/vc_column][\/vc_row][\/vc_section][vc_row][vc_column][vc_empty_space height=\u00a0\u00bb50px\u00a0\u00bb][\/vc_column][\/vc_row]<\/p>\n<\/section>","protected":false},"excerpt":{"rendered":"<p>[vc_section][vc_row css=\u00a0\u00bb.vc_custom_1644004969154{margin-top: 15px !important;margin-bottom: 0px !important;}\u00a0\u00bb][vc_column width=\u00a0\u00bb1\/2&Prime; offset=\u00a0\u00bbvc_hidden-sm\u00a0\u00bb][vc_column_text css=\u00a0\u00bb.vc_custom_1647785352170{margin-top: 40px !important;}\u00a0\u00bb] Orientateurs m\u00e9caniques [\/vc_column_text][vc_column_text] Gr\u00e2ce \u00e0 une connaissance tr\u00e8s approfondie des brosses et de leurs caract\u00e9ristiques<span class=\"excerpt-hellip\"> [\u2026]<\/span><\/p>\n","protected":false},"author":1,"featured_media":0,"parent":0,"menu_order":0,"comment_status":"closed","ping_status":"closed","template":"","meta":{"footnotes":""},"class_list":["post-4142","page","type-page","status-publish","hentry"],"yoast_head":"<!-- This site is optimized with the Yoast SEO plugin v25.6 - https:\/\/yoast.com\/wordpress\/plugins\/seo\/ -->\n<title>Orientateurs m\u00e9caniques - Simoni s.r.l.<\/title>\n<meta name=\"robots\" content=\"index, follow, max-snippet:-1, max-image-preview:large, max-video-preview:-1\" \/>\n<link rel=\"canonical\" href=\"https:\/\/simoni.com\/fr\/orientateurs-mecaniques\/\" \/>\n<meta property=\"og:locale\" content=\"fr_FR\" \/>\n<meta property=\"og:type\" content=\"article\" \/>\n<meta property=\"og:title\" content=\"Orientateurs m\u00e9caniques - Simoni s.r.l.\" \/>\n<meta property=\"og:description\" content=\"[vc_section][vc_row css=\u00a0\u00bb.vc_custom_1644004969154{margin-top: 15px !important;margin-bottom: 0px !important;}\u00a0\u00bb][vc_column width=\u00a0\u00bb1\/2&Prime; offset=\u00a0\u00bbvc_hidden-sm\u00a0\u00bb][vc_column_text css=\u00a0\u00bb.vc_custom_1647785352170{margin-top: 40px !important;}\u00a0\u00bb] Orientateurs m\u00e9caniques [\/vc_column_text][vc_column_text] Gr\u00e2ce \u00e0 une connaissance tr\u00e8s approfondie des brosses et de leurs caract\u00e9ristiques [\u2026]\" \/>\n<meta property=\"og:url\" content=\"https:\/\/simoni.com\/fr\/orientateurs-mecaniques\/\" \/>\n<meta property=\"og:site_name\" content=\"Simoni s.r.l.\" \/>\n<meta property=\"article:publisher\" content=\"https:\/\/www.facebook.com\/people\/Simoni-srl\/100049145208660\/?ref=tn_tnmn\" \/>\n<meta property=\"article:modified_time\" content=\"2025-07-23T14:38:00+00:00\" \/>\n<meta name=\"twitter:card\" content=\"summary_large_image\" \/>\n<meta name=\"twitter:label1\" content=\"Dur\u00e9e de lecture estim\u00e9e\" \/>\n\t<meta name=\"twitter:data1\" content=\"3 minutes\" \/>\n<script type=\"application\/ld+json\" class=\"yoast-schema-graph\">{\"@context\":\"https:\/\/schema.org\",\"@graph\":[{\"@type\":\"WebPage\",\"@id\":\"https:\/\/simoni.com\/fr\/orientateurs-mecaniques\/\",\"url\":\"https:\/\/simoni.com\/fr\/orientateurs-mecaniques\/\",\"name\":\"Orientateurs m\u00e9caniques - Simoni s.r.l.\",\"isPartOf\":{\"@id\":\"https:\/\/simoni.com\/#website\"},\"datePublished\":\"2023-06-05T19:49:53+00:00\",\"dateModified\":\"2025-07-23T14:38:00+00:00\",\"breadcrumb\":{\"@id\":\"https:\/\/simoni.com\/fr\/orientateurs-mecaniques\/#breadcrumb\"},\"inLanguage\":\"fr-FR\",\"potentialAction\":[{\"@type\":\"ReadAction\",\"target\":[\"https:\/\/simoni.com\/fr\/orientateurs-mecaniques\/\"]}]},{\"@type\":\"BreadcrumbList\",\"@id\":\"https:\/\/simoni.com\/fr\/orientateurs-mecaniques\/#breadcrumb\",\"itemListElement\":[{\"@type\":\"ListItem\",\"position\":1,\"name\":\"Home\",\"item\":\"https:\/\/simoni.com\/fr\/\"},{\"@type\":\"ListItem\",\"position\":2,\"name\":\"Orientateurs m\u00e9caniques\"}]},{\"@type\":\"WebSite\",\"@id\":\"https:\/\/simoni.com\/#website\",\"url\":\"https:\/\/simoni.com\/\",\"name\":\"Simoni s.r.l.\",\"description\":\"From brushes to cleaning systems since 1830\",\"publisher\":{\"@id\":\"https:\/\/simoni.com\/#organization\"},\"potentialAction\":[{\"@type\":\"SearchAction\",\"target\":{\"@type\":\"EntryPoint\",\"urlTemplate\":\"https:\/\/simoni.com\/?s={search_term_string}\"},\"query-input\":{\"@type\":\"PropertyValueSpecification\",\"valueRequired\":true,\"valueName\":\"search_term_string\"}}],\"inLanguage\":\"fr-FR\"},{\"@type\":\"Organization\",\"@id\":\"https:\/\/simoni.com\/#organization\",\"name\":\"Simoni s.r.l.\",\"url\":\"https:\/\/simoni.com\/\",\"logo\":{\"@type\":\"ImageObject\",\"inLanguage\":\"fr-FR\",\"@id\":\"https:\/\/simoni.com\/#\/schema\/logo\/image\/\",\"url\":\"https:\/\/simoni.com\/wp-content\/uploads\/2023\/05\/logo-completo-300x93-1.png\",\"contentUrl\":\"https:\/\/simoni.com\/wp-content\/uploads\/2023\/05\/logo-completo-300x93-1.png\",\"width\":300,\"height\":93,\"caption\":\"Simoni s.r.l.\"},\"image\":{\"@id\":\"https:\/\/simoni.com\/#\/schema\/logo\/image\/\"},\"sameAs\":[\"https:\/\/www.facebook.com\/people\/Simoni-srl\/100049145208660\/?ref=tn_tnmn\",\"https:\/\/www.youtube.com\/channel\/UCme_poqaWKouYeYnmn0csOg\",\"https:\/\/www.linkedin.com\/company\/simonispazzoleindustriali\/\"]}]}<\/script>\n<!-- \/ Yoast SEO plugin. -->","yoast_head_json":{"title":"Orientateurs m\u00e9caniques - Simoni s.r.l.","robots":{"index":"index","follow":"follow","max-snippet":"max-snippet:-1","max-image-preview":"max-image-preview:large","max-video-preview":"max-video-preview:-1"},"canonical":"https:\/\/simoni.com\/fr\/orientateurs-mecaniques\/","og_locale":"fr_FR","og_type":"article","og_title":"Orientateurs m\u00e9caniques - Simoni s.r.l.","og_description":"[vc_section][vc_row css=\u00a0\u00bb.vc_custom_1644004969154{margin-top: 15px !important;margin-bottom: 0px !important;}\u00a0\u00bb][vc_column width=\u00a0\u00bb1\/2&Prime; offset=\u00a0\u00bbvc_hidden-sm\u00a0\u00bb][vc_column_text css=\u00a0\u00bb.vc_custom_1647785352170{margin-top: 40px !important;}\u00a0\u00bb] Orientateurs m\u00e9caniques [\/vc_column_text][vc_column_text] Gr\u00e2ce \u00e0 une connaissance tr\u00e8s approfondie des brosses et de leurs caract\u00e9ristiques [\u2026]","og_url":"https:\/\/simoni.com\/fr\/orientateurs-mecaniques\/","og_site_name":"Simoni s.r.l.","article_publisher":"https:\/\/www.facebook.com\/people\/Simoni-srl\/100049145208660\/?ref=tn_tnmn","article_modified_time":"2025-07-23T14:38:00+00:00","twitter_card":"summary_large_image","twitter_misc":{"Dur\u00e9e de lecture estim\u00e9e":"3 minutes"},"schema":{"@context":"https:\/\/schema.org","@graph":[{"@type":"WebPage","@id":"https:\/\/simoni.com\/fr\/orientateurs-mecaniques\/","url":"https:\/\/simoni.com\/fr\/orientateurs-mecaniques\/","name":"Orientateurs m\u00e9caniques - Simoni s.r.l.","isPartOf":{"@id":"https:\/\/simoni.com\/#website"},"datePublished":"2023-06-05T19:49:53+00:00","dateModified":"2025-07-23T14:38:00+00:00","breadcrumb":{"@id":"https:\/\/simoni.com\/fr\/orientateurs-mecaniques\/#breadcrumb"},"inLanguage":"fr-FR","potentialAction":[{"@type":"ReadAction","target":["https:\/\/simoni.com\/fr\/orientateurs-mecaniques\/"]}]},{"@type":"BreadcrumbList","@id":"https:\/\/simoni.com\/fr\/orientateurs-mecaniques\/#breadcrumb","itemListElement":[{"@type":"ListItem","position":1,"name":"Home","item":"https:\/\/simoni.com\/fr\/"},{"@type":"ListItem","position":2,"name":"Orientateurs m\u00e9caniques"}]},{"@type":"WebSite","@id":"https:\/\/simoni.com\/#website","url":"https:\/\/simoni.com\/","name":"Simoni s.r.l.","description":"From brushes to cleaning systems since 1830","publisher":{"@id":"https:\/\/simoni.com\/#organization"},"potentialAction":[{"@type":"SearchAction","target":{"@type":"EntryPoint","urlTemplate":"https:\/\/simoni.com\/?s={search_term_string}"},"query-input":{"@type":"PropertyValueSpecification","valueRequired":true,"valueName":"search_term_string"}}],"inLanguage":"fr-FR"},{"@type":"Organization","@id":"https:\/\/simoni.com\/#organization","name":"Simoni s.r.l.","url":"https:\/\/simoni.com\/","logo":{"@type":"ImageObject","inLanguage":"fr-FR","@id":"https:\/\/simoni.com\/#\/schema\/logo\/image\/","url":"https:\/\/simoni.com\/wp-content\/uploads\/2023\/05\/logo-completo-300x93-1.png","contentUrl":"https:\/\/simoni.com\/wp-content\/uploads\/2023\/05\/logo-completo-300x93-1.png","width":300,"height":93,"caption":"Simoni s.r.l."},"image":{"@id":"https:\/\/simoni.com\/#\/schema\/logo\/image\/"},"sameAs":["https:\/\/www.facebook.com\/people\/Simoni-srl\/100049145208660\/?ref=tn_tnmn","https:\/\/www.youtube.com\/channel\/UCme_poqaWKouYeYnmn0csOg","https:\/\/www.linkedin.com\/company\/simonispazzoleindustriali\/"]}]}},"_links":{"self":[{"href":"https:\/\/simoni.com\/fr\/wp-json\/wp\/v2\/pages\/4142","targetHints":{"allow":["GET"]}}],"collection":[{"href":"https:\/\/simoni.com\/fr\/wp-json\/wp\/v2\/pages"}],"about":[{"href":"https:\/\/simoni.com\/fr\/wp-json\/wp\/v2\/types\/page"}],"author":[{"embeddable":true,"href":"https:\/\/simoni.com\/fr\/wp-json\/wp\/v2\/users\/1"}],"replies":[{"embeddable":true,"href":"https:\/\/simoni.com\/fr\/wp-json\/wp\/v2\/comments?post=4142"}],"version-history":[{"count":3,"href":"https:\/\/simoni.com\/fr\/wp-json\/wp\/v2\/pages\/4142\/revisions"}],"predecessor-version":[{"id":5632,"href":"https:\/\/simoni.com\/fr\/wp-json\/wp\/v2\/pages\/4142\/revisions\/5632"}],"wp:attachment":[{"href":"https:\/\/simoni.com\/fr\/wp-json\/wp\/v2\/media?parent=4142"}],"curies":[{"name":"wp","href":"https:\/\/api.w.org\/{rel}","templated":true}]}}