{"id":4163,"date":"2023-05-20T14:08:47","date_gmt":"2023-05-20T12:08:47","guid":{"rendered":"https:\/\/simoni.com\/demande-de-devis-systemes-de-charge\/"},"modified":"2025-07-23T13:01:32","modified_gmt":"2025-07-23T11:01:32","slug":"demande-de-devis-systemes-de-charge","status":"publish","type":"page","link":"https:\/\/simoni.com\/fr\/electrostatique\/systemes-de-charge\/demande-de-devis-systemes-de-charge\/","title":{"rendered":"Demande de devis &#8211; syst\u00e8mes de charge"},"content":{"rendered":"<section class=\"wpb-content-wrapper\"><p>[vc_section full_width=\u00a0\u00bbstretch_row\u00a0\u00bb][vc_row css=\u00a0\u00bb.vc_custom_1649596586158{margin-bottom: 0px !important;padding-bottom: 0px !important;}\u00a0\u00bb][vc_column][vc_column_text]<\/p>\n<h1>Demander une offre pour :<br \/>\nsyst\u00e8mes de charge<\/h1>\n<p>[\/vc_column_text][vc_column_text]<\/p>\n<h5>Les composants de base sont les suivants :<br \/>\n&#8211; un g\u00e9n\u00e9rateur de charge \u00e0 haute tension ;<br \/>\n&#8211; une barre de charge ou une \u00e9lectrode ;<br \/>\n&#8211; un c\u00e2ble \u00e0 haute tension ;<\/h5>\n<h5>Il est fortement recommand\u00e9 de rendre le mat\u00e9riau neutre en le d\u00e9chargeant \u00e9lectrostatiquement avant de le charger. Il existe diff\u00e9rents types d&rsquo;\u00e9lectrodes et de tiges de charge, mais il est important de savoir qu&rsquo;elles n\u00e9cessitent toujours une contre-\u00e9lectrode. Si une contre-\u00e9lectrode m\u00e9tallique mise \u00e0 la terre n&rsquo;est pas disponible, une barre de d\u00e9charge peut \u00eatre utilis\u00e9e pour cette fonction.<\/h5>\n<p>[\/vc_column_text][\/vc_column][\/vc_row][vc_row gap=\u00a0\u00bb25&Prime;][vc_column width=\u00a0\u00bb2\/3&Prime; css=\u00a0\u00bb.vc_custom_1649595312921{padding-right: 30px !important;padding-left: 30px !important;background-color: #fbf3b8 !important;border-radius: 15px !important;}\u00a0\u00bb offset=\u00a0\u00bbvc_col-xs-12&Prime;][vc_column_text]Tous les champs marqu\u00e9s d&rsquo;un ast\u00e9risque * sont obligatoires.[\/vc_column_text][\/vc_column][vc_column width=\u00a0\u00bb1\/3&Prime; offset=\u00a0\u00bbvc_hidden-sm vc_hidden-xs\u00a0\u00bb][\/vc_column][\/vc_row][\/vc_section][vc_row][vc_column width=\u00a0\u00bb2\/3&Prime;][vc_column_text]\n<div class=\"wpcf7 no-js\" id=\"wpcf7-f4015-o1\" lang=\"fr-FR\" dir=\"ltr\" data-wpcf7-id=\"4015\">\n<div class=\"screen-reader-response\"><p role=\"status\" aria-live=\"polite\" aria-atomic=\"true\"><\/p> <ul><\/ul><\/div>\n<form action=\"\/fr\/wp-json\/wp\/v2\/pages\/4163#wpcf7-f4015-o1\" method=\"post\" class=\"wpcf7-form init\" aria-label=\"Formulaire de contact\" novalidate=\"novalidate\" data-status=\"init\">\n<fieldset class=\"hidden-fields-container\"><input type=\"hidden\" name=\"_wpcf7\" value=\"4015\" \/><input type=\"hidden\" name=\"_wpcf7_version\" value=\"6.1\" \/><input type=\"hidden\" name=\"_wpcf7_locale\" value=\"fr_FR\" \/><input type=\"hidden\" name=\"_wpcf7_unit_tag\" value=\"wpcf7-f4015-o1\" \/><input type=\"hidden\" name=\"_wpcf7_container_post\" value=\"0\" \/><input type=\"hidden\" name=\"_wpcf7_posted_data_hash\" value=\"\" \/><input type=\"hidden\" name=\"_wpcf7_recaptcha_response\" value=\"\" \/>\n<\/fieldset>\n<div class=\"formdati\">\n\t<p><label> S\u00e9lectionner le type d'\u00e9l\u00e9ment ionisant<br \/>\n<span class=\"wpcf7-form-control-wrap\" data-name=\"elemento\"><select class=\"wpcf7-form-control wpcf7-select\" aria-invalid=\"false\" name=\"elemento\"><option value=\"Seleziona\">Seleziona<\/option><option value=\"ALS\">ALS<\/option><option value=\"Triode\">Triode<\/option><\/select><\/span> <\/label>\n\t<\/p>\n\t<p><label> Indiquer la longueur de l'\u00e9l\u00e9ment ionisant (en mm)<br \/>\n<span class=\"wpcf7-form-control-wrap\" data-name=\"lunghezza\"><input size=\"40\" maxlength=\"400\" class=\"wpcf7-form-control wpcf7-text\" aria-invalid=\"false\" value=\"\" type=\"text\" name=\"lunghezza\" \/><\/span> <\/label>\n\t<\/p>\n\t<p><label> S\u00e9lectionner le type de g\u00e9n\u00e9rateur<br \/>\n<span class=\"wpcf7-form-control-wrap\" data-name=\"alimentatore\"><select class=\"wpcf7-form-control wpcf7-select\" aria-invalid=\"false\" name=\"alimentatore\"><option value=\"Seleziona\">Seleziona<\/option><option value=\"AG SL\">AG SL<\/option><option value=\"AG 25\">AG 25<\/option><option value=\"AG 30\">AG 30<\/option><option value=\"AG 35\">AG 35<\/option><option value=\"AG 60\">AG 60<\/option><option value=\"TR 15\">TR 15<\/option><option value=\"TR 25\">TR 25<\/option><\/select><\/span> <\/label>\n\t<\/p>\n\t<p><label> Saisir la longueur du c\u00e2ble (en mm)<br \/>\n<span class=\"wpcf7-form-control-wrap\" data-name=\"lunghezza\"><input size=\"40\" maxlength=\"400\" class=\"wpcf7-form-control wpcf7-text\" aria-invalid=\"false\" value=\"\" type=\"text\" name=\"lunghezza\" \/><\/span> <\/label>\n\t<\/p>\n\t<div class=\"formbox\">\n\t\t<p> Nom*<br \/>\n<span class=\"wpcf7-form-control-wrap\" data-name=\"Nominativo\"><input size=\"40\" maxlength=\"400\" class=\"wpcf7-form-control wpcf7-text wpcf7-validates-as-required\" aria-required=\"true\" aria-invalid=\"false\" value=\"\" type=\"text\" name=\"Nominativo\" \/><\/span>\n\t\t<\/p>\n\t\t<p> Entreprise*<br \/>\n<span class=\"wpcf7-form-control-wrap\" data-name=\"Azienda\"><input size=\"40\" maxlength=\"400\" class=\"wpcf7-form-control wpcf7-text wpcf7-validates-as-required\" aria-required=\"true\" aria-invalid=\"false\" value=\"\" type=\"text\" name=\"Azienda\" \/><\/span>\n\t\t<\/p>\n\t<\/div>\n\t<div class=\"formbox\">\n\t\t<p> Num\u00e9ro de t\u00e9l\u00e9phone<br \/>\n<span class=\"wpcf7-form-control-wrap\" data-name=\"Numero-di-telefono\"><input size=\"40\" maxlength=\"400\" class=\"wpcf7-form-control wpcf7-tel wpcf7-text wpcf7-validates-as-tel\" aria-invalid=\"false\" value=\"\" type=\"tel\" name=\"Numero-di-telefono\" \/><\/span>\n\t\t<\/p>\n\t\t<p> FAX<br \/>\n<span class=\"wpcf7-form-control-wrap\" data-name=\"Fax\"><input class=\"wpcf7-form-control wpcf7-number wpcf7-validates-as-number\" aria-invalid=\"false\" value=\"\" type=\"number\" name=\"Fax\" \/><\/span>\n\t\t<\/p>\n\t<\/div>\n\t<p> Votre email*<br \/>\n<span class=\"wpcf7-form-control-wrap\" data-name=\"your-email\"><input size=\"40\" maxlength=\"400\" class=\"wpcf7-form-control wpcf7-email wpcf7-validates-as-required wpcf7-text wpcf7-validates-as-email\" aria-required=\"true\" aria-invalid=\"false\" value=\"\" type=\"email\" name=\"your-email\" \/><\/span>\n\t<\/p>\n\t<p> Demande*<br \/>\n<span class=\"wpcf7-form-control-wrap\" data-name=\"your-message\"><textarea cols=\"40\" rows=\"10\" maxlength=\"2000\" class=\"wpcf7-form-control wpcf7-textarea wpcf7-validates-as-required\" aria-required=\"true\" aria-invalid=\"false\" name=\"your-message\"><\/textarea><\/span>\n\t<\/p>\n\t<p><span class=\"wpcf7-form-control-wrap\" data-name=\"acceptance-68\"><span class=\"wpcf7-form-control wpcf7-acceptance\"><span class=\"wpcf7-list-item\"><label><input type=\"checkbox\" name=\"acceptance-68\" value=\"1\" aria-invalid=\"false\" \/><span class=\"wpcf7-list-item-label\">* Je consens au traitement de mes donn\u00e9es en vertu de la loi sur la protection des donn\u00e9es.\nR\u00e8glement (UE) n\u00b0 679\/2016 sur la protection des donn\u00e9es. J'ai lu et j'accepte la <a href=\"https:\/\/simoni.com\/privacy-policy\/\" target=\"_blank\">politique de confidentialit\u00e9<\/a><\/span><\/label><\/span><\/span><\/span>\n\t<\/p>\n\t<p><input class=\"wpcf7-form-control wpcf7-submit has-spinner\" type=\"submit\" value=\"Invia\" \/>\n\t<\/p>\n<\/div><div class=\"wpcf7-response-output\" aria-hidden=\"true\"><\/div>\n<\/form>\n<\/div>\n[\/vc_column_text][\/vc_column][vc_column width=\u00a0\u00bb1\/3&Prime;][\/vc_column][\/vc_row][vc_section css=\u00a0\u00bb.vc_custom_1649596552546{margin-top: 50px !important;margin-bottom: 50px !important;}\u00a0\u00bb][vc_row content_placement=\u00a0\u00bbmiddle\u00a0\u00bb css=\u00a0\u00bb.vc_custom_1647100903626{background-color: #e30713 !important;border-radius: 15px !important;}\u00a0\u00bb][vc_column width=\u00a0\u00bb2\/3&Prime; css=\u00a0\u00bb.vc_custom_1647100914774{padding-right: 30px !important;padding-left: 30px !important;}\u00a0\u00bb][vc_column_text]<\/p>\n<h4><span style=\"color: #ffffff;\">Besoin d&rsquo;aide ?<\/span><\/h4>\n<p><span style=\"color: #ffffff;\">Si vous avez des difficult\u00e9s \u00e0 remplir les champs de la page, veuillez nous envoyer un e-mail en expliquant les raisons.<\/span>[\/vc_column_text][\/vc_column][vc_column width=\u00a0\u00bb1\/3&Prime; css=\u00a0\u00bb.vc_custom_1647100925349{padding-right: 30px !important;}\u00a0\u00bb][vc_btn title=\u00a0\u00bbContactez nous\u00a0\u00bb shape=\u00a0\u00bbround\u00a0\u00bb color=\u00a0\u00bbwhite\u00a0\u00bb align=\u00a0\u00bbright\u00a0\u00bb link=\u00a0\u00bburl:https%3A%2F%2Fsimoni.com%2Ffr%2Fcontact%2F|title:Les%20contacts|\u00a0\u00bb][\/vc_column][\/vc_row][\/vc_section]<\/p>\n<\/section>","protected":false},"excerpt":{"rendered":"<p>[vc_section full_width=\u00a0\u00bbstretch_row\u00a0\u00bb][vc_row css=\u00a0\u00bb.vc_custom_1649596586158{margin-bottom: 0px !important;padding-bottom: 0px !important;}\u00a0\u00bb][vc_column][vc_column_text] Demander une offre pour : syst\u00e8mes de charge [\/vc_column_text][vc_column_text] Les composants de base sont les suivants : &#8211; un<span class=\"excerpt-hellip\"> [\u2026]<\/span><\/p>\n","protected":false},"author":1,"featured_media":0,"parent":4105,"menu_order":0,"comment_status":"closed","ping_status":"closed","template":"","meta":{"footnotes":""},"class_list":["post-4163","page","type-page","status-publish","hentry"],"yoast_head":"<!-- This site is optimized with the Yoast SEO plugin v25.6 - https:\/\/yoast.com\/wordpress\/plugins\/seo\/ -->\n<title>Demande de devis - syst\u00e8mes de charge - Simoni s.r.l.<\/title>\n<meta name=\"robots\" content=\"index, follow, max-snippet:-1, max-image-preview:large, max-video-preview:-1\" \/>\n<link rel=\"canonical\" href=\"https:\/\/simoni.com\/elettrostatica\/sistemi-di-carica\/richiesta-offerta-sistemi-di-carica\/\" \/>\n<meta property=\"og:locale\" content=\"fr_FR\" \/>\n<meta property=\"og:type\" content=\"article\" \/>\n<meta property=\"og:title\" content=\"Demande de devis - syst\u00e8mes de charge - Simoni s.r.l.\" \/>\n<meta property=\"og:description\" content=\"[vc_section full_width=\u00a0\u00bbstretch_row\u00a0\u00bb][vc_row css=\u00a0\u00bb.vc_custom_1649596586158{margin-bottom: 0px !important;padding-bottom: 0px !important;}\u00a0\u00bb][vc_column][vc_column_text] Demander une offre pour : syst\u00e8mes de charge [\/vc_column_text][vc_column_text] Les composants de base sont les suivants : &#8211; un [\u2026]\" \/>\n<meta property=\"og:url\" content=\"https:\/\/simoni.com\/elettrostatica\/sistemi-di-carica\/richiesta-offerta-sistemi-di-carica\/\" \/>\n<meta property=\"og:site_name\" content=\"Simoni s.r.l.\" \/>\n<meta property=\"article:publisher\" content=\"https:\/\/www.facebook.com\/people\/Simoni-srl\/100049145208660\/?ref=tn_tnmn\" \/>\n<meta property=\"article:modified_time\" content=\"2025-07-23T11:01:32+00:00\" \/>\n<meta name=\"twitter:card\" content=\"summary_large_image\" \/>\n<meta name=\"twitter:label1\" content=\"Dur\u00e9e de lecture estim\u00e9e\" \/>\n\t<meta name=\"twitter:data1\" content=\"1 minute\" \/>\n<script type=\"application\/ld+json\" class=\"yoast-schema-graph\">{\"@context\":\"https:\/\/schema.org\",\"@graph\":[{\"@type\":\"WebPage\",\"@id\":\"https:\/\/simoni.com\/elettrostatica\/sistemi-di-carica\/richiesta-offerta-sistemi-di-carica\/\",\"url\":\"https:\/\/simoni.com\/elettrostatica\/sistemi-di-carica\/richiesta-offerta-sistemi-di-carica\/\",\"name\":\"Demande de devis - syst\u00e8mes de charge - Simoni s.r.l.\",\"isPartOf\":{\"@id\":\"https:\/\/simoni.com\/#website\"},\"datePublished\":\"2023-05-20T12:08:47+00:00\",\"dateModified\":\"2025-07-23T11:01:32+00:00\",\"breadcrumb\":{\"@id\":\"https:\/\/simoni.com\/elettrostatica\/sistemi-di-carica\/richiesta-offerta-sistemi-di-carica\/#breadcrumb\"},\"inLanguage\":\"fr-FR\",\"potentialAction\":[{\"@type\":\"ReadAction\",\"target\":[\"https:\/\/simoni.com\/elettrostatica\/sistemi-di-carica\/richiesta-offerta-sistemi-di-carica\/\"]}]},{\"@type\":\"BreadcrumbList\",\"@id\":\"https:\/\/simoni.com\/elettrostatica\/sistemi-di-carica\/richiesta-offerta-sistemi-di-carica\/#breadcrumb\",\"itemListElement\":[{\"@type\":\"ListItem\",\"position\":1,\"name\":\"Home\",\"item\":\"https:\/\/simoni.com\/fr\/\"},{\"@type\":\"ListItem\",\"position\":2,\"name\":\"\u00c9lectrostatique\",\"item\":\"https:\/\/simoni.com\/fr\/electrostatique\/\"},{\"@type\":\"ListItem\",\"position\":3,\"name\":\"Syst\u00e8mes de charge\",\"item\":\"https:\/\/simoni.com\/fr\/electrostatique\/systemes-de-charge\/\"},{\"@type\":\"ListItem\",\"position\":4,\"name\":\"Demande de devis &#8211; syst\u00e8mes de charge\"}]},{\"@type\":\"WebSite\",\"@id\":\"https:\/\/simoni.com\/#website\",\"url\":\"https:\/\/simoni.com\/\",\"name\":\"Simoni s.r.l.\",\"description\":\"From brushes to cleaning systems since 1830\",\"publisher\":{\"@id\":\"https:\/\/simoni.com\/#organization\"},\"potentialAction\":[{\"@type\":\"SearchAction\",\"target\":{\"@type\":\"EntryPoint\",\"urlTemplate\":\"https:\/\/simoni.com\/?s={search_term_string}\"},\"query-input\":{\"@type\":\"PropertyValueSpecification\",\"valueRequired\":true,\"valueName\":\"search_term_string\"}}],\"inLanguage\":\"fr-FR\"},{\"@type\":\"Organization\",\"@id\":\"https:\/\/simoni.com\/#organization\",\"name\":\"Simoni s.r.l.\",\"url\":\"https:\/\/simoni.com\/\",\"logo\":{\"@type\":\"ImageObject\",\"inLanguage\":\"fr-FR\",\"@id\":\"https:\/\/simoni.com\/#\/schema\/logo\/image\/\",\"url\":\"https:\/\/simoni.com\/wp-content\/uploads\/2023\/05\/logo-completo-300x93-1.png\",\"contentUrl\":\"https:\/\/simoni.com\/wp-content\/uploads\/2023\/05\/logo-completo-300x93-1.png\",\"width\":300,\"height\":93,\"caption\":\"Simoni s.r.l.\"},\"image\":{\"@id\":\"https:\/\/simoni.com\/#\/schema\/logo\/image\/\"},\"sameAs\":[\"https:\/\/www.facebook.com\/people\/Simoni-srl\/100049145208660\/?ref=tn_tnmn\",\"https:\/\/www.youtube.com\/channel\/UCme_poqaWKouYeYnmn0csOg\",\"https:\/\/www.linkedin.com\/company\/simonispazzoleindustriali\/\"]}]}<\/script>\n<!-- \/ Yoast SEO plugin. -->","yoast_head_json":{"title":"Demande de devis - syst\u00e8mes de charge - Simoni s.r.l.","robots":{"index":"index","follow":"follow","max-snippet":"max-snippet:-1","max-image-preview":"max-image-preview:large","max-video-preview":"max-video-preview:-1"},"canonical":"https:\/\/simoni.com\/elettrostatica\/sistemi-di-carica\/richiesta-offerta-sistemi-di-carica\/","og_locale":"fr_FR","og_type":"article","og_title":"Demande de devis - syst\u00e8mes de charge - Simoni s.r.l.","og_description":"[vc_section full_width=\u00a0\u00bbstretch_row\u00a0\u00bb][vc_row css=\u00a0\u00bb.vc_custom_1649596586158{margin-bottom: 0px !important;padding-bottom: 0px !important;}\u00a0\u00bb][vc_column][vc_column_text] Demander une offre pour : syst\u00e8mes de charge [\/vc_column_text][vc_column_text] Les composants de base sont les suivants : &#8211; un [\u2026]","og_url":"https:\/\/simoni.com\/elettrostatica\/sistemi-di-carica\/richiesta-offerta-sistemi-di-carica\/","og_site_name":"Simoni s.r.l.","article_publisher":"https:\/\/www.facebook.com\/people\/Simoni-srl\/100049145208660\/?ref=tn_tnmn","article_modified_time":"2025-07-23T11:01:32+00:00","twitter_card":"summary_large_image","twitter_misc":{"Dur\u00e9e de lecture estim\u00e9e":"1 minute"},"schema":{"@context":"https:\/\/schema.org","@graph":[{"@type":"WebPage","@id":"https:\/\/simoni.com\/elettrostatica\/sistemi-di-carica\/richiesta-offerta-sistemi-di-carica\/","url":"https:\/\/simoni.com\/elettrostatica\/sistemi-di-carica\/richiesta-offerta-sistemi-di-carica\/","name":"Demande de devis - syst\u00e8mes de charge - Simoni s.r.l.","isPartOf":{"@id":"https:\/\/simoni.com\/#website"},"datePublished":"2023-05-20T12:08:47+00:00","dateModified":"2025-07-23T11:01:32+00:00","breadcrumb":{"@id":"https:\/\/simoni.com\/elettrostatica\/sistemi-di-carica\/richiesta-offerta-sistemi-di-carica\/#breadcrumb"},"inLanguage":"fr-FR","potentialAction":[{"@type":"ReadAction","target":["https:\/\/simoni.com\/elettrostatica\/sistemi-di-carica\/richiesta-offerta-sistemi-di-carica\/"]}]},{"@type":"BreadcrumbList","@id":"https:\/\/simoni.com\/elettrostatica\/sistemi-di-carica\/richiesta-offerta-sistemi-di-carica\/#breadcrumb","itemListElement":[{"@type":"ListItem","position":1,"name":"Home","item":"https:\/\/simoni.com\/fr\/"},{"@type":"ListItem","position":2,"name":"\u00c9lectrostatique","item":"https:\/\/simoni.com\/fr\/electrostatique\/"},{"@type":"ListItem","position":3,"name":"Syst\u00e8mes de charge","item":"https:\/\/simoni.com\/fr\/electrostatique\/systemes-de-charge\/"},{"@type":"ListItem","position":4,"name":"Demande de devis &#8211; syst\u00e8mes de charge"}]},{"@type":"WebSite","@id":"https:\/\/simoni.com\/#website","url":"https:\/\/simoni.com\/","name":"Simoni s.r.l.","description":"From brushes to cleaning systems since 1830","publisher":{"@id":"https:\/\/simoni.com\/#organization"},"potentialAction":[{"@type":"SearchAction","target":{"@type":"EntryPoint","urlTemplate":"https:\/\/simoni.com\/?s={search_term_string}"},"query-input":{"@type":"PropertyValueSpecification","valueRequired":true,"valueName":"search_term_string"}}],"inLanguage":"fr-FR"},{"@type":"Organization","@id":"https:\/\/simoni.com\/#organization","name":"Simoni s.r.l.","url":"https:\/\/simoni.com\/","logo":{"@type":"ImageObject","inLanguage":"fr-FR","@id":"https:\/\/simoni.com\/#\/schema\/logo\/image\/","url":"https:\/\/simoni.com\/wp-content\/uploads\/2023\/05\/logo-completo-300x93-1.png","contentUrl":"https:\/\/simoni.com\/wp-content\/uploads\/2023\/05\/logo-completo-300x93-1.png","width":300,"height":93,"caption":"Simoni s.r.l."},"image":{"@id":"https:\/\/simoni.com\/#\/schema\/logo\/image\/"},"sameAs":["https:\/\/www.facebook.com\/people\/Simoni-srl\/100049145208660\/?ref=tn_tnmn","https:\/\/www.youtube.com\/channel\/UCme_poqaWKouYeYnmn0csOg","https:\/\/www.linkedin.com\/company\/simonispazzoleindustriali\/"]}]}},"_links":{"self":[{"href":"https:\/\/simoni.com\/fr\/wp-json\/wp\/v2\/pages\/4163","targetHints":{"allow":["GET"]}}],"collection":[{"href":"https:\/\/simoni.com\/fr\/wp-json\/wp\/v2\/pages"}],"about":[{"href":"https:\/\/simoni.com\/fr\/wp-json\/wp\/v2\/types\/page"}],"author":[{"embeddable":true,"href":"https:\/\/simoni.com\/fr\/wp-json\/wp\/v2\/users\/1"}],"replies":[{"embeddable":true,"href":"https:\/\/simoni.com\/fr\/wp-json\/wp\/v2\/comments?post=4163"}],"version-history":[{"count":3,"href":"https:\/\/simoni.com\/fr\/wp-json\/wp\/v2\/pages\/4163\/revisions"}],"predecessor-version":[{"id":5587,"href":"https:\/\/simoni.com\/fr\/wp-json\/wp\/v2\/pages\/4163\/revisions\/5587"}],"up":[{"embeddable":true,"href":"https:\/\/simoni.com\/fr\/wp-json\/wp\/v2\/pages\/4105"}],"wp:attachment":[{"href":"https:\/\/simoni.com\/fr\/wp-json\/wp\/v2\/media?parent=4163"}],"curies":[{"name":"wp","href":"https:\/\/api.w.org\/{rel}","templated":true}]}}