{"id":4258,"date":"2023-05-22T22:09:00","date_gmt":"2023-05-22T20:09:00","guid":{"rendered":"https:\/\/simoni.com\/brosses-a-effeuiller\/brosses-lineaires\/demande-doffre\/"},"modified":"2023-12-29T14:35:49","modified_gmt":"2023-12-29T13:35:49","slug":"demande-doffre","status":"publish","type":"page","link":"https:\/\/simoni.com\/fr\/brosses-a-effeuiller\/brosses-lineaires\/demande-doffre\/","title":{"rendered":"Demande d&rsquo;offre"},"content":{"rendered":"<section class=\"wpb-content-wrapper\"><p>[vc_section full_width=\u00a0\u00bbstretch_row\u00a0\u00bb][vc_row css=\u00a0\u00bb.vc_custom_1649596586158{margin-bottom: 0px !important;padding-bottom: 0px !important;}\u00a0\u00bb][vc_column][vc_empty_space height=\u00a0\u00bb1px\u00a0\u00bb][vc_column_text]<\/p>\n<h1>Demander une offre pour:<br \/>\nbrosses lin\u00e9aires<\/h1>\n<p>[\/vc_column_text][vc_column_text]<\/p>\n<h5>La <span style=\"color: #e30713;\"><a style=\"color: #e30713;\" href=\"https:\/\/simoni.com\/spazzole-strip\/spazzole-strip-lineari\/\">brosse lin\u00e9aire<\/a><\/span> est droite et est coup\u00e9e \u00e0 la longueur voulue pendant la production. Ils sont utilis\u00e9s pour : la pr\u00e9vention des accidents dans les machines-outils ; la protection contre les copeaux, la poussi\u00e8re et la vapeur ; le grattage des surfaces ; l&rsquo;insonorisation des pi\u00e8ces de machines en mouvement.<\/h5>\n<p>[\/vc_column_text][vc_row_inner][vc_column_inner offset=\u00a0\u00bbvc_hidden-lg vc_hidden-md\u00a0\u00bb][vc_column_text]<\/p>\n<p style=\"text-align: center;\"><div id=\"metaslider-id-1644\" style=\"width: 100%;\" class=\"ml-slider-3-100-1 metaslider metaslider-flex metaslider-1644 ml-slider ms-theme-default\" role=\"region\" aria-label=\"Richiesta offerta - Spazzole strip lineari\" data-height=\"1080\" data-width=\"1920\">\n    <div id=\"metaslider_container_1644\">\n        <div id=\"metaslider_1644\">\n            <ul class='slides'>\n                <li style=\"display: block; width: 100%;\" class=\"slide-1645 ms-image \" aria-roledescription=\"slide\" data-date=\"2023-05-22 22:15:38\"><img decoding=\"async\" src=\"https:\/\/simoni.com\/wp-content\/uploads\/2023\/05\/Frame-154-1-1.jpg\" height=\"1080\" width=\"1920\" alt=\"\" class=\"slider-1644 slide-1645 msDefaultImage\" title=\"Frame-154-1\" \/><\/li>\n                <li style=\"display: none; width: 100%;\" class=\"slide-1646 ms-image \" aria-roledescription=\"slide\" data-date=\"2023-05-22 22:15:38\"><img decoding=\"async\" src=\"https:\/\/simoni.com\/wp-content\/uploads\/2023\/05\/Frame-156-1-1.jpg\" height=\"1080\" width=\"1920\" alt=\"\" class=\"slider-1644 slide-1646 msDefaultImage\" title=\"Frame-156-1\" \/><\/li>\n                <li style=\"display: none; width: 100%;\" class=\"slide-1647 ms-image \" aria-roledescription=\"slide\" data-date=\"2023-05-22 22:15:38\"><img decoding=\"async\" src=\"https:\/\/simoni.com\/wp-content\/uploads\/2023\/05\/Frame-157-1-1.jpg\" height=\"1080\" width=\"1920\" alt=\"\" class=\"slider-1644 slide-1647 msDefaultImage\" title=\"Frame-157-1\" \/><\/li>\n                <li style=\"display: none; width: 100%;\" class=\"slide-1648 ms-image \" aria-roledescription=\"slide\" data-date=\"2023-05-22 22:15:38\"><img decoding=\"async\" src=\"https:\/\/simoni.com\/wp-content\/uploads\/2023\/05\/Frame-155-1-1.jpg\" height=\"1080\" width=\"1920\" alt=\"\" class=\"slider-1644 slide-1648 msDefaultImage\" title=\"Frame-155-1\" \/><\/li>\n                <li style=\"display: none; width: 100%;\" class=\"slide-1649 ms-image \" aria-roledescription=\"slide\" data-date=\"2023-05-22 22:15:38\"><img decoding=\"async\" src=\"https:\/\/simoni.com\/wp-content\/uploads\/2023\/05\/Frame-158.jpg\" height=\"1080\" width=\"1920\" alt=\"\" class=\"slider-1644 slide-1649 msDefaultImage\" title=\"Frame-158\" \/><\/li>\n                <li style=\"display: none; width: 100%;\" class=\"slide-1650 ms-image \" aria-roledescription=\"slide\" data-date=\"2023-05-22 22:15:38\"><img decoding=\"async\" src=\"https:\/\/simoni.com\/wp-content\/uploads\/2023\/05\/Frame-159.jpg\" height=\"1080\" width=\"1920\" alt=\"\" class=\"slider-1644 slide-1650 msDefaultImage\" title=\"Frame-159\" \/><\/li>\n            <\/ul>\n        <\/div>\n        \n    <\/div>\n<\/div>\n<p>[\/vc_column_text][\/vc_column_inner][\/vc_row_inner][\/vc_column][\/vc_row][vc_row gap=\u00a0\u00bb25&Prime;][vc_column width=\u00a0\u00bb2\/3&Prime; css=\u00a0\u00bb.vc_custom_1649595312921{padding-right: 30px !important;padding-left: 30px !important;background-color: #fbf3b8 !important;border-radius: 15px !important;}\u00a0\u00bb offset=\u00a0\u00bbvc_col-xs-12&Prime;][vc_column_text]<\/p>\n<h4>Pour une demande de bande lin\u00e9aire, veuillez compl\u00e9ter le tableau dont les symboles se r\u00e9f\u00e8rent \u00e0 la Fig. 2.5.<\/h4>\n<h6>Deux types de rails de guidage en acier inoxydable galvanis\u00e9 robuste ou en aluminium sont disponibles pour le montage du balai lin\u00e9aire (figure 2.6). Le type (a) doivent \u00eatre soud\u00e9s au support m\u00e9tallique, tandis que le type (b) doivent \u00eatre mont\u00e9s \u00e0 l&rsquo;aide de vis (figure 2.7).<br \/>\nLes dimensions des rails disponibles sont indiqu\u00e9es dans le tableau 2.5. La longueur standard est de 1000 mm pour les rails en acier et de 2500 mm pour les rails en aluminium.<\/h6>\n<p>Tous les champs marqu\u00e9s d&rsquo;un ast\u00e9risque * sont obligatoires.[\/vc_column_text][vc_column_text]\n<div class=\"wpcf7 no-js\" id=\"wpcf7-f4038-o1\" lang=\"fr-FR\" dir=\"ltr\" data-wpcf7-id=\"4038\">\n<div class=\"screen-reader-response\"><p role=\"status\" aria-live=\"polite\" aria-atomic=\"true\"><\/p> <ul><\/ul><\/div>\n<form action=\"\/fr\/wp-json\/wp\/v2\/pages\/4258#wpcf7-f4038-o1\" method=\"post\" class=\"wpcf7-form init\" aria-label=\"Formulaire de contact\" novalidate=\"novalidate\" data-status=\"init\">\n<fieldset class=\"hidden-fields-container\"><input type=\"hidden\" name=\"_wpcf7\" value=\"4038\" \/><input type=\"hidden\" name=\"_wpcf7_version\" value=\"6.1\" \/><input type=\"hidden\" name=\"_wpcf7_locale\" value=\"fr_FR\" \/><input type=\"hidden\" name=\"_wpcf7_unit_tag\" value=\"wpcf7-f4038-o1\" \/><input type=\"hidden\" name=\"_wpcf7_container_post\" value=\"0\" \/><input type=\"hidden\" name=\"_wpcf7_posted_data_hash\" value=\"\" \/><input type=\"hidden\" name=\"_wpcf7_recaptcha_response\" value=\"\" \/>\n<\/fieldset>\n<h4>1. Combien de pi\u00e8ces voulez-vous fabriquer ?\n<\/h4>\n<p><span class=\"wpcf7-form-control-wrap\" data-name=\"number-307\"><input class=\"wpcf7-form-control wpcf7-number wpcf7-validates-as-required wpcf7-validates-as-number\" aria-required=\"true\" aria-invalid=\"false\" placeholder=\"0\" value=\"\" type=\"number\" name=\"number-307\" \/><\/span>\n<\/p>\n<hr class=\"formlinebold\" \/>\n<h4>2. Quel type de base doit-il avoir ?\n<\/h4>\n<p><span class=\"wpcf7-form-control-wrap\" data-name=\"Tipologiadibase\"><span class=\"wpcf7-form-control wpcf7-radio\"><span class=\"wpcf7-list-item first\"><label><input type=\"radio\" name=\"Tipologiadibase\" value=\"Base in ferro zincato\" checked=\"checked\" \/><span class=\"wpcf7-list-item-label\">Base in ferro zincato<\/span><\/label><\/span><span class=\"wpcf7-list-item last\"><label><input type=\"radio\" name=\"Tipologiadibase\" value=\"Base in acciaio inox\" \/><span class=\"wpcf7-list-item-label\">Base in acciaio inox<\/span><\/label><\/span><\/span><\/span>\n<\/p>\n<hr class=\"formlinebold\" \/>\n<h4>3. Quelle doit \u00eatre la taille du pinceau ?\n<\/h4>\n<p>Veuillez vous r\u00e9f\u00e9rer aux images ci-jointes FIG 2.5\n<\/p>\n<div class=\"formbox\">\n\t<p> B (mm)<br \/>\n<span class=\"wpcf7-form-control-wrap\" data-name=\"B\"><input class=\"wpcf7-form-control wpcf7-number wpcf7-validates-as-number\" aria-invalid=\"false\" placeholder=\"mm\" value=\"\" type=\"number\" name=\"B\" \/><\/span>\n\t<\/p>\n\t<p> H (mm)<br \/>\n<span class=\"wpcf7-form-control-wrap\" data-name=\"H\"><input class=\"wpcf7-form-control wpcf7-number wpcf7-validates-as-number\" aria-invalid=\"false\" placeholder=\"mm\" value=\"\" type=\"number\" name=\"H\" \/><\/span>\n\t<\/p>\n<\/div>\n<div class=\"formbox\">\n\t<p> L (mm)<br \/>\n<span class=\"wpcf7-form-control-wrap\" data-name=\"L\"><input class=\"wpcf7-form-control wpcf7-number wpcf7-validates-as-number\" aria-invalid=\"false\" placeholder=\"mm\" value=\"\" type=\"number\" name=\"L\" \/><\/span>\n\t<\/p>\n<\/div>\n<hr class=\"formlinebold\" \/>\n<h4>4. D\u00e9finir les caract\u00e9ristiques de votre brosse\n<\/h4>\n<h5> Mat\u00e9riau du filament<br \/>\n<span class=\"wpcf7-form-control-wrap\" data-name=\"Materiale-filamento\"><select class=\"wpcf7-form-control wpcf7-select\" aria-invalid=\"false\" name=\"Materiale-filamento\"><option value=\"Seleziona\">Seleziona<\/option><option value=\"PA 6\">PA 6<\/option><option value=\"PA 6.6\">PA 6.6<\/option><option value=\"PA 6.12\">PA 6.12<\/option><option value=\"PA 6.12 Abrasivo\">PA 6.12 Abrasivo<\/option><option value=\"PA HT\">PA HT<\/option><option value=\"PP\">PP<\/option><option value=\"PE\">PE<\/option><option value=\"PBT\">PBT<\/option><option value=\"PEEK\">PEEK<\/option><option value=\"FIBRA DI VETRO\">FIBRA DI VETRO<\/option><option value=\"THUNDERON\">THUNDERON<\/option><option value=\"CRINE DI CAVALLO\">CRINE DI CAVALLO<\/option><option value=\"SETOLE DI MAIALE\">SETOLE DI MAIALE<\/option><option value=\"PELO DI CAPRA\">PELO DI CAPRA<\/option><option value=\"TAMPICO\">TAMPICO<\/option><option value=\"ACCIAIO AR\">ACCIAIO AR<\/option><option value=\"ACCIAIO AAR\">ACCIAIO AAR<\/option><option value=\"ACCIAIO INOX\">ACCIAIO INOX<\/option><option value=\"ACCIAIO TEMPERATO\">ACCIAIO TEMPERATO<\/option><option value=\"ACCIAIO DOLCE\">ACCIAIO DOLCE<\/option><option value=\"OTTONE\">OTTONE<\/option><option value=\"BRONZO FOSFOROSO\">BRONZO FOSFOROSO<\/option><\/select><\/span>\n<\/h5>\n<h5> Diam\u00e8tre du filament (mm)<br \/>\n<span class=\"wpcf7-form-control-wrap\" data-name=\"Diametro-filamento\"><input class=\"wpcf7-form-control wpcf7-number wpcf7-validates-as-number\" aria-invalid=\"false\" placeholder=\"mm\" value=\"\" type=\"number\" name=\"Diametro-filamento\" \/><\/span>\n<\/h5>\n<hr class=\"formline\" \/>\n<h5> Type de conduite<br \/>\n<span class=\"wpcf7-form-control-wrap\" data-name=\"Tipologia-di-guida\"><span class=\"wpcf7-form-control wpcf7-radio\"><span class=\"wpcf7-list-item first\"><label><input type=\"radio\" name=\"Tipologia-di-guida\" value=\"Guida semplice FIG 2.6 (A)\" checked=\"checked\" \/><span class=\"wpcf7-list-item-label\">Guida semplice FIG 2.6 (A)<\/span><\/label><\/span><span class=\"wpcf7-list-item\"><label><input type=\"radio\" name=\"Tipologia-di-guida\" value=\"Guida alettata FIG 2.6 (B)\" \/><span class=\"wpcf7-list-item-label\">Guida alettata FIG 2.6 (B)<\/span><\/label><\/span><span class=\"wpcf7-list-item last\"><label><input type=\"radio\" name=\"Tipologia-di-guida\" value=\"Nessuna guida richiesta\" \/><span class=\"wpcf7-list-item-label\">Nessuna guida richiesta<\/span><\/label><\/span><\/span><\/span>\n<\/h5>\n<hr class=\"formlinebold\" \/>\n<h4>5. Autres caract\u00e9ristiques\n<\/h4>\n<p><span class=\"wpcf7-form-control-wrap\" data-name=\"checkbox-102\"><span class=\"wpcf7-form-control wpcf7-checkbox\"><span class=\"wpcf7-list-item first\"><label><input type=\"checkbox\" name=\"checkbox-102[]\" value=\"Liscio\" checked=\"checked\" \/><span class=\"wpcf7-list-item-label\">Liscio<\/span><\/label><\/span><span class=\"wpcf7-list-item\"><label><input type=\"checkbox\" name=\"checkbox-102[]\" value=\"Ondulato\" \/><span class=\"wpcf7-list-item-label\">Ondulato<\/span><\/label><\/span><span class=\"wpcf7-list-item\"><label><input type=\"checkbox\" name=\"checkbox-102[]\" value=\"Bianco\" \/><span class=\"wpcf7-list-item-label\">Bianco<\/span><\/label><\/span><span class=\"wpcf7-list-item last\"><label><input type=\"checkbox\" name=\"checkbox-102[]\" value=\"Nero\" \/><span class=\"wpcf7-list-item-label\">Nero<\/span><\/label><\/span><\/span><\/span>\n<\/p>\n<hr class=\"formlinebold\" \/>\n<h4>6. Laissez-nous vos coordonn\u00e9es et nous vous recontacterons pour vous pr\u00e9senter l'offre la plus adapt\u00e9e \u00e0 vos besoins.\n<\/h4>\n<div class=\"formdati\">\n\t<div class=\"formbox\">\n\t\t<p> Nom<br \/>\n<span class=\"wpcf7-form-control-wrap\" data-name=\"Nominativo\"><input size=\"40\" maxlength=\"400\" class=\"wpcf7-form-control wpcf7-text wpcf7-validates-as-required\" aria-required=\"true\" aria-invalid=\"false\" value=\"\" type=\"text\" name=\"Nominativo\" \/><\/span>\n\t\t<\/p>\n\t\t<p> Entreprise<br \/>\n<span class=\"wpcf7-form-control-wrap\" data-name=\"Azienda\"><input size=\"40\" maxlength=\"400\" class=\"wpcf7-form-control wpcf7-text wpcf7-validates-as-required\" aria-required=\"true\" aria-invalid=\"false\" value=\"\" type=\"text\" name=\"Azienda\" \/><\/span>\n\t\t<\/p>\n\t<\/div>\n\t<div class=\"formbox\">\n\t\t<p> Num\u00e9ro de t\u00e9l\u00e9phone<br \/>\n<span class=\"wpcf7-form-control-wrap\" data-name=\"Numero-di-telefono\"><input size=\"40\" maxlength=\"400\" class=\"wpcf7-form-control wpcf7-tel wpcf7-text wpcf7-validates-as-tel\" aria-invalid=\"false\" value=\"\" type=\"tel\" name=\"Numero-di-telefono\" \/><\/span>\n\t\t<\/p>\n\t\t<p> FAX<br \/>\n<span class=\"wpcf7-form-control-wrap\" data-name=\"Fax\"><input class=\"wpcf7-form-control wpcf7-number wpcf7-validates-as-number\" aria-invalid=\"false\" value=\"\" type=\"number\" name=\"Fax\" \/><\/span>\n\t\t<\/p>\n\t<\/div>\n\t<p> Votre email<br \/>\n<span class=\"wpcf7-form-control-wrap\" data-name=\"your-email\"><input size=\"40\" maxlength=\"400\" class=\"wpcf7-form-control wpcf7-email wpcf7-validates-as-required wpcf7-text wpcf7-validates-as-email\" aria-required=\"true\" aria-invalid=\"false\" value=\"\" type=\"email\" name=\"your-email\" \/><\/span>\n\t<\/p>\n\t<p> Demande<br \/>\n<span class=\"wpcf7-form-control-wrap\" data-name=\"your-message\"><textarea cols=\"40\" rows=\"10\" maxlength=\"2000\" class=\"wpcf7-form-control wpcf7-textarea wpcf7-validates-as-required\" aria-required=\"true\" aria-invalid=\"false\" name=\"your-message\"><\/textarea><\/span>\n\t<\/p>\n\t<p><span class=\"wpcf7-form-control-wrap\" data-name=\"acceptance-68\"><span class=\"wpcf7-form-control wpcf7-acceptance\"><span class=\"wpcf7-list-item\"><label><input type=\"checkbox\" name=\"acceptance-68\" value=\"1\" aria-invalid=\"false\" \/><span class=\"wpcf7-list-item-label\">* Je consens au traitement de mes donn\u00e9es en vertu de la loi sur la protection des donn\u00e9es.\nR\u00e8glement (UE) n\u00b0 679\/2016 sur la protection des donn\u00e9es. J'ai lu et j'accepte la <a href=\"https:\/\/simoni.com\/privacy-policy\/\" target=\"_blank\">politique de confidentialit\u00e9<\/a><\/span><\/label><\/span><\/span><\/span>\n\t<\/p>\n\t<p><input class=\"wpcf7-form-control wpcf7-submit has-spinner\" type=\"submit\" value=\"Invia\" \/>\n\t<\/p>\n<\/div><div class=\"wpcf7-response-output\" aria-hidden=\"true\"><\/div>\n<\/form>\n<\/div>\n[\/vc_column_text][\/vc_column][vc_column width=\u00a0\u00bb1\/3&Prime; offset=\u00a0\u00bbvc_hidden-sm vc_hidden-xs\u00a0\u00bb][vc_single_image image=\u00a0\u00bb1638&Prime; img_size=\u00a0\u00bb1920&#215;1080&Prime; onclick=\u00a0\u00bblink_image\u00a0\u00bb][vc_single_image image=\u00a0\u00bb1633&Prime; img_size=\u00a0\u00bb1920&#215;1080&Prime; onclick=\u00a0\u00bblink_image\u00a0\u00bb][vc_single_image image=\u00a0\u00bb1628&Prime; img_size=\u00a0\u00bb1920&#215;1080&Prime; onclick=\u00a0\u00bblink_image\u00a0\u00bb][vc_single_image image=\u00a0\u00bb1623&Prime; img_size=\u00a0\u00bb1920&#215;1080&Prime; onclick=\u00a0\u00bblink_image\u00a0\u00bb][vc_single_image image=\u00a0\u00bb1618&Prime; img_size=\u00a0\u00bb1920&#215;1080&Prime; onclick=\u00a0\u00bblink_image\u00a0\u00bb][vc_single_image image=\u00a0\u00bb1613&Prime; img_size=\u00a0\u00bb1920&#215;1080&Prime; onclick=\u00a0\u00bblink_image\u00a0\u00bb][\/vc_column][\/vc_row][\/vc_section][vc_section css=\u00a0\u00bb.vc_custom_1649596552546{margin-top: 50px !important;margin-bottom: 50px !important;}\u00a0\u00bb][vc_row content_placement=\u00a0\u00bbmiddle\u00a0\u00bb css=\u00a0\u00bb.vc_custom_1647100903626{background-color: #e30713 !important;border-radius: 15px !important;}\u00a0\u00bb][vc_column width=\u00a0\u00bb2\/3&Prime; css=\u00a0\u00bb.vc_custom_1647100914774{padding-right: 30px !important;padding-left: 30px !important;}\u00a0\u00bb][vc_column_text]<\/p>\n<h4><span style=\"color: #ffffff;\">Besoin d&rsquo;aide ?<\/span><\/h4>\n<p><span style=\"color: #ffffff;\">Si vous avez des difficult\u00e9s \u00e0 remplir les champs de la page, veuillez nous envoyer un e-mail en expliquant les raisons.<\/span>[\/vc_column_text][\/vc_column][vc_column width=\u00a0\u00bb1\/3&Prime; css=\u00a0\u00bb.vc_custom_1647100925349{padding-right: 30px !important;}\u00a0\u00bb][vc_btn title=\u00a0\u00bbContactez nous\u00a0\u00bb shape=\u00a0\u00bbround\u00a0\u00bb color=\u00a0\u00bbwhite\u00a0\u00bb align=\u00a0\u00bbright\u00a0\u00bb link=\u00a0\u00bburl:https%3A%2F%2Fsimoni.com%2Ffr%2Fcontact%2F|title:Les%20contacts|target:_blank|\u00a0\u00bb][\/vc_column][\/vc_row][\/vc_section]<\/p>\n<\/section>","protected":false},"excerpt":{"rendered":"<p>[vc_section full_width=\u00a0\u00bbstretch_row\u00a0\u00bb][vc_row css=\u00a0\u00bb.vc_custom_1649596586158{margin-bottom: 0px !important;padding-bottom: 0px !important;}\u00a0\u00bb][vc_column][vc_empty_space height=\u00a0\u00bb1px\u00a0\u00bb][vc_column_text] Demander une offre pour: brosses lin\u00e9aires [\/vc_column_text][vc_column_text] La brosse lin\u00e9aire est droite et est coup\u00e9e \u00e0 la longueur<span class=\"excerpt-hellip\"> [\u2026]<\/span><\/p>\n","protected":false},"author":1,"featured_media":0,"parent":4252,"menu_order":0,"comment_status":"closed","ping_status":"closed","template":"","meta":{"footnotes":""},"class_list":["post-4258","page","type-page","status-publish","hentry"],"yoast_head":"<!-- This site is optimized with the Yoast SEO plugin v25.6 - https:\/\/yoast.com\/wordpress\/plugins\/seo\/ -->\n<title>Demande d&#039;offre - Simoni s.r.l.<\/title>\n<meta name=\"robots\" content=\"index, follow, max-snippet:-1, max-image-preview:large, max-video-preview:-1\" \/>\n<link rel=\"canonical\" href=\"https:\/\/simoni.com\/fr\/brosses-a-effeuiller\/brosses-lineaires\/demande-doffre\/\" \/>\n<meta property=\"og:locale\" content=\"fr_FR\" \/>\n<meta property=\"og:type\" content=\"article\" \/>\n<meta property=\"og:title\" content=\"Demande d&#039;offre - Simoni s.r.l.\" \/>\n<meta property=\"og:description\" content=\"[vc_section full_width=\u00a0\u00bbstretch_row\u00a0\u00bb][vc_row css=\u00a0\u00bb.vc_custom_1649596586158{margin-bottom: 0px !important;padding-bottom: 0px !important;}\u00a0\u00bb][vc_column][vc_empty_space height=\u00a0\u00bb1px\u00a0\u00bb][vc_column_text] Demander une offre pour: brosses lin\u00e9aires [\/vc_column_text][vc_column_text] La brosse lin\u00e9aire est droite et est coup\u00e9e \u00e0 la longueur [\u2026]\" \/>\n<meta property=\"og:url\" content=\"https:\/\/simoni.com\/fr\/brosses-a-effeuiller\/brosses-lineaires\/demande-doffre\/\" \/>\n<meta property=\"og:site_name\" content=\"Simoni s.r.l.\" \/>\n<meta property=\"article:publisher\" content=\"https:\/\/www.facebook.com\/people\/Simoni-srl\/100049145208660\/?ref=tn_tnmn\" \/>\n<meta property=\"article:modified_time\" content=\"2023-12-29T13:35:49+00:00\" \/>\n<meta name=\"twitter:card\" content=\"summary_large_image\" \/>\n<meta name=\"twitter:label1\" content=\"Dur\u00e9e de lecture estim\u00e9e\" \/>\n\t<meta name=\"twitter:data1\" content=\"2 minutes\" \/>\n<script type=\"application\/ld+json\" class=\"yoast-schema-graph\">{\"@context\":\"https:\/\/schema.org\",\"@graph\":[{\"@type\":\"WebPage\",\"@id\":\"https:\/\/simoni.com\/fr\/brosses-a-effeuiller\/brosses-lineaires\/demande-doffre\/\",\"url\":\"https:\/\/simoni.com\/fr\/brosses-a-effeuiller\/brosses-lineaires\/demande-doffre\/\",\"name\":\"Demande d'offre - Simoni s.r.l.\",\"isPartOf\":{\"@id\":\"https:\/\/simoni.com\/#website\"},\"datePublished\":\"2023-05-22T20:09:00+00:00\",\"dateModified\":\"2023-12-29T13:35:49+00:00\",\"breadcrumb\":{\"@id\":\"https:\/\/simoni.com\/fr\/brosses-a-effeuiller\/brosses-lineaires\/demande-doffre\/#breadcrumb\"},\"inLanguage\":\"fr-FR\",\"potentialAction\":[{\"@type\":\"ReadAction\",\"target\":[\"https:\/\/simoni.com\/fr\/brosses-a-effeuiller\/brosses-lineaires\/demande-doffre\/\"]}]},{\"@type\":\"BreadcrumbList\",\"@id\":\"https:\/\/simoni.com\/fr\/brosses-a-effeuiller\/brosses-lineaires\/demande-doffre\/#breadcrumb\",\"itemListElement\":[{\"@type\":\"ListItem\",\"position\":1,\"name\":\"Home\",\"item\":\"https:\/\/simoni.com\/fr\/\"},{\"@type\":\"ListItem\",\"position\":2,\"name\":\"Brosses \u00e0 effeuiller\",\"item\":\"https:\/\/simoni.com\/fr\/brosses-a-effeuiller\/\"},{\"@type\":\"ListItem\",\"position\":3,\"name\":\"Brosses lin\u00e9aires\",\"item\":\"https:\/\/simoni.com\/fr\/brosses-a-effeuiller\/brosses-lineaires\/\"},{\"@type\":\"ListItem\",\"position\":4,\"name\":\"Demande d&rsquo;offre\"}]},{\"@type\":\"WebSite\",\"@id\":\"https:\/\/simoni.com\/#website\",\"url\":\"https:\/\/simoni.com\/\",\"name\":\"Simoni s.r.l.\",\"description\":\"From brushes to cleaning systems since 1830\",\"publisher\":{\"@id\":\"https:\/\/simoni.com\/#organization\"},\"potentialAction\":[{\"@type\":\"SearchAction\",\"target\":{\"@type\":\"EntryPoint\",\"urlTemplate\":\"https:\/\/simoni.com\/?s={search_term_string}\"},\"query-input\":{\"@type\":\"PropertyValueSpecification\",\"valueRequired\":true,\"valueName\":\"search_term_string\"}}],\"inLanguage\":\"fr-FR\"},{\"@type\":\"Organization\",\"@id\":\"https:\/\/simoni.com\/#organization\",\"name\":\"Simoni s.r.l.\",\"url\":\"https:\/\/simoni.com\/\",\"logo\":{\"@type\":\"ImageObject\",\"inLanguage\":\"fr-FR\",\"@id\":\"https:\/\/simoni.com\/#\/schema\/logo\/image\/\",\"url\":\"https:\/\/simoni.com\/wp-content\/uploads\/2023\/05\/logo-completo-300x93-1.png\",\"contentUrl\":\"https:\/\/simoni.com\/wp-content\/uploads\/2023\/05\/logo-completo-300x93-1.png\",\"width\":300,\"height\":93,\"caption\":\"Simoni s.r.l.\"},\"image\":{\"@id\":\"https:\/\/simoni.com\/#\/schema\/logo\/image\/\"},\"sameAs\":[\"https:\/\/www.facebook.com\/people\/Simoni-srl\/100049145208660\/?ref=tn_tnmn\",\"https:\/\/www.youtube.com\/channel\/UCme_poqaWKouYeYnmn0csOg\",\"https:\/\/www.linkedin.com\/company\/simonispazzoleindustriali\/\"]}]}<\/script>\n<!-- \/ Yoast SEO plugin. -->","yoast_head_json":{"title":"Demande d'offre - Simoni s.r.l.","robots":{"index":"index","follow":"follow","max-snippet":"max-snippet:-1","max-image-preview":"max-image-preview:large","max-video-preview":"max-video-preview:-1"},"canonical":"https:\/\/simoni.com\/fr\/brosses-a-effeuiller\/brosses-lineaires\/demande-doffre\/","og_locale":"fr_FR","og_type":"article","og_title":"Demande d'offre - Simoni s.r.l.","og_description":"[vc_section full_width=\u00a0\u00bbstretch_row\u00a0\u00bb][vc_row css=\u00a0\u00bb.vc_custom_1649596586158{margin-bottom: 0px !important;padding-bottom: 0px !important;}\u00a0\u00bb][vc_column][vc_empty_space height=\u00a0\u00bb1px\u00a0\u00bb][vc_column_text] Demander une offre pour: brosses lin\u00e9aires [\/vc_column_text][vc_column_text] La brosse lin\u00e9aire est droite et est coup\u00e9e \u00e0 la longueur [\u2026]","og_url":"https:\/\/simoni.com\/fr\/brosses-a-effeuiller\/brosses-lineaires\/demande-doffre\/","og_site_name":"Simoni s.r.l.","article_publisher":"https:\/\/www.facebook.com\/people\/Simoni-srl\/100049145208660\/?ref=tn_tnmn","article_modified_time":"2023-12-29T13:35:49+00:00","twitter_card":"summary_large_image","twitter_misc":{"Dur\u00e9e de lecture estim\u00e9e":"2 minutes"},"schema":{"@context":"https:\/\/schema.org","@graph":[{"@type":"WebPage","@id":"https:\/\/simoni.com\/fr\/brosses-a-effeuiller\/brosses-lineaires\/demande-doffre\/","url":"https:\/\/simoni.com\/fr\/brosses-a-effeuiller\/brosses-lineaires\/demande-doffre\/","name":"Demande d'offre - Simoni s.r.l.","isPartOf":{"@id":"https:\/\/simoni.com\/#website"},"datePublished":"2023-05-22T20:09:00+00:00","dateModified":"2023-12-29T13:35:49+00:00","breadcrumb":{"@id":"https:\/\/simoni.com\/fr\/brosses-a-effeuiller\/brosses-lineaires\/demande-doffre\/#breadcrumb"},"inLanguage":"fr-FR","potentialAction":[{"@type":"ReadAction","target":["https:\/\/simoni.com\/fr\/brosses-a-effeuiller\/brosses-lineaires\/demande-doffre\/"]}]},{"@type":"BreadcrumbList","@id":"https:\/\/simoni.com\/fr\/brosses-a-effeuiller\/brosses-lineaires\/demande-doffre\/#breadcrumb","itemListElement":[{"@type":"ListItem","position":1,"name":"Home","item":"https:\/\/simoni.com\/fr\/"},{"@type":"ListItem","position":2,"name":"Brosses \u00e0 effeuiller","item":"https:\/\/simoni.com\/fr\/brosses-a-effeuiller\/"},{"@type":"ListItem","position":3,"name":"Brosses lin\u00e9aires","item":"https:\/\/simoni.com\/fr\/brosses-a-effeuiller\/brosses-lineaires\/"},{"@type":"ListItem","position":4,"name":"Demande d&rsquo;offre"}]},{"@type":"WebSite","@id":"https:\/\/simoni.com\/#website","url":"https:\/\/simoni.com\/","name":"Simoni s.r.l.","description":"From brushes to cleaning systems since 1830","publisher":{"@id":"https:\/\/simoni.com\/#organization"},"potentialAction":[{"@type":"SearchAction","target":{"@type":"EntryPoint","urlTemplate":"https:\/\/simoni.com\/?s={search_term_string}"},"query-input":{"@type":"PropertyValueSpecification","valueRequired":true,"valueName":"search_term_string"}}],"inLanguage":"fr-FR"},{"@type":"Organization","@id":"https:\/\/simoni.com\/#organization","name":"Simoni s.r.l.","url":"https:\/\/simoni.com\/","logo":{"@type":"ImageObject","inLanguage":"fr-FR","@id":"https:\/\/simoni.com\/#\/schema\/logo\/image\/","url":"https:\/\/simoni.com\/wp-content\/uploads\/2023\/05\/logo-completo-300x93-1.png","contentUrl":"https:\/\/simoni.com\/wp-content\/uploads\/2023\/05\/logo-completo-300x93-1.png","width":300,"height":93,"caption":"Simoni s.r.l."},"image":{"@id":"https:\/\/simoni.com\/#\/schema\/logo\/image\/"},"sameAs":["https:\/\/www.facebook.com\/people\/Simoni-srl\/100049145208660\/?ref=tn_tnmn","https:\/\/www.youtube.com\/channel\/UCme_poqaWKouYeYnmn0csOg","https:\/\/www.linkedin.com\/company\/simonispazzoleindustriali\/"]}]}},"_links":{"self":[{"href":"https:\/\/simoni.com\/fr\/wp-json\/wp\/v2\/pages\/4258","targetHints":{"allow":["GET"]}}],"collection":[{"href":"https:\/\/simoni.com\/fr\/wp-json\/wp\/v2\/pages"}],"about":[{"href":"https:\/\/simoni.com\/fr\/wp-json\/wp\/v2\/types\/page"}],"author":[{"embeddable":true,"href":"https:\/\/simoni.com\/fr\/wp-json\/wp\/v2\/users\/1"}],"replies":[{"embeddable":true,"href":"https:\/\/simoni.com\/fr\/wp-json\/wp\/v2\/comments?post=4258"}],"version-history":[{"count":2,"href":"https:\/\/simoni.com\/fr\/wp-json\/wp\/v2\/pages\/4258\/revisions"}],"predecessor-version":[{"id":4260,"href":"https:\/\/simoni.com\/fr\/wp-json\/wp\/v2\/pages\/4258\/revisions\/4260"}],"up":[{"embeddable":true,"href":"https:\/\/simoni.com\/fr\/wp-json\/wp\/v2\/pages\/4252"}],"wp:attachment":[{"href":"https:\/\/simoni.com\/fr\/wp-json\/wp\/v2\/media?parent=4258"}],"curies":[{"name":"wp","href":"https:\/\/api.w.org\/{rel}","templated":true}]}}