{"id":4276,"date":"2023-06-26T19:42:53","date_gmt":"2023-06-26T17:42:53","guid":{"rendered":"https:\/\/simoni.com\/convoyeurs\/"},"modified":"2025-07-23T16:39:13","modified_gmt":"2025-07-23T14:39:13","slug":"convoyeurs-industriels","status":"publish","type":"page","link":"https:\/\/simoni.com\/fr\/convoyeurs-industriels\/","title":{"rendered":"Convoyeurs industriels"},"content":{"rendered":"<section class=\"wpb-content-wrapper\"><p>[vc_section][vc_row css=\u00a0\u00bb.vc_custom_1644004969154{margin-top: 15px !important;margin-bottom: 0px !important;}\u00a0\u00bb][vc_column width=\u00a0\u00bb1\/2&Prime; offset=\u00a0\u00bbvc_hidden-sm\u00a0\u00bb][vc_column_text css=\u00a0\u00bb.vc_custom_1647451215886{margin-top: 40px !important;}\u00a0\u00bb]<\/p>\n<h1 class=\"p1\"><span style=\"color: #001240;\">Convoyeurs industriels<\/span><\/h1>\n<p>[\/vc_column_text][vc_column_text]<\/p>\n<p class=\"p1\"><span style=\"font-weight: 400;\">Nos machines conviennent au <strong>transport d&rsquo;objets tridimensionnels<\/strong>, tels que les capsules de bouteilles, les bouteilles, les capsules de caf\u00e9 et les pr\u00e9formes. <\/span><\/p>\n<p class=\"p1\"><span style=\"font-weight: 400;\">Pour le transport, ils utilisent des brosses \u00e0 courroie, qui sont disponibles dans diff\u00e9rentes configurations en fonction de l&rsquo;objet. Gr\u00e2ce \u00e0 la technologie des brosses, ils n&rsquo;utilisent pas d&rsquo;air comprim\u00e9 ni de vibrations et traitent le produit en douceur et sans bruit. La brosse entra\u00een\u00e9e par courroie fournit un \u00ab\u00a0poumon frictionn\u00e9\u00a0\u00bb qui \u00e9vite les contr\u00f4les co\u00fbteux que l&rsquo;on trouve dans d&rsquo;autres syst\u00e8mes.<\/span><\/p>\n<p>[\/vc_column_text][vc_btn title=\u00a0\u00bbD\u00e9couvrez les types de convoyeurs\u00a0\u00bb style=\u00a0\u00bboutline-custom\u00a0\u00bb outline_custom_color=\u00a0\u00bb#001240&Prime; outline_custom_hover_background=\u00a0\u00bb#001240&Prime; outline_custom_hover_text=\u00a0\u00bb#ffffff\u00a0\u00bb shape=\u00a0\u00bbround\u00a0\u00bb align=\u00a0\u00bbleft\u00a0\u00bb i_icon_fontawesome=\u00a0\u00bbfas fa-chevron-down\u00a0\u00bb add_icon=\u00a0\u00bbtrue\u00a0\u00bb link=\u00a0\u00bburl:%23Link_types|\u00a0\u00bb][\/vc_column][vc_column width=\u00a0\u00bb1\/2&Prime; css=\u00a0\u00bb.vc_custom_1644005205679{margin-top: 20px !important;}\u00a0\u00bb offset=\u00a0\u00bbvc_hidden-sm\u00a0\u00bb][vc_column_text]<div id=\"metaslider-id-3159\" style=\"width: 100%;\" class=\"ml-slider-3-100-1 metaslider metaslider-flex metaslider-3159 ml-slider ms-theme-default\" role=\"region\" aria-label=\"Trasportatori\" data-height=\"540\" data-width=\"540\">\n    <div id=\"metaslider_container_3159\">\n        <div id=\"metaslider_3159\">\n            <ul class='slides'>\n                <li style=\"display: block; width: 100%;\" class=\"slide-3180 ms-image \" aria-roledescription=\"slide\" data-date=\"2023-06-26 19:46:28\"><img decoding=\"async\" src=\"https:\/\/simoni.com\/wp-content\/uploads\/2023\/06\/CONV-P_macchine_simoni-1-scaled-540x540-1.jpg\" height=\"540\" width=\"540\" alt=\"\" class=\"slider-3159 slide-3180 msDefaultImage\" title=\"CONV-P_macchine_simoni-1-scaled-540x540\" \/><\/li>\n                <li style=\"display: none; width: 100%;\" class=\"slide-3179 ms-image \" aria-roledescription=\"slide\" data-date=\"2023-06-26 19:46:28\"><img decoding=\"async\" src=\"https:\/\/simoni.com\/wp-content\/uploads\/2023\/06\/CONV-A_macchine_simoni-1-scaled-540x540-1.jpg\" height=\"540\" width=\"540\" alt=\"\" class=\"slider-3159 slide-3179 msDefaultImage\" title=\"CONV-A_macchine_simoni-1-scaled-540x540\" \/><\/li>\n                <li style=\"display: none; width: 100%;\" class=\"slide-3178 ms-image \" aria-roledescription=\"slide\" data-date=\"2023-06-26 19:46:28\"><img decoding=\"async\" src=\"https:\/\/simoni.com\/wp-content\/uploads\/2023\/06\/CONV-2000_8-scaled-540x540-1.jpg\" height=\"540\" width=\"540\" alt=\"\" class=\"slider-3159 slide-3178 msDefaultImage\" title=\"CONV-2000_8-scaled-540x540\" \/><\/li>\n            <\/ul>\n        <\/div>\n        \n    <\/div>\n<\/div>[\/vc_column_text][\/vc_column][\/vc_row][vc_row css=\u00a0\u00bb.vc_custom_1644005277886{margin-top: 0px !important;margin-bottom: 0px !important;}\u00a0\u00bb][vc_column offset=\u00a0\u00bbvc_hidden-lg vc_hidden-md vc_hidden-xs\u00a0\u00bb][vc_column_text css=\u00a0\u00bb.vc_custom_1647451463711{margin-top: 20px !important;}\u00a0\u00bb]<\/p>\n<h1 class=\"p1\"><span style=\"color: #001240;\">Convoyeurs industriels<\/span><\/h1>\n<p>[\/vc_column_text][vc_column_text]<\/p>\n<p class=\"p1\"><span style=\"font-weight: 400;\">Nos machines conviennent au <strong>transport d&rsquo;objets tridimensionnels<\/strong>, tels que les capsules de bouteilles, les bouteilles, les capsules de caf\u00e9 et les pr\u00e9formes. <\/span><\/p>\n<p class=\"p1\"><span style=\"font-weight: 400;\">Pour le transport, ils utilisent des brosses \u00e0 courroie, qui sont disponibles dans diff\u00e9rentes configurations en fonction de l&rsquo;objet. Gr\u00e2ce \u00e0 la technologie des brosses, ils n&rsquo;utilisent pas d&rsquo;air comprim\u00e9 ni de vibrations et traitent le produit en douceur et sans bruit. La brosse entra\u00een\u00e9e par courroie fournit un \u00ab\u00a0poumon frictionn\u00e9\u00a0\u00bb qui \u00e9vite les contr\u00f4les co\u00fbteux que l&rsquo;on trouve dans d&rsquo;autres syst\u00e8mes.<\/span><\/p>\n<p>[\/vc_column_text][vc_btn title=\u00a0\u00bbD\u00e9couvrez les types de convoyeurs\u00a0\u00bb style=\u00a0\u00bboutline-custom\u00a0\u00bb outline_custom_color=\u00a0\u00bb#001240&Prime; outline_custom_hover_background=\u00a0\u00bb#001240&Prime; outline_custom_hover_text=\u00a0\u00bb#ffffff\u00a0\u00bb shape=\u00a0\u00bbround\u00a0\u00bb align=\u00a0\u00bbleft\u00a0\u00bb i_icon_fontawesome=\u00a0\u00bbfas fa-chevron-down\u00a0\u00bb add_icon=\u00a0\u00bbtrue\u00a0\u00bb link=\u00a0\u00bburl:%23Link_types|\u00a0\u00bb][vc_images_carousel images=\u00a0\u00bb3173,3168,3163&Prime; img_size=\u00a0\u00bb650&#215;400&Prime; autoplay=\u00a0\u00bbyes\u00a0\u00bb el_class=\u00a0\u00bbimmagine-slider\u00a0\u00bb css=\u00a0\u00bb.vc_custom_1687801645840{border-radius: 15px !important;}\u00a0\u00bb][\/vc_column][\/vc_row][\/vc_section][vc_section][vc_row css=\u00a0\u00bb.vc_custom_1643577249152{margin-bottom: 0px !important;}\u00a0\u00bb][vc_column][vc_column_text]<\/p>\n<h3 class=\"p1\"><span style=\"color: #001240;\">Sp\u00e9cifications<\/span><\/h3>\n<p>[\/vc_column_text][vc_separator css=\u00a0\u00bb.vc_custom_1643577660031{margin-top: 0px !important;margin-bottom: 16px !important;padding-top: 0px !important;padding-bottom: 0px !important;}\u00a0\u00bb][vc_column_text]<\/p>\n<h4><strong>Pourquoi choisir nos transporteurs?<\/strong><\/h4>\n<p><span style=\"font-weight: 400;\">Par rapport aux convoyeurs traditionnels, les <strong>avantages<\/strong> sont les suivants: <\/span><\/p>\n<ul>\n<li><span style=\"color: #001240;\">pas de consommation d&rsquo;air comprim\u00e9 ou ventil\u00e9, pas d&rsquo;utilisation de vibrations <\/span><\/li>\n<li><span style=\"color: #001240;\">faible bruit <\/span><\/li>\n<li><span style=\"color: #001240;\">forte pouss\u00e9e, gr\u00e2ce \u00e0 l&rsquo;action m\u00e9canique des brosses <\/span><\/li>\n<li><span style=\"color: #001240;\">poumon embray\u00e9, avec fonctionnement continu de la brosse <\/span><\/li>\n<li><span style=\"color: #001240;\">pas d&rsquo;endommagement des pi\u00e8ces, qui se d\u00e9placent dans un tunnel de brosses et non dans un rail m\u00e9tallique<\/span><\/li>\n<\/ul>\n<p><span style=\"font-weight: 400;\">Le \u00ab\u00a0poumon embray\u00e9\u00a0\u00bb est un avantage majeur, car il \u00e9limine toutes les commandes qu&rsquo;il faudrait normalement pr\u00e9voir pour faire fonctionner le poumon, ce qui est indispensable pour le fonctionnement continu de la machine en aval. Notre syst\u00e8me permet d&rsquo;effectuer le poumon sans modifier le mouvement de la brosse, qui continue d&rsquo;exercer sa pouss\u00e9e sans endommager les parties fixes. <\/span><span style=\"font-weight: 400;\">Pour les machines travaillant avec de nombreuses pistes, nous disposons de convoyeurs d&rsquo;air ventil\u00e9s, qui sont particuli\u00e8rement adapt\u00e9s aux d\u00e9bits \u00e9lev\u00e9s.<\/span>[\/vc_column_text][\/vc_column][\/vc_row][\/vc_section][vc_section][vc_row][vc_column][vc_column_text]<\/p>\n<h3 id=\"Link_tipologie\"><\/h3>\n<p>[\/vc_column_text][vc_column_text]<\/p>\n<h3>Types de convoyeurs :<\/h3>\n<p>[\/vc_column_text][vc_separator css=\u00a0\u00bb.vc_custom_1643577647580{margin-top: 0px !important;margin-bottom: 16px !important;padding-top: 0px !important;padding-bottom: 0px !important;}\u00a0\u00bb][\/vc_column][\/vc_row][vc_row content_placement=\u00a0\u00bbtop\u00a0\u00bb][vc_column offset=\u00a0\u00bbvc_hidden-sm\u00a0\u00bb][vc_basic_grid post_type=\u00a0\u00bbids\u00a0\u00bb item=\u00a0\u00bb806&Prime; grid_id=\u00a0\u00bbvc_gid:1687803594067-d5dbc72a0b7b7aef92f47c12bcd27257-10&Prime; include=\u00a0\u00bb3186, 3235, 3277&Prime;][\/vc_column][\/vc_row][vc_row][vc_column offset=\u00a0\u00bbvc_hidden-lg vc_hidden-md vc_hidden-xs\u00a0\u00bb][vc_basic_grid post_type=\u00a0\u00bbids\u00a0\u00bb element_width=\u00a0\u00bb6&Prime; item=\u00a0\u00bb806&Prime; grid_id=\u00a0\u00bbvc_gid:1687803594078-123c8315fe9a0e53b28eefc13e465d3f-8&Prime; include=\u00a0\u00bb3186, 3235, 3277&Prime;][\/vc_column][\/vc_row][\/vc_section][vc_section content_placement=\u00a0\u00bbmiddle\u00a0\u00bb parallax=\u00a0\u00bbcontent-moving\u00a0\u00bb css_animation=\u00a0\u00bbfadeIn\u00a0\u00bb css=\u00a0\u00bb.vc_custom_1644267394219{margin-top: 0px !important;margin-right: 0px !important;margin-bottom: 0px !important;margin-left: 0px !important;padding-top: 10px !important;padding-right: 40px !important;padding-bottom: 10px !important;padding-left: 40px !important;background-color: #fbf3b8 !important;border-radius: 15px !important;}\u00a0\u00bb][vc_row gap=\u00a0\u00bb20&Prime; equal_height=\u00a0\u00bbyes\u00a0\u00bb content_placement=\u00a0\u00bbmiddle\u00a0\u00bb css=\u00a0\u00bb.vc_custom_1644267110047{margin-bottom: 0px !important;padding-bottom: 0px !important;}\u00a0\u00bb][vc_column width=\u00a0\u00bb2\/3&Prime; css=\u00a0\u00bb.vc_custom_1644957306598{margin-bottom: 0px !important;padding-bottom: 0px !important;}\u00a0\u00bb offset=\u00a0\u00bbvc_hidden-xs\u00a0\u00bb][vc_column_text]<\/p>\n<h3 id=\"Link_quote\"><span style=\"color: #001240;\">Vous souhaitez demander une offre ?<\/span><\/h3>\n<p><span style=\"color: #001240;\">Vous souhaitez recevoir plus d&rsquo;informations et \u00eatre contact\u00e9 par l&rsquo;un de nos op\u00e9rateurs sp\u00e9cialis\u00e9s ? <\/span><br \/>\n<span style=\"color: #001240;\">Demandez votre offre maintenant<\/span>[\/vc_column_text][vc_btn title=\u00a0\u00bbRemplir le formulaire\u00a0\u00bb style=\u00a0\u00bbcustom\u00a0\u00bb custom_background=\u00a0\u00bb#e30713&Prime; custom_text=\u00a0\u00bb#ffffff\u00a0\u00bb shape=\u00a0\u00bbround\u00a0\u00bb css=\u00a0\u00bb.vc_custom_1687803726834{margin-bottom: 0px !important;padding-bottom: 0px !important;}\u00a0\u00bb link=\u00a0\u00bburl:https%3A%2F%2Fsimoni.com%2Ftrasportatori%2Frichiesta-offerta%2F|title:Demande%20d%27offre|target:_blank|\u00a0\u00bb][\/vc_column][vc_column width=\u00a0\u00bb1\/3&Prime; offset=\u00a0\u00bbvc_hidden-xs\u00a0\u00bb][vc_single_image image=\u00a0\u00bb3&Prime; img_size=\u00a0\u00bb200&#215;200&Prime; alignment=\u00a0\u00bbcenter\u00a0\u00bb css=\u00a0\u00bb.vc_custom_1687801690023{padding-top: 35px !important;}\u00a0\u00bb][\/vc_column][\/vc_row][vc_row gap=\u00a0\u00bb20&Prime; equal_height=\u00a0\u00bbyes\u00a0\u00bb content_placement=\u00a0\u00bbmiddle\u00a0\u00bb css=\u00a0\u00bb.vc_custom_1644957346659{margin-top: 15px !important;margin-bottom: 15px !important;padding-bottom: 0px !important;}\u00a0\u00bb][vc_column css=\u00a0\u00bb.vc_custom_1644957291453{margin-bottom: 0px !important;padding-bottom: 0px !important;}\u00a0\u00bb offset=\u00a0\u00bbvc_hidden-lg vc_hidden-md vc_hidden-sm\u00a0\u00bb][vc_column_text]<\/p>\n<h3 id=\"Link_quote\"><span style=\"color: #001240;\">Vous souhaitez demander une offre ?<\/span><\/h3>\n<p><span style=\"color: #001240;\">Vous souhaitez recevoir plus d&rsquo;informations et \u00eatre contact\u00e9 par l&rsquo;un de nos op\u00e9rateurs sp\u00e9cialis\u00e9s ? <\/span><br \/>\n<span style=\"color: #001240;\">Demandez votre offre maintenant<\/span>[\/vc_column_text][vc_btn title=\u00a0\u00bbRemplir le formulaire\u00a0\u00bb style=\u00a0\u00bbcustom\u00a0\u00bb custom_background=\u00a0\u00bb#e30713&Prime; custom_text=\u00a0\u00bb#ffffff\u00a0\u00bb shape=\u00a0\u00bbround\u00a0\u00bb css=\u00a0\u00bb.vc_custom_1687803736285{margin-bottom: 0px !important;padding-bottom: 0px !important;}\u00a0\u00bb link=\u00a0\u00bburl:https%3A%2F%2Fsimoni.com%2Ftrasportatori%2Frichiesta-offerta%2F|title:Demande%20d%27offre|target:_blank|\u00a0\u00bb][\/vc_column][\/vc_row][\/vc_section][vc_row][vc_column][vc_empty_space height=\u00a0\u00bb50px\u00a0\u00bb][\/vc_column][\/vc_row]<\/p>\n<\/section>","protected":false},"excerpt":{"rendered":"<p>Nos machines conviennent au transport d&rsquo;objets tridimensionnels, tels que les capsules de bouteilles, les bouteilles, les capsules de caf\u00e9 et les pr\u00e9formes. <\/p>\n","protected":false},"author":1,"featured_media":0,"parent":0,"menu_order":0,"comment_status":"closed","ping_status":"closed","template":"","meta":{"footnotes":""},"class_list":["post-4276","page","type-page","status-publish","hentry"],"yoast_head":"<!-- This site is optimized with the Yoast SEO plugin v25.6 - https:\/\/yoast.com\/wordpress\/plugins\/seo\/ -->\n<title>Convoyeurs industriels - Simoni s.r.l.<\/title>\n<meta name=\"robots\" content=\"index, follow, max-snippet:-1, max-image-preview:large, max-video-preview:-1\" \/>\n<link rel=\"canonical\" href=\"https:\/\/simoni.com\/fr\/convoyeurs-industriels\/\" \/>\n<meta property=\"og:locale\" content=\"fr_FR\" \/>\n<meta property=\"og:type\" content=\"article\" \/>\n<meta property=\"og:title\" content=\"Convoyeurs industriels - Simoni s.r.l.\" \/>\n<meta property=\"og:description\" content=\"Nos machines conviennent au transport d&#039;objets tridimensionnels, tels que les capsules de bouteilles, les bouteilles, les capsules de caf\u00e9 et les pr\u00e9formes.\" \/>\n<meta property=\"og:url\" content=\"https:\/\/simoni.com\/fr\/convoyeurs-industriels\/\" \/>\n<meta property=\"og:site_name\" content=\"Simoni s.r.l.\" \/>\n<meta property=\"article:publisher\" content=\"https:\/\/www.facebook.com\/people\/Simoni-srl\/100049145208660\/?ref=tn_tnmn\" \/>\n<meta property=\"article:modified_time\" content=\"2025-07-23T14:39:13+00:00\" \/>\n<meta name=\"twitter:card\" content=\"summary_large_image\" \/>\n<meta name=\"twitter:label1\" content=\"Dur\u00e9e de lecture estim\u00e9e\" \/>\n\t<meta name=\"twitter:data1\" content=\"4 minutes\" \/>\n<script type=\"application\/ld+json\" class=\"yoast-schema-graph\">{\"@context\":\"https:\/\/schema.org\",\"@graph\":[{\"@type\":\"WebPage\",\"@id\":\"https:\/\/simoni.com\/fr\/convoyeurs-industriels\/\",\"url\":\"https:\/\/simoni.com\/fr\/convoyeurs-industriels\/\",\"name\":\"Convoyeurs industriels - Simoni s.r.l.\",\"isPartOf\":{\"@id\":\"https:\/\/simoni.com\/#website\"},\"datePublished\":\"2023-06-26T17:42:53+00:00\",\"dateModified\":\"2025-07-23T14:39:13+00:00\",\"breadcrumb\":{\"@id\":\"https:\/\/simoni.com\/fr\/convoyeurs-industriels\/#breadcrumb\"},\"inLanguage\":\"fr-FR\",\"potentialAction\":[{\"@type\":\"ReadAction\",\"target\":[\"https:\/\/simoni.com\/fr\/convoyeurs-industriels\/\"]}]},{\"@type\":\"BreadcrumbList\",\"@id\":\"https:\/\/simoni.com\/fr\/convoyeurs-industriels\/#breadcrumb\",\"itemListElement\":[{\"@type\":\"ListItem\",\"position\":1,\"name\":\"Home\",\"item\":\"https:\/\/simoni.com\/fr\/\"},{\"@type\":\"ListItem\",\"position\":2,\"name\":\"Convoyeurs industriels\"}]},{\"@type\":\"WebSite\",\"@id\":\"https:\/\/simoni.com\/#website\",\"url\":\"https:\/\/simoni.com\/\",\"name\":\"Simoni s.r.l.\",\"description\":\"From brushes to cleaning systems since 1830\",\"publisher\":{\"@id\":\"https:\/\/simoni.com\/#organization\"},\"potentialAction\":[{\"@type\":\"SearchAction\",\"target\":{\"@type\":\"EntryPoint\",\"urlTemplate\":\"https:\/\/simoni.com\/?s={search_term_string}\"},\"query-input\":{\"@type\":\"PropertyValueSpecification\",\"valueRequired\":true,\"valueName\":\"search_term_string\"}}],\"inLanguage\":\"fr-FR\"},{\"@type\":\"Organization\",\"@id\":\"https:\/\/simoni.com\/#organization\",\"name\":\"Simoni s.r.l.\",\"url\":\"https:\/\/simoni.com\/\",\"logo\":{\"@type\":\"ImageObject\",\"inLanguage\":\"fr-FR\",\"@id\":\"https:\/\/simoni.com\/#\/schema\/logo\/image\/\",\"url\":\"https:\/\/simoni.com\/wp-content\/uploads\/2023\/05\/logo-completo-300x93-1.png\",\"contentUrl\":\"https:\/\/simoni.com\/wp-content\/uploads\/2023\/05\/logo-completo-300x93-1.png\",\"width\":300,\"height\":93,\"caption\":\"Simoni s.r.l.\"},\"image\":{\"@id\":\"https:\/\/simoni.com\/#\/schema\/logo\/image\/\"},\"sameAs\":[\"https:\/\/www.facebook.com\/people\/Simoni-srl\/100049145208660\/?ref=tn_tnmn\",\"https:\/\/www.youtube.com\/channel\/UCme_poqaWKouYeYnmn0csOg\",\"https:\/\/www.linkedin.com\/company\/simonispazzoleindustriali\/\"]}]}<\/script>\n<!-- \/ Yoast SEO plugin. -->","yoast_head_json":{"title":"Convoyeurs industriels - Simoni s.r.l.","robots":{"index":"index","follow":"follow","max-snippet":"max-snippet:-1","max-image-preview":"max-image-preview:large","max-video-preview":"max-video-preview:-1"},"canonical":"https:\/\/simoni.com\/fr\/convoyeurs-industriels\/","og_locale":"fr_FR","og_type":"article","og_title":"Convoyeurs industriels - Simoni s.r.l.","og_description":"Nos machines conviennent au transport d'objets tridimensionnels, tels que les capsules de bouteilles, les bouteilles, les capsules de caf\u00e9 et les pr\u00e9formes.","og_url":"https:\/\/simoni.com\/fr\/convoyeurs-industriels\/","og_site_name":"Simoni s.r.l.","article_publisher":"https:\/\/www.facebook.com\/people\/Simoni-srl\/100049145208660\/?ref=tn_tnmn","article_modified_time":"2025-07-23T14:39:13+00:00","twitter_card":"summary_large_image","twitter_misc":{"Dur\u00e9e de lecture estim\u00e9e":"4 minutes"},"schema":{"@context":"https:\/\/schema.org","@graph":[{"@type":"WebPage","@id":"https:\/\/simoni.com\/fr\/convoyeurs-industriels\/","url":"https:\/\/simoni.com\/fr\/convoyeurs-industriels\/","name":"Convoyeurs industriels - Simoni s.r.l.","isPartOf":{"@id":"https:\/\/simoni.com\/#website"},"datePublished":"2023-06-26T17:42:53+00:00","dateModified":"2025-07-23T14:39:13+00:00","breadcrumb":{"@id":"https:\/\/simoni.com\/fr\/convoyeurs-industriels\/#breadcrumb"},"inLanguage":"fr-FR","potentialAction":[{"@type":"ReadAction","target":["https:\/\/simoni.com\/fr\/convoyeurs-industriels\/"]}]},{"@type":"BreadcrumbList","@id":"https:\/\/simoni.com\/fr\/convoyeurs-industriels\/#breadcrumb","itemListElement":[{"@type":"ListItem","position":1,"name":"Home","item":"https:\/\/simoni.com\/fr\/"},{"@type":"ListItem","position":2,"name":"Convoyeurs industriels"}]},{"@type":"WebSite","@id":"https:\/\/simoni.com\/#website","url":"https:\/\/simoni.com\/","name":"Simoni s.r.l.","description":"From brushes to cleaning systems since 1830","publisher":{"@id":"https:\/\/simoni.com\/#organization"},"potentialAction":[{"@type":"SearchAction","target":{"@type":"EntryPoint","urlTemplate":"https:\/\/simoni.com\/?s={search_term_string}"},"query-input":{"@type":"PropertyValueSpecification","valueRequired":true,"valueName":"search_term_string"}}],"inLanguage":"fr-FR"},{"@type":"Organization","@id":"https:\/\/simoni.com\/#organization","name":"Simoni s.r.l.","url":"https:\/\/simoni.com\/","logo":{"@type":"ImageObject","inLanguage":"fr-FR","@id":"https:\/\/simoni.com\/#\/schema\/logo\/image\/","url":"https:\/\/simoni.com\/wp-content\/uploads\/2023\/05\/logo-completo-300x93-1.png","contentUrl":"https:\/\/simoni.com\/wp-content\/uploads\/2023\/05\/logo-completo-300x93-1.png","width":300,"height":93,"caption":"Simoni s.r.l."},"image":{"@id":"https:\/\/simoni.com\/#\/schema\/logo\/image\/"},"sameAs":["https:\/\/www.facebook.com\/people\/Simoni-srl\/100049145208660\/?ref=tn_tnmn","https:\/\/www.youtube.com\/channel\/UCme_poqaWKouYeYnmn0csOg","https:\/\/www.linkedin.com\/company\/simonispazzoleindustriali\/"]}]}},"_links":{"self":[{"href":"https:\/\/simoni.com\/fr\/wp-json\/wp\/v2\/pages\/4276","targetHints":{"allow":["GET"]}}],"collection":[{"href":"https:\/\/simoni.com\/fr\/wp-json\/wp\/v2\/pages"}],"about":[{"href":"https:\/\/simoni.com\/fr\/wp-json\/wp\/v2\/types\/page"}],"author":[{"embeddable":true,"href":"https:\/\/simoni.com\/fr\/wp-json\/wp\/v2\/users\/1"}],"replies":[{"embeddable":true,"href":"https:\/\/simoni.com\/fr\/wp-json\/wp\/v2\/comments?post=4276"}],"version-history":[{"count":6,"href":"https:\/\/simoni.com\/fr\/wp-json\/wp\/v2\/pages\/4276\/revisions"}],"predecessor-version":[{"id":5633,"href":"https:\/\/simoni.com\/fr\/wp-json\/wp\/v2\/pages\/4276\/revisions\/5633"}],"wp:attachment":[{"href":"https:\/\/simoni.com\/fr\/wp-json\/wp\/v2\/media?parent=4276"}],"curies":[{"name":"wp","href":"https:\/\/api.w.org\/{rel}","templated":true}]}}